{"id":982,"date":"2021-03-16T11:22:03","date_gmt":"2021-03-16T11:22:03","guid":{"rendered":"https:\/\/www.abak-eclairage.fr\/?page_id=982"},"modified":"2021-03-16T12:40:01","modified_gmt":"2021-03-16T12:40:01","slug":"series-47","status":"publish","type":"page","link":"https:\/\/www.abak-eclairage.fr\/index.php\/series-47\/","title":{"rendered":"Series 47"},"content":{"rendered":"<p>[et_pb_section fb_built=&#8221;1&#8243; _builder_version=&#8221;4.9.2&#8243; _module_preset=&#8221;default&#8221;][et_pb_row _builder_version=&#8221;4.9.2&#8243; _module_preset=&#8221;default&#8221;][et_pb_column type=&#8221;4_4&#8243; _builder_version=&#8221;4.9.2&#8243; _module_preset=&#8221;default&#8221;][et_pb_text _builder_version=&#8221;4.9.2&#8243; _module_preset=&#8221;default&#8221;]<\/p>\n<h5 class=\"p1\"><b>\u00c9CLAIRAGE EXT\u00c9RIEUR LED<\/b><\/h5>\n<h6 class=\"p1\"><b>Avec syst\u00e8me de montage polyvalent<\/b><\/h6>\n<h4 class=\"p1\"><b>S\u00e9rie 47\u2026<\/b><\/h4>\n<p>[\/et_pb_text][\/et_pb_column][\/et_pb_row][et_pb_row column_structure=&#8221;1_2,1_2&#8243; _builder_version=&#8221;4.9.2&#8243; _module_preset=&#8221;default&#8221;][et_pb_column type=&#8221;1_2&#8243; _builder_version=&#8221;4.9.2&#8243; _module_preset=&#8221;default&#8221;][et_pb_image src=&#8221;https:\/\/www.abak-eclairage.fr\/wp-content\/uploads\/2021\/03\/PROH_47_1.png&#8221; title_text=&#8221;PROH_47_1&#8243; _builder_version=&#8221;4.9.2&#8243; _module_preset=&#8221;default&#8221;][\/et_pb_image][et_pb_image src=&#8221;https:\/\/www.abak-eclairage.fr\/wp-content\/uploads\/2021\/03\/Capture-de\u0301cran-2021-03-16-a\u0300-12.19.53.png&#8221; title_text=&#8221;Capture d\u2019e\u0301cran 2021-03-16 a\u0300 12.19.53&#8243; _builder_version=&#8221;4.9.2&#8243; _module_preset=&#8221;default&#8221; width=&#8221;80%&#8221;][\/et_pb_image][\/et_pb_column][et_pb_column type=&#8221;1_2&#8243; _builder_version=&#8221;4.9.2&#8243; _module_preset=&#8221;default&#8221;][et_pb_text _builder_version=&#8221;4.9.2&#8243; _module_preset=&#8221;default&#8221; text_font_size=&#8221;16px&#8221;]<\/p>\n<p class=\"p1\"><b>Applications :<\/b><b><\/b><\/p>\n<p class=\"p3\">Rues et rues principales, ronds-points, rues d&#8217;usines et voies dans les installations industrielles, parkings, passerelles, etc.<\/p>\n<p class=\"p1\"><b>Design :<\/b><b><\/b><\/p>\n<p class=\"p1\"><span style=\"text-decoration: underline;\"><span class=\"s1\">Bo\u00eetier<\/span><\/span> : Aluminium moul\u00e9 sous pression, en 2 parties, enduit de poudre DB702N (peinture mica-fer, gris). <span class=\"s1\">Section sup\u00e9rieure<\/span> avec module LED, optiques, couvercle en verre et kit \u00e9lectrique, pivotant et amovible. <span class=\"s1\">Section inf\u00e9rieure<\/span> avec syst\u00e8me de montage sur poteau, r\u00e9glage de l&#8217;inclinaison, serre-c\u00e2ble, entr\u00e9e de c\u00e2ble avec syst\u00e8me de compensation de pression.<\/p>\n<p class=\"p1\"><span style=\"text-decoration: underline;\"><span class=\"s1\">Couvercle en verre<\/span><\/span> : Verre plat de s\u00e9curit\u00e9, r\u00e9sistance aux chocs IK09.<\/p>\n<p class=\"p1\"><span style=\"text-decoration: underline;\"><span class=\"s1\">R\u00e9partition lumineuse<\/span><\/span> : faisceau asym\u00e9trique large ou asym\u00e9trique extr\u00eamement large ( <b>ABX<\/b> ).<\/p>\n<p class=\"p1\"><span style=\"text-decoration: underline;\"><span class=\"s1\">Connexion<\/span><\/span> : fiche de raccordement avec d\u00e9charge de c\u00e2ble.<\/p>\n<p class=\"p1\"><span style=\"text-decoration: underline;\"><span class=\"s1\">Dispositif de montage sur poteau<\/span><\/span> : aluminium moul\u00e9 sous pression, syst\u00e8me universel pour montage sur poteau \u00d8 60\/76 mm et montage par entr\u00e9e lat\u00e9rale \u00d8 42\/60 mm x 100 mm.<\/p>\n<p class=\"p1\"><span style=\"text-decoration: underline;\"><span class=\"s1\">Inclinaison<\/span><\/span> : Montage sur poteau sup\u00e9rieur 0 \u00b0, 5 \u00b0 et 10 \u00b0 ( standard: 0 \u00b0). Fixation lat\u00e9rale 0 \u00b0, -5 \u00b0, -10 \u00b0 et -15 \u00b0 selon l&#8217;inclinaison du cantilever.<\/p>\n<p>[\/et_pb_text][\/et_pb_column][\/et_pb_row][et_pb_row column_structure=&#8221;1_2,1_4,1_4&#8243; _builder_version=&#8221;4.9.2&#8243; _module_preset=&#8221;default&#8221; custom_padding=&#8221;0px||0px|||&#8221;][et_pb_column type=&#8221;1_2&#8243; _builder_version=&#8221;4.9.2&#8243; _module_preset=&#8221;default&#8221; background_color=&#8221;#e8e8e8&#8243; border_width_all=&#8221;8px&#8221; border_color_all=&#8221;#e8e8e8&#8243;][et_pb_text _builder_version=&#8221;4.9.2&#8243; _module_preset=&#8221;default&#8221; text_font_size=&#8221;16px&#8221;]<\/p>\n<p class=\"p1\"><b>Conception \u00e9lectrique :<\/b><\/p>\n<p class=\"p1\"><span class=\"s1\"><span style=\"text-decoration: underline;\">Module LE<\/span>D<\/span> : conforme Zhaga, 4 000 K, R\u00aa&gt; 70, dur\u00e9e de vie L90&gt; 100 000 h<\/p>\n<p class=\"p1\"><span style=\"text-decoration: underline;\"><span class=\"s1\">ECG<\/span><\/span> : 220 &#8211; 240V, 50-60 Hz, r\u00e9sistance aux surtensions 10kV, protection contre les surcharges et les courts-circuits.<\/p>\n<p class=\"p1\"><span style=\"text-decoration: underline;\"><span class=\"s1\">Remarque<\/span> <\/span>: En raison du courant d&#8217;appel des ballasts \u00e9lectroniques, le nombre maximal autoris\u00e9 de luminaires par disjoncteur est limit\u00e9.<\/p>\n<p>[\/et_pb_text][\/et_pb_column][et_pb_column type=&#8221;1_4&#8243; _builder_version=&#8221;4.9.2&#8243; _module_preset=&#8221;default&#8221;][et_pb_image src=&#8221;https:\/\/www.abak-eclairage.fr\/wp-content\/uploads\/2021\/03\/Capture-de\u0301cran-2020-09-11-a\u0300-14.49.26.png&#8221; title_text=&#8221;Capture d\u2019e\u0301cran 2020-09-11 a\u0300 14.49.26&#8243; _builder_version=&#8221;4.9.2&#8243; _module_preset=&#8221;default&#8221;][\/et_pb_image][\/et_pb_column][et_pb_column type=&#8221;1_4&#8243; _builder_version=&#8221;4.9.2&#8243; _module_preset=&#8221;default&#8221;][et_pb_image src=&#8221;https:\/\/www.abak-eclairage.fr\/wp-content\/uploads\/2021\/03\/Capture-de\u0301cran-2020-09-11-a\u0300-14.49.18.png&#8221; title_text=&#8221;Capture d\u2019e\u0301cran 2020-09-11 a\u0300 14.49.18&#8243; _builder_version=&#8221;4.9.2&#8243; _module_preset=&#8221;default&#8221;][\/et_pb_image][\/et_pb_column][\/et_pb_row][et_pb_row column_structure=&#8221;1_4,3_4&#8243; _builder_version=&#8221;4.9.2&#8243; _module_preset=&#8221;default&#8221;][et_pb_column type=&#8221;1_4&#8243; _builder_version=&#8221;4.9.2&#8243; _module_preset=&#8221;default&#8221; background_color=&#8221;#e8e8e8&#8243; border_color_all=&#8221;RGBA(0,0,0,0)&#8221;][et_pb_image src=&#8221;https:\/\/www.abak-eclairage.fr\/wp-content\/uploads\/2021\/03\/Capture-de\u0301cran-2021-03-16-a\u0300-12.47.56.png&#8221; title_text=&#8221;Capture d\u2019e\u0301cran 2021-03-16 a\u0300 12.47.56&#8243; _builder_version=&#8221;4.9.2&#8243; _module_preset=&#8221;default&#8221; custom_margin=&#8221;||26px|||&#8221; border_color_all=&#8221;RGBA(0,0,0,0)&#8221;][\/et_pb_image][et_pb_image src=&#8221;https:\/\/www.abak-eclairage.fr\/wp-content\/uploads\/2021\/03\/Capture-de\u0301cran-2021-03-16-a\u0300-12.48.12.png&#8221; title_text=&#8221;Capture d\u2019e\u0301cran 2021-03-16 a\u0300 12.48.12&#8243; _builder_version=&#8221;4.9.2&#8243; _module_preset=&#8221;default&#8221; custom_margin=&#8221;-19px|||||&#8221;][\/et_pb_image][\/et_pb_column][et_pb_column type=&#8221;3_4&#8243; _builder_version=&#8221;4.9.2&#8243; _module_preset=&#8221;default&#8221;][et_pb_text _builder_version=&#8221;4.9.2&#8243; _module_preset=&#8221;default&#8221; text_font_size=&#8221;16px&#8221; background_color=&#8221;#efefef&#8221; border_width_all=&#8221;6px&#8221; border_color_all=&#8221;#efefef&#8221;]<\/p>\n<p class=\"p2\"><b>Options :<\/b><\/p>\n<p class=\"p2\">Sur demande, \u00e9galement disponible avec les configurations suivantes (veuillez mentionner dans votre demande ou commande):<\/p>\n<p class=\"p2\"><span style=\"text-decoration: underline;\"><span class=\"s1\">R\u00e9duction de sortie<\/span><\/span> :<\/p>\n<p class=\"p2\"><b>Avec phase de contr\u00f4le ( LR ) : <\/b>Pour r\u00e9duire le flux lumineux \u00e0 50% en cas de faible densit\u00e9 de trafic. Phase de contr\u00f4le ( <b>LST<\/b> ) requise. Commutation via la phase de commande ( LST = 230V : 100% ; LST = 0V : 50% ). Niveaux alternatifs de gradation possibles.<\/p>\n<p class=\"p2\"><b>Sans phase de contr\u00f4le ( LA ) :<\/b> Gradation autonome par minuterie int\u00e9gr\u00e9e. Fonctionnement r\u00e9duit 50% entre 22h00 et 4h00h CET ou 23h00 et 5h00h CEST, \u00e9galement disponible avec des temps diff\u00e9renti\u00e9s et avec une \u00e9tape de gradation alternative.<\/p>\n<p class=\"p2\"><span class=\"s1\">DALI interface ( <b>DIMD<\/b> )<\/span><\/p>\n<p class=\"p2\"><span class=\"s1\">1-10V ( <b>DIMA<\/b> )<\/span><\/p>\n<p class=\"p2\"><span class=\"s1\">Fonction flux lumineux constant (CL):<\/span> Le flux lumineux est maintenu \u00e0 un niveau constant pendant toute la dur\u00e9e de vie des modules LED.<\/p>\n<p class=\"p2\">De plus, des combinaisons de fonctions sont possibles (<b>CL LR \/ CL LA<\/b>)<\/p>\n<p>[\/et_pb_text][\/et_pb_column][\/et_pb_row][et_pb_row _builder_version=&#8221;4.9.2&#8243; _module_preset=&#8221;default&#8221; custom_padding=&#8221;0px|||||&#8221;][et_pb_column type=&#8221;4_4&#8243; _builder_version=&#8221;4.9.2&#8243; _module_preset=&#8221;default&#8221;][et_pb_text _builder_version=&#8221;4.9.2&#8243; _module_preset=&#8221;default&#8221; background_color=&#8221;rgba(0,83,178,0.09)&#8221; border_width_all=&#8221;6px&#8221; border_color_all=&#8221;rgba(23,81,132,0)&#8221; hover_enabled=&#8221;0&#8243; sticky_enabled=&#8221;0&#8243; text_font_size=&#8221;16px&#8221;]<\/p>\n<p class=\"p1\"><b>Points forts<span class=\"Apple-converted-space\">\u00a0<\/span><\/b><\/p>\n<ul class=\"ul1\">\n<ul class=\"ul1\">\n<li class=\"li3\"><span class=\"s1\"><\/span>ECG avec r\u00e9sistance de surtension, fiable en raison de la protection contre les surcharges et les courts-circuits<\/li>\n<li class=\"li3\"><span class=\"s1\"><\/span>Gestion thermique optimis\u00e9e gr\u00e2ce \u00e0 l&#8217;adaptation directe des modules LED au bo\u00eetier en aluminium moul\u00e9 sous pression, grande surface de refroidissement, excellente dissipation thermique<\/li>\n<li class=\"li3\"><span class=\"s1\"><\/span>syst\u00e8me de compensation de pression int\u00e9gr\u00e9 pour la \u00abrespiration\u00bb d\u00e9finie du raccord<\/li>\n<li class=\"li3\"><span class=\"s1\"><\/span>Syst\u00e8me de montage sur m\u00e2t universel int\u00e9gr\u00e9 (montage \u00e0 entr\u00e9e lat\u00e9rale \u00d8 42 \/ 60mm ou montage sur poteau \u00d8 60 \/ 76mm), pas de brides suppl\u00e9mentaires ni de pi\u00e8ces d&#8217;adaptation n\u00e9cessaires.<\/li>\n<li class=\"li3\"><span class=\"s1\"><\/span>La partie sup\u00e9rieure amovible du bo\u00eetier permet un montage confortable, rapide et \u00e9conomique en 2 \u00e9tapes :<\/li>\n<\/ul>\n<\/ul>\n<p><span style=\"text-decoration: underline;\">1\u00e8re \u00e9tape<\/span>: monter la partie inf\u00e9rieure sur le poteau et se connecter au secteur<br \/><span style=\"text-decoration: underline;\">2\u00e8me \u00e9tape<\/span>: Charni\u00e8re partie sup\u00e9rieure, brancher la fiche isolante et crier le bo\u00eetier. PR\u00caT<\/p>\n<ul class=\"ul1\">\n<ul>\n<ul class=\"ul1\">\n<li class=\"li3\"><span class=\"s1\"><\/span>syst\u00e8me inclinable de montage sur poteau pour montage et entr\u00e9e lat\u00e9rale, aucun outil requis<\/li>\n<li class=\"li3\"><span class=\"s1\"><\/span>inclinaison r\u00e9glable du luminaire, aucun outil requis<\/li>\n<li class=\"li3\"><span class=\"s1\"><\/span>Remplacement facile de l&#8217;ECG gr\u00e2ce \u00e0 la partie sup\u00e9rieure amovible du bo\u00eetier. Pas de travail douloureux<\/li>\n<li class=\"li3\"><span class=\"s1\"><\/span>Am\u00e9liore ou convertit en ce qui concerne le d\u00e9veloppement technique par un changement facile de la partie sup\u00e9rieure du bo\u00eetier.<\/li>\n<li class=\"li3\"><span class=\"s1\"><\/span>Apr\u00e8s le changement des modules LED, la partie sup\u00e9rieure du bo\u00eetier peut \u00eatre r\u00e9utilis\u00e9e.<\/li>\n<li class=\"li3\"><span class=\"s1\"><\/span>R\u00e9partition optimale de la lumi\u00e8re gr\u00e2ce \u00e0 une optique de lentille tr\u00e8s efficace<\/li>\n<li class=\"li3\"><span class=\"s1\"><\/span>\u00c9clairage homog\u00e8ne gr\u00e2ce \u00e0 la technologie multicouche, c&#8217;est-\u00e0-dire que chaque LED individuelle illumine toute la surface, les courbes de lumi\u00e8re des LED individuelles se chevauchent.<\/li>\n<li class=\"li3\"><span class=\"s1\"><\/span>\u00c9cologique, aucune \u00e9mission de lumi\u00e8re dans le demi-espace sup\u00e9rieur. Les conditions du ciel sombre sont remplies<\/li>\n<li class=\"li3\"><span class=\"s1\"><\/span>\u00c0 l&#8217;\u00e9preuve du temps gr\u00e2ce \u00e0 l&#8217;utilisation de modules LED standardis\u00e9s (Zhaga)<\/li>\n<\/ul>\n<\/ul>\n<\/ul>\n<p>[\/et_pb_text][\/et_pb_column][\/et_pb_row][et_pb_row _builder_version=&#8221;4.9.2&#8243; _module_preset=&#8221;default&#8221; column_structure=&#8221;2_5,3_5&#8243;][et_pb_column _builder_version=&#8221;4.9.2&#8243; _module_preset=&#8221;default&#8221; type=&#8221;2_5&#8243;][et_pb_text _builder_version=&#8221;4.9.2&#8243; _module_preset=&#8221;default&#8221; text_font_size=&#8221;15px&#8221; text_line_height=&#8221;1em&#8221; hover_enabled=&#8221;0&#8243; sticky_enabled=&#8221;0&#8243;]<\/p>\n<p class=\"p1\"><b>D\u2019autres options :<\/b><span class=\"Apple-converted-space\">\u00a0<\/span><\/p>\n<p class=\"p1\">&#8211; 3000K, lumi\u00e8re claire 730 (flux lumineux inf\u00e9rieur d&#8217;environ 8%)<\/p>\n<p class=\"p1\">&#8211; 1 800 K, lumi\u00e8re claire <b>518 \u00abAmbre\u00bb<\/b> (flux lumineux inf\u00e9rieur d\u2019environ 38%)<\/p>\n<p class=\"p1\">&#8211; classe de protection I (<b>SKI<\/b>)<\/p>\n<p class=\"p1\">&#8211; optique pour classes M (<b>AB3<\/b>)<\/p>\n<p class=\"p1\">&#8211; optique \u00e0 faible \u00e9blouissement (<b>ABL<\/b>)<\/p>\n<p class=\"p1\">&#8211; pour le raccordement au groupe ou aux syst\u00e8mes de batterie centralis\u00e9s (<b>ZB<\/b>) ou au secteur de secours respectivement<\/p>\n<p class=\"p1\">&#8211; pour l&#8217;\u00e9clairage des \u00e9cluses de navires<\/p>\n<p class=\"p1\">&#8211; version r\u00e9sistante \u00e0 l&#8217;eau de mer (<b>SWP<\/b>)<\/p>\n<p class=\"p1\">&#8211; pr\u00eat pour le syst\u00e8me de gestion d&#8217;\u00e9clairage (<b>LIMAS<\/b>) en classe de protection I (<b>SKI<\/b>)<\/p>\n<p class=\"p1\">&#8211; dissuasion des oiseaux (BD)<\/p>\n<p class=\"p1\">&#8211; peinture sp\u00e9ciale dans toutes les couleurs RAL<\/p>\n<p>[\/et_pb_text][\/et_pb_column][et_pb_column _builder_version=&#8221;4.9.2&#8243; _module_preset=&#8221;default&#8221; type=&#8221;3_5&#8243;][et_pb_image src=&#8221;https:\/\/www.abak-eclairage.fr\/wp-content\/uploads\/2021\/03\/Capture-de\u0301cran-2021-03-16-a\u0300-12.01.10.png&#8221; _builder_version=&#8221;4.9.2&#8243; _module_preset=&#8221;default&#8221; title_text=&#8221;Capture d\u2019e\u0301cran 2021-03-16 a\u0300 12.01.10&#8243; hover_enabled=&#8221;0&#8243; sticky_enabled=&#8221;0&#8243;][\/et_pb_image][\/et_pb_column][\/et_pb_row][\/et_pb_section]<\/p>\n","protected":false},"excerpt":{"rendered":"<p>\u00c9CLAIRAGE EXT\u00c9RIEUR LED Avec syst\u00e8me de montage polyvalent S\u00e9rie 47\u2026Applications : Rues et rues principales, ronds-points, rues d&#8217;usines et voies dans les installations industrielles, parkings, passerelles, etc. Design : Bo\u00eetier : Aluminium moul\u00e9 sous pression, en 2 parties, enduit de poudre DB702N (peinture mica-fer, gris). Section sup\u00e9rieure avec module LED, optiques, couvercle en verre et [&hellip;]<\/p>\n","protected":false},"author":1,"featured_media":0,"parent":0,"menu_order":0,"comment_status":"closed","ping_status":"closed","template":"","meta":{"_et_pb_use_builder":"on","_et_pb_old_content":"","_et_gb_content_width":"","footnotes":""},"class_list":["post-982","page","type-page","status-publish","hentry"],"_links":{"self":[{"href":"https:\/\/www.abak-eclairage.fr\/index.php\/wp-json\/wp\/v2\/pages\/982","targetHints":{"allow":["GET"]}}],"collection":[{"href":"https:\/\/www.abak-eclairage.fr\/index.php\/wp-json\/wp\/v2\/pages"}],"about":[{"href":"https:\/\/www.abak-eclairage.fr\/index.php\/wp-json\/wp\/v2\/types\/page"}],"author":[{"embeddable":true,"href":"https:\/\/www.abak-eclairage.fr\/index.php\/wp-json\/wp\/v2\/users\/1"}],"replies":[{"embeddable":true,"href":"https:\/\/www.abak-eclairage.fr\/index.php\/wp-json\/wp\/v2\/comments?post=982"}],"version-history":[{"count":9,"href":"https:\/\/www.abak-eclairage.fr\/index.php\/wp-json\/wp\/v2\/pages\/982\/revisions"}],"predecessor-version":[{"id":1007,"href":"https:\/\/www.abak-eclairage.fr\/index.php\/wp-json\/wp\/v2\/pages\/982\/revisions\/1007"}],"wp:attachment":[{"href":"https:\/\/www.abak-eclairage.fr\/index.php\/wp-json\/wp\/v2\/media?parent=982"}],"curies":[{"name":"wp","href":"https:\/\/api.w.org\/{rel}","templated":true}]}}