{"id":7,"date":"2021-03-11T11:03:24","date_gmt":"2021-03-11T11:03:24","guid":{"rendered":"https:\/\/www.abak-eclairage.fr\/?page_id=7"},"modified":"2026-04-14T16:11:15","modified_gmt":"2026-04-14T16:11:15","slug":"home","status":"publish","type":"page","link":"https:\/\/www.abak-eclairage.fr\/","title":{"rendered":"Home"},"content":{"rendered":"<p>[et_pb_section fb_built=&#8221;1&#8243; fullwidth=&#8221;on&#8221; _builder_version=&#8221;4.16&#8243; _module_preset=&#8221;default&#8221; custom_margin=&#8221;0px||||false|false&#8221; custom_padding=&#8221;0px||0px||false|false&#8221; global_colors_info=&#8221;{}&#8221;][et_pb_fullwidth_slider _builder_version=&#8221;4.24.2&#8243; _module_preset=&#8221;default&#8221; background_image=&#8221;https:\/\/www.abak-eclairage.fr\/wp-content\/uploads\/2021\/03\/Chateau-de-la-Verrerie-Creusot-5.jpg&#8221; min_height=&#8221;850px&#8221; auto=&#8221;on&#8221; auto_ignore_hover=&#8221;on&#8221; hover_enabled=&#8221;0&#8243; global_colors_info=&#8221;{}&#8221; sticky_enabled=&#8221;0&#8243;][et_pb_slide _builder_version=&#8221;4.24.2&#8243; _module_preset=&#8221;default&#8221; background_enable_color=&#8221;off&#8221; background_image=&#8221;https:\/\/www.abak-eclairage.fr\/wp-content\/uploads\/2024\/09\/GVA07523-1-scaled.jpg&#8221; background_enable_image=&#8221;on&#8221; global_colors_info=&#8221;{}&#8221; sticky_transition=&#8221;on&#8221;][\/et_pb_slide][et_pb_slide _builder_version=&#8221;4.24.2&#8243; _module_preset=&#8221;default&#8221; background_enable_color=&#8221;off&#8221; background_image=&#8221;https:\/\/www.abak-eclairage.fr\/wp-content\/uploads\/2026\/04\/GVA076893_A1-copie-scaled.jpg&#8221; background_enable_image=&#8221;on&#8221; custom_padding=&#8221;20px||20px||false|false&#8221; hover_enabled=&#8221;0&#8243; global_colors_info=&#8221;{}&#8221; sticky_transition=&#8221;on&#8221; title_text=&#8221;GVA076893_A1 copie&#8221; sticky_enabled=&#8221;0&#8243;][\/et_pb_slide][et_pb_slide _builder_version=&#8221;4.24.2&#8243; _module_preset=&#8221;default&#8221; background_enable_color=&#8221;off&#8221; background_image=&#8221;https:\/\/www.abak-eclairage.fr\/wp-content\/uploads\/2021\/03\/Hotel-de-Ville-Sens-122.jpg&#8221; background_enable_image=&#8221;on&#8221; custom_padding=&#8221;30px||30px||false|false&#8221; global_colors_info=&#8221;{}&#8221; sticky_transition=&#8221;on&#8221;][\/et_pb_slide][et_pb_slide _builder_version=&#8221;4.16&#8243; _module_preset=&#8221;default&#8221; background_enable_color=&#8221;off&#8221; background_image=&#8221;https:\/\/www.abak-eclairage.fr\/wp-content\/uploads\/2021\/03\/200827_Pont_Jacques_Gabriel_BD_003-1.jpg&#8221; background_enable_image=&#8221;on&#8221; custom_padding=&#8221;30px||30px||false|false&#8221; global_colors_info=&#8221;{}&#8221; sticky_transition=&#8221;on&#8221;][\/et_pb_slide][et_pb_slide _builder_version=&#8221;4.16&#8243; _module_preset=&#8221;default&#8221; background_enable_color=&#8221;off&#8221; background_image=&#8221;https:\/\/www.abak-eclairage.fr\/wp-content\/uploads\/2021\/03\/Context_bagneux_v7.jpg&#8221; background_enable_image=&#8221;on&#8221; background_position=&#8221;bottom_center&#8221; custom_padding=&#8221;30px||30px||false|false&#8221; global_colors_info=&#8221;{}&#8221; sticky_transition=&#8221;on&#8221;][\/et_pb_slide][et_pb_slide _builder_version=&#8221;4.16&#8243; _module_preset=&#8221;default&#8221; background_enable_color=&#8221;off&#8221; background_image=&#8221;https:\/\/www.abak-eclairage.fr\/wp-content\/uploads\/2021\/03\/Chateau-de-la-Verrerie-Le-Creusot-23.jpg&#8221; background_enable_image=&#8221;on&#8221; global_colors_info=&#8221;{}&#8221; sticky_transition=&#8221;on&#8221;][\/et_pb_slide][et_pb_slide _builder_version=&#8221;4.16&#8243; _module_preset=&#8221;default&#8221; background_enable_color=&#8221;off&#8221; background_image=&#8221;https:\/\/www.abak-eclairage.fr\/wp-content\/uploads\/2021\/03\/STO7752-scaled.jpg&#8221; background_enable_image=&#8221;on&#8221; global_colors_info=&#8221;{}&#8221; sticky_transition=&#8221;on&#8221;][\/et_pb_slide][et_pb_slide _builder_version=&#8221;4.16&#8243; _module_preset=&#8221;default&#8221; background_color=&#8221;RGBA(0,0,0,0)&#8221; background_enable_color=&#8221;on&#8221; background_image=&#8221;https:\/\/www.abak-eclairage.fr\/wp-content\/uploads\/2021\/03\/130404_ABAC_FERTE_ALAIS_5035-1.jpg&#8221; background_enable_image=&#8221;on&#8221; custom_padding=&#8221;30px||30px||false|false&#8221; global_colors_info=&#8221;{}&#8221; sticky_transition=&#8221;on&#8221;][\/et_pb_slide][et_pb_slide _builder_version=&#8221;4.16&#8243; _module_preset=&#8221;default&#8221; background_enable_color=&#8221;off&#8221; background_image=&#8221;https:\/\/www.abak-eclairage.fr\/wp-content\/uploads\/2021\/03\/Rue-de-la-Re\u0301publique-de-nuit_0018_Copyright-OlivierDUPONT_.jpg&#8221; background_enable_image=&#8221;on&#8221; custom_padding=&#8221;20px||20px||false|false&#8221; global_colors_info=&#8221;{}&#8221; sticky_transition=&#8221;on&#8221;][\/et_pb_slide][et_pb_slide _builder_version=&#8221;4.16&#8243; _module_preset=&#8221;default&#8221; background_enable_color=&#8221;off&#8221; background_image=&#8221;https:\/\/www.abak-eclairage.fr\/wp-content\/uploads\/2021\/03\/rampe_grottes_web_2-scaled.jpg&#8221; background_enable_image=&#8221;on&#8221; background_position=&#8221;bottom_center&#8221; custom_padding=&#8221;30px||30px||false|false&#8221; global_colors_info=&#8221;{}&#8221; sticky_transition=&#8221;on&#8221;][\/et_pb_slide][\/et_pb_fullwidth_slider][\/et_pb_section][et_pb_section fb_built=&#8221;1&#8243; admin_label=&#8221;Our Classes Section&#8221; _builder_version=&#8221;4.16&#8243; background_color=&#8221;#fafbfc&#8221; custom_padding=&#8221;110px|0px|50px|0px||&#8221; global_colors_info=&#8221;{}&#8221;][et_pb_row column_structure=&#8221;1_2,1_2&#8243; use_custom_gutter=&#8221;on&#8221; gutter_width=&#8221;2&#8243; column_padding_mobile=&#8221;on&#8221; custom_padding_last_edited=&#8221;on|phone&#8221; admin_label=&#8221;Row&#8221; _builder_version=&#8221;4.16&#8243; background_size=&#8221;initial&#8221; background_position=&#8221;top_left&#8221; background_repeat=&#8221;repeat&#8221; custom_padding=&#8221;|||&#8221; custom_padding_tablet=&#8221;49px|||&#8221; custom_padding_phone=&#8221;19px|||&#8221; global_colors_info=&#8221;{}&#8221;][et_pb_column type=&#8221;1_2&#8243; _builder_version=&#8221;4.16&#8243; custom_padding=&#8221;|||&#8221; global_colors_info=&#8221;{}&#8221; custom_padding__hover=&#8221;|||&#8221;][et_pb_blurb url=&#8221;https:\/\/www.meyer-lighting.com\/en\/&#8221; url_new_window=&#8221;on&#8221; content_max_width=&#8221;300px&#8221; admin_label=&#8221;Class&#8221; _builder_version=&#8221;4.16&#8243; header_font=&#8221;Poppins|600|||||||&#8221; header_text_align=&#8221;center&#8221; header_text_color=&#8221;#486066&#8243; header_font_size=&#8221;18px&#8221; header_line_height=&#8221;1.3em&#8221; body_font=&#8221;Open Sans||||||||&#8221; body_text_align=&#8221;center&#8221; body_text_color=&#8221;#486066&#8243; body_line_height=&#8221;1.8em&#8221; background_color=&#8221;#ffffff&#8221; background_image=&#8221;https:\/\/www.abak-eclairage.fr\/wp-content\/uploads\/2021\/03\/meyer_logo_2.png&#8221; background_size=&#8221;contain&#8221; transform_scale=&#8221;90%|90%&#8221; height=&#8221;300px&#8221; custom_margin=&#8221;|||&#8221; custom_padding=&#8221;40px|30px|40px|30px&#8221; animation_style=&#8221;fade&#8221; animation=&#8221;off&#8221; link_option_url=&#8221;https:\/\/www.meyer-lighting.com\/en\/&#8221; link_option_url_new_window=&#8221;on&#8221; border_radii=&#8221;on|6px|6px|6px|6px&#8221; box_shadow_style=&#8221;preset1&#8243; box_shadow_vertical=&#8221;10px&#8221; box_shadow_blur=&#8221;24px&#8221; box_shadow_spread=&#8221;6px&#8221; box_shadow_color=&#8221;rgba(0,0,0,0.06)&#8221; global_colors_info=&#8221;{}&#8221;][\/et_pb_blurb][et_pb_blurb url=&#8221;@ET-DC@eyJkeW5hbWljIjp0cnVlLCJjb250ZW50IjoicG9zdF9saW5rX3VybF9wYWdlIiwic2V0dGluZ3MiOnsicG9zdF9pZCI6IjEwMDkifX0=@&#8221; url_new_window=&#8221;on&#8221; content_max_width=&#8221;299px&#8221; admin_label=&#8221;Class&#8221; _builder_version=&#8221;4.24.2&#8243; _dynamic_attributes=&#8221;url,link_option_url&#8221; header_font=&#8221;Poppins|600|||||||&#8221; header_text_align=&#8221;center&#8221; header_text_color=&#8221;#486066&#8243; header_font_size=&#8221;18px&#8221; header_line_height=&#8221;1.3em&#8221; body_font=&#8221;Open Sans||||||||&#8221; body_text_align=&#8221;center&#8221; body_text_color=&#8221;#486066&#8243; body_line_height=&#8221;1.8em&#8221; background_color=&#8221;#ffffff&#8221; background_image=&#8221;https:\/\/www.abak-eclairage.fr\/wp-content\/uploads\/2021\/03\/schuch-1.jpg&#8221; background_size=&#8221;contain&#8221; transform_scale=&#8221;90%|90%&#8221; height=&#8221;300px&#8221; custom_margin=&#8221;|||&#8221; custom_padding=&#8221;40px|30px|40px|30px&#8221; animation_style=&#8221;fade&#8221; animation=&#8221;off&#8221; link_option_url=&#8221;@ET-DC@eyJkeW5hbWljIjp0cnVlLCJjb250ZW50IjoicG9zdF9saW5rX3VybF9wYWdlIiwic2V0dGluZ3MiOnsicG9zdF9pZCI6IjEwMDkifX0=@&#8221; link_option_url_new_window=&#8221;on&#8221; border_radii=&#8221;on|6px|6px|6px|6px&#8221; box_shadow_style=&#8221;preset1&#8243; box_shadow_vertical=&#8221;10px&#8221; box_shadow_blur=&#8221;24px&#8221; box_shadow_spread=&#8221;6px&#8221; box_shadow_color=&#8221;rgba(0,0,0,0.06)&#8221; global_colors_info=&#8221;{}&#8221;][\/et_pb_blurb][et_pb_blurb url=&#8221;http:\/\/www.abak-vm.com\/&#8221; url_new_window=&#8221;on&#8221; content_max_width=&#8221;299px&#8221; admin_label=&#8221;Class&#8221; _builder_version=&#8221;4.24.2&#8243; header_font=&#8221;Poppins|600|||||||&#8221; header_text_align=&#8221;center&#8221; header_text_color=&#8221;#486066&#8243; header_font_size=&#8221;18px&#8221; header_line_height=&#8221;1.3em&#8221; body_font=&#8221;Open Sans||||||||&#8221; body_text_align=&#8221;center&#8221; body_text_color=&#8221;#486066&#8243; body_line_height=&#8221;1.8em&#8221; background_color=&#8221;#ffffff&#8221; background_image=&#8221;https:\/\/www.abak-eclairage.fr\/wp-content\/uploads\/2021\/03\/ABAKVM-LOGO1_small.png&#8221; background_size=&#8221;contain&#8221; transform_scale=&#8221;90%|90%&#8221; height=&#8221;300px&#8221; custom_margin=&#8221;|||&#8221; custom_padding=&#8221;40px|30px|40px|30px&#8221; animation_style=&#8221;fade&#8221; animation=&#8221;off&#8221; link_option_url=&#8221;http:\/\/www.abak-vm.com\/&#8221; link_option_url_new_window=&#8221;on&#8221; border_radii=&#8221;on|6px|6px|6px|6px&#8221; box_shadow_style=&#8221;preset1&#8243; box_shadow_vertical=&#8221;10px&#8221; box_shadow_blur=&#8221;24px&#8221; box_shadow_spread=&#8221;6px&#8221; box_shadow_color=&#8221;rgba(0,0,0,0.06)&#8221; global_colors_info=&#8221;{}&#8221;][\/et_pb_blurb][\/et_pb_column][et_pb_column type=&#8221;1_2&#8243; _builder_version=&#8221;4.16&#8243; custom_padding=&#8221;|||&#8221; global_colors_info=&#8221;{}&#8221; custom_padding__hover=&#8221;|||&#8221;][et_pb_blurb url=&#8221;@ET-DC@eyJkeW5hbWljIjp0cnVlLCJjb250ZW50IjoicG9zdF9saW5rX3VybF9wYWdlIiwic2V0dGluZ3MiOnsicG9zdF9pZCI6IjI4NzgifX0=@&#8221; url_new_window=&#8221;on&#8221; admin_label=&#8221;Class&#8221; _builder_version=&#8221;4.24.2&#8243; _dynamic_attributes=&#8221;url,link_option_url&#8221; header_font=&#8221;Poppins|800||on|||||&#8221; header_text_align=&#8221;center&#8221; header_text_color=&#8221;#486066&#8243; header_font_size=&#8221;48px&#8221; header_line_height=&#8221;1.3em&#8221; body_font=&#8221;Open Sans||||||||&#8221; body_text_align=&#8221;center&#8221; body_text_color=&#8221;#486066&#8243; body_line_height=&#8221;1.8em&#8221; background_color=&#8221;#ffffff&#8221; background_image=&#8221;https:\/\/www.abak-eclairage.fr\/wp-content\/uploads\/2022\/09\/GVA_LOGO.png&#8221; background_size=&#8221;custom&#8221; background_image_width=&#8221;53%&#8221; transform_scale=&#8221;90%|90%&#8221; height=&#8221;300px&#8221; custom_margin=&#8221;|||&#8221; custom_padding=&#8221;40px|30px|40px|30px|false|false&#8221; animation_style=&#8221;fade&#8221; animation=&#8221;off&#8221; link_option_url=&#8221;@ET-DC@eyJkeW5hbWljIjp0cnVlLCJjb250ZW50IjoicG9zdF9saW5rX3VybF9wYWdlIiwic2V0dGluZ3MiOnsicG9zdF9pZCI6IjI4NzgifX0=@&#8221; link_option_url_new_window=&#8221;on&#8221; border_radii=&#8221;on|6px|6px|6px|6px&#8221; box_shadow_style=&#8221;preset1&#8243; box_shadow_vertical=&#8221;10px&#8221; box_shadow_blur=&#8221;24px&#8221; box_shadow_spread=&#8221;6px&#8221; box_shadow_color=&#8221;rgba(0,0,0,0.06)&#8221; global_colors_info=&#8221;{}&#8221;][\/et_pb_blurb][et_pb_blurb url=&#8221;@ET-DC@eyJkeW5hbWljIjp0cnVlLCJjb250ZW50IjoicG9zdF9saW5rX3VybF9wYWdlIiwic2V0dGluZ3MiOnsicG9zdF9pZCI6IjE2NjAifX0=@&#8221; url_new_window=&#8221;on&#8221; content_max_width=&#8221;300px&#8221; admin_label=&#8221;Class&#8221; _builder_version=&#8221;4.24.2&#8243; _dynamic_attributes=&#8221;url,link_option_url&#8221; header_font=&#8221;Poppins|800||on|||||&#8221; header_text_align=&#8221;center&#8221; header_text_color=&#8221;#486066&#8243; header_font_size=&#8221;48px&#8221; header_line_height=&#8221;1.3em&#8221; body_font=&#8221;Open Sans||||||||&#8221; body_text_align=&#8221;center&#8221; body_text_color=&#8221;#486066&#8243; body_line_height=&#8221;1.8em&#8221; background_color=&#8221;#ffffff&#8221; background_image=&#8221;https:\/\/www.abak-eclairage.fr\/wp-content\/uploads\/2022\/01\/filix-logo2.png&#8221; background_size=&#8221;contain&#8221; transform_scale=&#8221;90%|90%&#8221; height=&#8221;300px&#8221; custom_margin=&#8221;|||&#8221; custom_padding=&#8221;120px|30px|40px|30px|false|false&#8221; animation_style=&#8221;fade&#8221; animation=&#8221;off&#8221; link_option_url=&#8221;@ET-DC@eyJkeW5hbWljIjp0cnVlLCJjb250ZW50IjoicG9zdF9saW5rX3VybF9wYWdlIiwic2V0dGluZ3MiOnsicG9zdF9pZCI6IjE2NjAifX0=@&#8221; link_option_url_new_window=&#8221;on&#8221; border_radii=&#8221;on|6px|6px|6px|6px&#8221; box_shadow_style=&#8221;preset1&#8243; box_shadow_vertical=&#8221;10px&#8221; box_shadow_blur=&#8221;24px&#8221; box_shadow_spread=&#8221;6px&#8221; box_shadow_color=&#8221;rgba(0,0,0,0.06)&#8221; global_colors_info=&#8221;{}&#8221;][\/et_pb_blurb][et_pb_blurb url=&#8221;@ET-DC@eyJkeW5hbWljIjp0cnVlLCJjb250ZW50IjoicG9zdF9saW5rX3VybF9wYWdlIiwic2V0dGluZ3MiOnsicG9zdF9pZCI6IjE2MiJ9fQ==@&#8221; url_new_window=&#8221;on&#8221; image=&#8221;https:\/\/www.abak-eclairage.fr\/wp-content\/uploads\/2021\/03\/REALISATIONS.png&#8221; content_max_width=&#8221;410px&#8221; admin_label=&#8221;Class&#8221; _builder_version=&#8221;4.24.2&#8243; _dynamic_attributes=&#8221;url,link_option_url&#8221; header_level=&#8221;h2&#8243; header_font=&#8221;|300|||||||&#8221; header_text_align=&#8221;center&#8221; header_text_color=&#8221;#E02B20&#8243; body_font=&#8221;|600|||||||&#8221; body_text_align=&#8221;center&#8221; body_text_color=&#8221;#FFFFFF&#8221; body_line_height=&#8221;1em&#8221; background_color=&#8221;#ffffff&#8221; background_image=&#8221;https:\/\/www.abak-eclairage.fr\/wp-content\/uploads\/2024\/09\/GVA07513-scaled.jpg&#8221; transform_scale=&#8221;90%|90%&#8221; height=&#8221;300px&#8221; custom_margin=&#8221;|||&#8221; custom_padding=&#8221;106px|30px|106px|30px|true|false&#8221; filter_saturate=&#8221;128%&#8221; filter_brightness=&#8221;80%&#8221; filter_contrast=&#8221;120%&#8221; filter_opacity=&#8221;80%&#8221; child_mix_blend_mode=&#8221;lighten&#8221; animation_style=&#8221;fade&#8221; animation=&#8221;off&#8221; link_option_url=&#8221;@ET-DC@eyJkeW5hbWljIjp0cnVlLCJjb250ZW50IjoicG9zdF9saW5rX3VybF9wYWdlIiwic2V0dGluZ3MiOnsicG9zdF9pZCI6IjE2MiJ9fQ==@&#8221; border_radii=&#8221;on|6px|6px|6px|6px&#8221; box_shadow_style=&#8221;preset1&#8243; box_shadow_vertical=&#8221;10px&#8221; box_shadow_blur=&#8221;24px&#8221; box_shadow_spread=&#8221;6px&#8221; box_shadow_color=&#8221;rgba(0,0,0,0.06)&#8221; global_colors_info=&#8221;{}&#8221;][\/et_pb_blurb][\/et_pb_column][\/et_pb_row][\/et_pb_section][et_pb_section fb_built=&#8221;1&#8243; _builder_version=&#8221;4.16&#8243; _module_preset=&#8221;default&#8221; custom_padding=&#8221;0px||0px|||&#8221; global_colors_info=&#8221;{}&#8221;][et_pb_row _builder_version=&#8221;4.16&#8243; _module_preset=&#8221;default&#8221; custom_margin=&#8221;7px|auto||auto||&#8221; custom_padding=&#8221;||0px|||&#8221; global_colors_info=&#8221;{}&#8221;][et_pb_column type=&#8221;4_4&#8243; _builder_version=&#8221;4.16&#8243; _module_preset=&#8221;default&#8221; global_colors_info=&#8221;{}&#8221;][et_pb_divider color=&#8221;#e2e2e2&#8243; divider_weight=&#8221;2px&#8221; _builder_version=&#8221;4.16&#8243; _module_preset=&#8221;default&#8221; min_height=&#8221;6px&#8221; custom_margin=&#8221;-35px|||||&#8221; global_colors_info=&#8221;{}&#8221;][\/et_pb_divider][\/et_pb_column][\/et_pb_row][\/et_pb_section][et_pb_section fb_built=&#8221;1&#8243; admin_label=&#8221;Our Partners Section&#8221; _builder_version=&#8221;4.16&#8243; custom_padding=&#8221;0px|0px|40px|0px||&#8221; global_colors_info=&#8221;{}&#8221;][et_pb_row column_structure=&#8221;1_4,3_4&#8243; _builder_version=&#8221;4.16&#8243; locked=&#8221;off&#8221; global_colors_info=&#8221;{}&#8221;][et_pb_column type=&#8221;1_4&#8243; _builder_version=&#8221;4.16&#8243; custom_padding=&#8221;|||&#8221; global_colors_info=&#8221;{}&#8221; custom_padding__hover=&#8221;|||&#8221;][et_pb_text _builder_version=&#8221;4.16&#8243; _module_preset=&#8221;default&#8221; header_text_color=&#8221;#848484&#8243; global_colors_info=&#8221;{}&#8221;]<\/p>\n<h1>A PROPOS<\/h1>\n<p>[\/et_pb_text][\/et_pb_column][et_pb_column type=&#8221;3_4&#8243; _builder_version=&#8221;4.16&#8243; custom_padding=&#8221;|||&#8221; global_colors_info=&#8221;{}&#8221; custom_padding__hover=&#8221;|||&#8221;][et_pb_text _builder_version=&#8221;4.16&#8243; _module_preset=&#8221;default&#8221; text_text_color=&#8221;#848484&#8243; text_font_size=&#8221;16px&#8221; global_colors_info=&#8221;{}&#8221;]<\/p>\n<p><span style=\"font-weight: 400;\">En 1979, Jean Chaumel reprend les activit\u00e9s de la soci\u00e9t\u00e9 Tourret Industrie. A cette date, il reconcentre l\u2019offre et se focalise sur l\u2019importation de fournisseurs offrant une valeur ajout\u00e9e notable.<\/span><\/p>\n<p><span style=\"font-weight: 400;\">Abak devient alors un acteur incontournable dans la distribution de composants optiques et m\u00e9caniques \u00e0 destination des industriels de l\u2019\u00e9clairage, mais aussi devient l\u2019agent exclusif de la soci\u00e9t\u00e9 Willy Meyer &amp; Sohn, alors fabricant allemand de projecteurs techniques.<\/span><\/p>\n<p><span style=\"font-weight: 400;\">Ainsi, depuis plus de 40 ans, nous \u0153uvrons \u00e0 apporter aux march\u00e9s fran\u00e7ais et nord africains des produits de premi\u00e8re qualit\u00e9.<\/span><\/p>\n<p><span style=\"font-weight: 400;\">Depuis quelques ann\u00e9es, les activit\u00e9s de Abak se sont recentr\u00e9es sur la mise en lumi\u00e8re architecturale. Afin de renforcer son offre, Abak a d\u00e9velopp\u00e9 des solutions permettant de r\u00e9aliser des installations de vid\u00e9o-mapping autour de sa marque Abak VM.<\/span><\/p>\n<p><span style=\"font-weight: 400;\">Au service de la mise en lumi\u00e8re, nous avons eu la chance et l\u2019honneur de participer \u00e0 des r\u00e9alisations \u00e9minemment prestigieuses telles que la mise en lumi\u00e8re de Notre Dame de Paris, le Mont Saint Michel, le Grand H\u00f4tel Dieu de Lyon, le Palais du Louvre, la cath\u00e9drale de Sens, la cath\u00e9drale d\u2019Orl\u00e9ans, les ponts de Paris\u2026<\/span><\/p>\n<p>[\/et_pb_text][\/et_pb_column][\/et_pb_row][\/et_pb_section][et_pb_section fb_built=&#8221;1&#8243; admin_label=&#8221;Join Now Call to Action&#8221; _builder_version=&#8221;4.16&#8243; background_enable_color=&#8221;off&#8221; use_background_color_gradient=&#8221;on&#8221; background_color_gradient_type=&#8221;circular&#8221; background_color_gradient_stops=&#8221;rgba(2,2,2,0.53) 0%|rgba(0,2,2,0.38) 100%&#8221; background_color_gradient_start=&#8221;rgba(2,2,2,0.53)&#8221; background_color_gradient_end=&#8221;rgba(0,2,2,0.38)&#8221; background_image=&#8221;https:\/\/www.abak-eclairage.fr\/wp-content\/uploads\/2021\/03\/1207PBE1067_1-scaled.jpg&#8221; parallax=&#8221;on&#8221; min_height=&#8221;350px&#8221; custom_margin=&#8221;|||&#8221; custom_padding=&#8221;111px|0px|33px|0px||&#8221; global_colors_info=&#8221;{}&#8221;][et_pb_row column_structure=&#8221;1_4,1_4,1_4,1_4&#8243; _builder_version=&#8221;4.16&#8243; min_height=&#8221;191px&#8221; custom_margin=&#8221;-70px|auto||auto||&#8221; global_colors_info=&#8221;{}&#8221;][et_pb_column type=&#8221;1_4&#8243; _builder_version=&#8221;4.16&#8243; custom_padding=&#8221;|||&#8221; global_colors_info=&#8221;{}&#8221; custom_padding__hover=&#8221;|||&#8221;][et_pb_text _builder_version=&#8221;4.16&#8243; _module_preset=&#8221;default&#8221; text_font=&#8221;||||||||&#8221; text_text_color=&#8221;#FFFFFF&#8221; text_font_size=&#8221;18px&#8221; text_line_height=&#8221;1em&#8221; header_font=&#8221;|300|||||||&#8221; header_text_color=&#8221;#608096&#8243; header_font_size=&#8221;1px&#8221; header_2_font=&#8221;|700||on|||||&#8221; header_2_text_color=&#8221;#608096&#8243; background_color=&#8221;rgba(0,0,0,0.5)&#8221; text_orientation=&#8221;center&#8221; width=&#8221;100%&#8221; max_width=&#8221;100%&#8221; module_alignment=&#8221;center&#8221; min_height=&#8221;200px&#8221; custom_margin=&#8221;0px||||false|false&#8221; custom_padding=&#8221;15px||||false|false&#8221; box_shadow_style=&#8221;preset1&#8243; inline_fonts=&#8221;Noto Sans&#8221; global_colors_info=&#8221;{}&#8221;]<\/p>\n<p>&nbsp;<\/p>\n<h2><\/h2>\n<h2><span style=\"color: #759cb5;\"><strong><span style=\"font-family: 'Noto Sans';\">Horaires<\/span><\/strong><\/span><\/h2>\n<p><span style=\"color: #d1d1d1; font-size: medium;\">Lundi &#8211; Vendredi<\/span><br \/><span style=\"color: #d1d1d1; font-size: medium;\">9h-12h30 \/ 13h30-18h<\/span><\/p>\n<p>[\/et_pb_text][\/et_pb_column][et_pb_column type=&#8221;1_4&#8243; _builder_version=&#8221;4.16&#8243; custom_padding=&#8221;|||&#8221; global_colors_info=&#8221;{}&#8221; custom_padding__hover=&#8221;|||&#8221;][et_pb_text _builder_version=&#8221;4.16&#8243; _module_preset=&#8221;default&#8221; text_font=&#8221;||||||||&#8221; text_text_color=&#8221;#FFFFFF&#8221; text_font_size=&#8221;18px&#8221; text_line_height=&#8221;1em&#8221; header_font=&#8221;|300|||||||&#8221; header_text_color=&#8221;#608096&#8243; header_font_size=&#8221;1px&#8221; header_2_font=&#8221;|700||on|||||&#8221; header_2_text_color=&#8221;#608096&#8243; background_color=&#8221;rgba(0,0,0,0.5)&#8221; text_orientation=&#8221;center&#8221; width=&#8221;100%&#8221; max_width=&#8221;100%&#8221; module_alignment=&#8221;center&#8221; min_height=&#8221;200px&#8221; custom_margin=&#8221;0px||||false|false&#8221; custom_padding=&#8221;15px||||false|false&#8221; box_shadow_style=&#8221;preset1&#8243; inline_fonts=&#8221;Noto Sans&#8221; global_colors_info=&#8221;{}&#8221;]<\/p>\n<p>&nbsp;<\/p>\n<h2><\/h2>\n<h2><span style=\"color: #759cb5;\"><strong><span style=\"font-family: 'Noto Sans';\">Adresse<\/span><\/strong><\/span><\/h2>\n<p><span style=\"color: #d1d1d1; font-size: medium;\">48 quater rue Delerue<\/span><br \/><span style=\"color: #d1d1d1; font-size: medium;\">Saint-Maur-des-Foss\u00e9s<\/span><\/p>\n<p>[\/et_pb_text][\/et_pb_column][et_pb_column type=&#8221;1_4&#8243; _builder_version=&#8221;4.16&#8243; custom_padding=&#8221;|||&#8221; global_colors_info=&#8221;{}&#8221; custom_padding__hover=&#8221;|||&#8221;][et_pb_text _builder_version=&#8221;4.16&#8243; _module_preset=&#8221;default&#8221; text_font=&#8221;||||||||&#8221; text_text_color=&#8221;#FFFFFF&#8221; text_font_size=&#8221;18px&#8221; text_line_height=&#8221;1em&#8221; header_font=&#8221;|300|||||||&#8221; header_text_color=&#8221;#608096&#8243; header_font_size=&#8221;1px&#8221; header_2_font=&#8221;|700||on|||||&#8221; header_2_text_color=&#8221;#608096&#8243; background_color=&#8221;rgba(0,0,0,0.5)&#8221; text_orientation=&#8221;center&#8221; width=&#8221;100%&#8221; max_width=&#8221;100%&#8221; module_alignment=&#8221;center&#8221; min_height=&#8221;200px&#8221; custom_margin=&#8221;0px||||false|false&#8221; custom_padding=&#8221;15px||||false|false&#8221; box_shadow_style=&#8221;preset1&#8243; inline_fonts=&#8221;Noto Sans&#8221; global_colors_info=&#8221;{}&#8221;]<\/p>\n<p>&nbsp;<\/p>\n<h2><\/h2>\n<h2><span style=\"color: #759cb5;\"><strong><span style=\"font-family: 'Noto Sans';\">nous contacter<\/span><\/strong><\/span><\/h2>\n<p><span style=\"color: #d1d1d1; font-size: medium;\">Tel : 01 43 53 20 00<\/span><br \/><span style=\"color: #d1d1d1; font-size: medium;\">Fax : 01 48 93 41 53<\/span><\/p>\n<p>[\/et_pb_text][\/et_pb_column][et_pb_column type=&#8221;1_4&#8243; _builder_version=&#8221;4.16&#8243; custom_padding=&#8221;|||&#8221; global_colors_info=&#8221;{}&#8221; custom_padding__hover=&#8221;|||&#8221;][et_pb_text _builder_version=&#8221;4.19.1&#8243; _module_preset=&#8221;default&#8221; text_font=&#8221;||||||||&#8221; text_text_color=&#8221;#FFFFFF&#8221; text_font_size=&#8221;18px&#8221; text_line_height=&#8221;1em&#8221; header_font=&#8221;|300|||||||&#8221; header_text_color=&#8221;#608096&#8243; header_font_size=&#8221;1px&#8221; header_2_font=&#8221;|700||on|||||&#8221; header_2_text_color=&#8221;#608096&#8243; background_color=&#8221;rgba(0,0,0,0.5)&#8221; text_orientation=&#8221;center&#8221; width=&#8221;100%&#8221; max_width=&#8221;100%&#8221; module_alignment=&#8221;center&#8221; min_height=&#8221;200px&#8221; custom_margin=&#8221;0px||||false|false&#8221; custom_padding=&#8221;15px||||false|false&#8221; box_shadow_style=&#8221;preset1&#8243; inline_fonts=&#8221;Noto Sans&#8221; global_colors_info=&#8221;{}&#8221;]<\/p>\n<p>&nbsp;<\/p>\n<h2><\/h2>\n<h2><span style=\"color: #759cb5;\"><strong><span style=\"font-family: 'Noto Sans';\">e-mail<\/span><\/strong><\/span><\/h2>\n<p><a href=\"mailto:abak@abak-elec.com\"><span style=\"color: #999999;\">abak@abak-elec.com<\/span><\/a><\/p>\n<p>[\/et_pb_text][\/et_pb_column][\/et_pb_row][\/et_pb_section]<\/p>\n","protected":false},"excerpt":{"rendered":"<p>A PROPOSEn 1979, Jean Chaumel reprend les activit\u00e9s de la soci\u00e9t\u00e9 Tourret Industrie. A cette date, il reconcentre l\u2019offre et se focalise sur l\u2019importation de fournisseurs offrant une valeur ajout\u00e9e notable. Abak devient alors un acteur incontournable dans la distribution de composants optiques et m\u00e9caniques \u00e0 destination des industriels de l\u2019\u00e9clairage, mais aussi devient l\u2019agent [&hellip;]<\/p>\n","protected":false},"author":1,"featured_media":0,"parent":0,"menu_order":0,"comment_status":"closed","ping_status":"closed","template":"","meta":{"_et_pb_use_builder":"on","_et_pb_old_content":"","_et_gb_content_width":"","footnotes":""},"class_list":["post-7","page","type-page","status-publish","hentry"],"_links":{"self":[{"href":"https:\/\/www.abak-eclairage.fr\/index.php\/wp-json\/wp\/v2\/pages\/7","targetHints":{"allow":["GET"]}}],"collection":[{"href":"https:\/\/www.abak-eclairage.fr\/index.php\/wp-json\/wp\/v2\/pages"}],"about":[{"href":"https:\/\/www.abak-eclairage.fr\/index.php\/wp-json\/wp\/v2\/types\/page"}],"author":[{"embeddable":true,"href":"https:\/\/www.abak-eclairage.fr\/index.php\/wp-json\/wp\/v2\/users\/1"}],"replies":[{"embeddable":true,"href":"https:\/\/www.abak-eclairage.fr\/index.php\/wp-json\/wp\/v2\/comments?post=7"}],"version-history":[{"count":65,"href":"https:\/\/www.abak-eclairage.fr\/index.php\/wp-json\/wp\/v2\/pages\/7\/revisions"}],"predecessor-version":[{"id":6443,"href":"https:\/\/www.abak-eclairage.fr\/index.php\/wp-json\/wp\/v2\/pages\/7\/revisions\/6443"}],"wp:attachment":[{"href":"https:\/\/www.abak-eclairage.fr\/index.php\/wp-json\/wp\/v2\/media?parent=7"}],"curies":[{"name":"wp","href":"https:\/\/api.w.org\/{rel}","templated":true}]}}