{"id":6409,"date":"2026-02-28T17:42:05","date_gmt":"2026-02-28T17:42:05","guid":{"rendered":"https:\/\/www.abak-eclairage.fr\/?page_id=6409"},"modified":"2026-02-28T17:44:40","modified_gmt":"2026-02-28T17:44:40","slug":"splitter-2","status":"publish","type":"page","link":"https:\/\/www.abak-eclairage.fr\/index.php\/splitter-2\/","title":{"rendered":"SPLITTER"},"content":{"rendered":"<p>[et_pb_section fb_built=&#8221;1&#8243; _builder_version=&#8221;4.16&#8243; _module_preset=&#8221;default&#8221; custom_padding=&#8221;5px|||||&#8221; global_colors_info=&#8221;{}&#8221;][et_pb_row column_structure=&#8221;1_4,1_4,1_4,1_4&#8243; _builder_version=&#8221;4.17.6&#8243; _module_preset=&#8221;default&#8221; custom_padding=&#8221;||1px|||&#8221; global_colors_info=&#8221;{}&#8221;][et_pb_column type=&#8221;1_4&#8243; _builder_version=&#8221;4.17.6&#8243; _module_preset=&#8221;default&#8221; global_colors_info=&#8221;{}&#8221;][\/et_pb_column][et_pb_column type=&#8221;1_4&#8243; _builder_version=&#8221;4.17.6&#8243; _module_preset=&#8221;default&#8221; global_colors_info=&#8221;{}&#8221;][et_pb_image src=&#8221;https:\/\/www.abak-eclairage.fr\/wp-content\/uploads\/2023\/11\/COLOR-STREAM.png&#8221; title_text=&#8221;COLOR-STREAM&#8221; url=&#8221;@ET-DC@eyJkeW5hbWljIjp0cnVlLCJjb250ZW50IjoicG9zdF9saW5rX3VybF9wYWdlIiwic2V0dGluZ3MiOnsicG9zdF9pZCI6IjQ1MDIifX0=@&#8221; _builder_version=&#8221;4.24.2&#8243; _dynamic_attributes=&#8221;url&#8221; _module_preset=&#8221;default&#8221; width=&#8221;100%&#8221; custom_margin=&#8221;4px||||false|false&#8221; global_colors_info=&#8221;{}&#8221;][\/et_pb_image][\/et_pb_column][et_pb_column type=&#8221;1_4&#8243; _builder_version=&#8221;4.17.6&#8243; _module_preset=&#8221;default&#8221; global_colors_info=&#8221;{}&#8221;][et_pb_image src=&#8221;https:\/\/www.abak-eclairage.fr\/wp-content\/uploads\/2026\/01\/infinity-logo_gris.png&#8221; title_text=&#8221;infinity logo_gris&#8221; url=&#8221;@ET-DC@eyJkeW5hbWljIjp0cnVlLCJjb250ZW50IjoicG9zdF9saW5rX3VybF9wYWdlIiwic2V0dGluZ3MiOnsicG9zdF9pZCI6IjQ1MDIifX0=@&#8221; _builder_version=&#8221;4.24.2&#8243; _dynamic_attributes=&#8221;url&#8221; _module_preset=&#8221;default&#8221; width=&#8221;78%&#8221; global_colors_info=&#8221;{}&#8221;][\/et_pb_image][\/et_pb_column][et_pb_column type=&#8221;1_4&#8243; _builder_version=&#8221;4.17.6&#8243; _module_preset=&#8221;default&#8221; global_colors_info=&#8221;{}&#8221;][et_pb_button button_url=&#8221;https:\/\/www.abak-eclairage.fr\/wp-content\/uploads\/2026\/02\/SPLITTER.pdf&#8221; url_new_window=&#8221;on&#8221; button_text=&#8221;Fichier pour impression&#8221; _builder_version=&#8221;4.24.2&#8243; _module_preset=&#8221;default&#8221; custom_button=&#8221;on&#8221; button_text_size=&#8221;15px&#8221; button_text_color=&#8221;#7f0070&#8243; custom_margin=&#8221;|||-35px|false|false&#8221; global_colors_info=&#8221;{}&#8221; button_text_color__hover_enabled=&#8221;on|hover&#8221; button_text_color__hover=&#8221;#FFFFFF&#8221; button_bg_color__hover_enabled=&#8221;on|hover&#8221; button_bg_color__hover=&#8221;#7f0070&#8243; button_bg_enable_color__hover=&#8221;on&#8221;][\/et_pb_button][\/et_pb_column][\/et_pb_row][et_pb_row _builder_version=&#8221;4.17.4&#8243; _module_preset=&#8221;default&#8221; custom_padding=&#8221;6px|||||&#8221; global_colors_info=&#8221;{}&#8221;][et_pb_column type=&#8221;4_4&#8243; _builder_version=&#8221;4.16&#8243; _module_preset=&#8221;default&#8221; global_colors_info=&#8221;{}&#8221;][et_pb_text _builder_version=&#8221;4.24.2&#8243; _module_preset=&#8221;default&#8221; text_font=&#8221;|300|||||||&#8221; text_font_size=&#8221;16px&#8221; header_font=&#8221;Rubik||||||||&#8221; header_text_color=&#8221;#777777&#8243; header_font_size=&#8221;35px&#8221; header_5_font=&#8221;Rubik|300||on|||||&#8221; header_5_text_color=&#8221;#777777&#8243; header_6_font=&#8221;|300|||||||&#8221; header_6_text_color=&#8221;#707070&#8243; header_6_font_size=&#8221;20px&#8221; header_6_line_height=&#8221;1.3em&#8221; hover_enabled=&#8221;0&#8243; global_colors_info=&#8221;{}&#8221; custom_margin=&#8221;12px||||false|false&#8221; sticky_enabled=&#8221;0&#8243;]<\/p>\n<h1 class=\"p1\"><span>SPLITTER \/ S\u00c9PARATEUR<\/span><\/h1>\n<h5 class=\"p1\"><span class=\"s1\">R\u00e9partiteur d\u2019alimentation et de donn\u00e9es pour luminaires COLOR-STREAM<\/span><\/h5>\n<h6 class=\"p1\"><span class=\"s1\">Le SPL est un r\u00e9partiteur d\u2019alimentation et de donn\u00e9es pour luminaires COLOR-STREAM\u00ae qui transforme un branchement en guirlande en une topologie en \u00e9toile, offrant 2 ou 3 sorties. Il \u00e9tend la transmission de donn\u00e9es jusqu\u2019\u00e0 100 m et, en mode sortie unique, sert de r\u00e9p\u00e9teur de signal pour les liaisons sup\u00e9rieures \u00e0 100 m. Compatible avec INFINITY\u00ae (380 V CC) et une large gamme de tensions alternatives (277 V, 240 V, 230 V, 208 V, 120 V, 100 V), il est dot\u00e9 d\u2019un bo\u00eetier robuste en polycarbonate pour une fiabilit\u00e9 \u00e0 long terme.<\/span><\/h6>\n<p>[\/et_pb_text][\/et_pb_column][\/et_pb_row][et_pb_row column_structure=&#8221;1_2,1_2&#8243; make_equal=&#8221;on&#8221; _builder_version=&#8221;4.18.0&#8243; _module_preset=&#8221;default&#8221; width=&#8221;100%&#8221; max_width=&#8221;1300px&#8221; custom_padding=&#8221;0px||0px|||&#8221; global_colors_info=&#8221;{}&#8221;][et_pb_column type=&#8221;1_2&#8243; _builder_version=&#8221;4.17.6&#8243; _module_preset=&#8221;default&#8221; global_colors_info=&#8221;{}&#8221;][et_pb_image src=&#8221;https:\/\/www.abak-eclairage.fr\/wp-content\/uploads\/2026\/02\/splitter_1-scaled.png&#8221; title_text=&#8221;splitter_1&#8243; _builder_version=&#8221;4.24.2&#8243; _module_preset=&#8221;default&#8221; width=&#8221;100%&#8221; module_alignment=&#8221;center&#8221; custom_padding=&#8221;29px|||||&#8221; global_colors_info=&#8221;{}&#8221;][\/et_pb_image][\/et_pb_column][et_pb_column type=&#8221;1_2&#8243; _builder_version=&#8221;4.17.6&#8243; _module_preset=&#8221;default&#8221; global_colors_info=&#8221;{}&#8221;][et_pb_image src=&#8221;https:\/\/www.abak-eclairage.fr\/wp-content\/uploads\/2026\/02\/splitter_2.png&#8221; title_text=&#8221;splitter_2&#8243; _builder_version=&#8221;4.24.2&#8243; _module_preset=&#8221;default&#8221; transform_translate=&#8221;-36px|0px&#8221; width=&#8221;90%&#8221; module_alignment=&#8221;left&#8221; global_colors_info=&#8221;{}&#8221;][\/et_pb_image][\/et_pb_column][\/et_pb_row][et_pb_row column_structure=&#8221;1_3,1_3,1_3&#8243; _builder_version=&#8221;4.17.6&#8243; _module_preset=&#8221;default&#8221; custom_padding=&#8221;11px||0px|||&#8221; global_colors_info=&#8221;{}&#8221;][et_pb_column type=&#8221;1_3&#8243; _builder_version=&#8221;4.17.6&#8243; _module_preset=&#8221;default&#8221; global_colors_info=&#8221;{}&#8221;][\/et_pb_column][et_pb_column type=&#8221;1_3&#8243; _builder_version=&#8221;4.17.6&#8243; _module_preset=&#8221;default&#8221; global_colors_info=&#8221;{}&#8221;][et_pb_image src=&#8221;https:\/\/www.abak-eclairage.fr\/wp-content\/uploads\/2026\/02\/SPLITT.png&#8221; title_text=&#8221;SPLITT&#8221; _builder_version=&#8221;4.24.2&#8243; _module_preset=&#8221;default&#8221; width=&#8221;110%&#8221; module_alignment=&#8221;center&#8221; global_colors_info=&#8221;{}&#8221;][\/et_pb_image][\/et_pb_column][et_pb_column type=&#8221;1_3&#8243; _builder_version=&#8221;4.17.6&#8243; _module_preset=&#8221;default&#8221; global_colors_info=&#8221;{}&#8221;][\/et_pb_column][\/et_pb_row][et_pb_row _builder_version=&#8221;4.17.6&#8243; _module_preset=&#8221;default&#8221; custom_margin=&#8221;-18px|auto||auto||&#8221; global_colors_info=&#8221;{}&#8221;][et_pb_column type=&#8221;4_4&#8243; _builder_version=&#8221;4.17.6&#8243; _module_preset=&#8221;default&#8221; global_colors_info=&#8221;{}&#8221;][et_pb_divider divider_weight=&#8221;1px&#8221; _builder_version=&#8221;4.17.6&#8243; _module_preset=&#8221;default&#8221; custom_margin=&#8221;||-20px||false|false&#8221; filter_opacity=&#8221;30%&#8221; global_colors_info=&#8221;{}&#8221;][\/et_pb_divider][\/et_pb_column][\/et_pb_row][et_pb_row column_structure=&#8221;1_2,1_2&#8243; _builder_version=&#8221;4.16&#8243; _module_preset=&#8221;default&#8221; custom_padding=&#8221;2px||0px|||&#8221; global_colors_info=&#8221;{}&#8221;][et_pb_column type=&#8221;1_2&#8243; _builder_version=&#8221;4.16&#8243; _module_preset=&#8221;default&#8221; global_colors_info=&#8221;{}&#8221;][et_pb_text _builder_version=&#8221;4.17.6&#8243; _module_preset=&#8221;default&#8221; text_font_size=&#8221;18px&#8221; header_3_font_size=&#8221;32px&#8221; header_4_font=&#8221;Rubik|300|||||||&#8221; header_4_font_size=&#8221;25px&#8221; custom_margin=&#8221;||4px|||&#8221; global_colors_info=&#8221;{}&#8221;]<\/p>\n<h4 class=\"p1\">PRINCIPALES CARACT\u00c9RISTIQUES<\/h4>\n<p>[\/et_pb_text][et_pb_text _builder_version=&#8221;4.24.2&#8243; _module_preset=&#8221;default&#8221; text_font=&#8221;|300|||||||&#8221; text_font_size=&#8221;17px&#8221; global_colors_info=&#8221;{}&#8221;]<\/p>\n<ul>\n<li class=\"p1\">Convertit la topologie r\u00e9seau en guirlande en topologie en \u00e9toile pour une distribution de donn\u00e9es flexible.<\/li>\n<li class=\"p1\">S\u00e9pare l\u2019alimentation et les donn\u00e9es en 2 ou 3 sorties ind\u00e9pendantes.<\/li>\n<li class=\"p1\">Fonctionne en mode 1 sortie comme r\u00e9p\u00e9teur de signal pour les c\u00e2bles de liaison ou de raccordement de plus de 100 m.<\/li>\n<li class=\"p1\">\u00c9tend la transmission de donn\u00e9es jusqu\u2019\u00e0 100 m.<\/li>\n<li class=\"p1\">Compatible avec les entr\u00e9es INFINITY\u00ae (380 V CC) et CA (277 V, 240 V, 230 V, 208 V, 120 V, 100 V) et ELV 48 V CC.<\/li>\n<li class=\"p1\">Bo\u00eetier robuste en polycarbonate.<\/li>\n<li class=\"p1\">Temp\u00e9ratures de fonctionnement\u00a0: -40\u00a0\u00b0C \u00e0 +50\u00a0\u00b0C.<\/li>\n<li class=\"p1\">Indice de protection IP66.<\/li>\n<li class=\"p1\">Garantie limit\u00e9e de 5 ans.<\/li>\n<\/ul>\n<p>[\/et_pb_text][\/et_pb_column][et_pb_column type=&#8221;1_2&#8243; _builder_version=&#8221;4.17.4&#8243; _module_preset=&#8221;default&#8221; global_colors_info=&#8221;{}&#8221;][\/et_pb_column][\/et_pb_row][et_pb_row column_structure=&#8221;1_4,1_4,1_4,1_4&#8243; _builder_version=&#8221;4.17.4&#8243; _module_preset=&#8221;default&#8221; global_colors_info=&#8221;{}&#8221;][et_pb_column type=&#8221;1_4&#8243; _builder_version=&#8221;4.17.4&#8243; _module_preset=&#8221;default&#8221; global_colors_info=&#8221;{}&#8221;][et_pb_button button_url=&#8221;https:\/\/www.abak-eclairage.fr\/wp-content\/uploads\/2026\/02\/SPLITTER.pdf&#8221; url_new_window=&#8221;on&#8221; button_text=&#8221;PDF&#8221; button_alignment=&#8221;right&#8221; _builder_version=&#8221;4.24.2&#8243; _module_preset=&#8221;default&#8221; custom_button=&#8221;on&#8221; button_text_size=&#8221;16px&#8221; button_text_color=&#8221;#7f0070&#8243; global_colors_info=&#8221;{}&#8221;][\/et_pb_button][\/et_pb_column][et_pb_column type=&#8221;1_4&#8243; _builder_version=&#8221;4.17.4&#8243; _module_preset=&#8221;default&#8221; global_colors_info=&#8221;{}&#8221;][et_pb_button button_url=&#8221;https:\/\/gvalighting.com\/media\/products\/splitter\/SP-SPLITTER.pdf&#8221; url_new_window=&#8221;on&#8221; button_text=&#8221;Fiche technique&#8221; _builder_version=&#8221;4.24.2&#8243; _module_preset=&#8221;default&#8221; custom_button=&#8221;on&#8221; button_text_size=&#8221;16px&#8221; button_text_color=&#8221;#7f0070&#8243; global_colors_info=&#8221;{}&#8221;][\/et_pb_button][\/et_pb_column][et_pb_column type=&#8221;1_4&#8243; _builder_version=&#8221;4.17.4&#8243; _module_preset=&#8221;default&#8221; global_colors_info=&#8221;{}&#8221;][\/et_pb_column][et_pb_column type=&#8221;1_4&#8243; _builder_version=&#8221;4.17.4&#8243; _module_preset=&#8221;default&#8221; global_colors_info=&#8221;{}&#8221;][\/et_pb_column][\/et_pb_row][\/et_pb_section]<\/p>\n","protected":false},"excerpt":{"rendered":"<p>SPLITTER \/ S\u00c9PARATEUR R\u00e9partiteur d\u2019alimentation et de donn\u00e9es pour luminaires COLOR-STREAM Le SPL est un r\u00e9partiteur d\u2019alimentation et de donn\u00e9es pour luminaires COLOR-STREAM\u00ae qui transforme un branchement en guirlande en une topologie en \u00e9toile, offrant 2 ou 3 sorties. Il \u00e9tend la transmission de donn\u00e9es jusqu\u2019\u00e0 100 m et, en mode sortie unique, sert de [&hellip;]<\/p>\n","protected":false},"author":1,"featured_media":0,"parent":0,"menu_order":0,"comment_status":"closed","ping_status":"closed","template":"","meta":{"_et_pb_use_builder":"on","_et_pb_old_content":"","_et_gb_content_width":"","footnotes":""},"class_list":["post-6409","page","type-page","status-publish","hentry"],"_links":{"self":[{"href":"https:\/\/www.abak-eclairage.fr\/index.php\/wp-json\/wp\/v2\/pages\/6409","targetHints":{"allow":["GET"]}}],"collection":[{"href":"https:\/\/www.abak-eclairage.fr\/index.php\/wp-json\/wp\/v2\/pages"}],"about":[{"href":"https:\/\/www.abak-eclairage.fr\/index.php\/wp-json\/wp\/v2\/types\/page"}],"author":[{"embeddable":true,"href":"https:\/\/www.abak-eclairage.fr\/index.php\/wp-json\/wp\/v2\/users\/1"}],"replies":[{"embeddable":true,"href":"https:\/\/www.abak-eclairage.fr\/index.php\/wp-json\/wp\/v2\/comments?post=6409"}],"version-history":[{"count":3,"href":"https:\/\/www.abak-eclairage.fr\/index.php\/wp-json\/wp\/v2\/pages\/6409\/revisions"}],"predecessor-version":[{"id":6415,"href":"https:\/\/www.abak-eclairage.fr\/index.php\/wp-json\/wp\/v2\/pages\/6409\/revisions\/6415"}],"wp:attachment":[{"href":"https:\/\/www.abak-eclairage.fr\/index.php\/wp-json\/wp\/v2\/media?parent=6409"}],"curies":[{"name":"wp","href":"https:\/\/api.w.org\/{rel}","templated":true}]}}