{"id":6144,"date":"2026-02-01T08:52:25","date_gmt":"2026-02-01T08:52:25","guid":{"rendered":"https:\/\/www.abak-eclairage.fr\/?page_id=6144"},"modified":"2026-02-01T09:04:12","modified_gmt":"2026-02-01T09:04:12","slug":"fl100_gen2_im","status":"publish","type":"page","link":"https:\/\/www.abak-eclairage.fr\/index.php\/fl100_gen2_im\/","title":{"rendered":"FL100_GEN2_IM"},"content":{"rendered":"<p>[et_pb_section fb_built=&#8221;1&#8243; _builder_version=&#8221;4.16&#8243; _module_preset=&#8221;default&#8221; custom_padding=&#8221;3px||29px|||&#8221; global_colors_info=&#8221;{}&#8221; theme_builder_area=&#8221;post_content&#8221;][et_pb_row column_structure=&#8221;1_4,1_4,1_4,1_4&#8243; _builder_version=&#8221;4.17.6&#8243; _module_preset=&#8221;default&#8221; global_colors_info=&#8221;{}&#8221; theme_builder_area=&#8221;post_content&#8221;][et_pb_column type=&#8221;1_4&#8243; _builder_version=&#8221;4.17.6&#8243; _module_preset=&#8221;default&#8221; global_colors_info=&#8221;{}&#8221; theme_builder_area=&#8221;post_content&#8221;][et_pb_image src=&#8221;https:\/\/www.abak-eclairage.fr\/wp-content\/uploads\/2023\/11\/COLOR-STREAM.png&#8221; title_text=&#8221;COLOR-STREAM&#8221; _builder_version=&#8221;4.24.2&#8243; _module_preset=&#8221;default&#8221; global_colors_info=&#8221;{}&#8221; theme_builder_area=&#8221;post_content&#8221;][\/et_pb_image][\/et_pb_column][et_pb_column type=&#8221;1_4&#8243; _builder_version=&#8221;4.17.6&#8243; _module_preset=&#8221;default&#8221; global_colors_info=&#8221;{}&#8221; theme_builder_area=&#8221;post_content&#8221;][et_pb_image src=&#8221;https:\/\/www.abak-eclairage.fr\/wp-content\/uploads\/2026\/01\/color-amp_nn.png&#8221; title_text=&#8221;color amp_nn&#8221; url=&#8221;@ET-DC@eyJkeW5hbWljIjp0cnVlLCJjb250ZW50IjoicG9zdF9saW5rX3VybF9wYWdlIiwic2V0dGluZ3MiOnsicG9zdF9pZCI6IjQ0ODYifX0=@&#8221; url_new_window=&#8221;on&#8221; align=&#8221;right&#8221; _builder_version=&#8221;4.24.2&#8243; _dynamic_attributes=&#8221;url&#8221; _module_preset=&#8221;default&#8221; transform_scale=&#8221;83%|83%&#8221; module_alignment=&#8221;right&#8221; custom_margin=&#8221;-15px||||false|false&#8221; global_colors_info=&#8221;{}&#8221; theme_builder_area=&#8221;post_content&#8221;][\/et_pb_image][\/et_pb_column][et_pb_column type=&#8221;1_4&#8243; _builder_version=&#8221;4.17.6&#8243; _module_preset=&#8221;default&#8221; global_colors_info=&#8221;{}&#8221; theme_builder_area=&#8221;post_content&#8221;][et_pb_image src=&#8221;https:\/\/www.abak-eclairage.fr\/wp-content\/uploads\/2026\/01\/infinity-logo_gris.png&#8221; title_text=&#8221;infinity logo_gris&#8221; url=&#8221;@ET-DC@eyJkeW5hbWljIjp0cnVlLCJjb250ZW50IjoicG9zdF9saW5rX3VybF9wYWdlIiwic2V0dGluZ3MiOnsicG9zdF9pZCI6IjQ1MDIifX0=@&#8221; url_new_window=&#8221;on&#8221; _builder_version=&#8221;4.24.2&#8243; _dynamic_attributes=&#8221;url&#8221; _module_preset=&#8221;default&#8221; transform_scale=&#8221;80%|80%&#8221; custom_margin=&#8221;-15px||||false|false&#8221; global_colors_info=&#8221;{}&#8221; theme_builder_area=&#8221;post_content&#8221;][\/et_pb_image][\/et_pb_column][et_pb_column type=&#8221;1_4&#8243; _builder_version=&#8221;4.17.6&#8243; _module_preset=&#8221;default&#8221; global_colors_info=&#8221;{}&#8221; theme_builder_area=&#8221;post_content&#8221;][et_pb_button button_url=&#8221;https:\/\/www.abak-eclairage.fr\/wp-content\/uploads\/2026\/02\/FL100IM.pdf&#8221; url_new_window=&#8221;on&#8221; button_text=&#8221;Fichier pour impression&#8221; button_alignment=&#8221;center&#8221; _builder_version=&#8221;4.24.2&#8243; _module_preset=&#8221;default&#8221; custom_button=&#8221;on&#8221; button_text_size=&#8221;15px&#8221; button_text_color=&#8221;#7f0070&#8243; hover_enabled=&#8221;0&#8243; global_colors_info=&#8221;{}&#8221; button_text_color__hover_enabled=&#8221;on|hover&#8221; button_text_color__hover=&#8221;#FFFFFF&#8221; button_bg_color__hover_enabled=&#8221;on|hover&#8221; button_bg_color__hover=&#8221;#7f0070&#8243; button_bg_enable_color__hover=&#8221;on&#8221; theme_builder_area=&#8221;post_content&#8221; sticky_enabled=&#8221;0&#8243;][\/et_pb_button][\/et_pb_column][\/et_pb_row][et_pb_row _builder_version=&#8221;4.17.4&#8243; _module_preset=&#8221;default&#8221; custom_padding=&#8221;3px||0px|||&#8221; global_colors_info=&#8221;{}&#8221; theme_builder_area=&#8221;post_content&#8221;][et_pb_column type=&#8221;4_4&#8243; _builder_version=&#8221;4.16&#8243; _module_preset=&#8221;default&#8221; global_colors_info=&#8221;{}&#8221; theme_builder_area=&#8221;post_content&#8221;][et_pb_text _builder_version=&#8221;4.24.2&#8243; _module_preset=&#8221;default&#8221; text_font=&#8221;|300|||||||&#8221; text_font_size=&#8221;18px&#8221; header_font=&#8221;Rubik||||||||&#8221; header_text_color=&#8221;#777777&#8243; header_font_size=&#8221;35px&#8221; header_line_height=&#8221;1.5em&#8221; header_5_font=&#8221;Rubik|300|||||||&#8221; header_5_text_color=&#8221;#777777&#8243; custom_padding=&#8221;||15px|||&#8221; hover_enabled=&#8221;0&#8243; global_colors_info=&#8221;{}&#8221; theme_builder_area=&#8221;post_content&#8221; sticky_enabled=&#8221;0&#8243;]<\/p>\n<h1 class=\"p1\"><span>FL100-GEN2 <\/span><span>IM<\/span><\/h1>\n<h5><span>PROJECTEUR ARCHITECTURAL LED\u00a0<\/span>RGBW<\/h5>\n<p class=\"p1\">Le FL100-GEN2-IM est le projecteur de deuxi\u00e8me g\u00e9n\u00e9ration de la gamme FL, con\u00e7u pour l\u2019\u00e9clairage g\u00e9n\u00e9ral et ponctuel. Bas\u00e9 sur la plateforme prim\u00e9e COLOR-STREAM\u00ae, il offre des vitesses de communication jusqu\u2019\u00e0 16 fois sup\u00e9rieures \u00e0 celles du DMX, une gradation fluide et des transitions sans rupture. La technologie COLOR-AMP\u00ae de GVA et le m\u00e9lange de lumi\u00e8re int\u00e9gr\u00e9 garantissent une uniformit\u00e9 de couleur exceptionnelle et un flux lumineux jusqu\u2019\u00e0 trois fois sup\u00e9rieur \u00e0 celui des projecteurs multicanaux traditionnels. Le FL100-GEN2-IM offre une flexibilit\u00e9 remarquable pour concr\u00e9tiser vos visions cr\u00e9atives en mati\u00e8re d\u2019\u00e9clairage architectural : \u00e9clairage mural, \u00e9clairage g\u00e9n\u00e9ral et \u00e9clairage ponctuel.<\/p>\n<p>[\/et_pb_text][\/et_pb_column][\/et_pb_row][et_pb_row column_structure=&#8221;1_2,1_2&#8243; _builder_version=&#8221;4.24.2&#8243; _module_preset=&#8221;default&#8221; global_colors_info=&#8221;{}&#8221; theme_builder_area=&#8221;post_content&#8221; custom_padding=&#8221;||0px|||&#8221;][et_pb_column type=&#8221;1_2&#8243; _builder_version=&#8221;4.24.2&#8243; _module_preset=&#8221;default&#8221; global_colors_info=&#8221;{}&#8221; theme_builder_area=&#8221;post_content&#8221;][et_pb_image src=&#8221;https:\/\/www.abak-eclairage.fr\/wp-content\/uploads\/2026\/02\/FL100_IM_1.png&#8221; title_text=&#8221;FL100_IM_1&#8243; _builder_version=&#8221;4.24.2&#8243; _module_preset=&#8221;default&#8221; transform_scale=&#8221;90%|90%&#8221; transform_translate=&#8221;0px|-42px&#8221; hover_enabled=&#8221;0&#8243; global_colors_info=&#8221;{}&#8221; theme_builder_area=&#8221;post_content&#8221; sticky_enabled=&#8221;0&#8243;][\/et_pb_image][\/et_pb_column][et_pb_column type=&#8221;1_2&#8243; _builder_version=&#8221;4.24.2&#8243; _module_preset=&#8221;default&#8221; global_colors_info=&#8221;{}&#8221; theme_builder_area=&#8221;post_content&#8221;][et_pb_image src=&#8221;https:\/\/www.abak-eclairage.fr\/wp-content\/uploads\/2026\/02\/FL100_IM_2-scaled.png&#8221; title_text=&#8221;FL100_IM_2&#8243; _builder_version=&#8221;4.24.2&#8243; _module_preset=&#8221;default&#8221; hover_enabled=&#8221;0&#8243; global_colors_info=&#8221;{}&#8221; theme_builder_area=&#8221;post_content&#8221; sticky_enabled=&#8221;0&#8243;][\/et_pb_image][\/et_pb_column][\/et_pb_row][et_pb_row column_structure=&#8221;1_3,1_3,1_3&#8243; _builder_version=&#8221;4.17.6&#8243; _module_preset=&#8221;default&#8221; custom_padding=&#8221;28px|||||&#8221; global_colors_info=&#8221;{}&#8221; theme_builder_area=&#8221;post_content&#8221;][et_pb_column type=&#8221;1_3&#8243; _builder_version=&#8221;4.17.6&#8243; _module_preset=&#8221;default&#8221; global_colors_info=&#8221;{}&#8221; theme_builder_area=&#8221;post_content&#8221;][\/et_pb_column][et_pb_column type=&#8221;1_3&#8243; _builder_version=&#8221;4.17.6&#8243; _module_preset=&#8221;default&#8221; global_colors_info=&#8221;{}&#8221; theme_builder_area=&#8221;post_content&#8221;][et_pb_image src=&#8221;https:\/\/www.abak-eclairage.fr\/wp-content\/uploads\/2024\/02\/FL100_GEN2_OM_certf.png&#8221; title_text=&#8221;FL100_GEN2_OM_certf&#8221; align=&#8221;center&#8221; _builder_version=&#8221;4.24.1&#8243; _module_preset=&#8221;default&#8221; transform_scale=&#8221;110%|110%&#8221; width=&#8221;90%&#8221; module_alignment=&#8221;center&#8221; global_colors_info=&#8221;{}&#8221; theme_builder_area=&#8221;post_content&#8221;][\/et_pb_image][\/et_pb_column][et_pb_column type=&#8221;1_3&#8243; _builder_version=&#8221;4.17.6&#8243; _module_preset=&#8221;default&#8221; global_colors_info=&#8221;{}&#8221; theme_builder_area=&#8221;post_content&#8221;][\/et_pb_column][\/et_pb_row][et_pb_row _builder_version=&#8221;4.17.6&#8243; _module_preset=&#8221;default&#8221; custom_padding=&#8221;1px|||||&#8221; global_colors_info=&#8221;{}&#8221; theme_builder_area=&#8221;post_content&#8221;][et_pb_column type=&#8221;4_4&#8243; _builder_version=&#8221;4.17.6&#8243; _module_preset=&#8221;default&#8221; global_colors_info=&#8221;{}&#8221; theme_builder_area=&#8221;post_content&#8221;][et_pb_divider divider_weight=&#8221;1px&#8221; _builder_version=&#8221;4.17.6&#8243; _module_preset=&#8221;default&#8221; custom_margin=&#8221;||-20px||false|false&#8221; filter_opacity=&#8221;30%&#8221; global_colors_info=&#8221;{}&#8221; theme_builder_area=&#8221;post_content&#8221;][\/et_pb_divider][\/et_pb_column][\/et_pb_row][et_pb_row column_structure=&#8221;1_2,1_2&#8243; _builder_version=&#8221;4.16&#8243; _module_preset=&#8221;default&#8221; custom_padding=&#8221;0px||0px|||&#8221; global_colors_info=&#8221;{}&#8221; theme_builder_area=&#8221;post_content&#8221;][et_pb_column type=&#8221;1_2&#8243; _builder_version=&#8221;4.16&#8243; _module_preset=&#8221;default&#8221; global_colors_info=&#8221;{}&#8221; theme_builder_area=&#8221;post_content&#8221;][et_pb_text _builder_version=&#8221;4.17.6&#8243; _module_preset=&#8221;default&#8221; text_font_size=&#8221;18px&#8221; header_3_font_size=&#8221;32px&#8221; header_4_font=&#8221;Rubik|300|||||||&#8221; header_4_font_size=&#8221;25px&#8221; custom_margin=&#8221;||9px|||&#8221; global_colors_info=&#8221;{}&#8221; theme_builder_area=&#8221;post_content&#8221;]<\/p>\n<h4 class=\"p1\">PRINCIPALES CARACT\u00c9RISTIQUES<\/h4>\n<p>[\/et_pb_text][et_pb_text _builder_version=&#8221;4.24.2&#8243; _module_preset=&#8221;default&#8221; text_font=&#8221;|300|||||||&#8221; text_font_size=&#8221;17px&#8221; hover_enabled=&#8221;0&#8243; global_colors_info=&#8221;{}&#8221; theme_builder_area=&#8221;post_content&#8221; sticky_enabled=&#8221;0&#8243;]<\/p>\n<ul>\n<li class=\"p1\"><span class=\"s1\">Uniformit\u00e9 de couleur sup\u00e9rieure gr\u00e2ce \u00e0 18 LED quad-chip et au m\u00e9lange de lumi\u00e8re optique.<\/span><\/li>\n<li class=\"p1\"><span class=\"s1\">Flux lumineux jusqu\u2019\u00e0 4\u00a0020 lumens par canal gr\u00e2ce \u00e0 la technologie COLOR-AMP\u00ae.<\/span><\/li>\n<li class=\"p1\"><span class=\"s1\">Angles de faisceau \u00e9troits jusqu\u2019\u00e0 10\u00b0.<\/span><\/li>\n<li class=\"p1\"><span class=\"s1\">La plateforme COLOR-STREAM\u00ae offre une communication haut d\u00e9bit (6,25 Mbit\/s), une fr\u00e9quence de rafra\u00eechissement jusqu\u2019\u00e0 120 images par seconde et une r\u00e9solution de gradation 12 bits.<\/span><\/li>\n<li class=\"p1\"><span class=\"s1\">Possibilit\u00e9 de connecter jusqu\u2019\u00e0 39 luminaires FL100-GEN2 en continu gr\u00e2ce \u00e0 la technologie INFINITY\u00ae de GVA.<\/span><\/li>\n<li class=\"p1\"><span class=\"s1\">C\u00e2bles de connexion et de d\u00e9marrage jusqu\u2019\u00e0 100 m\u00e8tres.<\/span><\/li>\n<li class=\"p1\"><span class=\"s1\">C\u00e2blage d\u2019alimentation et de donn\u00e9es via connecteurs \u00e9tanches \u00e0 verrouillage rapide.<\/span><\/li>\n<li class=\"p1\"><span class=\"s1\">Temp\u00e9ratures de fonctionnement\u00a0: -40\u00a0\u00b0C \u00e0 +50\u00a0\u00b0C.<\/span><\/li>\n<li class=\"p1\"><span class=\"s1\">Protection thermique progressive int\u00e9gr\u00e9e.<\/span><\/li>\n<li class=\"p1\"><span class=\"s1\">Conforme \u00e0 la norme de vibrations ANSI C136.31-2018 pour les ponts et viaducs.<\/span><\/li>\n<li class=\"p1\"><span class=\"s1\">Dimensions compactes\u00a0: 277\u00a0mm x 305\u00a0mm x 94 mm<\/span><\/li>\n<li class=\"p1\"><span class=\"s1\">L\u00e9ger\u00a0: 7 kg<\/span><\/li>\n<li class=\"p1\"><span class=\"s1\">Rev\u00eatement en poudre haute r\u00e9sistance aux intemp\u00e9ries conforme \u00e0 la norme AAMA 2604<\/span><\/li>\n<li class=\"p1\"><span class=\"s1\">Garantie limit\u00e9e de 5 ans<\/span><\/li>\n<li class=\"p1\"><span class=\"s1\">IP66<\/span><\/li>\n<\/ul>\n<p>[\/et_pb_text][\/et_pb_column][et_pb_column type=&#8221;1_2&#8243; _builder_version=&#8221;4.17.4&#8243; _module_preset=&#8221;default&#8221; global_colors_info=&#8221;{}&#8221; theme_builder_area=&#8221;post_content&#8221;][et_pb_text _builder_version=&#8221;4.17.6&#8243; _module_preset=&#8221;default&#8221; text_font_size=&#8221;18px&#8221; header_3_font_size=&#8221;32px&#8221; header_4_font=&#8221;Rubik|300|||||||&#8221; header_4_font_size=&#8221;25px&#8221; custom_margin=&#8221;||7px|||&#8221; global_colors_info=&#8221;{}&#8221; theme_builder_area=&#8221;post_content&#8221;]<\/p>\n<h4 class=\"p1\">COULEURS LED<\/h4>\n<p>[\/et_pb_text][et_pb_image src=&#8221;https:\/\/www.abak-eclairage.fr\/wp-content\/uploads\/2025\/06\/Capture-de\u0301cran-2025-06-30-a\u0300-14.42.58.png&#8221; title_text=&#8221;Capture d\u2019e\u0301cran 2025-06-30 a\u0300 14.42.58&#8243; _builder_version=&#8221;4.24.2&#8243; _module_preset=&#8221;default&#8221; width=&#8221;80%&#8221; global_colors_info=&#8221;{}&#8221; theme_builder_area=&#8221;post_content&#8221;][\/et_pb_image][\/et_pb_column][\/et_pb_row][et_pb_row _builder_version=&#8221;4.17.6&#8243; _module_preset=&#8221;default&#8221; custom_padding=&#8221;1px|||||&#8221; global_colors_info=&#8221;{}&#8221; theme_builder_area=&#8221;post_content&#8221;][et_pb_column type=&#8221;4_4&#8243; _builder_version=&#8221;4.17.6&#8243; _module_preset=&#8221;default&#8221; global_colors_info=&#8221;{}&#8221; theme_builder_area=&#8221;post_content&#8221;][et_pb_divider divider_weight=&#8221;1px&#8221; _builder_version=&#8221;4.17.6&#8243; _module_preset=&#8221;default&#8221; custom_margin=&#8221;||-20px||false|false&#8221; filter_opacity=&#8221;30%&#8221; global_colors_info=&#8221;{}&#8221; theme_builder_area=&#8221;post_content&#8221;][\/et_pb_divider][\/et_pb_column][\/et_pb_row][et_pb_row column_structure=&#8221;1_2,1_2&#8243; _builder_version=&#8221;4.16&#8243; _module_preset=&#8221;default&#8221; custom_padding=&#8221;0px|||||&#8221; global_colors_info=&#8221;{}&#8221; theme_builder_area=&#8221;post_content&#8221;][et_pb_column type=&#8221;1_2&#8243; _builder_version=&#8221;4.16&#8243; _module_preset=&#8221;default&#8221; global_colors_info=&#8221;{}&#8221; theme_builder_area=&#8221;post_content&#8221;][et_pb_text _builder_version=&#8221;4.17.6&#8243; _module_preset=&#8221;default&#8221; text_font_size=&#8221;18px&#8221; header_3_font_size=&#8221;32px&#8221; header_4_font=&#8221;Rubik|300|||||||&#8221; header_4_font_size=&#8221;25px&#8221; custom_margin=&#8221;||7px|||&#8221; global_colors_info=&#8221;{}&#8221; theme_builder_area=&#8221;post_content&#8221;]<\/p>\n<h4 class=\"p1\">SP\u00c9CIFICATIONS<\/h4>\n<p>[\/et_pb_text][et_pb_text _builder_version=&#8221;4.24.2&#8243; _module_preset=&#8221;default&#8221; text_font=&#8221;|300|||||||&#8221; text_font_size=&#8221;16px&#8221; text_line_height=&#8221;1.8em&#8221; hover_enabled=&#8221;0&#8243; global_colors_info=&#8221;{}&#8221; theme_builder_area=&#8221;post_content&#8221; sticky_enabled=&#8221;0&#8243;]<\/p>\n<p><strong>LUMENS D\u00c9LIVR\u00c9S :<\/strong> <span>4,020<\/span> lm<br \/><strong>SOURCE LUMINEUSE\u00a0:<\/strong> 18 quadchips LEDs<br \/><strong>PUISSANCE\u00a0:<\/strong> 100 ~ 120 W<br \/><strong>TENSION D&#8217;ENTR\u00c9E :<\/strong> <span>INF (380 V DC) or AC (120 V AC, 208 V AC, 230 V AC, 240 V AC, and 277 V AC) input<\/span><br \/><strong>TAILLE :<\/strong> <span>277 mm x 305 mm x 94 mm<\/span><br \/><strong>POIDS :<\/strong> 7 kg<br \/><strong>CONTR\u00d4LE\u00a0:<\/strong> Art-Net 4, sACN, DMX-512A, contr\u00f4le DALI \/ DALI 2 via GVA Power-Data Equipment (PDC-G5)<br \/><strong>DUR\u00c9E DE VIE :<\/strong> <span>L70 B50: 115,000hrs @ Ta 25\u00b0C<\/span><br \/><strong>TEMP\u00c9RATURE DE FONCTIONNEMENT :<\/strong> -40\u00b0C \u00e0 +50\u00b0C<br \/><strong>ENVIRONNEMENT\u00a0:<\/strong> endroits secs, humides ou mouill\u00e9s, 0 \u00e0 100\u00a0% d&#8217;humidit\u00e9<br \/><strong>CLASSE CEI :<\/strong> <span>AC\/INF \u2013 Classe I<\/span><\/p>\n<p>[\/et_pb_text][\/et_pb_column][et_pb_column type=&#8221;1_2&#8243; _builder_version=&#8221;4.17.4&#8243; _module_preset=&#8221;default&#8221; global_colors_info=&#8221;{}&#8221; theme_builder_area=&#8221;post_content&#8221;][et_pb_text _builder_version=&#8221;4.17.6&#8243; _module_preset=&#8221;default&#8221; text_font_size=&#8221;18px&#8221; header_3_font_size=&#8221;32px&#8221; header_4_font=&#8221;Rubik|300|||||||&#8221; header_4_font_size=&#8221;25px&#8221; custom_margin=&#8221;||8px|||&#8221; global_colors_info=&#8221;{}&#8221; theme_builder_area=&#8221;post_content&#8221;]<\/p>\n<h4 class=\"p1\">FINITION<\/h4>\n<p>[\/et_pb_text][et_pb_text _builder_version=&#8221;4.24.2&#8243; _module_preset=&#8221;default&#8221; text_font=&#8221;|300|||||||&#8221; text_font_size=&#8221;17px&#8221; global_colors_info=&#8221;{}&#8221; theme_builder_area=&#8221;post_content&#8221;]<\/p>\n<p>Rev\u00eatement en poudre conforme \u00e0 la norme ASTM B117 de qualit\u00e9 marine 3000h.<\/p>\n<p>Couleurs personnalis\u00e9es disponibles sur demande.<\/p>\n<p>[\/et_pb_text][et_pb_image src=&#8221;https:\/\/www.abak-eclairage.fr\/wp-content\/uploads\/2023\/12\/finition.png&#8221; title_text=&#8221;finition&#8221; _builder_version=&#8221;4.23.1&#8243; _module_preset=&#8221;default&#8221; width=&#8221;90%&#8221; global_colors_info=&#8221;{}&#8221; theme_builder_area=&#8221;post_content&#8221;][\/et_pb_image][\/et_pb_column][\/et_pb_row][et_pb_row _builder_version=&#8221;4.17.6&#8243; _module_preset=&#8221;default&#8221; custom_padding=&#8221;2px|||||&#8221; global_colors_info=&#8221;{}&#8221; theme_builder_area=&#8221;post_content&#8221;][et_pb_column type=&#8221;4_4&#8243; _builder_version=&#8221;4.17.6&#8243; _module_preset=&#8221;default&#8221; global_colors_info=&#8221;{}&#8221; theme_builder_area=&#8221;post_content&#8221;][et_pb_divider divider_weight=&#8221;1px&#8221; _builder_version=&#8221;4.17.6&#8243; _module_preset=&#8221;default&#8221; custom_margin=&#8221;||-20px||false|false&#8221; filter_opacity=&#8221;30%&#8221; global_colors_info=&#8221;{}&#8221; theme_builder_area=&#8221;post_content&#8221;][\/et_pb_divider][\/et_pb_column][\/et_pb_row][et_pb_row column_structure=&#8221;1_2,1_2&#8243; _builder_version=&#8221;4.16&#8243; _module_preset=&#8221;default&#8221; custom_padding=&#8221;0px||2px|||&#8221; global_colors_info=&#8221;{}&#8221; theme_builder_area=&#8221;post_content&#8221;][et_pb_column type=&#8221;1_2&#8243; _builder_version=&#8221;4.16&#8243; _module_preset=&#8221;default&#8221; global_colors_info=&#8221;{}&#8221; theme_builder_area=&#8221;post_content&#8221;][et_pb_text _builder_version=&#8221;4.17.6&#8243; _module_preset=&#8221;default&#8221; text_font_size=&#8221;18px&#8221; header_3_font_size=&#8221;32px&#8221; header_4_font=&#8221;Rubik|300|||||||&#8221; header_4_font_size=&#8221;25px&#8221; custom_margin=&#8221;||1px|||&#8221; global_colors_info=&#8221;{}&#8221; theme_builder_area=&#8221;post_content&#8221;]<\/p>\n<h4 class=\"p1\">ACCESOIRES<\/h4>\n<p>[\/et_pb_text][et_pb_image src=&#8221;https:\/\/www.abak-eclairage.fr\/wp-content\/uploads\/2024\/02\/FL100_GEN2_OM_5a.png&#8221; title_text=&#8221;FL100_GEN2_OM_5a&#8221; _builder_version=&#8221;4.24.1&#8243; _module_preset=&#8221;default&#8221; global_colors_info=&#8221;{}&#8221; theme_builder_area=&#8221;post_content&#8221;][\/et_pb_image][\/et_pb_column][et_pb_column type=&#8221;1_2&#8243; _builder_version=&#8221;4.17.4&#8243; _module_preset=&#8221;default&#8221; global_colors_info=&#8221;{}&#8221; theme_builder_area=&#8221;post_content&#8221;][et_pb_text _builder_version=&#8221;4.23.1&#8243; _module_preset=&#8221;default&#8221; text_font_size=&#8221;18px&#8221; header_3_font_size=&#8221;32px&#8221; header_4_font=&#8221;Rubik|300|||||||&#8221; header_4_font_size=&#8221;25px&#8221; custom_margin=&#8221;||1px|||&#8221; global_colors_info=&#8221;{}&#8221; theme_builder_area=&#8221;post_content&#8221;]<\/p>\n<h4 class=\"p1\">ANGLES D&#8217;OUVERTURE<\/h4>\n<p>[\/et_pb_text][et_pb_image src=&#8221;https:\/\/www.abak-eclairage.fr\/wp-content\/uploads\/2025\/06\/Capture-de\u0301cran-2025-06-30-a\u0300-19.24.50-1.png&#8221; title_text=&#8221;Capture d\u2019e\u0301cran 2025-06-30 a\u0300 19.24.50&#8243; _builder_version=&#8221;4.24.2&#8243; _module_preset=&#8221;default&#8221; global_colors_info=&#8221;{}&#8221; theme_builder_area=&#8221;post_content&#8221;][\/et_pb_image][\/et_pb_column][\/et_pb_row][et_pb_row column_structure=&#8221;1_4,1_4,1_4,1_4&#8243; _builder_version=&#8221;4.17.4&#8243; _module_preset=&#8221;default&#8221; global_colors_info=&#8221;{}&#8221; theme_builder_area=&#8221;post_content&#8221;][et_pb_column type=&#8221;1_4&#8243; _builder_version=&#8221;4.17.4&#8243; _module_preset=&#8221;default&#8221; global_colors_info=&#8221;{}&#8221; theme_builder_area=&#8221;post_content&#8221;][et_pb_button button_url=&#8221;https:\/\/www.abak-eclairage.fr\/wp-content\/uploads\/2026\/02\/FL100IM.pdf&#8221; url_new_window=&#8221;on&#8221; button_text=&#8221;PDF&#8221; button_alignment=&#8221;right&#8221; _builder_version=&#8221;4.24.2&#8243; _module_preset=&#8221;default&#8221; custom_button=&#8221;on&#8221; button_text_size=&#8221;16px&#8221; button_text_color=&#8221;#7f0070&#8243; hover_enabled=&#8221;0&#8243; global_colors_info=&#8221;{}&#8221; theme_builder_area=&#8221;post_content&#8221; sticky_enabled=&#8221;0&#8243;][\/et_pb_button][\/et_pb_column][et_pb_column type=&#8221;1_4&#8243; _builder_version=&#8221;4.17.4&#8243; _module_preset=&#8221;default&#8221; global_colors_info=&#8221;{}&#8221; theme_builder_area=&#8221;post_content&#8221;][et_pb_button button_url=&#8221;https:\/\/gvalighting.com\/media\/SP-FL100-GEN2-COLOR-CHANGING-IM.pdf&#8221; url_new_window=&#8221;on&#8221; button_text=&#8221;Fiche technique&#8221; button_alignment=&#8221;center&#8221; _builder_version=&#8221;4.24.2&#8243; _module_preset=&#8221;default&#8221; custom_button=&#8221;on&#8221; button_text_size=&#8221;16px&#8221; button_text_color=&#8221;#7f0070&#8243; hover_enabled=&#8221;0&#8243; global_colors_info=&#8221;{}&#8221; theme_builder_area=&#8221;post_content&#8221; sticky_enabled=&#8221;0&#8243;][\/et_pb_button][\/et_pb_column][et_pb_column type=&#8221;1_4&#8243; _builder_version=&#8221;4.17.4&#8243; _module_preset=&#8221;default&#8221; global_colors_info=&#8221;{}&#8221; theme_builder_area=&#8221;post_content&#8221;][\/et_pb_column][et_pb_column type=&#8221;1_4&#8243; _builder_version=&#8221;4.17.4&#8243; _module_preset=&#8221;default&#8221; global_colors_info=&#8221;{}&#8221; theme_builder_area=&#8221;post_content&#8221;][\/et_pb_column][\/et_pb_row][\/et_pb_section]<\/p>\n","protected":false},"excerpt":{"rendered":"<p>FL100-GEN2 IM PROJECTEUR ARCHITECTURAL LED\u00a0RGBW Le FL100-GEN2-IM est le projecteur de deuxi\u00e8me g\u00e9n\u00e9ration de la gamme FL, con\u00e7u pour l\u2019\u00e9clairage g\u00e9n\u00e9ral et ponctuel. Bas\u00e9 sur la plateforme prim\u00e9e COLOR-STREAM\u00ae, il offre des vitesses de communication jusqu\u2019\u00e0 16 fois sup\u00e9rieures \u00e0 celles du DMX, une gradation fluide et des transitions sans rupture. La technologie COLOR-AMP\u00ae de [&hellip;]<\/p>\n","protected":false},"author":1,"featured_media":0,"parent":0,"menu_order":0,"comment_status":"closed","ping_status":"closed","template":"","meta":{"_et_pb_use_builder":"on","_et_pb_old_content":"","_et_gb_content_width":"","footnotes":""},"class_list":["post-6144","page","type-page","status-publish","hentry"],"_links":{"self":[{"href":"https:\/\/www.abak-eclairage.fr\/index.php\/wp-json\/wp\/v2\/pages\/6144","targetHints":{"allow":["GET"]}}],"collection":[{"href":"https:\/\/www.abak-eclairage.fr\/index.php\/wp-json\/wp\/v2\/pages"}],"about":[{"href":"https:\/\/www.abak-eclairage.fr\/index.php\/wp-json\/wp\/v2\/types\/page"}],"author":[{"embeddable":true,"href":"https:\/\/www.abak-eclairage.fr\/index.php\/wp-json\/wp\/v2\/users\/1"}],"replies":[{"embeddable":true,"href":"https:\/\/www.abak-eclairage.fr\/index.php\/wp-json\/wp\/v2\/comments?post=6144"}],"version-history":[{"count":5,"href":"https:\/\/www.abak-eclairage.fr\/index.php\/wp-json\/wp\/v2\/pages\/6144\/revisions"}],"predecessor-version":[{"id":6155,"href":"https:\/\/www.abak-eclairage.fr\/index.php\/wp-json\/wp\/v2\/pages\/6144\/revisions\/6155"}],"wp:attachment":[{"href":"https:\/\/www.abak-eclairage.fr\/index.php\/wp-json\/wp\/v2\/media?parent=6144"}],"curies":[{"name":"wp","href":"https:\/\/api.w.org\/{rel}","templated":true}]}}