{"id":572,"date":"2021-03-15T14:30:40","date_gmt":"2021-03-15T14:30:40","guid":{"rendered":"https:\/\/www.abak-eclairage.fr\/?page_id=572"},"modified":"2021-03-15T14:34:28","modified_gmt":"2021-03-15T14:34:28","slug":"jean-mace","status":"publish","type":"page","link":"https:\/\/www.abak-eclairage.fr\/index.php\/jean-mace\/","title":{"rendered":"Jean Mace"},"content":{"rendered":"<p>[et_pb_section fb_built=&#8221;1&#8243; _builder_version=&#8221;4.9.2&#8243; _module_preset=&#8221;default&#8221; custom_padding=&#8221;30px|||||&#8221;][et_pb_row _builder_version=&#8221;4.9.2&#8243; _module_preset=&#8221;default&#8221;][et_pb_column type=&#8221;4_4&#8243; _builder_version=&#8221;4.9.2&#8243; _module_preset=&#8221;default&#8221;][et_pb_image src=&#8221;https:\/\/www.abak-eclairage.fr\/wp-content\/uploads\/2021\/03\/2020_Parvis-Gare-Jean-Mace_Lyon-7-\u00a9-Michel-Djaoui_020.jpg&#8221; title_text=&#8221;2020_Parvis Gare Jean Mace_Lyon 7 \u00a9 Michel Djaoui_020&#8243; _builder_version=&#8221;4.9.2&#8243; _module_preset=&#8221;default&#8221; min_height=&#8221;480.3px&#8221; animation_style=&#8221;slide&#8221; animation_direction=&#8221;bottom&#8221; animation_intensity_slide=&#8221;10%&#8221; hover_enabled=&#8221;0&#8243; sticky_enabled=&#8221;0&#8243;][\/et_pb_image][\/et_pb_column][\/et_pb_row][et_pb_row column_structure=&#8221;1_3,2_3&#8243; _builder_version=&#8221;4.9.2&#8243; _module_preset=&#8221;default&#8221;][et_pb_column type=&#8221;1_3&#8243; _builder_version=&#8221;4.9.2&#8243; _module_preset=&#8221;default&#8221;][et_pb_image src=&#8221;https:\/\/www.abak-eclairage.fr\/wp-content\/uploads\/2021\/03\/2020_Parvis-Gare-Jean-Mace_Lyon-7-\u00a9-Michel-Djaoui_066.jpg&#8221; title_text=&#8221;2020_Parvis Gare Jean Mace_Lyon 7 \u00a9 Michel Djaoui_066&#8243; _builder_version=&#8221;4.9.2&#8243; _module_preset=&#8221;default&#8221; animation_style=&#8221;slide&#8221; animation_direction=&#8221;bottom&#8221; animation_intensity_slide=&#8221;10%&#8221; hover_enabled=&#8221;0&#8243; sticky_enabled=&#8221;0&#8243;][\/et_pb_image][\/et_pb_column][et_pb_column type=&#8221;2_3&#8243; _builder_version=&#8221;4.9.2&#8243; _module_preset=&#8221;default&#8221;][et_pb_image src=&#8221;https:\/\/www.abak-eclairage.fr\/wp-content\/uploads\/2021\/03\/2020_Parvis-Gare-Jean-Mace_Lyon-7-\u00a9-Michel-Djaoui_039.jpg&#8221; title_text=&#8221;2020_Parvis Gare Jean Mace_Lyon 7 \u00a9 Michel Djaoui_039&#8243; _builder_version=&#8221;4.9.2&#8243; _module_preset=&#8221;default&#8221; animation_style=&#8221;slide&#8221; animation_direction=&#8221;bottom&#8221; animation_intensity_slide=&#8221;10%&#8221; hover_enabled=&#8221;0&#8243; sticky_enabled=&#8221;0&#8243; width=&#8221;100%&#8221; custom_padding=&#8221;|||0px||&#8221; min_height=&#8221;480.8px&#8221;][\/et_pb_image][\/et_pb_column][\/et_pb_row][et_pb_row _builder_version=&#8221;4.9.2&#8243; _module_preset=&#8221;default&#8221;][et_pb_column type=&#8221;4_4&#8243; _builder_version=&#8221;4.9.2&#8243; _module_preset=&#8221;default&#8221;][et_pb_image src=&#8221;https:\/\/www.abak-eclairage.fr\/wp-content\/uploads\/2021\/03\/2020_Parvis-Gare-Jean-Mace_Lyon-7-\u00a9-Michel-Djaoui_003.jpg&#8221; title_text=&#8221;2020_Parvis Gare Jean Mace_Lyon 7 \u00a9 Michel Djaoui_003&#8243; _builder_version=&#8221;4.9.2&#8243; _module_preset=&#8221;default&#8221; min_height=&#8221;480.3px&#8221; animation_style=&#8221;slide&#8221; animation_direction=&#8221;bottom&#8221; animation_intensity_slide=&#8221;10%&#8221; hover_enabled=&#8221;0&#8243; sticky_enabled=&#8221;0&#8243;][\/et_pb_image][\/et_pb_column][\/et_pb_row][et_pb_row column_structure=&#8221;1_2,1_2&#8243; _builder_version=&#8221;4.9.2&#8243; _module_preset=&#8221;default&#8221;][et_pb_column type=&#8221;1_2&#8243; _builder_version=&#8221;4.9.2&#8243; _module_preset=&#8221;default&#8221;][et_pb_image src=&#8221;https:\/\/www.abak-eclairage.fr\/wp-content\/uploads\/2021\/03\/2020_Parvis-Gare-Jean-Mace_Lyon-7-\u00a9-Michel-Djaoui_094.jpg&#8221; title_text=&#8221;2020_Parvis Gare Jean Mace_Lyon 7 \u00a9 Michel Djaoui_094&#8243; _builder_version=&#8221;4.9.2&#8243; _module_preset=&#8221;default&#8221; animation_style=&#8221;slide&#8221; animation_direction=&#8221;bottom&#8221; animation_intensity_slide=&#8221;10%&#8221; hover_enabled=&#8221;0&#8243; sticky_enabled=&#8221;0&#8243;][\/et_pb_image][\/et_pb_column][et_pb_column type=&#8221;1_2&#8243; _builder_version=&#8221;4.9.2&#8243; _module_preset=&#8221;default&#8221;][et_pb_image src=&#8221;https:\/\/www.abak-eclairage.fr\/wp-content\/uploads\/2021\/03\/2020_Parvis-Gare-Jean-Mace_Lyon-7-\u00a9-Michel-Djaoui_042.jpg&#8221; title_text=&#8221;2020_Parvis Gare Jean Mace_Lyon 7 \u00a9 Michel Djaoui_042&#8243; _builder_version=&#8221;4.9.2&#8243; _module_preset=&#8221;default&#8221; animation_style=&#8221;slide&#8221; animation_direction=&#8221;bottom&#8221; animation_intensity_slide=&#8221;10%&#8221; hover_enabled=&#8221;0&#8243; sticky_enabled=&#8221;0&#8243;][\/et_pb_image][\/et_pb_column][\/et_pb_row][et_pb_row _builder_version=&#8221;4.9.2&#8243; _module_preset=&#8221;default&#8221;][et_pb_column type=&#8221;4_4&#8243; _builder_version=&#8221;4.9.2&#8243; _module_preset=&#8221;default&#8221;][et_pb_image src=&#8221;https:\/\/www.abak-eclairage.fr\/wp-content\/uploads\/2021\/03\/2020_Parvis-Gare-Jean-Mace_Lyon-7-\u00a9-Michel-Djaoui_019.jpg&#8221; title_text=&#8221;2020_Parvis Gare Jean Mace_Lyon 7 \u00a9 Michel Djaoui_019&#8243; _builder_version=&#8221;4.9.2&#8243; _module_preset=&#8221;default&#8221; animation_style=&#8221;slide&#8221; animation_direction=&#8221;bottom&#8221; animation_intensity_slide=&#8221;10%&#8221; hover_enabled=&#8221;0&#8243; sticky_enabled=&#8221;0&#8243;][\/et_pb_image][\/et_pb_column][\/et_pb_row][et_pb_row _builder_version=&#8221;4.9.2&#8243; _module_preset=&#8221;default&#8221;][et_pb_column type=&#8221;4_4&#8243; _builder_version=&#8221;4.9.2&#8243; _module_preset=&#8221;default&#8221;][et_pb_text _builder_version=&#8221;4.9.2&#8243; _module_preset=&#8221;default&#8221; text_line_height=&#8221;1em&#8221; hover_enabled=&#8221;0&#8243; sticky_enabled=&#8221;0&#8243;]<\/p>\n<h4>Gare Jean Mac\u00e9<\/h4>\n<h5>Lyon<\/h5>\n<p>&nbsp;<\/p>\n<p>Client : DEU Lyon<\/p>\n<p>Concepteur : DEU Lyon<\/p>\n<p>Photographe : Michel Djaoui<\/p>\n<p>Type de r\u00e9alisation : Eclairage urbain<\/p>\n<p>Type de b\u00e2timent : Parcs &amp; jardins<\/p>\n<p>&nbsp;<\/p>\n<p><strong>PRODUIT : <\/strong>Monospot 3<\/p>\n<p>[\/et_pb_text][\/et_pb_column][\/et_pb_row][\/et_pb_section]<\/p>\n","protected":false},"excerpt":{"rendered":"<p>Gare Jean Mac\u00e9 Lyon &nbsp; Client : DEU Lyon Concepteur : DEU Lyon Photographe : Michel Djaoui Type de r\u00e9alisation : Eclairage urbain Type de b\u00e2timent : Parcs &amp; jardins &nbsp; PRODUIT : Monospot 3<\/p>\n","protected":false},"author":1,"featured_media":0,"parent":0,"menu_order":0,"comment_status":"closed","ping_status":"closed","template":"","meta":{"_et_pb_use_builder":"on","_et_pb_old_content":"","_et_gb_content_width":"","footnotes":""},"class_list":["post-572","page","type-page","status-publish","hentry"],"_links":{"self":[{"href":"https:\/\/www.abak-eclairage.fr\/index.php\/wp-json\/wp\/v2\/pages\/572","targetHints":{"allow":["GET"]}}],"collection":[{"href":"https:\/\/www.abak-eclairage.fr\/index.php\/wp-json\/wp\/v2\/pages"}],"about":[{"href":"https:\/\/www.abak-eclairage.fr\/index.php\/wp-json\/wp\/v2\/types\/page"}],"author":[{"embeddable":true,"href":"https:\/\/www.abak-eclairage.fr\/index.php\/wp-json\/wp\/v2\/users\/1"}],"replies":[{"embeddable":true,"href":"https:\/\/www.abak-eclairage.fr\/index.php\/wp-json\/wp\/v2\/comments?post=572"}],"version-history":[{"count":3,"href":"https:\/\/www.abak-eclairage.fr\/index.php\/wp-json\/wp\/v2\/pages\/572\/revisions"}],"predecessor-version":[{"id":592,"href":"https:\/\/www.abak-eclairage.fr\/index.php\/wp-json\/wp\/v2\/pages\/572\/revisions\/592"}],"wp:attachment":[{"href":"https:\/\/www.abak-eclairage.fr\/index.php\/wp-json\/wp\/v2\/media?parent=572"}],"curies":[{"name":"wp","href":"https:\/\/api.w.org\/{rel}","templated":true}]}}