{"id":4502,"date":"2023-10-02T08:03:58","date_gmt":"2023-10-02T08:03:58","guid":{"rendered":"https:\/\/www.abak-eclairage.fr\/?page_id=4502"},"modified":"2026-02-03T09:49:26","modified_gmt":"2026-02-03T09:49:26","slug":"infinity","status":"publish","type":"page","link":"https:\/\/www.abak-eclairage.fr\/index.php\/infinity\/","title":{"rendered":"Infinity"},"content":{"rendered":"<p>[et_pb_section fb_built=&#8221;1&#8243; _builder_version=&#8221;4.16&#8243; _module_preset=&#8221;default&#8221; custom_padding=&#8221;40px||2px|||&#8221; global_colors_info=&#8221;{}&#8221;][et_pb_row _builder_version=&#8221;4.17.4&#8243; _module_preset=&#8221;default&#8221; custom_padding=&#8221;||24px|||&#8221; global_colors_info=&#8221;{}&#8221;][et_pb_column type=&#8221;4_4&#8243; _builder_version=&#8221;4.16&#8243; _module_preset=&#8221;default&#8221; global_colors_info=&#8221;{}&#8221;][et_pb_text _builder_version=&#8221;4.22.2&#8243; _module_preset=&#8221;default&#8221; text_font=&#8221;Rubik|300|||||||&#8221; text_font_size=&#8221;18px&#8221; header_font=&#8221;Rubik||||||||&#8221; header_text_color=&#8221;#777777&#8243; header_font_size=&#8221;35px&#8221; header_5_font=&#8221;Rubik|300|||||||&#8221; header_5_text_color=&#8221;#777777&#8243; global_colors_info=&#8221;{}&#8221;]<\/p>\n<h1 class=\"p1\"><span>TECHNOLOGIE INFINITY\u00ae<\/span><span><\/span><\/h1>\n<h5>Pour des lignes continues de luminaires jusqu&#8217;\u00e0 750 m\u00e8tres, avec un sol d\u00e9part &#8230;<\/h5>\n<p>[\/et_pb_text][\/et_pb_column][\/et_pb_row][et_pb_row column_structure=&#8221;1_2,1_2&#8243; _builder_version=&#8221;4.22.2&#8243; _module_preset=&#8221;default&#8221; global_colors_info=&#8221;{}&#8221;][et_pb_column type=&#8221;1_2&#8243; _builder_version=&#8221;4.17.6&#8243; _module_preset=&#8221;default&#8221; global_colors_info=&#8221;{}&#8221;][et_pb_text _builder_version=&#8221;4.24.2&#8243; _module_preset=&#8221;default&#8221; text_font=&#8221;|300|||||||&#8221; text_font_size=&#8221;17px&#8221; header_font=&#8221;Open Sans||||||||&#8221; text_orientation=&#8221;justified&#8221; hover_enabled=&#8221;0&#8243; global_colors_info=&#8221;{}&#8221; sticky_enabled=&#8221;0&#8243;]<\/p>\n<div class=\"page\" title=\"Page 9\">\n<div class=\"layoutArea\">\n<div class=\"column\">\n<div class=\"page\" title=\"Page 10\">\n<div class=\"layoutArea\">\n<div class=\"column\">\n<p><span style=\"font-size: 17px;\">INFINITY\u00ae <\/span><span style=\"font-size: 17px;\">est un syste\u0300me d\u2019alimentation extre\u0302mement performant permettant la mise en place et la gestion de lignes de luminaires pouvant aller jusqu\u2019a\u0300 450 me\u0300tres en RGBW et 750 me\u0300tres en <\/span><span style=\"font-size: 17px;\">Monochrome.<\/span><\/p>\n<p><span>Afin de permettre cela, nous agissons a\u0300 la fois : <\/span><\/p>\n<p><span>&#8211; <\/span><span>sur le courant, en le re\u0301duisant<br \/><\/span><span>l\u2019alimentation doit par ailleurs e\u0302tre en courant continu, ce qui permet d\u2019e\u0301viter le recours a\u0300 des composants volumineux (connecteurs, sections de ca\u0302bles). L\u2019alimentation en courant continu comporte de meilleures caracte\u0301ristiques de fonctionnement et permet e\u0301galement l\u2019utilisation de meilleures optiques. <\/span><\/p>\n<p><span>&#8211; <\/span><span>sur la tension, en l\u2019augmentant<br \/><\/span><span>une alimentation comprise entre 250 V et 600 V est la plus approprie\u0301e ; ceci dans le respect des limites de basse tension en Ame\u0301rique du Nord (600V) et en Europe (1000V ou 1500V, cf directive basse tension et norme CEI). <\/span><\/p>\n<p><span>L\u2019alimentation en 380V est ide\u0301ale car elle permet une configuration optimale des potentiome\u0300tres (le voltage en courant continu est plus e\u0301leve\u0301 que le pic en courant constant (186V en Ame\u0301rique du Nord et 354V en Europe) <\/span><\/p>\n<p><span>Elle respecte les standards d\u2019alimentation des composants e\u0301lectroniques <\/span><\/p>\n<\/div>\n<\/div>\n<\/div>\n<\/div>\n<\/div>\n<\/div>\n<p>[\/et_pb_text][\/et_pb_column][et_pb_column type=&#8221;1_2&#8243; _builder_version=&#8221;4.17.6&#8243; _module_preset=&#8221;default&#8221; global_colors_info=&#8221;{}&#8221;][et_pb_image src=&#8221;https:\/\/www.abak-eclairage.fr\/wp-content\/uploads\/2023\/10\/Pacific-Gate-Condos-San-Diego-WEB-2019-10-30-01229-1.png&#8221; title_text=&#8221;Pacific-Gate-Condos-San-Diego-WEB-2019-10-30-01229-1&#8243; _builder_version=&#8221;4.22.2&#8243; _module_preset=&#8221;default&#8221; width=&#8221;85%&#8221; width_tablet=&#8221;70%&#8221; width_phone=&#8221;70%&#8221; width_last_edited=&#8221;on|desktop&#8221; module_alignment=&#8221;center&#8221; custom_padding=&#8221;|||0px||&#8221; global_colors_info=&#8221;{}&#8221;][\/et_pb_image][\/et_pb_column][\/et_pb_row][et_pb_row _builder_version=&#8221;4.16&#8243; _module_preset=&#8221;default&#8221; custom_padding=&#8221;26px|||||&#8221; global_colors_info=&#8221;{}&#8221;][et_pb_column type=&#8221;4_4&#8243; _builder_version=&#8221;4.16&#8243; _module_preset=&#8221;default&#8221; global_colors_info=&#8221;{}&#8221;][et_pb_text _builder_version=&#8221;4.24.2&#8243; _module_preset=&#8221;default&#8221; text_font=&#8221;|300|||||||&#8221; text_font_size=&#8221;17px&#8221; header_font=&#8221;Open Sans||||||||&#8221; text_orientation=&#8221;justified&#8221; hover_enabled=&#8221;0&#8243; global_colors_info=&#8221;{}&#8221; sticky_enabled=&#8221;0&#8243;]<\/p>\n<div class=\"page\" title=\"Page 9\">\n<div class=\"layoutArea\">\n<div class=\"column\">\n<div class=\"page\" title=\"Page 10\">\n<div class=\"layoutArea\">\n<div class=\"column\">\n<p style=\"text-align: justify;\"><span>LES POINTS CLES DE LA TECHNOLOGIE INFINITY\u00ae <\/span><\/p>\n<p><span>&#8211; Des lignes continues de luminaires pouvant aller jusqu\u2019a\u0300 750 me\u0300tres en monochrome ou 450 me\u0300tres en RGBW<br \/>&#8211; Des alimentations en 3KW, 6KW, 15KW ou 30KW<br \/>&#8211; Une seule alimentation en te\u0302te de ligne <\/span><br \/><span>&#8211; Des ca\u0302bles \u00ab plug &amp; play \u00bb d\u2019une section de 10 mm<br \/>&#8211; Des ca\u0302bles mixtes, portant le courant d\u2019alimentation et les datas de gestion <\/span><\/p>\n<\/div>\n<\/div>\n<\/div>\n<\/div>\n<\/div>\n<\/div>\n<p>[\/et_pb_text][\/et_pb_column][\/et_pb_row][et_pb_row _builder_version=&#8221;4.17.6&#8243; _module_preset=&#8221;default&#8221; global_colors_info=&#8221;{}&#8221;][et_pb_column type=&#8221;4_4&#8243; _builder_version=&#8221;4.17.6&#8243; _module_preset=&#8221;default&#8221; global_colors_info=&#8221;{}&#8221;][et_pb_divider show_divider=&#8221;off&#8221; _builder_version=&#8221;4.19.0&#8243; _module_preset=&#8221;default&#8221; custom_margin=&#8221;||-20px||false|false&#8221; filter_opacity=&#8221;30%&#8221; global_colors_info=&#8221;{}&#8221;][\/et_pb_divider][\/et_pb_column][\/et_pb_row][\/et_pb_section]<\/p>\n","protected":false},"excerpt":{"rendered":"<p>TECHNOLOGIE INFINITY\u00ae Pour des lignes continues de luminaires jusqu&#8217;\u00e0 750 m\u00e8tres, avec un sol d\u00e9part &#8230; INFINITY\u00ae est un syste\u0300me d\u2019alimentation extre\u0302mement performant permettant la mise en place et la gestion de lignes de luminaires pouvant aller jusqu\u2019a\u0300 450 me\u0300tres en RGBW et 750 me\u0300tres en Monochrome. Afin de permettre cela, nous agissons a\u0300 la [&hellip;]<\/p>\n","protected":false},"author":1,"featured_media":0,"parent":0,"menu_order":0,"comment_status":"closed","ping_status":"closed","template":"","meta":{"_et_pb_use_builder":"on","_et_pb_old_content":"","_et_gb_content_width":"","footnotes":""},"class_list":["post-4502","page","type-page","status-publish","hentry"],"_links":{"self":[{"href":"https:\/\/www.abak-eclairage.fr\/index.php\/wp-json\/wp\/v2\/pages\/4502","targetHints":{"allow":["GET"]}}],"collection":[{"href":"https:\/\/www.abak-eclairage.fr\/index.php\/wp-json\/wp\/v2\/pages"}],"about":[{"href":"https:\/\/www.abak-eclairage.fr\/index.php\/wp-json\/wp\/v2\/types\/page"}],"author":[{"embeddable":true,"href":"https:\/\/www.abak-eclairage.fr\/index.php\/wp-json\/wp\/v2\/users\/1"}],"replies":[{"embeddable":true,"href":"https:\/\/www.abak-eclairage.fr\/index.php\/wp-json\/wp\/v2\/comments?post=4502"}],"version-history":[{"count":7,"href":"https:\/\/www.abak-eclairage.fr\/index.php\/wp-json\/wp\/v2\/pages\/4502\/revisions"}],"predecessor-version":[{"id":6227,"href":"https:\/\/www.abak-eclairage.fr\/index.php\/wp-json\/wp\/v2\/pages\/4502\/revisions\/6227"}],"wp:attachment":[{"href":"https:\/\/www.abak-eclairage.fr\/index.php\/wp-json\/wp\/v2\/media?parent=4502"}],"curies":[{"name":"wp","href":"https:\/\/api.w.org\/{rel}","templated":true}]}}