{"id":443,"date":"2021-03-15T12:56:00","date_gmt":"2021-03-15T12:56:00","guid":{"rendered":"https:\/\/www.abak-eclairage.fr\/?page_id=443"},"modified":"2021-03-15T13:01:36","modified_gmt":"2021-03-15T13:01:36","slug":"nazaire","status":"publish","type":"page","link":"https:\/\/www.abak-eclairage.fr\/index.php\/nazaire\/","title":{"rendered":"Nazaire"},"content":{"rendered":"<p>[et_pb_section fb_built=&#8221;1&#8243; _builder_version=&#8221;4.9.2&#8243; _module_preset=&#8221;default&#8221; custom_padding=&#8221;30px|||||&#8221;][et_pb_row _builder_version=&#8221;4.9.2&#8243; _module_preset=&#8221;default&#8221;][et_pb_column type=&#8221;4_4&#8243; _builder_version=&#8221;4.9.2&#8243; _module_preset=&#8221;default&#8221;][et_pb_image src=&#8221;https:\/\/www.abak-eclairage.fr\/wp-content\/uploads\/2021\/03\/BSM_StNazaire_A_Monie\u0301_Citeos_V_Voue\u0301_007.jpg&#8221; title_text=&#8221;BSM_StNazaire_A_Monie\u0301_Citeos_V_Voue\u0301_007&#8243; _builder_version=&#8221;4.9.2&#8243; _module_preset=&#8221;default&#8221; animation_style=&#8221;slide&#8221; animation_direction=&#8221;bottom&#8221; animation_intensity_slide=&#8221;10%&#8221;][\/et_pb_image][\/et_pb_column][\/et_pb_row][et_pb_row _builder_version=&#8221;4.9.2&#8243; _module_preset=&#8221;default&#8221;][et_pb_column type=&#8221;4_4&#8243; _builder_version=&#8221;4.9.2&#8243; _module_preset=&#8221;default&#8221;][et_pb_image src=&#8221;https:\/\/www.abak-eclairage.fr\/wp-content\/uploads\/2021\/03\/BSM_StNazaire_A_Monie\u0301_Citeos_V_Voue\u0301_027.jpg&#8221; title_text=&#8221;BSM_StNazaire_A_Monie\u0301_Citeos_V_Voue\u0301_027&#8243; _builder_version=&#8221;4.9.2&#8243; _module_preset=&#8221;default&#8221; animation_style=&#8221;slide&#8221; animation_direction=&#8221;bottom&#8221; animation_intensity_slide=&#8221;10%&#8221;][\/et_pb_image][\/et_pb_column][\/et_pb_row][et_pb_row _builder_version=&#8221;4.9.2&#8243; _module_preset=&#8221;default&#8221;][et_pb_column type=&#8221;4_4&#8243; _builder_version=&#8221;4.9.2&#8243; _module_preset=&#8221;default&#8221;][et_pb_image src=&#8221;https:\/\/www.abak-eclairage.fr\/wp-content\/uploads\/2021\/03\/BSM_StNazaire_A_Monie\u0301_Citeos_V_Voue\u0301_015.jpg&#8221; title_text=&#8221;BSM_StNazaire_A_Monie\u0301_Citeos_V_Voue\u0301_015&#8243; _builder_version=&#8221;4.9.2&#8243; _module_preset=&#8221;default&#8221; min_height=&#8221;480.3px&#8221; animation_style=&#8221;slide&#8221; animation_direction=&#8221;bottom&#8221; animation_intensity_slide=&#8221;10%&#8221;][\/et_pb_image][\/et_pb_column][\/et_pb_row][et_pb_row _builder_version=&#8221;4.9.2&#8243; _module_preset=&#8221;default&#8221;][et_pb_column type=&#8221;4_4&#8243; _builder_version=&#8221;4.9.2&#8243; _module_preset=&#8221;default&#8221;][et_pb_image src=&#8221;https:\/\/www.abak-eclairage.fr\/wp-content\/uploads\/2021\/03\/BSM_StNazaire_A_Monie\u0301_Citeos_V_Voue\u0301_022.jpg&#8221; title_text=&#8221;BSM_StNazaire_A_Monie\u0301_Citeos_V_Voue\u0301_022&#8243; _builder_version=&#8221;4.9.2&#8243; _module_preset=&#8221;default&#8221; width=&#8221;77.7%&#8221; min_height=&#8221;480.3px&#8221; animation_style=&#8221;slide&#8221; animation_direction=&#8221;bottom&#8221; animation_intensity_slide=&#8221;10%&#8221;][\/et_pb_image][\/et_pb_column][\/et_pb_row][et_pb_row _builder_version=&#8221;4.9.2&#8243; _module_preset=&#8221;default&#8221;][et_pb_column type=&#8221;4_4&#8243; _builder_version=&#8221;4.9.2&#8243; _module_preset=&#8221;default&#8221;][et_pb_image src=&#8221;https:\/\/www.abak-eclairage.fr\/wp-content\/uploads\/2021\/03\/BSM_StNazaire_A_Monie\u0301_Citeos_V_Voue\u0301_004.jpg&#8221; title_text=&#8221;BSM_StNazaire_A_Monie\u0301_Citeos_V_Voue\u0301_004&#8243; _builder_version=&#8221;4.9.2&#8243; _module_preset=&#8221;default&#8221; animation_style=&#8221;slide&#8221; animation_direction=&#8221;bottom&#8221; animation_intensity_slide=&#8221;10%&#8221;][\/et_pb_image][\/et_pb_column][\/et_pb_row][et_pb_row _builder_version=&#8221;4.9.2&#8243; _module_preset=&#8221;default&#8221;][et_pb_column type=&#8221;4_4&#8243; _builder_version=&#8221;4.9.2&#8243; _module_preset=&#8221;default&#8221;][et_pb_text _builder_version=&#8221;4.9.2&#8243; _module_preset=&#8221;default&#8221; text_line_height=&#8221;1em&#8221; hover_enabled=&#8221;0&#8243; sticky_enabled=&#8221;0&#8243;]<\/p>\n<h4>Base Sous Marine<\/h4>\n<h5>Saint Nazaire<\/h5>\n<p>&nbsp;<\/p>\n<p>Client : Ville de Saint Nazaire<\/p>\n<p>Concepteur : Luminescence &#8211; Virginie Vou\u00e9<\/p>\n<p>Photographe : Antoine Monier<\/p>\n<p>Type de r\u00e9alisation : Mise en lumi\u00e8re architecturale<\/p>\n<p>Type de b\u00e2timent : B\u00e2timent<\/p>\n<p>&nbsp;<\/p>\n<p><strong>PRODUIT : <\/strong>Nightspot B Gobo &#8211; Nightspot A Gobo<\/p>\n<p>[\/et_pb_text][\/et_pb_column][\/et_pb_row][\/et_pb_section]<\/p>\n","protected":false},"excerpt":{"rendered":"<p>Base Sous Marine Saint Nazaire &nbsp; Client : Ville de Saint Nazaire Concepteur : Luminescence &#8211; Virginie Vou\u00e9 Photographe : Antoine Monier Type de r\u00e9alisation : Mise en lumi\u00e8re architecturale Type de b\u00e2timent : B\u00e2timent &nbsp; PRODUIT : Nightspot B Gobo &#8211; Nightspot A Gobo<\/p>\n","protected":false},"author":1,"featured_media":0,"parent":0,"menu_order":0,"comment_status":"closed","ping_status":"closed","template":"","meta":{"_et_pb_use_builder":"on","_et_pb_old_content":"","_et_gb_content_width":"","footnotes":""},"class_list":["post-443","page","type-page","status-publish","hentry"],"_links":{"self":[{"href":"https:\/\/www.abak-eclairage.fr\/index.php\/wp-json\/wp\/v2\/pages\/443","targetHints":{"allow":["GET"]}}],"collection":[{"href":"https:\/\/www.abak-eclairage.fr\/index.php\/wp-json\/wp\/v2\/pages"}],"about":[{"href":"https:\/\/www.abak-eclairage.fr\/index.php\/wp-json\/wp\/v2\/types\/page"}],"author":[{"embeddable":true,"href":"https:\/\/www.abak-eclairage.fr\/index.php\/wp-json\/wp\/v2\/users\/1"}],"replies":[{"embeddable":true,"href":"https:\/\/www.abak-eclairage.fr\/index.php\/wp-json\/wp\/v2\/comments?post=443"}],"version-history":[{"count":4,"href":"https:\/\/www.abak-eclairage.fr\/index.php\/wp-json\/wp\/v2\/pages\/443\/revisions"}],"predecessor-version":[{"id":459,"href":"https:\/\/www.abak-eclairage.fr\/index.php\/wp-json\/wp\/v2\/pages\/443\/revisions\/459"}],"wp:attachment":[{"href":"https:\/\/www.abak-eclairage.fr\/index.php\/wp-json\/wp\/v2\/media?parent=443"}],"curies":[{"name":"wp","href":"https:\/\/api.w.org\/{rel}","templated":true}]}}