{"id":3280,"date":"2022-09-02T07:15:00","date_gmt":"2022-09-02T07:15:00","guid":{"rendered":"https:\/\/www.abak-eclairage.fr\/?page_id=3280"},"modified":"2024-11-06T16:54:17","modified_gmt":"2024-11-06T16:54:17","slug":"str9-inground-color","status":"publish","type":"page","link":"https:\/\/www.abak-eclairage.fr\/index.php\/str9-inground-color\/","title":{"rendered":"STR9 INGROUND COLOR"},"content":{"rendered":"<p>[et_pb_section fb_built=&#8221;1&#8243; _builder_version=&#8221;4.16&#8243; _module_preset=&#8221;default&#8221; custom_padding=&#8221;0px||30px|||&#8221; global_colors_info=&#8221;{}&#8221;][et_pb_row column_structure=&#8221;1_4,1_4,1_4,1_4&#8243; _builder_version=&#8221;4.17.6&#8243; _module_preset=&#8221;default&#8221; global_colors_info=&#8221;{}&#8221;][et_pb_column type=&#8221;1_4&#8243; _builder_version=&#8221;4.17.6&#8243; _module_preset=&#8221;default&#8221; global_colors_info=&#8221;{}&#8221;][\/et_pb_column][et_pb_column type=&#8221;1_4&#8243; _builder_version=&#8221;4.17.6&#8243; _module_preset=&#8221;default&#8221; global_colors_info=&#8221;{}&#8221;][et_pb_image src=&#8221;https:\/\/www.abak-eclairage.fr\/wp-content\/uploads\/2022\/08\/color-amp.png&#8221; title_text=&#8221;color amp&#8221; url=&#8221;@ET-DC@eyJkeW5hbWljIjp0cnVlLCJjb250ZW50IjoicG9zdF9saW5rX3VybF9wYWdlIiwic2V0dGluZ3MiOnsicG9zdF9pZCI6IjQ0ODYifX0=@&#8221; url_new_window=&#8221;on&#8221; _builder_version=&#8221;4.22.2&#8243; _dynamic_attributes=&#8221;url&#8221; _module_preset=&#8221;default&#8221; transform_scale=&#8221;82%|82%&#8221; custom_margin=&#8221;-10px||||false|false&#8221; global_colors_info=&#8221;{}&#8221;][\/et_pb_image][\/et_pb_column][et_pb_column type=&#8221;1_4&#8243; _builder_version=&#8221;4.17.6&#8243; _module_preset=&#8221;default&#8221; global_colors_info=&#8221;{}&#8221;][et_pb_image src=&#8221;https:\/\/www.abak-eclairage.fr\/wp-content\/uploads\/2022\/08\/unibody_LOGO.png&#8221; title_text=&#8221;unibody_LOGO&#8221; url=&#8221;@ET-DC@eyJkeW5hbWljIjp0cnVlLCJjb250ZW50IjoicG9zdF9saW5rX3VybF9wYWdlIiwic2V0dGluZ3MiOnsicG9zdF9pZCI6IjQ1MTMifX0=@&#8221; url_new_window=&#8221;on&#8221; _builder_version=&#8221;4.22.2&#8243; _dynamic_attributes=&#8221;url&#8221; _module_preset=&#8221;default&#8221; transform_scale=&#8221;80%|80%&#8221; custom_margin=&#8221;-10px||||false|false&#8221; global_colors_info=&#8221;{}&#8221;][\/et_pb_image][\/et_pb_column][et_pb_column type=&#8221;1_4&#8243; _builder_version=&#8221;4.17.6&#8243; _module_preset=&#8221;default&#8221; global_colors_info=&#8221;{}&#8221;][et_pb_button button_url=&#8221;https:\/\/www.abak-eclairage.fr\/wp-content\/uploads\/2024\/11\/STR9_ENC_RGBW.pdf&#8221; url_new_window=&#8221;on&#8221; button_text=&#8221;Fichier pour impression&#8221; button_alignment=&#8221;left&#8221; _builder_version=&#8221;4.24.2&#8243; _module_preset=&#8221;default&#8221; custom_button=&#8221;on&#8221; button_text_size=&#8221;15px&#8221; button_text_color=&#8221;#7f0070&#8243; custom_margin=&#8221;0px|||-5px|false|false&#8221; global_colors_info=&#8221;{}&#8221; button_text_color__hover_enabled=&#8221;on|hover&#8221; button_bg_color__hover_enabled=&#8221;on|hover&#8221; button_bg_color__hover=&#8221;#7f0070&#8243; button_bg_enable_color__hover=&#8221;on&#8221; button_text_color__hover=&#8221;#FFFFFF&#8221;][\/et_pb_button][\/et_pb_column][\/et_pb_row][et_pb_row _builder_version=&#8221;4.17.4&#8243; _module_preset=&#8221;default&#8221; custom_padding=&#8221;3px||1px|||&#8221; global_colors_info=&#8221;{}&#8221;][et_pb_column type=&#8221;4_4&#8243; _builder_version=&#8221;4.16&#8243; _module_preset=&#8221;default&#8221; global_colors_info=&#8221;{}&#8221;][et_pb_text _builder_version=&#8221;4.23.1&#8243; _module_preset=&#8221;default&#8221; text_font=&#8221;||||||||&#8221; text_font_size=&#8221;16px&#8221; header_font=&#8221;Rubik||||||||&#8221; header_text_color=&#8221;#777777&#8243; header_font_size=&#8221;35px&#8221; header_5_font=&#8221;Rubik|300|||||||&#8221; header_5_text_color=&#8221;#777777&#8243; header_6_font=&#8221;|300|||||||&#8221; header_6_text_color=&#8221;#7c7c7c&#8221; global_colors_info=&#8221;{}&#8221;]<\/p>\n<h1 class=\"p1\"><span>STR9\u00ae INGROUND COLOR CHANGING<\/span><\/h1>\n<h5 class=\"p1\"><span class=\"s1\">Encastr\u00e9 de sol lin\u00e9aire LEDs RGBW<\/span><\/h5>\n<h6>Un luminaire encastrable extr\u00eamement fiable avec un dessus enti\u00e8rement en verre et un exceptionnel syst\u00e8me de contr\u00f4le de l&#8217;\u00e9blouissement.\u00a0<\/h6>\n<p>[\/et_pb_text][\/et_pb_column][\/et_pb_row][et_pb_row column_structure=&#8221;1_2,1_2&#8243; _builder_version=&#8221;4.17.6&#8243; _module_preset=&#8221;default&#8221; custom_padding=&#8221;2px||0px|||&#8221; global_colors_info=&#8221;{}&#8221;][et_pb_column type=&#8221;1_2&#8243; _builder_version=&#8221;4.17.6&#8243; _module_preset=&#8221;default&#8221; global_colors_info=&#8221;{}&#8221;][et_pb_image src=&#8221;https:\/\/www.abak-eclairage.fr\/wp-content\/uploads\/2023\/02\/STR9_INGROUND_COLOR.png&#8221; title_text=&#8221;STR9_INGROUND_COLOR&#8221; _builder_version=&#8221;4.19.5&#8243; _module_preset=&#8221;default&#8221; width=&#8221;90%&#8221; global_colors_info=&#8221;{}&#8221;][\/et_pb_image][\/et_pb_column][et_pb_column type=&#8221;1_2&#8243; _builder_version=&#8221;4.17.6&#8243; _module_preset=&#8221;default&#8221; global_colors_info=&#8221;{}&#8221;][et_pb_image src=&#8221;https:\/\/www.abak-eclairage.fr\/wp-content\/uploads\/2022\/09\/STR9_INGROUND_DWT_2.png&#8221; title_text=&#8221;STR9_INGROUND_DWT_2&#8243; _builder_version=&#8221;4.24.2&#8243; _module_preset=&#8221;default&#8221; transform_scale_tablet=&#8221;&#8221; transform_scale_phone=&#8221;&#8221; transform_scale_last_edited=&#8221;on|desktop&#8221; transform_translate=&#8221;-49px|0px&#8221; transform_translate_tablet=&#8221;0px|1px&#8221; transform_translate_phone=&#8221;0px|1px&#8221; transform_translate_last_edited=&#8221;on|phone&#8221; transform_rotate_tablet=&#8221;&#8221; transform_rotate_phone=&#8221;&#8221; transform_rotate_last_edited=&#8221;on|desktop&#8221; transform_skew_tablet=&#8221;&#8221; transform_skew_phone=&#8221;&#8221; transform_skew_last_edited=&#8221;on|desktop&#8221; transform_origin_tablet=&#8221;&#8221; transform_origin_phone=&#8221;&#8221; transform_origin_last_edited=&#8221;on|desktop&#8221; transform_styles_last_edited=&#8221;on|phone&#8221; width=&#8221;120%&#8221; width_tablet=&#8221;100%&#8221; width_phone=&#8221;100%&#8221; width_last_edited=&#8221;on|phone&#8221; module_alignment=&#8221;left&#8221; custom_margin=&#8221;|||-30px|false|false&#8221; transform_styles_tablet=&#8221;&#8221; transform_styles_phone=&#8221;&#8221; global_colors_info=&#8221;{}&#8221;][\/et_pb_image][\/et_pb_column][\/et_pb_row][et_pb_row column_structure=&#8221;1_3,1_3,1_3&#8243; _builder_version=&#8221;4.18.0&#8243; _module_preset=&#8221;default&#8221; custom_padding=&#8221;12px|||||&#8221; global_colors_info=&#8221;{}&#8221;][et_pb_column type=&#8221;1_3&#8243; _builder_version=&#8221;4.18.0&#8243; _module_preset=&#8221;default&#8221; global_colors_info=&#8221;{}&#8221;][\/et_pb_column][et_pb_column type=&#8221;1_3&#8243; _builder_version=&#8221;4.18.0&#8243; _module_preset=&#8221;default&#8221; global_colors_info=&#8221;{}&#8221;][et_pb_image src=&#8221;https:\/\/www.abak-eclairage.fr\/wp-content\/uploads\/2022\/09\/STR9_INGROUND_DWT_3.png&#8221; title_text=&#8221;STR9_INGROUND_DWT_3&#8243; align=&#8221;center&#8221; src_tablet=&#8221;https:\/\/www.abak-eclairage.fr\/wp-content\/uploads\/2022\/09\/STR9_INGROUND_DWT_3.png&#8221; src_phone=&#8221;https:\/\/www.abak-eclairage.fr\/wp-content\/uploads\/2022\/09\/STR9_INGROUND_DWT_3.png&#8221; src_last_edited=&#8221;on|desktop&#8221; _builder_version=&#8221;4.19.5&#8243; _module_preset=&#8221;default&#8221; width=&#8221;120%&#8221; width_tablet=&#8221;65%&#8221; width_phone=&#8221;65%&#8221; width_last_edited=&#8221;on|phone&#8221; module_alignment=&#8221;center&#8221; global_colors_info=&#8221;{}&#8221;][\/et_pb_image][\/et_pb_column][et_pb_column type=&#8221;1_3&#8243; _builder_version=&#8221;4.18.0&#8243; _module_preset=&#8221;default&#8221; global_colors_info=&#8221;{}&#8221;][\/et_pb_column][\/et_pb_row][et_pb_row _builder_version=&#8221;4.17.6&#8243; _module_preset=&#8221;default&#8221; custom_padding=&#8221;0px|||||&#8221; global_colors_info=&#8221;{}&#8221;][et_pb_column type=&#8221;4_4&#8243; _builder_version=&#8221;4.17.6&#8243; _module_preset=&#8221;default&#8221; global_colors_info=&#8221;{}&#8221;][et_pb_divider divider_weight=&#8221;1px&#8221; _builder_version=&#8221;4.17.6&#8243; _module_preset=&#8221;default&#8221; custom_margin=&#8221;||-20px||false|false&#8221; filter_opacity=&#8221;30%&#8221; global_colors_info=&#8221;{}&#8221;][\/et_pb_divider][\/et_pb_column][\/et_pb_row][et_pb_row column_structure=&#8221;1_2,1_2&#8243; _builder_version=&#8221;4.16&#8243; _module_preset=&#8221;default&#8221; custom_padding=&#8221;0px||9px|||&#8221; global_colors_info=&#8221;{}&#8221;][et_pb_column type=&#8221;1_2&#8243; _builder_version=&#8221;4.16&#8243; _module_preset=&#8221;default&#8221; global_colors_info=&#8221;{}&#8221;][et_pb_text _builder_version=&#8221;4.17.6&#8243; _module_preset=&#8221;default&#8221; text_font_size=&#8221;18px&#8221; header_3_font_size=&#8221;32px&#8221; header_4_font=&#8221;Rubik|300|||||||&#8221; header_4_font_size=&#8221;25px&#8221; global_colors_info=&#8221;{}&#8221; custom_margin=&#8221;||1px|||&#8221;]<\/p>\n<h4 class=\"p1\">PRINCIPALES CARACT\u00c9RISTIQUES<\/h4>\n<p>[\/et_pb_text][et_pb_text _builder_version=&#8221;4.24.2&#8243; _module_preset=&#8221;default&#8221; text_font=&#8221;||||||||&#8221; text_font_size=&#8221;17px&#8221; hover_enabled=&#8221;0&#8243; global_colors_info=&#8221;{}&#8221; sticky_enabled=&#8221;0&#8243;]<\/p>\n<ul>\n<li>Jusqu&#8217;\u00e0 2040 lumens \/ 300 mm<\/li>\n<li>La\u2009technologie\u2009COLOR-AMP\u00ae\u2009permet\u2009jusqu&#8217;\u00e0\u2009trois\u2009fois\u2009un\u2009rendement\u2009lumineux\u2009plus \u00e9lev\u00e9\u2009dans\u2009des\u2009couleurs\u2009sp\u00e9cifiques<\/li>\n<li>M\u00e9lange de couleurs exceptionnel (pas de stries ni de s\u00e9paration des couleurs)<\/li>\n<li>Flux lumineux homog\u00e8ne imm\u00e9diatement adjacent au luminaire<\/li>\n<li>Correspondance des couleurs avec la s\u00e9rie FL<\/li>\n<li>Luminaire encastr\u00e9 au sol sans bordure, cadre sup\u00e9rieur en acier inoxydable et corps en aluminium pour une meilleure performance thermique<\/li>\n<li>Taille compacte : 77 mm de largeur, 108 mm de hauteur<\/li>\n<li>Luminaire class\u00e9 IP68 avec proc\u00e9d\u00e9 d&#8217;\u00e9tanch\u00e9it\u00e9 exclusif et conception UNIBODY\u2122 en aluminium anodis\u00e9 et extrud\u00e9<\/li>\n<li>Test\u2009de\u2009d\u00e9tection\u2009de\u2009micro\u2009fuite\u2009\u00e9lectronique\u2009r\u00e9alis\u00e9\u2009pour\u2009chaque\u2009fixation\u2009herm\u00e9tiquement\u2009scell\u00e9e<\/li>\n<li>Conforme \u00e0 la norme de vibration 3G ANSI C136.31-2010 pour les applications sur ponts et viaducs<\/li>\n<li>IK10 avec lentille en verre tremp\u00e9 optiquement transparent de 10 mm (pas de jaunissement au fil du temps)<\/li>\n<li><span class=\"s1\">C\u00e2blage d\u2019alimentation et de donn\u00e9es pour une connexion de bout en bout via des connecteurs scell\u00e9s<\/span><\/li>\n<\/ul>\n<p>[\/et_pb_text][\/et_pb_column][et_pb_column type=&#8221;1_2&#8243; _builder_version=&#8221;4.17.4&#8243; _module_preset=&#8221;default&#8221; global_colors_info=&#8221;{}&#8221;][et_pb_text _builder_version=&#8221;4.17.6&#8243; _module_preset=&#8221;default&#8221; text_font_size=&#8221;18px&#8221; header_3_font_size=&#8221;32px&#8221; header_4_font=&#8221;Rubik|300|||||||&#8221; header_4_font_size=&#8221;25px&#8221; global_colors_info=&#8221;{}&#8221; custom_margin=&#8221;||1px|||&#8221;]<\/p>\n<h4 class=\"p1\">COULEURS LED<\/h4>\n<p>[\/et_pb_text][et_pb_image src=&#8221;https:\/\/www.abak-eclairage.fr\/wp-content\/uploads\/2022\/08\/FL25_RGBW_IM_4-1.png&#8221; title_text=&#8221;FL25_RGBW_IM_4&#8243; _builder_version=&#8221;4.23.1&#8243; _module_preset=&#8221;default&#8221; width=&#8221;70%&#8221; global_colors_info=&#8221;{}&#8221;][\/et_pb_image][\/et_pb_column][\/et_pb_row][et_pb_row _builder_version=&#8221;4.17.6&#8243; _module_preset=&#8221;default&#8221; custom_padding=&#8221;0px|||||&#8221; global_colors_info=&#8221;{}&#8221;][et_pb_column type=&#8221;4_4&#8243; _builder_version=&#8221;4.17.6&#8243; _module_preset=&#8221;default&#8221; global_colors_info=&#8221;{}&#8221;][et_pb_divider divider_weight=&#8221;1px&#8221; _builder_version=&#8221;4.17.6&#8243; _module_preset=&#8221;default&#8221; custom_margin=&#8221;||-20px||false|false&#8221; filter_opacity=&#8221;30%&#8221; global_colors_info=&#8221;{}&#8221;][\/et_pb_divider][\/et_pb_column][\/et_pb_row][et_pb_row column_structure=&#8221;1_2,1_2&#8243; _builder_version=&#8221;4.16&#8243; _module_preset=&#8221;default&#8221; custom_padding=&#8221;0px||0px|||&#8221; global_colors_info=&#8221;{}&#8221;][et_pb_column type=&#8221;1_2&#8243; _builder_version=&#8221;4.16&#8243; _module_preset=&#8221;default&#8221; global_colors_info=&#8221;{}&#8221;][et_pb_text _builder_version=&#8221;4.17.6&#8243; _module_preset=&#8221;default&#8221; text_font_size=&#8221;18px&#8221; header_3_font_size=&#8221;32px&#8221; header_4_font=&#8221;Rubik|300|||||||&#8221; header_4_font_size=&#8221;25px&#8221; global_colors_info=&#8221;{}&#8221; custom_margin=&#8221;||2px|||&#8221;]<\/p>\n<h4 class=\"p1\">SP\u00c9CIFICATIONS<\/h4>\n<p>[\/et_pb_text][et_pb_text _builder_version=&#8221;4.18.0&#8243; _module_preset=&#8221;default&#8221; text_font=&#8221;||||||||&#8221; text_font_size=&#8221;16px&#8221; text_line_height=&#8221;1.8em&#8221; global_colors_info=&#8221;{}&#8221;]<strong>LUMENS D\u00c9LIVR\u00c9S :<\/strong> 2040\u00a0lm\/m<br \/>\n<strong>TENSION D&#8217;ENTR\u00c9E :<\/strong> AC 120 ou 277 VAC et 220-240 VAC<br \/>\n<strong>LONGUEUR :<\/strong> 600 mm, 900 mm, 1200 mm et 1500 mm<br \/>\n<strong>CONTR\u00d4LE :<\/strong> DMX<br \/>\n<strong>ENVIRONNEMENT\u00a0:<\/strong> endroits secs, humides ou mouill\u00e9s[\/et_pb_text][\/et_pb_column][et_pb_column type=&#8221;1_2&#8243; _builder_version=&#8221;4.17.4&#8243; _module_preset=&#8221;default&#8221; global_colors_info=&#8221;{}&#8221;][et_pb_text _builder_version=&#8221;4.23.1&#8243; _module_preset=&#8221;default&#8221; text_font_size=&#8221;18px&#8221; header_3_font_size=&#8221;32px&#8221; header_4_font=&#8221;Rubik|300|||||||&#8221; header_4_font_size=&#8221;25px&#8221; custom_margin=&#8221;||-4px|||&#8221; global_colors_info=&#8221;{}&#8221;]<\/p>\n<h4 class=\"p1\">ANGLES D&#8217;OUVERTURE<\/h4>\n<p>[\/et_pb_text][et_pb_image src=&#8221;https:\/\/www.abak-eclairage.fr\/wp-content\/uploads\/2022\/09\/STR9_INGROUND_COLOR_2.png&#8221; title_text=&#8221;STR9_INGROUND_COLOR_2&#8243; _builder_version=&#8221;4.18.0&#8243; _module_preset=&#8221;default&#8221; global_colors_info=&#8221;{}&#8221;][\/et_pb_image][\/et_pb_column][\/et_pb_row][et_pb_row column_structure=&#8221;1_4,1_4,1_4,1_4&#8243; _builder_version=&#8221;4.17.4&#8243; _module_preset=&#8221;default&#8221; global_colors_info=&#8221;{}&#8221; custom_padding=&#8221;1px|||||&#8221;][et_pb_column type=&#8221;1_4&#8243; _builder_version=&#8221;4.17.4&#8243; _module_preset=&#8221;default&#8221; global_colors_info=&#8221;{}&#8221;][et_pb_button button_url=&#8221;https:\/\/www.abak-eclairage.fr\/wp-content\/uploads\/2024\/11\/STR9_ENC_RGBW.pdf&#8221; url_new_window=&#8221;on&#8221; button_text=&#8221;PDF&#8221; button_alignment=&#8221;right&#8221; _builder_version=&#8221;4.24.2&#8243; _module_preset=&#8221;default&#8221; custom_button=&#8221;on&#8221; button_text_size=&#8221;16px&#8221; button_text_color=&#8221;#7f0070&#8243; global_colors_info=&#8221;{}&#8221;][\/et_pb_button][\/et_pb_column][et_pb_column type=&#8221;1_4&#8243; _builder_version=&#8221;4.17.4&#8243; _module_preset=&#8221;default&#8221; global_colors_info=&#8221;{}&#8221;][et_pb_button button_url=&#8221;https:\/\/gvalighting.com\/media\/products\/str9-ig-color-changing\/SP-STR9-IG-COLOR-CHANGING.pdf&#8221; url_new_window=&#8221;on&#8221; button_text=&#8221;Fiche technique&#8221; button_alignment=&#8221;center&#8221; _builder_version=&#8221;4.22.2&#8243; _module_preset=&#8221;default&#8221; custom_button=&#8221;on&#8221; button_text_size=&#8221;16px&#8221; button_text_color=&#8221;#7f0070&#8243; global_colors_info=&#8221;{}&#8221;][\/et_pb_button][\/et_pb_column][et_pb_column type=&#8221;1_4&#8243; _builder_version=&#8221;4.17.4&#8243; _module_preset=&#8221;default&#8221; global_colors_info=&#8221;{}&#8221;][\/et_pb_column][et_pb_column type=&#8221;1_4&#8243; _builder_version=&#8221;4.17.4&#8243; _module_preset=&#8221;default&#8221; global_colors_info=&#8221;{}&#8221;][\/et_pb_column][\/et_pb_row][\/et_pb_section]<\/p>\n","protected":false},"excerpt":{"rendered":"<p>STR9\u00ae INGROUND COLOR CHANGING Encastr\u00e9 de sol lin\u00e9aire LEDs RGBW Un luminaire encastrable extr\u00eamement fiable avec un dessus enti\u00e8rement en verre et un exceptionnel syst\u00e8me de contr\u00f4le de l&#8217;\u00e9blouissement.\u00a0PRINCIPALES CARACT\u00c9RISTIQUES Jusqu&#8217;\u00e0 2040 lumens \/ 300 mm La\u2009technologie\u2009COLOR-AMP\u00ae\u2009permet\u2009jusqu&#8217;\u00e0\u2009trois\u2009fois\u2009un\u2009rendement\u2009lumineux\u2009plus \u00e9lev\u00e9\u2009dans\u2009des\u2009couleurs\u2009sp\u00e9cifiques M\u00e9lange de couleurs exceptionnel (pas de stries ni de s\u00e9paration des couleurs) Flux lumineux homog\u00e8ne imm\u00e9diatement adjacent [&hellip;]<\/p>\n","protected":false},"author":1,"featured_media":0,"parent":0,"menu_order":0,"comment_status":"closed","ping_status":"closed","template":"","meta":{"_et_pb_use_builder":"on","_et_pb_old_content":"","_et_gb_content_width":"","footnotes":""},"class_list":["post-3280","page","type-page","status-publish","hentry"],"_links":{"self":[{"href":"https:\/\/www.abak-eclairage.fr\/index.php\/wp-json\/wp\/v2\/pages\/3280","targetHints":{"allow":["GET"]}}],"collection":[{"href":"https:\/\/www.abak-eclairage.fr\/index.php\/wp-json\/wp\/v2\/pages"}],"about":[{"href":"https:\/\/www.abak-eclairage.fr\/index.php\/wp-json\/wp\/v2\/types\/page"}],"author":[{"embeddable":true,"href":"https:\/\/www.abak-eclairage.fr\/index.php\/wp-json\/wp\/v2\/users\/1"}],"replies":[{"embeddable":true,"href":"https:\/\/www.abak-eclairage.fr\/index.php\/wp-json\/wp\/v2\/comments?post=3280"}],"version-history":[{"count":25,"href":"https:\/\/www.abak-eclairage.fr\/index.php\/wp-json\/wp\/v2\/pages\/3280\/revisions"}],"predecessor-version":[{"id":5749,"href":"https:\/\/www.abak-eclairage.fr\/index.php\/wp-json\/wp\/v2\/pages\/3280\/revisions\/5749"}],"wp:attachment":[{"href":"https:\/\/www.abak-eclairage.fr\/index.php\/wp-json\/wp\/v2\/media?parent=3280"}],"curies":[{"name":"wp","href":"https:\/\/api.w.org\/{rel}","templated":true}]}}