{"id":3264,"date":"2022-09-01T16:43:08","date_gmt":"2022-09-01T16:43:08","guid":{"rendered":"https:\/\/www.abak-eclairage.fr\/?page_id=3264"},"modified":"2024-11-06T16:38:25","modified_gmt":"2024-11-06T16:38:25","slug":"str9-inground-mono","status":"publish","type":"page","link":"https:\/\/www.abak-eclairage.fr\/index.php\/str9-inground-mono\/","title":{"rendered":"STR9 INGROUND MONO"},"content":{"rendered":"<p>[et_pb_section fb_built=&#8221;1&#8243; _builder_version=&#8221;4.18.0&#8243; _module_preset=&#8221;default&#8221; custom_padding=&#8221;0px||30px|||&#8221; global_colors_info=&#8221;{}&#8221;][et_pb_row column_structure=&#8221;1_4,1_4,1_4,1_4&#8243; _builder_version=&#8221;4.18.0&#8243; _module_preset=&#8221;default&#8221; global_colors_info=&#8221;{}&#8221;][et_pb_column type=&#8221;1_4&#8243; _builder_version=&#8221;4.18.0&#8243; _module_preset=&#8221;default&#8221; global_colors_info=&#8221;{}&#8221;][\/et_pb_column][et_pb_column type=&#8221;1_4&#8243; _builder_version=&#8221;4.18.0&#8243; _module_preset=&#8221;default&#8221; global_colors_info=&#8221;{}&#8221;][et_pb_image src=&#8221;https:\/\/www.abak-eclairage.fr\/wp-content\/uploads\/2022\/08\/color-amp.png&#8221; title_text=&#8221;color amp&#8221; url=&#8221;@ET-DC@eyJkeW5hbWljIjp0cnVlLCJjb250ZW50IjoicG9zdF9saW5rX3VybF9wYWdlIiwic2V0dGluZ3MiOnsicG9zdF9pZCI6IjQ0ODYifX0=@&#8221; url_new_window=&#8221;on&#8221; _builder_version=&#8221;4.22.2&#8243; _dynamic_attributes=&#8221;url&#8221; _module_preset=&#8221;default&#8221; transform_scale=&#8221;82%|82%&#8221; custom_margin=&#8221;-10px||||false|false&#8221; global_colors_info=&#8221;{}&#8221;][\/et_pb_image][\/et_pb_column][et_pb_column type=&#8221;1_4&#8243; _builder_version=&#8221;4.18.0&#8243; _module_preset=&#8221;default&#8221; global_colors_info=&#8221;{}&#8221;][et_pb_image src=&#8221;https:\/\/www.abak-eclairage.fr\/wp-content\/uploads\/2022\/08\/unibody_LOGO.png&#8221; title_text=&#8221;unibody_LOGO&#8221; url=&#8221;@ET-DC@eyJkeW5hbWljIjp0cnVlLCJjb250ZW50IjoicG9zdF9saW5rX3VybF9wYWdlIiwic2V0dGluZ3MiOnsicG9zdF9pZCI6IjQ1MTMifX0=@&#8221; url_new_window=&#8221;on&#8221; _builder_version=&#8221;4.22.2&#8243; _dynamic_attributes=&#8221;url&#8221; _module_preset=&#8221;default&#8221; transform_scale=&#8221;80%|80%&#8221; custom_margin=&#8221;-10px||||false|false&#8221; global_colors_info=&#8221;{}&#8221;][\/et_pb_image][\/et_pb_column][et_pb_column type=&#8221;1_4&#8243; _builder_version=&#8221;4.18.0&#8243; _module_preset=&#8221;default&#8221; global_colors_info=&#8221;{}&#8221;][et_pb_button button_url=&#8221;https:\/\/www.abak-eclairage.fr\/wp-content\/uploads\/2024\/11\/STR9_ENC_MONO.pdf&#8221; url_new_window=&#8221;on&#8221; button_text=&#8221;Fichier pour impression&#8221; button_alignment=&#8221;center&#8221; _builder_version=&#8221;4.24.2&#8243; _module_preset=&#8221;default&#8221; custom_button=&#8221;on&#8221; button_text_size=&#8221;15px&#8221; button_text_color=&#8221;#7f0070&#8243; locked=&#8221;off&#8221; global_colors_info=&#8221;{}&#8221; button_text_color__hover_enabled=&#8221;on|hover&#8221; button_text_color__hover=&#8221;#FFFFFF&#8221; button_bg_color__hover_enabled=&#8221;on|hover&#8221; button_bg_color__hover=&#8221;#7f0070&#8243; button_bg_enable_color__hover=&#8221;on&#8221;][\/et_pb_button][\/et_pb_column][\/et_pb_row][et_pb_row _builder_version=&#8221;4.18.0&#8243; _module_preset=&#8221;default&#8221; custom_padding=&#8221;0px||0px|||&#8221; global_colors_info=&#8221;{}&#8221;][et_pb_column type=&#8221;4_4&#8243; _builder_version=&#8221;4.18.0&#8243; _module_preset=&#8221;default&#8221; global_colors_info=&#8221;{}&#8221;][et_pb_text _builder_version=&#8221;4.24.2&#8243; _module_preset=&#8221;default&#8221; text_text_color=&#8221;#777777&#8243; text_font_size=&#8221;16px&#8221; header_text_color=&#8221;#777777&#8243; header_font_size=&#8221;35px&#8221; header_5_font=&#8221;|300|||||||&#8221; header_5_text_color=&#8221;#777777&#8243; header_6_font=&#8221;|300|||||||&#8221; header_6_text_color=&#8221;#7c7c7c&#8221; hover_enabled=&#8221;0&#8243; global_colors_info=&#8221;{}&#8221; custom_padding=&#8221;0px|||||&#8221; sticky_enabled=&#8221;0&#8243;]<\/p>\n<h1 class=\"p1\"><span>STR9\u00ae ENCASTR\u00c9 MONOCHROMATIQUE<\/span><\/h1>\n<h5 class=\"p1\"><span class=\"s1\">Encastr\u00e9 de sol lin\u00e9aire LEDs monochromatique<\/span><\/h5>\n<h6>Un luminaire encastrable extr\u00eamement fiable avec un dessus enti\u00e8rement en verre et un exceptionnel syst\u00e8me de contr\u00f4le de l\u2019\u00e9blouissement.<\/h6>\n<p>[\/et_pb_text][\/et_pb_column][\/et_pb_row][et_pb_row column_structure=&#8221;1_2,1_2&#8243; _builder_version=&#8221;4.18.0&#8243; _module_preset=&#8221;default&#8221; custom_padding=&#8221;14px||3px|||&#8221; global_colors_info=&#8221;{}&#8221;][et_pb_column type=&#8221;1_2&#8243; _builder_version=&#8221;4.18.0&#8243; _module_preset=&#8221;default&#8221; global_colors_info=&#8221;{}&#8221;][et_pb_image src=&#8221;https:\/\/www.abak-eclairage.fr\/wp-content\/uploads\/2023\/02\/STR9_INGROUND_MONO.png&#8221; title_text=&#8221;STR9_INGROUND_MONO&#8221; _builder_version=&#8221;4.19.5&#8243; _module_preset=&#8221;default&#8221; width=&#8221;90%&#8221; global_colors_info=&#8221;{}&#8221;][\/et_pb_image][\/et_pb_column][et_pb_column type=&#8221;1_2&#8243; _builder_version=&#8221;4.18.0&#8243; _module_preset=&#8221;default&#8221; global_colors_info=&#8221;{}&#8221;][et_pb_image src=&#8221;https:\/\/www.abak-eclairage.fr\/wp-content\/uploads\/2022\/09\/STR9_INGROUND_MONO_2.png&#8221; title_text=&#8221;STR9_INGROUND_MONO_2&#8243; show_bottom_space=&#8221;off&#8221; _builder_version=&#8221;4.24.2&#8243; _module_preset=&#8221;default&#8221; transform_scale_tablet=&#8221;&#8221; transform_scale_phone=&#8221;&#8221; transform_scale_last_edited=&#8221;on|phone&#8221; transform_translate=&#8221;-53px|4px&#8221; transform_translate_tablet=&#8221;-10px|4px&#8221; transform_translate_phone=&#8221;2px|4px&#8221; transform_translate_last_edited=&#8221;on|desktop&#8221; transform_rotate_tablet=&#8221;&#8221; transform_rotate_phone=&#8221;&#8221; transform_rotate_last_edited=&#8221;on|phone&#8221; transform_skew_tablet=&#8221;&#8221; transform_skew_phone=&#8221;&#8221; transform_skew_last_edited=&#8221;on|phone&#8221; transform_origin_tablet=&#8221;&#8221; transform_origin_phone=&#8221;&#8221; transform_origin_last_edited=&#8221;on|phone&#8221; transform_styles_last_edited=&#8221;on|desktop&#8221; width=&#8221;120%&#8221; module_alignment=&#8221;left&#8221; custom_margin=&#8221;|||-50px|false|false&#8221; custom_margin_tablet=&#8221;|||-50px|false|false&#8221; custom_margin_phone=&#8221;|||0px|false|false&#8221; custom_margin_last_edited=&#8221;on|phone&#8221; transform_styles_tablet=&#8221;&#8221; transform_styles_phone=&#8221;&#8221; global_colors_info=&#8221;{}&#8221;][\/et_pb_image][\/et_pb_column][\/et_pb_row][et_pb_row column_structure=&#8221;1_3,1_3,1_3&#8243; _builder_version=&#8221;4.18.0&#8243; _module_preset=&#8221;default&#8221; custom_padding=&#8221;0px|||||&#8221; global_colors_info=&#8221;{}&#8221;][et_pb_column type=&#8221;1_3&#8243; _builder_version=&#8221;4.18.0&#8243; _module_preset=&#8221;default&#8221; global_colors_info=&#8221;{}&#8221;][\/et_pb_column][et_pb_column type=&#8221;1_3&#8243; _builder_version=&#8221;4.18.0&#8243; _module_preset=&#8221;default&#8221; global_colors_info=&#8221;{}&#8221;][et_pb_image src=&#8221;https:\/\/www.abak-eclairage.fr\/wp-content\/uploads\/2022\/09\/STR9_INGROUND_DWT_3.png&#8221; title_text=&#8221;STR9_INGROUND_DWT_3&#8243; _builder_version=&#8221;4.19.5&#8243; _module_preset=&#8221;default&#8221; width=&#8221;120%&#8221; width_tablet=&#8221;65%&#8221; width_phone=&#8221;65%&#8221; width_last_edited=&#8221;on|phone&#8221; module_alignment=&#8221;center&#8221; global_colors_info=&#8221;{}&#8221; width__hover_enabled=&#8221;on|desktop&#8221; width__hover=&#8221;120%&#8221;][\/et_pb_image][\/et_pb_column][et_pb_column type=&#8221;1_3&#8243; _builder_version=&#8221;4.18.0&#8243; _module_preset=&#8221;default&#8221; global_colors_info=&#8221;{}&#8221;][\/et_pb_column][\/et_pb_row][et_pb_row column_structure=&#8221;1_2,1_2&#8243; _builder_version=&#8221;4.18.0&#8243; _module_preset=&#8221;default&#8221; custom_padding=&#8221;0px||4px|||&#8221; global_colors_info=&#8221;{}&#8221;][et_pb_column type=&#8221;1_2&#8243; _builder_version=&#8221;4.18.0&#8243; _module_preset=&#8221;default&#8221; global_colors_info=&#8221;{}&#8221;][et_pb_text _builder_version=&#8221;4.18.0&#8243; _module_preset=&#8221;default&#8221; header_4_font=&#8221;|300|||||||&#8221; custom_margin=&#8221;||0px|||&#8221; global_colors_info=&#8221;{}&#8221;]<\/p>\n<h4 class=\"p1\">PRINCIPALES CARACT\u00c9RISTIQUES<\/h4>\n<p>[\/et_pb_text][et_pb_text _builder_version=&#8221;4.24.2&#8243; _module_preset=&#8221;default&#8221; text_font=&#8221;||||||||&#8221; text_font_size=&#8221;17px&#8221; global_colors_info=&#8221;{}&#8221;]<\/p>\n<ul>\n<li>Jusqu&#8217;\u00e0 3755 lumens \/ 300mm<\/li>\n<li>Qualit\u00e9 sup\u00e9rieure de la lumi\u00e8re blanche : excellente coh\u00e9rence des couleurs LED \u00e0 LED<\/li>\n<li>Le film\u2009optique\u2009diffusant\u2009cr\u00e9e\u2009une\u2009sortie\u2009de\u2009lumi\u00e8re\u2009uniforme\u2009imm\u00e9diatement\u2009adjacent\u2009au\u2009luminaire<\/li>\n<li>Luminaire\u2009enterr\u00e9\u2009sans garniture,\u2009cadre\u2009en\u2009acier\u2009inoxydable\u2009et\u2009corps\u2009en\u2009aluminium\u2009pour\u2009meilleur\u2009performance thermique<\/li>\n<li>Taille compacte,\u200977\u2009mm\u2009large,\u2009108mm\u2009hauteur<\/li>\n<li>Luminaire\u2009class\u00e9\u2009IP68\u2009avec\u2009proc\u00e9d\u00e9\u2009d&#8217;\u00e9tanch\u00e9it\u00e9\u2009propri\u00e9taire\u2009et\u2009solide\u2009extrud\u00e9\u2009anodis\u00e9\u2009aluminium UNIBODY\u2122\u2009design<\/li>\n<li>Test\u2009de\u2009d\u00e9tection\u2009de\u2009micro\u2009fuite\u2009\u00e9lectronique\u2009r\u00e9alis\u00e9\u2009pour\u2009chaque\u2009fixation\u2009herm\u00e9tiquement\u2009scell\u00e9e<\/li>\n<li>Conforme\u20093G\u2009ANSI\u2009C136.31-2010\u2009Vibration\u2009Standard\u2009pour\u2009Pont\u2009et\u2009Passage\u2009Applications<\/li>\n<li>IK10\u2009avec\u200910mm\u2009lentille\u2009verre\u2009tremp\u00e9\u2009optiquement\u2009transparent\u2009(pas\u2009jaunissement\u2009au fil du\u2009temps)<\/li>\n<li>C\u00e2blage traversant via des connecteurs enfichables et verrouillables<\/li>\n<\/ul>\n<p>[\/et_pb_text][\/et_pb_column][et_pb_column type=&#8221;1_2&#8243; _builder_version=&#8221;4.18.0&#8243; _module_preset=&#8221;default&#8221; global_colors_info=&#8221;{}&#8221;][et_pb_text _builder_version=&#8221;4.18.0&#8243; _module_preset=&#8221;default&#8221; header_4_font=&#8221;|300|||||||&#8221; custom_margin=&#8221;||2px|||&#8221; global_colors_info=&#8221;{}&#8221;]<\/p>\n<h4 class=\"p1\">COULEURS LED<\/h4>\n<p>[\/et_pb_text][et_pb_image src=&#8221;https:\/\/www.abak-eclairage.fr\/wp-content\/uploads\/2022\/08\/STR9\u00aeW_5.png&#8221; title_text=&#8221;STR9\u00aeW_5&#8243; _builder_version=&#8221;4.18.0&#8243; _module_preset=&#8221;default&#8221; global_colors_info=&#8221;{}&#8221;][\/et_pb_image][\/et_pb_column][\/et_pb_row][et_pb_row _builder_version=&#8221;4.18.0&#8243; _module_preset=&#8221;default&#8221; custom_padding=&#8221;0px|||||&#8221; global_colors_info=&#8221;{}&#8221;][et_pb_column type=&#8221;4_4&#8243; _builder_version=&#8221;4.18.0&#8243; _module_preset=&#8221;default&#8221; global_colors_info=&#8221;{}&#8221;][et_pb_divider _builder_version=&#8221;4.18.0&#8243; _module_preset=&#8221;default&#8221; custom_margin=&#8221;||-20px||false|false&#8221; filter_opacity=&#8221;30%&#8221; global_colors_info=&#8221;{}&#8221;][\/et_pb_divider][\/et_pb_column][\/et_pb_row][et_pb_row column_structure=&#8221;1_2,1_2&#8243; _builder_version=&#8221;4.18.0&#8243; _module_preset=&#8221;default&#8221; custom_padding=&#8221;0px||0px|||&#8221; global_colors_info=&#8221;{}&#8221;][et_pb_column type=&#8221;1_2&#8243; _builder_version=&#8221;4.18.0&#8243; _module_preset=&#8221;default&#8221; global_colors_info=&#8221;{}&#8221;][et_pb_text _builder_version=&#8221;4.18.0&#8243; _module_preset=&#8221;default&#8221; header_4_font=&#8221;|300|||||||&#8221; custom_margin=&#8221;||-2px|||&#8221; global_colors_info=&#8221;{}&#8221;]<\/p>\n<h4 class=\"p1\">SP\u00c9CIFICATIONS<\/h4>\n<p>[\/et_pb_text][et_pb_text _builder_version=&#8221;4.18.0&#8243; _module_preset=&#8221;default&#8221; text_font=&#8221;||||||||&#8221; text_font_size=&#8221;16px&#8221; text_line_height=&#8221;1.8em&#8221; global_colors_info=&#8221;{}&#8221;]<strong>LUMENS D\u00c9LIVR\u00c9S :<\/strong> 3755lm\/m<br \/>\n<strong>TENSION D&#8217;ENTR\u00c9E :<\/strong> 48VDC, AC 120 ou 277 VAC et 220-240 VAC<br \/>\n<strong>LONGUEUR :<\/strong> 600 mm, 900 mm, 1200 mm et 1500 mm<br \/>\n<strong>CONTR\u00d4LE :<\/strong> DMX, 0-10\u00a0V<br \/>\n<strong>ENVIRONNEMENT\u00a0:<\/strong> endroits secs, humides ou mouill\u00e9s[\/et_pb_text][\/et_pb_column][et_pb_column type=&#8221;1_2&#8243; _builder_version=&#8221;4.18.0&#8243; _module_preset=&#8221;default&#8221; global_colors_info=&#8221;{}&#8221;][et_pb_text _builder_version=&#8221;4.23.1&#8243; _module_preset=&#8221;default&#8221; header_4_font=&#8221;|300|||||||&#8221; custom_margin=&#8221;||-4px|||&#8221; global_colors_info=&#8221;{}&#8221;]<\/p>\n<h4 class=\"p1\">ANGLES D&#8217;OUVERTURE<\/h4>\n<p>[\/et_pb_text][et_pb_image src=&#8221;https:\/\/www.abak-eclairage.fr\/wp-content\/uploads\/2022\/09\/STR9_INGROUND_MONO_3.png&#8221; title_text=&#8221;STR9_INGROUND_MONO_3&#8243; _builder_version=&#8221;4.18.0&#8243; _module_preset=&#8221;default&#8221; global_colors_info=&#8221;{}&#8221;][\/et_pb_image][\/et_pb_column][\/et_pb_row][et_pb_row column_structure=&#8221;1_4,1_4,1_4,1_4&#8243; _builder_version=&#8221;4.18.0&#8243; _module_preset=&#8221;default&#8221; custom_padding=&#8221;25px|||||&#8221; global_colors_info=&#8221;{}&#8221;][et_pb_column type=&#8221;1_4&#8243; _builder_version=&#8221;4.18.0&#8243; _module_preset=&#8221;default&#8221; global_colors_info=&#8221;{}&#8221;][et_pb_button button_url=&#8221;https:\/\/www.abak-eclairage.fr\/wp-content\/uploads\/2024\/11\/STR9_ENC_MONO.pdf&#8221; url_new_window=&#8221;on&#8221; button_text=&#8221;PDF&#8221; button_alignment=&#8221;right&#8221; _builder_version=&#8221;4.24.2&#8243; _module_preset=&#8221;default&#8221; custom_button=&#8221;on&#8221; button_text_size=&#8221;16px&#8221; button_text_color=&#8221;#7f0070&#8243; locked=&#8221;off&#8221; global_colors_info=&#8221;{}&#8221;][\/et_pb_button][\/et_pb_column][et_pb_column type=&#8221;1_4&#8243; _builder_version=&#8221;4.18.0&#8243; _module_preset=&#8221;default&#8221; global_colors_info=&#8221;{}&#8221;][et_pb_button button_url=&#8221;https:\/\/gvalighting.com\/media\/products\/str9-ig-mono\/SP-STR9-IG-MONO.pdf&#8221; url_new_window=&#8221;on&#8221; button_text=&#8221;Fiche technique&#8221; button_alignment=&#8221;center&#8221; _builder_version=&#8221;4.22.2&#8243; _module_preset=&#8221;default&#8221; custom_button=&#8221;on&#8221; button_text_size=&#8221;16px&#8221; button_text_color=&#8221;#7f0070&#8243; locked=&#8221;off&#8221; global_colors_info=&#8221;{}&#8221;][\/et_pb_button][\/et_pb_column][et_pb_column type=&#8221;1_4&#8243; _builder_version=&#8221;4.18.0&#8243; _module_preset=&#8221;default&#8221; global_colors_info=&#8221;{}&#8221;][\/et_pb_column][et_pb_column type=&#8221;1_4&#8243; _builder_version=&#8221;4.18.0&#8243; _module_preset=&#8221;default&#8221; global_colors_info=&#8221;{}&#8221;][\/et_pb_column][\/et_pb_row][\/et_pb_section]<\/p>\n","protected":false},"excerpt":{"rendered":"<p>STR9\u00ae ENCASTR\u00c9 MONOCHROMATIQUE Encastr\u00e9 de sol lin\u00e9aire LEDs monochromatique Un luminaire encastrable extr\u00eamement fiable avec un dessus enti\u00e8rement en verre et un exceptionnel syst\u00e8me de contr\u00f4le de l\u2019\u00e9blouissement.PRINCIPALES CARACT\u00c9RISTIQUES Jusqu&#8217;\u00e0 3755 lumens \/ 300mm Qualit\u00e9 sup\u00e9rieure de la lumi\u00e8re blanche : excellente coh\u00e9rence des couleurs LED \u00e0 LED Le film\u2009optique\u2009diffusant\u2009cr\u00e9e\u2009une\u2009sortie\u2009de\u2009lumi\u00e8re\u2009uniforme\u2009imm\u00e9diatement\u2009adjacent\u2009au\u2009luminaire Luminaire\u2009enterr\u00e9\u2009sans garniture,\u2009cadre\u2009en\u2009acier\u2009inoxydable\u2009et\u2009corps\u2009en\u2009aluminium\u2009pour\u2009meilleur\u2009performance thermique Taille compacte,\u200977\u2009mm\u2009large,\u2009108mm\u2009hauteur [&hellip;]<\/p>\n","protected":false},"author":1,"featured_media":0,"parent":0,"menu_order":0,"comment_status":"closed","ping_status":"closed","template":"","meta":{"_et_pb_use_builder":"on","_et_pb_old_content":"","_et_gb_content_width":"","footnotes":""},"class_list":["post-3264","page","type-page","status-publish","hentry"],"_links":{"self":[{"href":"https:\/\/www.abak-eclairage.fr\/index.php\/wp-json\/wp\/v2\/pages\/3264","targetHints":{"allow":["GET"]}}],"collection":[{"href":"https:\/\/www.abak-eclairage.fr\/index.php\/wp-json\/wp\/v2\/pages"}],"about":[{"href":"https:\/\/www.abak-eclairage.fr\/index.php\/wp-json\/wp\/v2\/types\/page"}],"author":[{"embeddable":true,"href":"https:\/\/www.abak-eclairage.fr\/index.php\/wp-json\/wp\/v2\/users\/1"}],"replies":[{"embeddable":true,"href":"https:\/\/www.abak-eclairage.fr\/index.php\/wp-json\/wp\/v2\/comments?post=3264"}],"version-history":[{"count":28,"href":"https:\/\/www.abak-eclairage.fr\/index.php\/wp-json\/wp\/v2\/pages\/3264\/revisions"}],"predecessor-version":[{"id":5741,"href":"https:\/\/www.abak-eclairage.fr\/index.php\/wp-json\/wp\/v2\/pages\/3264\/revisions\/5741"}],"wp:attachment":[{"href":"https:\/\/www.abak-eclairage.fr\/index.php\/wp-json\/wp\/v2\/media?parent=3264"}],"curies":[{"name":"wp","href":"https:\/\/api.w.org\/{rel}","templated":true}]}}