{"id":3155,"date":"2022-08-31T09:10:06","date_gmt":"2022-08-31T09:10:06","guid":{"rendered":"https:\/\/www.abak-eclairage.fr\/?page_id=3155"},"modified":"2023-09-19T15:35:52","modified_gmt":"2023-09-19T15:35:52","slug":"step-up-slim-corner","status":"publish","type":"page","link":"https:\/\/www.abak-eclairage.fr\/index.php\/step-up-slim-corner\/","title":{"rendered":"STEP UP SLIM CORNER"},"content":{"rendered":"<p>[et_pb_section fb_built=&#8221;1&#8243; _builder_version=&#8221;4.16&#8243; _module_preset=&#8221;default&#8221; global_colors_info=&#8221;{}&#8221;][et_pb_row _builder_version=&#8221;4.22.1&#8243; _module_preset=&#8221;default&#8221; hover_enabled=&#8221;0&#8243; global_colors_info=&#8221;{}&#8221; custom_margin=&#8221;-20px||||false|false&#8221; sticky_enabled=&#8221;0&#8243;][et_pb_column type=&#8221;4_4&#8243; _builder_version=&#8221;4.16&#8243; _module_preset=&#8221;default&#8221; global_colors_info=&#8221;{}&#8221;][et_pb_button button_url=&#8221;https:\/\/www.abak-eclairage.fr\/wp-content\/uploads\/2022\/11\/STEP_UP_CORNER.pdf&#8221; url_new_window=&#8221;on&#8221; button_text=&#8221;Fichier pour impression&#8221; button_alignment=&#8221;right&#8221; button_alignment_tablet=&#8221;center&#8221; button_alignment_phone=&#8221;center&#8221; button_alignment_last_edited=&#8221;on|tablet&#8221; _builder_version=&#8221;4.22.1&#8243; _module_preset=&#8221;default&#8221; custom_button=&#8221;on&#8221; button_text_size=&#8221;15px&#8221; custom_margin=&#8221;-15px||0px||false|false&#8221; custom_margin_tablet=&#8221;-20px||20px||false|false&#8221; custom_margin_phone=&#8221;-25px||30px||false|false&#8221; custom_margin_last_edited=&#8221;on|phone&#8221; hover_enabled=&#8221;0&#8243; global_colors_info=&#8221;{}&#8221; button_text_color__hover_enabled=&#8221;on|hover&#8221; sticky_enabled=&#8221;0&#8243; button_text_color__hover=&#8221;#FFFFFF&#8221; button_bg_color__hover_enabled=&#8221;on|hover&#8221; button_bg_color__hover=&#8221;#345f77&#8243; button_bg_enable_color__hover=&#8221;on&#8221;][\/et_pb_button][et_pb_text _builder_version=&#8221;4.18.0&#8243; _module_preset=&#8221;default&#8221; text_font=&#8221;||||||||&#8221; text_font_size=&#8221;16px&#8221; header_font=&#8221;Rubik||||||||&#8221; header_text_color=&#8221;#777777&#8243; header_font_size=&#8221;35px&#8221; header_5_text_color=&#8221;#777777&#8243; global_colors_info=&#8221;{}&#8221;]<\/p>\n<h1 class=\"p1\"><strong>STEP UP <\/strong>Slim Corner<\/h1>\n<h6 class=\"p1\"><\/h6>\n<p class=\"p1\">Balisage lin\u00e9aire continu pour une utilisation en ext\u00e9rieur ou en int\u00e9rieur. Pot d\u2019encastrement en acier inoxydable.<\/p>\n<p class=\"p1\">[\/et_pb_text][et_pb_text _builder_version=&#8221;4.17.6&#8243; _module_preset=&#8221;default&#8221; header_5_text_color=&#8221;#777777&#8243; global_colors_info=&#8221;{}&#8221;]<\/p>\n<h5 class=\"p1\">Fiche technique<\/h5>\n<p>[\/et_pb_text][\/et_pb_column][\/et_pb_row][et_pb_row column_structure=&#8221;1_2,1_2&#8243; _builder_version=&#8221;4.17.4&#8243; _module_preset=&#8221;default&#8221; custom_margin=&#8221;-50px|auto||auto||&#8221; global_colors_info=&#8221;{}&#8221;][et_pb_column type=&#8221;1_2&#8243; _builder_version=&#8221;4.17.4&#8243; _module_preset=&#8221;default&#8221; global_colors_info=&#8221;{}&#8221;][et_pb_image src=&#8221;https:\/\/www.abak-eclairage.fr\/wp-content\/uploads\/2022\/08\/STEP_UP_CORNER_1.png&#8221; title_text=&#8221;STEP_UP_CORNER_1&#8243; _builder_version=&#8221;4.18.0&#8243; _module_preset=&#8221;default&#8221; width=&#8221;80%&#8221; module_alignment=&#8221;center&#8221; global_colors_info=&#8221;{}&#8221;][\/et_pb_image][\/et_pb_column][et_pb_column type=&#8221;1_2&#8243; _builder_version=&#8221;4.17.4&#8243; _module_preset=&#8221;default&#8221; global_colors_info=&#8221;{}&#8221;][et_pb_image src=&#8221;https:\/\/www.abak-eclairage.fr\/wp-content\/uploads\/2022\/08\/STEP_UP_CORNER_2.png&#8221; title_text=&#8221;STEP_UP_CORNER_2&#8243; _builder_version=&#8221;4.18.0&#8243; _module_preset=&#8221;default&#8221; width=&#8221;85%&#8221; module_alignment=&#8221;left&#8221; global_colors_info=&#8221;{}&#8221;][\/et_pb_image][\/et_pb_column][\/et_pb_row][et_pb_row column_structure=&#8221;1_2,1_2&#8243; _builder_version=&#8221;4.17.4&#8243; _module_preset=&#8221;default&#8221; custom_padding=&#8221;||0px|||&#8221; global_colors_info=&#8221;{}&#8221;][et_pb_column type=&#8221;1_2&#8243; _builder_version=&#8221;4.17.4&#8243; _module_preset=&#8221;default&#8221; global_colors_info=&#8221;{}&#8221;][et_pb_text _builder_version=&#8221;4.17.4&#8243; _module_preset=&#8221;default&#8221; header_font=&#8221;Rubik||||||||&#8221; header_6_font=&#8221;Rubik||||||||&#8221; header_6_text_color=&#8221;#262626&#8243; global_colors_info=&#8221;{}&#8221;]<\/p>\n<h6 class=\"p1\">Table de codification<\/h6>\n<p>[\/et_pb_text][\/et_pb_column][et_pb_column type=&#8221;1_2&#8243; _builder_version=&#8221;4.17.4&#8243; _module_preset=&#8221;default&#8221; global_colors_info=&#8221;{}&#8221;][\/et_pb_column][\/et_pb_row][et_pb_row _builder_version=&#8221;4.17.4&#8243; _module_preset=&#8221;default&#8221; custom_margin=&#8221;2px|auto||auto||&#8221; custom_padding=&#8221;0px|||||&#8221; global_colors_info=&#8221;{}&#8221;][et_pb_column type=&#8221;4_4&#8243; _builder_version=&#8221;4.17.4&#8243; _module_preset=&#8221;default&#8221; global_colors_info=&#8221;{}&#8221;][et_pb_image src=&#8221;https:\/\/www.abak-eclairage.fr\/wp-content\/uploads\/2022\/08\/tableau-1.png&#8221; title_text=&#8221;tableau&#8221; _builder_version=&#8221;4.18.0&#8243; _module_preset=&#8221;default&#8221; width=&#8221;70%&#8221; global_colors_info=&#8221;{}&#8221;][\/et_pb_image][\/et_pb_column][\/et_pb_row][et_pb_row column_structure=&#8221;1_2,1_2&#8243; _builder_version=&#8221;4.17.4&#8243; _module_preset=&#8221;default&#8221; custom_margin=&#8221;-50px|auto||auto||&#8221; global_colors_info=&#8221;{}&#8221;][et_pb_column type=&#8221;1_2&#8243; _builder_version=&#8221;4.17.4&#8243; _module_preset=&#8221;default&#8221; global_colors_info=&#8221;{}&#8221;][et_pb_image src=&#8221;https:\/\/www.abak-eclairage.fr\/wp-content\/uploads\/2022\/06\/etiquetas.png&#8221; title_text=&#8221;etiquetas&#8221; _builder_version=&#8221;4.17.6&#8243; _module_preset=&#8221;default&#8221; width=&#8221;40%&#8221; width_tablet=&#8221;40%&#8221; width_phone=&#8221;30%&#8221; width_last_edited=&#8221;on|desktop&#8221; module_alignment=&#8221;left&#8221; custom_padding=&#8221;|20px||0px|false|false&#8221; global_colors_info=&#8221;{}&#8221;][\/et_pb_image][\/et_pb_column][et_pb_column type=&#8221;1_2&#8243; _builder_version=&#8221;4.17.4&#8243; _module_preset=&#8221;default&#8221; global_colors_info=&#8221;{}&#8221;][\/et_pb_column][\/et_pb_row][et_pb_row column_structure=&#8221;1_2,1_2&#8243; _builder_version=&#8221;4.16&#8243; _module_preset=&#8221;default&#8221; global_colors_info=&#8221;{}&#8221;][et_pb_column type=&#8221;1_2&#8243; _builder_version=&#8221;4.16&#8243; _module_preset=&#8221;default&#8221; global_colors_info=&#8221;{}&#8221;][et_pb_text _builder_version=&#8221;4.18.0&#8243; _module_preset=&#8221;default&#8221; text_font_size=&#8221;16px&#8221; global_colors_info=&#8221;{}&#8221;]<\/p>\n<p class=\"p1\"><b>Applications\u00a0<\/b><b><\/b><\/p>\n<ul class=\"ul1\">\n<li class=\"li1\"><span class=\"s1\">Mise en lumi\u00e8re architecturale et paysag\u00e8re<\/span><\/li>\n<li class=\"li2\"><span class=\"s1\">Encastrement au sol<\/span><\/li>\n<li class=\"li1\">Balisage<\/li>\n<li class=\"li1\">El\u00e9ment d&#8217;angle 90 degr\u00e9s<\/li>\n<li class=\"li2\"><span class=\"s1\">Encastr\u00e9 de sol (gravier, terre ou b\u00e9ton)<\/span><\/li>\n<li class=\"li3\"><span class=\"s1\">UL<\/span><span class=\"s2\"> <\/span><span class=\"s1\">STD<\/span><span class=\"s3\"> <\/span><span class=\"s1\">1598,<\/span><span class=\"s4\"> <\/span><span class=\"s1\">IP67,<\/span><span class=\"s5\"> <\/span><span class=\"s1\">environnement humide,<\/span><span class=\"s4\"> <\/span><span class=\"s1\">r\u00e9sistance<\/span><span class=\"s3\"> <\/span>3000kg<span class=\"s1\"><\/span><\/li>\n<\/ul>\n<p class=\"p1\"><b><\/b><\/p>\n<p class=\"p1\"><b>Luminaire<\/b><span class=\"s1\"><\/span><\/p>\n<ul class=\"ul1\">\n<li class=\"li2\"><span class=\"s1\"><\/span>Driver d\u00e9port\u00e9<\/li>\n<li class=\"li1\"><span class=\"s1\"><\/span>Corps en acier inoxydable type 304<\/li>\n<li class=\"li2\"><span class=\"s1\"><\/span>Installation par enclenchement sans mat\u00e9riel expos\u00e9<span class=\"s1\"><\/span><\/li>\n<li class=\"li4\"><span class=\"s1\"><\/span><span class=\"s2\">Pr\u00e9-c\u00e2bl\u00e9 1m \u00e9tanche<\/li>\n<li class=\"li5\"><span class=\"s1\"><\/span><span class=\"s2\">IK10,<\/span><span class=\"s7\"> <\/span><span class=\"s2\">verre tremp\u00e9<\/span><span class=\"s3\"> <\/span>2x15mm,<span class=\"s5\"> <\/span>lumi\u00e8re uniforme<span class=\"s1\"><\/span><\/li>\n<\/ul>\n<p class=\"p1\"><span class=\"s1\"><b><\/b><\/span><\/p>\n<p class=\"p1\"><b>Longueurs<\/b><\/p>\n<ul class=\"ul1\">\n<li class=\"li2\"><span class=\"s1\"><\/span>150mm x 150mm<span class=\"s1\"><\/span><\/li>\n<\/ul>\n<p><span class=\"s3\"><\/span><\/p>\n<p class=\"p1\"><span class=\"s1\"><b>Puissance <\/b><\/span>\u2013 Lumens d\u00e9livr\u00e9s<\/p>\n<ul>\n<li class=\"li1\"><span class=\"s1\"><\/span><span class=\"s2\">L<\/span><span class=\"s3\"> <\/span><span class=\"s2\">&#8211;<\/span><span class=\"s4\"> <\/span><span class=\"s2\">10W\/m,<\/span><span class=\"s5\"> <\/span><span class=\"s2\">2700K<\/span><span class=\"s6\"> <\/span><span class=\"s2\">&#8211;<\/span><span class=\"s6\"> <\/span><span class=\"s2\">4000K,<\/span><span class=\"s7\"> <\/span><span class=\"s2\">460lm\/m<\/span><\/li>\n<li class=\"li2\"><span class=\"s1\"><\/span><span class=\"s2\">H<\/span><span class=\"s6\"> <\/span><span class=\"s2\">&#8211;<\/span><span class=\"s4\"> <\/span><span class=\"s2\">23W\/m,2700K<\/span><span class=\"s6\"> <\/span><span class=\"s2\">&#8211;<\/span><span class=\"s6\"> <\/span><span class=\"s2\">4000K,<\/span><span class=\"s7\"> <\/span><span class=\"s2\">960lm\/m<\/span><\/li>\n<li class=\"li3\"><span class=\"s1\"><\/span>H<span class=\"s8\"> <\/span>&#8211;<span class=\"s8\"> <\/span>23W\/m,RGBW<\/li>\n<\/ul>\n<p>&nbsp;[\/et_pb_text][\/et_pb_column][et_pb_column type=&#8221;1_2&#8243; _builder_version=&#8221;4.17.4&#8243; _module_preset=&#8221;default&#8221; global_colors_info=&#8221;{}&#8221;][et_pb_text _builder_version=&#8221;4.18.0&#8243; _module_preset=&#8221;default&#8221; text_font_size=&#8221;16px&#8221; global_colors_info=&#8221;{}&#8221;]<\/p>\n<p class=\"p1\"><b>Temp\u00e9rature de couleur<\/b><\/p>\n<ul class=\"ul1\">\n<li class=\"li1\"><span class=\"s1\"><\/span>27<span class=\"s2\"> <\/span>&#8211;<span class=\"s2\"> <\/span>2700K<\/li>\n<li class=\"li2\"><span class=\"s1\"><\/span>30<span class=\"s2\"> <\/span>&#8211;<span class=\"s2\"> <\/span>3000K<\/li>\n<li class=\"li1\"><span class=\"s1\"><\/span>40<span class=\"s3\"> <\/span>&#8211;<span class=\"s3\"> <\/span>4000K<\/li>\n<li class=\"li2\"><span class=\"s1\"><\/span>RGBW<span class=\"s4\"> <\/span>(W<span class=\"s4\"> <\/span>3000K)<\/li>\n<li class=\"li1\"><span class=\"s1\"><\/span>Step MacAdam 2<\/li>\n<li class=\"li3\"><span class=\"s1\"><\/span>IRC :<span class=\"s5\"> <\/span>&gt;<span class=\"s6\"> <\/span>85<span class=\"s1\"><\/span><\/li>\n<\/ul>\n<p class=\"p5\"><b><\/b><\/p>\n<p class=\"p5\"><b>Optiques<\/b><\/p>\n<ul class=\"ul1\">\n<li class=\"li1\"><span class=\"s1\"><\/span>LL<span class=\"s2\"> <\/span>&#8211;<span class=\"s3\"> <\/span>120\u00b0<span class=\"s4\"> \u00e9clairage uniforme<\/span><\/li>\n<\/ul>\n<p><b><\/b><\/p>\n<p><b>Alimentation<\/b><\/p>\n<ul>\n<li><span class=\"s1\"><\/span>24<span class=\"s7\"> <\/span>&#8211;<span class=\"s7\"> <\/span>24VDC<\/li>\n<\/ul>\n<p><b><\/b><\/p>\n<p class=\"p1\"><b>Pot d\u2019encastrement<\/b><\/p>\n<ul class=\"ul1\">\n<li class=\"li1\"><span class=\"s1\"><\/span>SLCO- 150x150mm<\/li>\n<\/ul>\n<p class=\"p1\"><b><\/b><\/p>\n<p class=\"p1\"><b>Options<\/b><\/p>\n<ul class=\"ul1\">\n<li class=\"li1\"><span class=\"s1\"><\/span><span class=\"s2\">C*<\/span><span class=\"s3\"> <\/span><span class=\"s2\">&#8211;<\/span><span class=\"s4\"> <\/span><span class=\"s2\">cable<\/span><span class=\"s3\"> standard <\/span><span class=\"s2\">1m<\/span><span class=\"s4\"><span class=\"Apple-converted-space\">\u00a0<\/span><\/span><\/li>\n<li class=\"li2\"><span class=\"s1\"><\/span>C3 &#8211; luminaire fourni avec cable 3m<\/li>\n<li class=\"li2\"><span class=\"s1\"><\/span>C6 &#8211; luminaire fourni avec cable 6m<\/li>\n<li class=\"li3\"><span class=\"s1\"><\/span>C9 &#8211; luminaire fourni avec cable 9m<\/li>\n<\/ul>\n<p>&nbsp;<\/p>\n<p>[\/et_pb_text][\/et_pb_column][\/et_pb_row][et_pb_row _builder_version=&#8221;4.17.4&#8243; _module_preset=&#8221;default&#8221; min_height=&#8221;27px&#8221; global_colors_info=&#8221;{}&#8221;][et_pb_column type=&#8221;4_4&#8243; _builder_version=&#8221;4.17.4&#8243; _module_preset=&#8221;default&#8221; global_colors_info=&#8221;{}&#8221;][et_pb_divider _builder_version=&#8221;4.17.4&#8243; _module_preset=&#8221;default&#8221; global_colors_info=&#8221;{}&#8221;][\/et_pb_divider][\/et_pb_column][\/et_pb_row][et_pb_row _builder_version=&#8221;4.17.4&#8243; _module_preset=&#8221;default&#8221; custom_margin=&#8221;-50px|auto||auto||&#8221; global_colors_info=&#8221;{}&#8221;][et_pb_column type=&#8221;4_4&#8243; _builder_version=&#8221;4.17.4&#8243; _module_preset=&#8221;default&#8221; global_colors_info=&#8221;{}&#8221;][et_pb_text _builder_version=&#8221;4.18.0&#8243; _module_preset=&#8221;default&#8221; text_font=&#8221;Rubik||||||||&#8221; header_font=&#8221;Rubik||||||||&#8221; header_text_color=&#8221;#777777&#8243; header_font_size=&#8221;35px&#8221; header_5_text_color=&#8221;#777777&#8243; custom_padding=&#8221;||0px|||&#8221; global_colors_info=&#8221;{}&#8221;]<\/p>\n<h1 class=\"p1\"><strong>STEP UP <\/strong>Slim Corner<\/h1>\n<h5 class=\"p1\">Dimensions<\/h5>\n<p>[\/et_pb_text][\/et_pb_column][\/et_pb_row][et_pb_row _builder_version=&#8221;4.17.4&#8243; _module_preset=&#8221;default&#8221; custom_padding=&#8221;0px|||||&#8221; global_colors_info=&#8221;{}&#8221;][et_pb_column type=&#8221;4_4&#8243; _builder_version=&#8221;4.17.4&#8243; _module_preset=&#8221;default&#8221; global_colors_info=&#8221;{}&#8221;][et_pb_text _builder_version=&#8221;4.18.0&#8243; _module_preset=&#8221;default&#8221; text_font_size=&#8221;16px&#8221; global_colors_info=&#8221;{}&#8221;]<\/p>\n<p class=\"p1\">Note:<\/p>\n<p class=\"p1\">Pour plus de d\u00e9tails sur l\u2019encastrement et la fixation du luminaire, se r\u00e9f\u00e9rer aux instructions d\u2019installation.<span class=\"Apple-converted-space\">\u00a0<\/span><\/p>\n<p class=\"p4\">Pot d\u2019encastrement<span class=\"s2\"> <\/span>&#8211; <span class=\"s3\"><\/span>SLCO<\/p>\n<p>[\/et_pb_text][\/et_pb_column][\/et_pb_row][et_pb_row column_structure=&#8221;1_2,1_2&#8243; _builder_version=&#8221;4.17.4&#8243; _module_preset=&#8221;default&#8221; global_colors_info=&#8221;{}&#8221;][et_pb_column type=&#8221;1_2&#8243; _builder_version=&#8221;4.17.4&#8243; _module_preset=&#8221;default&#8221; global_colors_info=&#8221;{}&#8221;][et_pb_image src=&#8221;https:\/\/www.abak-eclairage.fr\/wp-content\/uploads\/2022\/08\/STEP_UP_CORNER_3.png&#8221; title_text=&#8221;STEP_UP_CORNER_3&#8243; _builder_version=&#8221;4.18.0&#8243; _module_preset=&#8221;default&#8221; width=&#8221;80%&#8221; module_alignment=&#8221;center&#8221; global_colors_info=&#8221;{}&#8221;][\/et_pb_image][et_pb_image src=&#8221;https:\/\/www.abak-eclairage.fr\/wp-content\/uploads\/2022\/08\/STEP_UP_CORNER_4.png&#8221; title_text=&#8221;STEP_UP_CORNER_4&#8243; _builder_version=&#8221;4.18.0&#8243; _module_preset=&#8221;default&#8221; width=&#8221;80%&#8221; module_alignment=&#8221;center&#8221; global_colors_info=&#8221;{}&#8221;][\/et_pb_image][\/et_pb_column][et_pb_column type=&#8221;1_2&#8243; _builder_version=&#8221;4.17.4&#8243; _module_preset=&#8221;default&#8221; global_colors_info=&#8221;{}&#8221;][et_pb_image src=&#8221;https:\/\/www.abak-eclairage.fr\/wp-content\/uploads\/2022\/08\/STEP_UP_CORNER_5.png&#8221; title_text=&#8221;STEP_UP_CORNER_5&#8243; _builder_version=&#8221;4.18.0&#8243; _module_preset=&#8221;default&#8221; width=&#8221;85%&#8221; module_alignment=&#8221;right&#8221; global_colors_info=&#8221;{}&#8221;][\/et_pb_image][\/et_pb_column][\/et_pb_row][et_pb_row column_structure=&#8221;1_4,1_4,1_4,1_4&#8243; _builder_version=&#8221;4.17.4&#8243; _module_preset=&#8221;default&#8221; global_colors_info=&#8221;{}&#8221;][et_pb_column type=&#8221;1_4&#8243; _builder_version=&#8221;4.17.4&#8243; _module_preset=&#8221;default&#8221; global_colors_info=&#8221;{}&#8221;][et_pb_button button_url=&#8221;https:\/\/www.abak-eclairage.fr\/wp-content\/uploads\/2022\/11\/STEP_UP_CORNER.pdf&#8221; url_new_window=&#8221;on&#8221; button_text=&#8221;PDF&#8221; button_alignment=&#8221;right&#8221; button_alignment_tablet=&#8221;center&#8221; button_alignment_phone=&#8221;center&#8221; button_alignment_last_edited=&#8221;on|tablet&#8221; _builder_version=&#8221;4.19.1&#8243; _module_preset=&#8221;default&#8221; custom_button=&#8221;on&#8221; button_text_size=&#8221;16px&#8221; global_colors_info=&#8221;{}&#8221;][\/et_pb_button][\/et_pb_column][et_pb_column type=&#8221;1_4&#8243; _builder_version=&#8221;4.17.4&#8243; _module_preset=&#8221;default&#8221; global_colors_info=&#8221;{}&#8221;][et_pb_button button_url=&#8221;https:\/\/www.filixlighting.com\/pdf\/outdoor_infos\/step_up_slim_corner_fixture_000.pdf&#8221; url_new_window=&#8221;on&#8221; button_text=&#8221;Installation manual &#8211; Fixation&#8221; button_alignment=&#8221;left&#8221; _builder_version=&#8221;4.19.1&#8243; _module_preset=&#8221;default&#8221; custom_button=&#8221;on&#8221; button_text_size=&#8221;16px&#8221; custom_margin=&#8221;|-15px||-20px|false|false&#8221; global_colors_info=&#8221;{}&#8221;][\/et_pb_button][\/et_pb_column][et_pb_column type=&#8221;1_4&#8243; _builder_version=&#8221;4.17.4&#8243; _module_preset=&#8221;default&#8221; global_colors_info=&#8221;{}&#8221;][et_pb_button button_url=&#8221;https:\/\/www.filixlighting.com\/pdf\/outdoor_infos\/step_up_slim_corner_housing_001.pdf&#8221; url_new_window=&#8221;on&#8221; button_text=&#8221;Installation manual &#8211; Encastrement&#8221; _builder_version=&#8221;4.18.0&#8243; _module_preset=&#8221;default&#8221; custom_button=&#8221;on&#8221; button_text_size=&#8221;16px&#8221; custom_margin=&#8221;|-89px||||&#8221; global_colors_info=&#8221;{}&#8221;][\/et_pb_button][\/et_pb_column][et_pb_column type=&#8221;1_4&#8243; _builder_version=&#8221;4.17.4&#8243; _module_preset=&#8221;default&#8221; global_colors_info=&#8221;{}&#8221;][et_pb_button button_url=&#8221;https:\/\/www.filixlighting.com\/ies\/outdoor_infos\/archive_030.zip&#8221; url_new_window=&#8221;on&#8221; button_text=&#8221;IES-LDT Data&#8221; button_alignment=&#8221;center&#8221; _builder_version=&#8221;4.18.0&#8243; _module_preset=&#8221;default&#8221; custom_button=&#8221;on&#8221; button_text_size=&#8221;16px&#8221; global_colors_info=&#8221;{}&#8221;][\/et_pb_button][\/et_pb_column][\/et_pb_row][\/et_pb_section]<\/p>\n","protected":false},"excerpt":{"rendered":"<p>STEP UP Slim Corner Balisage lin\u00e9aire continu pour une utilisation en ext\u00e9rieur ou en int\u00e9rieur. Pot d\u2019encastrement en acier inoxydable. Fiche techniqueTable de codificationApplications\u00a0 Mise en lumi\u00e8re architecturale et paysag\u00e8re Encastrement au sol Balisage El\u00e9ment d&#8217;angle 90 degr\u00e9s Encastr\u00e9 de sol (gravier, terre ou b\u00e9ton) UL STD 1598, IP67, environnement humide, r\u00e9sistance 3000kg Luminaire Driver [&hellip;]<\/p>\n","protected":false},"author":1,"featured_media":0,"parent":0,"menu_order":0,"comment_status":"closed","ping_status":"closed","template":"","meta":{"_et_pb_use_builder":"on","_et_pb_old_content":"","_et_gb_content_width":"","footnotes":""},"class_list":["post-3155","page","type-page","status-publish","hentry"],"_links":{"self":[{"href":"https:\/\/www.abak-eclairage.fr\/index.php\/wp-json\/wp\/v2\/pages\/3155","targetHints":{"allow":["GET"]}}],"collection":[{"href":"https:\/\/www.abak-eclairage.fr\/index.php\/wp-json\/wp\/v2\/pages"}],"about":[{"href":"https:\/\/www.abak-eclairage.fr\/index.php\/wp-json\/wp\/v2\/types\/page"}],"author":[{"embeddable":true,"href":"https:\/\/www.abak-eclairage.fr\/index.php\/wp-json\/wp\/v2\/users\/1"}],"replies":[{"embeddable":true,"href":"https:\/\/www.abak-eclairage.fr\/index.php\/wp-json\/wp\/v2\/comments?post=3155"}],"version-history":[{"count":8,"href":"https:\/\/www.abak-eclairage.fr\/index.php\/wp-json\/wp\/v2\/pages\/3155\/revisions"}],"predecessor-version":[{"id":4224,"href":"https:\/\/www.abak-eclairage.fr\/index.php\/wp-json\/wp\/v2\/pages\/3155\/revisions\/4224"}],"wp:attachment":[{"href":"https:\/\/www.abak-eclairage.fr\/index.php\/wp-json\/wp\/v2\/media?parent=3155"}],"curies":[{"name":"wp","href":"https:\/\/api.w.org\/{rel}","templated":true}]}}