{"id":293,"date":"2021-03-15T11:02:23","date_gmt":"2021-03-15T11:02:23","guid":{"rendered":"https:\/\/www.abak-eclairage.fr\/?page_id=293"},"modified":"2021-03-15T11:07:27","modified_gmt":"2021-03-15T11:07:27","slug":"epfig","status":"publish","type":"page","link":"https:\/\/www.abak-eclairage.fr\/index.php\/epfig\/","title":{"rendered":"Epfig"},"content":{"rendered":"<p>[et_pb_section fb_built=&#8221;1&#8243; _builder_version=&#8221;4.9.2&#8243; _module_preset=&#8221;default&#8221; custom_padding=&#8221;30px|||||&#8221; hover_enabled=&#8221;0&#8243; sticky_enabled=&#8221;0&#8243;][et_pb_row _builder_version=&#8221;4.9.2&#8243; _module_preset=&#8221;default&#8221;][et_pb_column type=&#8221;4_4&#8243; _builder_version=&#8221;4.9.2&#8243; _module_preset=&#8221;default&#8221;][et_pb_image src=&#8221;https:\/\/www.abak-eclairage.fr\/wp-content\/uploads\/2021\/03\/IMG_8108-copie.jpg&#8221; title_text=&#8221;IMG_8108 copie&#8221; _builder_version=&#8221;4.9.2&#8243; _module_preset=&#8221;default&#8221; animation_style=&#8221;slide&#8221; animation_direction=&#8221;bottom&#8221; animation_intensity_slide=&#8221;10%&#8221; hover_enabled=&#8221;0&#8243; sticky_enabled=&#8221;0&#8243;][\/et_pb_image][\/et_pb_column][\/et_pb_row][et_pb_row column_structure=&#8221;1_2,1_2&#8243; _builder_version=&#8221;4.9.2&#8243; _module_preset=&#8221;default&#8221;][et_pb_column type=&#8221;1_2&#8243; _builder_version=&#8221;4.9.2&#8243; _module_preset=&#8221;default&#8221;][et_pb_image src=&#8221;https:\/\/www.abak-eclairage.fr\/wp-content\/uploads\/2021\/03\/IMG_8104.jpg&#8221; title_text=&#8221;IMG_8104&#8243; _builder_version=&#8221;4.9.2&#8243; _module_preset=&#8221;default&#8221; animation_style=&#8221;slide&#8221; animation_direction=&#8221;bottom&#8221; animation_intensity_slide=&#8221;10%&#8221; hover_enabled=&#8221;0&#8243; sticky_enabled=&#8221;0&#8243;][\/et_pb_image][\/et_pb_column][et_pb_column type=&#8221;1_2&#8243; _builder_version=&#8221;4.9.2&#8243; _module_preset=&#8221;default&#8221;][et_pb_image src=&#8221;https:\/\/www.abak-eclairage.fr\/wp-content\/uploads\/2021\/03\/IMG_8044.jpg&#8221; title_text=&#8221;IMG_8044&#8243; _builder_version=&#8221;4.9.2&#8243; _module_preset=&#8221;default&#8221; animation_style=&#8221;slide&#8221; animation_direction=&#8221;bottom&#8221; animation_intensity_slide=&#8221;10%&#8221; hover_enabled=&#8221;0&#8243; sticky_enabled=&#8221;0&#8243; min_height=&#8221;730.5px&#8221; custom_padding=&#8221;||1px|8px||&#8221;][\/et_pb_image][\/et_pb_column][\/et_pb_row][et_pb_row _builder_version=&#8221;4.9.2&#8243; _module_preset=&#8221;default&#8221;][et_pb_column type=&#8221;4_4&#8243; _builder_version=&#8221;4.9.2&#8243; _module_preset=&#8221;default&#8221;][et_pb_image src=&#8221;https:\/\/www.abak-eclairage.fr\/wp-content\/uploads\/2021\/03\/IMG_8083.jpg&#8221; title_text=&#8221;IMG_8083&#8243; _builder_version=&#8221;4.9.2&#8243; _module_preset=&#8221;default&#8221; animation_style=&#8221;slide&#8221; animation_direction=&#8221;bottom&#8221; animation_intensity_slide=&#8221;10%&#8221; hover_enabled=&#8221;0&#8243; sticky_enabled=&#8221;0&#8243;][\/et_pb_image][\/et_pb_column][\/et_pb_row][et_pb_row column_structure=&#8221;1_3,2_3&#8243; _builder_version=&#8221;4.9.2&#8243; _module_preset=&#8221;default&#8221;][et_pb_column type=&#8221;1_3&#8243; _builder_version=&#8221;4.9.2&#8243; _module_preset=&#8221;default&#8221;][et_pb_image src=&#8221;https:\/\/www.abak-eclairage.fr\/wp-content\/uploads\/2021\/03\/IMG_8124.jpg&#8221; title_text=&#8221;IMG_8124&#8243; _builder_version=&#8221;4.9.2&#8243; _module_preset=&#8221;default&#8221; animation_style=&#8221;slide&#8221; animation_direction=&#8221;bottom&#8221; animation_intensity_slide=&#8221;10%&#8221; hover_enabled=&#8221;0&#8243; sticky_enabled=&#8221;0&#8243; custom_padding=&#8221;|9px||||&#8221;][\/et_pb_image][\/et_pb_column][et_pb_column type=&#8221;2_3&#8243; _builder_version=&#8221;4.9.2&#8243; _module_preset=&#8221;default&#8221;][et_pb_image src=&#8221;https:\/\/www.abak-eclairage.fr\/wp-content\/uploads\/2021\/03\/IMG_8144.jpg&#8221; title_text=&#8221;IMG_8144&#8243; _builder_version=&#8221;4.9.2&#8243; _module_preset=&#8221;default&#8221; animation_style=&#8221;slide&#8221; animation_direction=&#8221;bottom&#8221; animation_intensity_slide=&#8221;10%&#8221; hover_enabled=&#8221;0&#8243; sticky_enabled=&#8221;0&#8243; custom_padding=&#8221;||1px|0px||&#8221;][\/et_pb_image][\/et_pb_column][\/et_pb_row][et_pb_row _builder_version=&#8221;4.9.2&#8243; _module_preset=&#8221;default&#8221;][et_pb_column type=&#8221;4_4&#8243; _builder_version=&#8221;4.9.2&#8243; _module_preset=&#8221;default&#8221;][et_pb_text _builder_version=&#8221;4.9.2&#8243; _module_preset=&#8221;default&#8221; text_line_height=&#8221;1em&#8221; hover_enabled=&#8221;0&#8243; sticky_enabled=&#8221;0&#8243;]<\/p>\n<h4>Centre Ville<\/h4>\n<h5>Epfig<\/h5>\n<p>&nbsp;<\/p>\n<p>&nbsp;<\/p>\n<p>Type de r\u00e9alisation : Eclairage urbain<\/p>\n<p>Type de b\u00e2timent : C<em>\u0153<\/em>ur de ville<\/p>\n<p>&nbsp;<\/p>\n<p><strong>PRODUIT :<\/strong> Nightspot B &#8211; Fluxa<\/p>\n<p>[\/et_pb_text][\/et_pb_column][\/et_pb_row][\/et_pb_section]<\/p>\n","protected":false},"excerpt":{"rendered":"<p>Centre Ville Epfig &nbsp; &nbsp; Type de r\u00e9alisation : Eclairage urbain Type de b\u00e2timent : C\u0153ur de ville &nbsp; PRODUIT : Nightspot B &#8211; Fluxa<\/p>\n","protected":false},"author":1,"featured_media":0,"parent":0,"menu_order":0,"comment_status":"closed","ping_status":"closed","template":"","meta":{"_et_pb_use_builder":"on","_et_pb_old_content":"","_et_gb_content_width":"","footnotes":""},"class_list":["post-293","page","type-page","status-publish","hentry"],"_links":{"self":[{"href":"https:\/\/www.abak-eclairage.fr\/index.php\/wp-json\/wp\/v2\/pages\/293","targetHints":{"allow":["GET"]}}],"collection":[{"href":"https:\/\/www.abak-eclairage.fr\/index.php\/wp-json\/wp\/v2\/pages"}],"about":[{"href":"https:\/\/www.abak-eclairage.fr\/index.php\/wp-json\/wp\/v2\/types\/page"}],"author":[{"embeddable":true,"href":"https:\/\/www.abak-eclairage.fr\/index.php\/wp-json\/wp\/v2\/users\/1"}],"replies":[{"embeddable":true,"href":"https:\/\/www.abak-eclairage.fr\/index.php\/wp-json\/wp\/v2\/comments?post=293"}],"version-history":[{"count":3,"href":"https:\/\/www.abak-eclairage.fr\/index.php\/wp-json\/wp\/v2\/pages\/293\/revisions"}],"predecessor-version":[{"id":306,"href":"https:\/\/www.abak-eclairage.fr\/index.php\/wp-json\/wp\/v2\/pages\/293\/revisions\/306"}],"wp:attachment":[{"href":"https:\/\/www.abak-eclairage.fr\/index.php\/wp-json\/wp\/v2\/media?parent=293"}],"curies":[{"name":"wp","href":"https:\/\/api.w.org\/{rel}","templated":true}]}}