{"id":2908,"date":"2022-08-27T17:12:54","date_gmt":"2022-08-27T17:12:54","guid":{"rendered":"https:\/\/www.abak-eclairage.fr\/?page_id=2908"},"modified":"2024-12-10T09:31:53","modified_gmt":"2024-12-10T09:31:53","slug":"str9-lite-mono","status":"publish","type":"page","link":"https:\/\/www.abak-eclairage.fr\/index.php\/str9-lite-mono\/","title":{"rendered":"STR9 Lite Mono"},"content":{"rendered":"<p>[et_pb_section fb_built=&#8221;1&#8243; _builder_version=&#8221;4.16&#8243; _module_preset=&#8221;default&#8221; custom_padding=&#8221;0px||9px|||&#8221; global_colors_info=&#8221;{}&#8221;][et_pb_row column_structure=&#8221;1_4,1_4,1_4,1_4&#8243; _builder_version=&#8221;4.17.6&#8243; _module_preset=&#8221;default&#8221; custom_padding=&#8221;||12px|||&#8221; global_colors_info=&#8221;{}&#8221;][et_pb_column type=&#8221;1_4&#8243; _builder_version=&#8221;4.17.6&#8243; _module_preset=&#8221;default&#8221; global_colors_info=&#8221;{}&#8221;][\/et_pb_column][et_pb_column type=&#8221;1_4&#8243; _builder_version=&#8221;4.17.6&#8243; _module_preset=&#8221;default&#8221; global_colors_info=&#8221;{}&#8221;][\/et_pb_column][et_pb_column type=&#8221;1_4&#8243; _builder_version=&#8221;4.17.6&#8243; _module_preset=&#8221;default&#8221; global_colors_info=&#8221;{}&#8221;][et_pb_image src=&#8221;https:\/\/www.abak-eclairage.fr\/wp-content\/uploads\/2022\/08\/infinity-logo-color.png&#8221; title_text=&#8221;infinity logo color&#8221; url=&#8221;@ET-DC@eyJkeW5hbWljIjp0cnVlLCJjb250ZW50IjoicG9zdF9saW5rX3VybF9wYWdlIiwic2V0dGluZ3MiOnsicG9zdF9pZCI6IjQ1MDIifX0=@&#8221; url_new_window=&#8221;on&#8221; _builder_version=&#8221;4.22.2&#8243; _dynamic_attributes=&#8221;url&#8221; _module_preset=&#8221;default&#8221; transform_scale=&#8221;80%|80%&#8221; width_tablet=&#8221;70%&#8221; width_phone=&#8221;70%&#8221; width_last_edited=&#8221;on|phone&#8221; module_alignment=&#8221;center&#8221; custom_margin=&#8221;-10px||||false|false&#8221; global_colors_info=&#8221;{}&#8221;][\/et_pb_image][\/et_pb_column][et_pb_column type=&#8221;1_4&#8243; _builder_version=&#8221;4.17.6&#8243; _module_preset=&#8221;default&#8221; global_colors_info=&#8221;{}&#8221;][et_pb_button button_url=&#8221;https:\/\/www.abak-eclairage.fr\/wp-content\/uploads\/2024\/11\/STR9_LITE_MONO.pdf&#8221; url_new_window=&#8221;on&#8221; button_text=&#8221;Fichier pour impression&#8221; button_alignment=&#8221;center&#8221; _builder_version=&#8221;4.24.2&#8243; _module_preset=&#8221;default&#8221; custom_button=&#8221;on&#8221; button_text_size=&#8221;15px&#8221; button_text_color=&#8221;#7f0070&#8243; global_colors_info=&#8221;{}&#8221; button_text_color__hover_enabled=&#8221;on|hover&#8221; button_text_color__hover=&#8221;#FFFFFF&#8221; button_bg_color__hover_enabled=&#8221;on|hover&#8221; button_bg_color__hover=&#8221;#7f0070&#8243; button_bg_enable_color__hover=&#8221;on&#8221;][\/et_pb_button][\/et_pb_column][\/et_pb_row][et_pb_row _builder_version=&#8221;4.17.4&#8243; _module_preset=&#8221;default&#8221; custom_padding=&#8221;0px||0px|||&#8221; global_colors_info=&#8221;{}&#8221;][et_pb_column type=&#8221;4_4&#8243; _builder_version=&#8221;4.16&#8243; _module_preset=&#8221;default&#8221; global_colors_info=&#8221;{}&#8221;][et_pb_text _builder_version=&#8221;4.19.5&#8243; _module_preset=&#8221;default&#8221; text_font=&#8221;Rubik||||||||&#8221; header_font=&#8221;Rubik||||||||&#8221; header_text_color=&#8221;#777777&#8243; header_font_size=&#8221;35px&#8221; header_5_font=&#8221;Rubik|300|||||||&#8221; header_5_text_color=&#8221;#777777&#8243; global_colors_info=&#8221;{}&#8221;]<\/p>\n<h1 class=\"p1\"><span>STR9\u00ae LITE MONOCHROMATIQUE<\/span><\/h1>\n<h5 class=\"p1\"><span class=\"s1\">R\u00e9glette LEDs monochromatique pour installation en int\u00e9rieur<\/span><\/h5>\n<p>[\/et_pb_text][\/et_pb_column][\/et_pb_row][et_pb_row column_structure=&#8221;1_2,1_2&#8243; _builder_version=&#8221;4.17.6&#8243; _module_preset=&#8221;default&#8221; custom_padding=&#8221;||0px|||&#8221; global_colors_info=&#8221;{}&#8221;][et_pb_column type=&#8221;1_2&#8243; _builder_version=&#8221;4.17.6&#8243; _module_preset=&#8221;default&#8221; global_colors_info=&#8221;{}&#8221;][et_pb_image src=&#8221;https:\/\/www.abak-eclairage.fr\/wp-content\/uploads\/2023\/02\/STR9\u00ae-LITE-MONO_1.png&#8221; title_text=&#8221;STR9\u00ae LITE MONO_1&#8243; _builder_version=&#8221;4.19.5&#8243; _module_preset=&#8221;default&#8221; global_colors_info=&#8221;{}&#8221;][\/et_pb_image][\/et_pb_column][et_pb_column type=&#8221;1_2&#8243; _builder_version=&#8221;4.17.6&#8243; _module_preset=&#8221;default&#8221; global_colors_info=&#8221;{}&#8221;][et_pb_image src=&#8221;https:\/\/www.abak-eclairage.fr\/wp-content\/uploads\/2024\/12\/STR9_LITEMONO_SCHEMA-copie-scaled.jpg&#8221; title_text=&#8221;Screenshot&#8221; _builder_version=&#8221;4.24.2&#8243; _module_preset=&#8221;default&#8221; width=&#8221;115%&#8221; custom_margin=&#8221;|||-20px|false|false&#8221; hover_enabled=&#8221;0&#8243; global_colors_info=&#8221;{}&#8221; sticky_enabled=&#8221;0&#8243;][\/et_pb_image][\/et_pb_column][\/et_pb_row][et_pb_row column_structure=&#8221;1_3,1_3,1_3&#8243; _builder_version=&#8221;4.18.0&#8243; _module_preset=&#8221;default&#8221; custom_padding=&#8221;0px|||||&#8221; global_colors_info=&#8221;{}&#8221;][et_pb_column type=&#8221;1_3&#8243; _builder_version=&#8221;4.18.0&#8243; _module_preset=&#8221;default&#8221; global_colors_info=&#8221;{}&#8221;][\/et_pb_column][et_pb_column type=&#8221;1_3&#8243; _builder_version=&#8221;4.18.0&#8243; _module_preset=&#8221;default&#8221; global_colors_info=&#8221;{}&#8221;][et_pb_image src=&#8221;https:\/\/www.abak-eclairage.fr\/wp-content\/uploads\/2022\/08\/STR9\u00ae-LITE-MONO_3.png&#8221; title_text=&#8221;STR9\u00ae LITE MONO_3&#8243; align=&#8221;center&#8221; _builder_version=&#8221;4.22.2&#8243; _module_preset=&#8221;default&#8221; width=&#8221;120%&#8221; width_tablet=&#8221;70%&#8221; width_phone=&#8221;70%&#8221; width_last_edited=&#8221;on|phone&#8221; module_alignment=&#8221;center&#8221; global_colors_info=&#8221;{}&#8221;][\/et_pb_image][\/et_pb_column][et_pb_column type=&#8221;1_3&#8243; _builder_version=&#8221;4.18.0&#8243; _module_preset=&#8221;default&#8221; global_colors_info=&#8221;{}&#8221;][\/et_pb_column][\/et_pb_row][et_pb_row _builder_version=&#8221;4.17.6&#8243; _module_preset=&#8221;default&#8221; custom_padding=&#8221;0px|||||&#8221; global_colors_info=&#8221;{}&#8221;][et_pb_column type=&#8221;4_4&#8243; _builder_version=&#8221;4.17.6&#8243; _module_preset=&#8221;default&#8221; global_colors_info=&#8221;{}&#8221;][et_pb_divider divider_weight=&#8221;1px&#8221; _builder_version=&#8221;4.17.6&#8243; _module_preset=&#8221;default&#8221; custom_margin=&#8221;||-20px||false|false&#8221; filter_opacity=&#8221;30%&#8221; global_colors_info=&#8221;{}&#8221;][\/et_pb_divider][\/et_pb_column][\/et_pb_row][et_pb_row column_structure=&#8221;1_2,1_2&#8243; _builder_version=&#8221;4.16&#8243; _module_preset=&#8221;default&#8221; custom_padding=&#8221;0px||0px|||&#8221; global_colors_info=&#8221;{}&#8221;][et_pb_column type=&#8221;1_2&#8243; _builder_version=&#8221;4.16&#8243; _module_preset=&#8221;default&#8221; global_colors_info=&#8221;{}&#8221;][et_pb_text _builder_version=&#8221;4.17.6&#8243; _module_preset=&#8221;default&#8221; text_font_size=&#8221;18px&#8221; header_3_font_size=&#8221;32px&#8221; header_4_font=&#8221;Rubik|300|||||||&#8221; header_4_font_size=&#8221;25px&#8221; custom_margin=&#8221;||0px|||&#8221; global_colors_info=&#8221;{}&#8221;]<\/p>\n<h4 class=\"p1\">PRINCIPALES CARACT\u00c9RISTIQUES<\/h4>\n<p>[\/et_pb_text][et_pb_text _builder_version=&#8221;4.24.2&#8243; _module_preset=&#8221;default&#8221; text_font=&#8221;||||||||&#8221; text_font_size=&#8221;17px&#8221; global_colors_info=&#8221;{}&#8221;]<\/p>\n<ul>\n<li class=\"p1\">1\u00a0200 lumens d\u00e9livr\u00e9s<\/li>\n<li class=\"p1\">L&#8217;espacement des LED est maintenu entre les luminaires pour \u00e9liminer les points sombres<\/li>\n<li class=\"p1\">Lentille en verre tremp\u00e9 optiquement transparente<\/li>\n<li class=\"p2\">Fente de montage polyvalente pour une gamme d&#8217;options de montage<\/li>\n<li class=\"p2\">Adressabilit\u00e9 de 300 mm<\/li>\n<li class=\"p2\">Compact et l\u00e9ger<\/li>\n<li class=\"p1\">Le film diffuseur cr\u00e9e une lumi\u00e8re uniforme adjacente au luminaire<\/li>\n<li class=\"p1\">La technologie INFINITY\u00ae permet des circuits d&#8217;\u00e9clairage exceptionnellement longs<\/li>\n<li class=\"p1\">Excellente coh\u00e9rence des couleurs LED \u00e0 LED<\/li>\n<li class=\"p1\">C\u00e2blage traversant pour une connexion de bout en bout et plug-and-play avec la s\u00e9rie FL<\/li>\n<\/ul>\n<p>[\/et_pb_text][\/et_pb_column][et_pb_column type=&#8221;1_2&#8243; _builder_version=&#8221;4.17.4&#8243; _module_preset=&#8221;default&#8221; global_colors_info=&#8221;{}&#8221;][et_pb_text _builder_version=&#8221;4.17.6&#8243; _module_preset=&#8221;default&#8221; text_font_size=&#8221;18px&#8221; header_3_font_size=&#8221;32px&#8221; header_4_font=&#8221;Rubik|300|||||||&#8221; header_4_font_size=&#8221;25px&#8221; custom_margin=&#8221;||-1px|||&#8221; global_colors_info=&#8221;{}&#8221;]<\/p>\n<h4 class=\"p1\">COULEURS LED<\/h4>\n<p>[\/et_pb_text][et_pb_image src=&#8221;https:\/\/www.abak-eclairage.fr\/wp-content\/uploads\/2022\/08\/STR9slimMono_3.png&#8221; title_text=&#8221;STR9slimMono_3&#8243; _builder_version=&#8221;4.18.0&#8243; _module_preset=&#8221;default&#8221; global_colors_info=&#8221;{}&#8221;][\/et_pb_image][\/et_pb_column][\/et_pb_row][et_pb_row _builder_version=&#8221;4.17.6&#8243; _module_preset=&#8221;default&#8221; custom_padding=&#8221;0px|||||&#8221; global_colors_info=&#8221;{}&#8221;][et_pb_column type=&#8221;4_4&#8243; _builder_version=&#8221;4.17.6&#8243; _module_preset=&#8221;default&#8221; global_colors_info=&#8221;{}&#8221;][et_pb_divider divider_weight=&#8221;1px&#8221; _builder_version=&#8221;4.17.6&#8243; _module_preset=&#8221;default&#8221; custom_margin=&#8221;||-20px||false|false&#8221; filter_opacity=&#8221;30%&#8221; global_colors_info=&#8221;{}&#8221;][\/et_pb_divider][\/et_pb_column][\/et_pb_row][et_pb_row column_structure=&#8221;1_2,1_2&#8243; _builder_version=&#8221;4.16&#8243; _module_preset=&#8221;default&#8221; custom_padding=&#8221;0px||18px|||&#8221; global_colors_info=&#8221;{}&#8221;][et_pb_column type=&#8221;1_2&#8243; _builder_version=&#8221;4.16&#8243; _module_preset=&#8221;default&#8221; global_colors_info=&#8221;{}&#8221;][et_pb_text _builder_version=&#8221;4.17.6&#8243; _module_preset=&#8221;default&#8221; text_font_size=&#8221;18px&#8221; header_3_font_size=&#8221;32px&#8221; header_4_font=&#8221;Rubik|300|||||||&#8221; header_4_font_size=&#8221;25px&#8221; custom_margin=&#8221;||0px|||&#8221; global_colors_info=&#8221;{}&#8221;]<\/p>\n<h4 class=\"p1\">SP\u00c9CIFICATIONS<\/h4>\n<p>[\/et_pb_text][et_pb_text _builder_version=&#8221;4.18.0&#8243; _module_preset=&#8221;default&#8221; text_font=&#8221;||||||||&#8221; text_font_size=&#8221;16px&#8221; text_line_height=&#8221;1.8em&#8221; global_colors_info=&#8221;{}&#8221;]<strong>LUMENS D\u00c9LIVR\u00c9S : <\/strong>3\u00a0755 lm\/m<br \/>\n<strong>SOURCE LUMINEUSE :<\/strong> 6 x LED haute puissance \/ 300 mm<br \/>\n<strong>IRC\u00a0:<\/strong>\u00a0 &gt;\u00a080<br \/>\n<strong>PUISSANCE\u00a0:<\/strong> 3W, 5W, 10W ou 15W \/300 mm<br \/>\n<strong>TENSION D&#8217;ENTR\u00c9E :<\/strong> ELV (48VDC) ou INF (380VDC)<br \/>\n<strong>TAILLE :<\/strong> 72 x 51 mm<br \/>\n<strong>LONGUEUR<\/strong> : 300, 600, 900, 1200 ou 1500 mm<br \/>\n<strong>POIDS :<\/strong> 1,0 kg\/300 mm<br \/>\n<strong>ADRESSABILIT\u00c9 :<\/strong> 300 mm<br \/>\n<strong>CONTR\u00d4LE\u00a0:<\/strong> DMX, DALI ou 0~10V<br \/>\n<strong>DUR\u00c9E DE VIE PROJET\u00c9E\u00a0:<\/strong> L70\u00a0> 54\u00a0000\u00a0heures \u00e0 Ta = 25\u00a0\u00b0C<br \/>\n<strong>TEMP\u00c9RATURE DE FONCTIONNEMENT :<\/strong> 0\u00b0C \u00e0 +50\u00b0C<br \/>\n<strong>ENVIRONNEMENT\u00a0:<\/strong> emplacements secs ou humides uniquement<br \/>\n<strong>CLASSE CEI :<\/strong> Luminaire LED Classe 1[\/et_pb_text][\/et_pb_column][et_pb_column type=&#8221;1_2&#8243; _builder_version=&#8221;4.17.4&#8243; _module_preset=&#8221;default&#8221; global_colors_info=&#8221;{}&#8221;][et_pb_text _builder_version=&#8221;4.17.6&#8243; _module_preset=&#8221;default&#8221; text_font_size=&#8221;18px&#8221; header_3_font_size=&#8221;32px&#8221; header_4_font=&#8221;Rubik|300|||||||&#8221; header_4_font_size=&#8221;25px&#8221; custom_margin=&#8221;||0px|||&#8221; global_colors_info=&#8221;{}&#8221;]<\/p>\n<h4 class=\"p1\">FINITION<\/h4>\n<p>[\/et_pb_text][et_pb_image src=&#8221;https:\/\/www.abak-eclairage.fr\/wp-content\/uploads\/2023\/12\/finition.png&#8221; title_text=&#8221;finition&#8221; _builder_version=&#8221;4.23.1&#8243; _module_preset=&#8221;default&#8221; width=&#8221;90%&#8221; global_colors_info=&#8221;{}&#8221;][\/et_pb_image][\/et_pb_column][\/et_pb_row][et_pb_row _builder_version=&#8221;4.17.6&#8243; _module_preset=&#8221;default&#8221; custom_padding=&#8221;0px|||||&#8221; global_colors_info=&#8221;{}&#8221;][et_pb_column type=&#8221;4_4&#8243; _builder_version=&#8221;4.17.6&#8243; _module_preset=&#8221;default&#8221; global_colors_info=&#8221;{}&#8221;][et_pb_divider divider_weight=&#8221;1px&#8221; _builder_version=&#8221;4.17.6&#8243; _module_preset=&#8221;default&#8221; custom_margin=&#8221;||-20px||false|false&#8221; filter_opacity=&#8221;30%&#8221; global_colors_info=&#8221;{}&#8221;][\/et_pb_divider][\/et_pb_column][\/et_pb_row][et_pb_row column_structure=&#8221;1_2,1_2&#8243; _builder_version=&#8221;4.16&#8243; _module_preset=&#8221;default&#8221; custom_padding=&#8221;3px||0px|||&#8221; global_colors_info=&#8221;{}&#8221;][et_pb_column type=&#8221;1_2&#8243; _builder_version=&#8221;4.16&#8243; _module_preset=&#8221;default&#8221; global_colors_info=&#8221;{}&#8221;][et_pb_text _builder_version=&#8221;4.17.6&#8243; _module_preset=&#8221;default&#8221; text_font_size=&#8221;18px&#8221; header_3_font_size=&#8221;32px&#8221; header_4_font=&#8221;Rubik|300|||||||&#8221; header_4_font_size=&#8221;25px&#8221; custom_margin=&#8221;||2px|||&#8221; global_colors_info=&#8221;{}&#8221;]<\/p>\n<h4 class=\"p1\">ACCESOIRES<\/h4>\n<p>[\/et_pb_text][et_pb_image src=&#8221;https:\/\/www.abak-eclairage.fr\/wp-content\/uploads\/2022\/08\/STR9GEN3_7.png&#8221; title_text=&#8221;STR9GEN3_7&#8243; _builder_version=&#8221;4.18.0&#8243; _module_preset=&#8221;default&#8221; global_colors_info=&#8221;{}&#8221;][\/et_pb_image][\/et_pb_column][et_pb_column type=&#8221;1_2&#8243; _builder_version=&#8221;4.17.4&#8243; _module_preset=&#8221;default&#8221; global_colors_info=&#8221;{}&#8221;][et_pb_text _builder_version=&#8221;4.23.1&#8243; _module_preset=&#8221;default&#8221; text_font_size=&#8221;18px&#8221; header_3_font_size=&#8221;32px&#8221; header_4_font=&#8221;Rubik|300|||||||&#8221; header_4_font_size=&#8221;25px&#8221; custom_margin=&#8221;||-1px|||&#8221; global_colors_info=&#8221;{}&#8221;]<\/p>\n<h4 class=\"p1\">ANGLES D&#8217;OUVERTURE<\/h4>\n<p>[\/et_pb_text][et_pb_image src=&#8221;https:\/\/www.abak-eclairage.fr\/wp-content\/uploads\/2022\/08\/STR9\u00ae-LITE-MONO_4-1.png&#8221; title_text=&#8221;STR9\u00ae LITE MONO_4&#8243; _builder_version=&#8221;4.18.0&#8243; _module_preset=&#8221;default&#8221; global_colors_info=&#8221;{}&#8221;][\/et_pb_image][\/et_pb_column][\/et_pb_row][et_pb_row column_structure=&#8221;1_4,1_4,1_4,1_4&#8243; _builder_version=&#8221;4.17.4&#8243; _module_preset=&#8221;default&#8221; custom_padding=&#8221;4px|||||&#8221; global_colors_info=&#8221;{}&#8221;][et_pb_column type=&#8221;1_4&#8243; _builder_version=&#8221;4.17.4&#8243; _module_preset=&#8221;default&#8221; global_colors_info=&#8221;{}&#8221;][et_pb_button button_url=&#8221;https:\/\/www.abak-eclairage.fr\/wp-content\/uploads\/2024\/11\/STR9_LITE_MONO.pdf&#8221; url_new_window=&#8221;on&#8221; button_text=&#8221;PDF&#8221; button_alignment=&#8221;right&#8221; _builder_version=&#8221;4.24.2&#8243; _module_preset=&#8221;default&#8221; custom_button=&#8221;on&#8221; button_text_size=&#8221;16px&#8221; button_text_color=&#8221;#7f0070&#8243; global_colors_info=&#8221;{}&#8221;][\/et_pb_button][\/et_pb_column][et_pb_column type=&#8221;1_4&#8243; _builder_version=&#8221;4.17.4&#8243; _module_preset=&#8221;default&#8221; global_colors_info=&#8221;{}&#8221;][et_pb_button button_url=&#8221;https:\/\/gvalighting.com\/media\/products\/str9-lite-mono\/SP-STR9-LITE-MONO.pdf&#8221; url_new_window=&#8221;on&#8221; button_text=&#8221;Fiche technique&#8221; button_alignment=&#8221;center&#8221; _builder_version=&#8221;4.22.2&#8243; _module_preset=&#8221;default&#8221; custom_button=&#8221;on&#8221; button_text_size=&#8221;16px&#8221; button_text_color=&#8221;#7f0070&#8243; global_colors_info=&#8221;{}&#8221;][\/et_pb_button][\/et_pb_column][et_pb_column type=&#8221;1_4&#8243; _builder_version=&#8221;4.22.2&#8243; _module_preset=&#8221;default&#8221; global_colors_info=&#8221;{}&#8221;][et_pb_button button_url=&#8221;https:\/\/gvalighting.com\/media\/PH-STR9-LITE-MONO.zip&#8221; url_new_window=&#8221;on&#8221; button_text=&#8221;Rapport de photom\u00e9trie&#8221; _builder_version=&#8221;4.18.0&#8243; _module_preset=&#8221;default&#8221; custom_button=&#8221;on&#8221; button_text_size=&#8221;16px&#8221; button_text_color=&#8221;#7f0070&#8243; global_colors_info=&#8221;{}&#8221;][\/et_pb_button][\/et_pb_column][et_pb_column type=&#8221;1_4&#8243; _builder_version=&#8221;4.17.4&#8243; _module_preset=&#8221;default&#8221; global_colors_info=&#8221;{}&#8221;][\/et_pb_column][\/et_pb_row][\/et_pb_section]<\/p>\n","protected":false},"excerpt":{"rendered":"<p>STR9\u00ae LITE MONOCHROMATIQUE R\u00e9glette LEDs monochromatique pour installation en int\u00e9rieurPRINCIPALES CARACT\u00c9RISTIQUES 1\u00a0200 lumens d\u00e9livr\u00e9s L&#8217;espacement des LED est maintenu entre les luminaires pour \u00e9liminer les points sombres Lentille en verre tremp\u00e9 optiquement transparente Fente de montage polyvalente pour une gamme d&#8217;options de montage Adressabilit\u00e9 de 300 mm Compact et l\u00e9ger Le film diffuseur cr\u00e9e une [&hellip;]<\/p>\n","protected":false},"author":1,"featured_media":0,"parent":0,"menu_order":0,"comment_status":"closed","ping_status":"closed","template":"","meta":{"_et_pb_use_builder":"on","_et_pb_old_content":"","_et_gb_content_width":"","footnotes":""},"class_list":["post-2908","page","type-page","status-publish","hentry"],"_links":{"self":[{"href":"https:\/\/www.abak-eclairage.fr\/index.php\/wp-json\/wp\/v2\/pages\/2908","targetHints":{"allow":["GET"]}}],"collection":[{"href":"https:\/\/www.abak-eclairage.fr\/index.php\/wp-json\/wp\/v2\/pages"}],"about":[{"href":"https:\/\/www.abak-eclairage.fr\/index.php\/wp-json\/wp\/v2\/types\/page"}],"author":[{"embeddable":true,"href":"https:\/\/www.abak-eclairage.fr\/index.php\/wp-json\/wp\/v2\/users\/1"}],"replies":[{"embeddable":true,"href":"https:\/\/www.abak-eclairage.fr\/index.php\/wp-json\/wp\/v2\/comments?post=2908"}],"version-history":[{"count":25,"href":"https:\/\/www.abak-eclairage.fr\/index.php\/wp-json\/wp\/v2\/pages\/2908\/revisions"}],"predecessor-version":[{"id":5892,"href":"https:\/\/www.abak-eclairage.fr\/index.php\/wp-json\/wp\/v2\/pages\/2908\/revisions\/5892"}],"wp:attachment":[{"href":"https:\/\/www.abak-eclairage.fr\/index.php\/wp-json\/wp\/v2\/media?parent=2908"}],"curies":[{"name":"wp","href":"https:\/\/api.w.org\/{rel}","templated":true}]}}