{"id":2241,"date":"2022-07-04T17:54:10","date_gmt":"2022-07-04T17:54:10","guid":{"rendered":"https:\/\/www.abak-eclairage.fr\/?page_id=2241"},"modified":"2023-09-19T15:23:01","modified_gmt":"2023-09-19T15:23:01","slug":"faro","status":"publish","type":"page","link":"https:\/\/www.abak-eclairage.fr\/index.php\/faro\/","title":{"rendered":"FARO"},"content":{"rendered":"<p>[et_pb_section fb_built=&#8221;1&#8243; _builder_version=&#8221;4.16&#8243; _module_preset=&#8221;default&#8221; global_colors_info=&#8221;{}&#8221;][et_pb_row _builder_version=&#8221;4.22.1&#8243; _module_preset=&#8221;default&#8221; hover_enabled=&#8221;0&#8243; global_colors_info=&#8221;{}&#8221; custom_margin=&#8221;-20px||||false|false&#8221; sticky_enabled=&#8221;0&#8243;][et_pb_column type=&#8221;4_4&#8243; _builder_version=&#8221;4.16&#8243; _module_preset=&#8221;default&#8221; global_colors_info=&#8221;{}&#8221;][et_pb_button button_url=&#8221;https:\/\/www.abak-eclairage.fr\/wp-content\/uploads\/2022\/12\/FARO.pdf&#8221; url_new_window=&#8221;on&#8221; button_text=&#8221;Fichier pour impression&#8221; button_alignment=&#8221;right&#8221; _builder_version=&#8221;4.22.1&#8243; _module_preset=&#8221;default&#8221; custom_button=&#8221;on&#8221; button_text_size=&#8221;15px&#8221; custom_margin=&#8221;-15px||0px|40px|false|false&#8221; custom_margin_tablet=&#8221;-20px||20px||false|false&#8221; custom_margin_phone=&#8221;-25px||30px||false|false&#8221; custom_margin_last_edited=&#8221;on|phone&#8221; hover_enabled=&#8221;0&#8243; global_colors_info=&#8221;{}&#8221; button_text_color__hover_enabled=&#8221;on|hover&#8221; sticky_enabled=&#8221;0&#8243; button_text_color__hover=&#8221;#FFFFFF&#8221; button_bg_color__hover_enabled=&#8221;on|hover&#8221; button_bg_color__hover=&#8221;#345f77&#8243; button_bg_enable_color__hover=&#8221;on&#8221;][\/et_pb_button][et_pb_text _builder_version=&#8221;4.18.0&#8243; _module_preset=&#8221;default&#8221; text_font=&#8221;||||||||&#8221; text_font_size=&#8221;16px&#8221; header_font=&#8221;Rubik||||||||&#8221; header_text_color=&#8221;#777777&#8243; header_font_size=&#8221;35px&#8221; header_5_text_color=&#8221;#777777&#8243; global_colors_info=&#8221;{}&#8221;]<\/p>\n<h1 class=\"p1\"><strong>FARO<\/strong> 60<\/h1>\n<h6><\/h6>\n<p>Projecteur avec optiques hautes performances pour une utilisation en ext\u00e9rieur ou en int\u00e9rieur. Installation par ancrage. Bo\u00eetier en aluminium usin\u00e9 pour une meilleure dissipation de la chaleur.<br \/>Led encastr\u00e9e \u00e0 faible \u00e9blouissement.<\/p>\n<h6><\/h6>\n<p>[\/et_pb_text][et_pb_text _builder_version=&#8221;4.17.6&#8243; _module_preset=&#8221;default&#8221; header_5_text_color=&#8221;#777777&#8243; global_colors_info=&#8221;{}&#8221;]<\/p>\n<h5 class=\"p1\">Fiche technique<\/h5>\n<p>[\/et_pb_text][\/et_pb_column][\/et_pb_row][et_pb_row column_structure=&#8221;1_2,1_2&#8243; _builder_version=&#8221;4.17.4&#8243; _module_preset=&#8221;default&#8221; custom_margin=&#8221;-50px|auto||auto||&#8221; global_colors_info=&#8221;{}&#8221;][et_pb_column type=&#8221;1_2&#8243; _builder_version=&#8221;4.17.4&#8243; _module_preset=&#8221;default&#8221; global_colors_info=&#8221;{}&#8221;][et_pb_image src=&#8221;https:\/\/www.abak-eclairage.fr\/wp-content\/uploads\/2022\/07\/Faro_1.png&#8221; title_text=&#8221;Faro_1&#8243; _builder_version=&#8221;4.17.4&#8243; _module_preset=&#8221;default&#8221; width=&#8221;69%&#8221; module_alignment=&#8221;center&#8221; global_colors_info=&#8221;{}&#8221;][\/et_pb_image][\/et_pb_column][et_pb_column type=&#8221;1_2&#8243; _builder_version=&#8221;4.17.4&#8243; _module_preset=&#8221;default&#8221; global_colors_info=&#8221;{}&#8221;][et_pb_image src=&#8221;https:\/\/www.abak-eclairage.fr\/wp-content\/uploads\/2022\/07\/Faro_2.png&#8221; title_text=&#8221;Faro_2&#8243; _builder_version=&#8221;4.18.0&#8243; _module_preset=&#8221;default&#8221; width=&#8221;65%&#8221; global_colors_info=&#8221;{}&#8221;][\/et_pb_image][\/et_pb_column][\/et_pb_row][et_pb_row column_structure=&#8221;1_2,1_2&#8243; _builder_version=&#8221;4.17.4&#8243; _module_preset=&#8221;default&#8221; custom_padding=&#8221;||0px|||&#8221; global_colors_info=&#8221;{}&#8221;][et_pb_column type=&#8221;1_2&#8243; _builder_version=&#8221;4.17.4&#8243; _module_preset=&#8221;default&#8221; global_colors_info=&#8221;{}&#8221;][et_pb_text _builder_version=&#8221;4.17.4&#8243; _module_preset=&#8221;default&#8221; header_font=&#8221;Rubik||||||||&#8221; header_6_font=&#8221;Rubik||||||||&#8221; header_6_text_color=&#8221;#262626&#8243; global_colors_info=&#8221;{}&#8221;]<\/p>\n<h6 class=\"p1\">Table de codification<\/h6>\n<p>[\/et_pb_text][\/et_pb_column][et_pb_column type=&#8221;1_2&#8243; _builder_version=&#8221;4.17.4&#8243; _module_preset=&#8221;default&#8221; global_colors_info=&#8221;{}&#8221;][\/et_pb_column][\/et_pb_row][et_pb_row _builder_version=&#8221;4.17.4&#8243; _module_preset=&#8221;default&#8221; custom_margin=&#8221;2px|auto||auto||&#8221; custom_padding=&#8221;0px|||||&#8221; global_colors_info=&#8221;{}&#8221;][et_pb_column type=&#8221;4_4&#8243; _builder_version=&#8221;4.17.4&#8243; _module_preset=&#8221;default&#8221; global_colors_info=&#8221;{}&#8221;][et_pb_image src=&#8221;https:\/\/www.abak-eclairage.fr\/wp-content\/uploads\/2022\/07\/tableau.png&#8221; title_text=&#8221;tableau&#8221; _builder_version=&#8221;4.17.6&#8243; _module_preset=&#8221;default&#8221; width=&#8221;70%&#8221; global_colors_info=&#8221;{}&#8221;][\/et_pb_image][\/et_pb_column][\/et_pb_row][et_pb_row column_structure=&#8221;1_2,1_2&#8243; _builder_version=&#8221;4.17.4&#8243; _module_preset=&#8221;default&#8221; custom_margin=&#8221;-50px|auto||auto||&#8221; global_colors_info=&#8221;{}&#8221;][et_pb_column type=&#8221;1_2&#8243; _builder_version=&#8221;4.17.4&#8243; _module_preset=&#8221;default&#8221; global_colors_info=&#8221;{}&#8221;][et_pb_image src=&#8221;https:\/\/www.abak-eclairage.fr\/wp-content\/uploads\/2022\/06\/etiquetas.png&#8221; title_text=&#8221;etiquetas&#8221; _builder_version=&#8221;4.17.6&#8243; _module_preset=&#8221;default&#8221; width=&#8221;40%&#8221; module_alignment=&#8221;left&#8221; global_colors_info=&#8221;{}&#8221;][\/et_pb_image][\/et_pb_column][et_pb_column type=&#8221;1_2&#8243; _builder_version=&#8221;4.17.4&#8243; _module_preset=&#8221;default&#8221; global_colors_info=&#8221;{}&#8221;][\/et_pb_column][\/et_pb_row][et_pb_row column_structure=&#8221;1_2,1_2&#8243; _builder_version=&#8221;4.16&#8243; _module_preset=&#8221;default&#8221; global_colors_info=&#8221;{}&#8221;][et_pb_column type=&#8221;1_2&#8243; _builder_version=&#8221;4.16&#8243; _module_preset=&#8221;default&#8221; global_colors_info=&#8221;{}&#8221;][et_pb_text _builder_version=&#8221;4.18.0&#8243; _module_preset=&#8221;default&#8221; text_font_size=&#8221;16px&#8221; global_colors_info=&#8221;{}&#8221;]<\/p>\n<p class=\"p1\"><b>Applications\u00a0<\/b><b><\/b><\/p>\n<ul class=\"ul1\">\n<li class=\"li1\"><span class=\"s1\"><\/span>Mise en lumi\u00e8re architecturale et paysag\u00e8re<\/li>\n<li class=\"li1\"><span class=\"s1\"><\/span>Montage ext\u00e9rieur\/installation murale<\/li>\n<li class=\"li1\">Fixation sur piquet pour paysage<\/li>\n<li class=\"li1\">Sangle d&#8217;arbre<\/li>\n<li class=\"li1\">Projecteur orientable avec diff\u00e9rentes optiques<\/li>\n<li class=\"li1\">Accessoire anti-\u00e9blouissement &#8211; snoot<\/li>\n<li class=\"li2\"><span class=\"s1\"><\/span>UL<span class=\"s2\"> <\/span><span class=\"s3\">STD<\/span><span class=\"s4\"> <\/span>1598,<span class=\"s5\"> <\/span><span class=\"s6\">IP67,<\/span><span class=\"s7\"> <\/span><span class=\"s8\">environnement humide<\/span>,<span class=\"s5\"> <\/span>r\u00e9sistance<span class=\"s4\"> <\/span>1500kg<span class=\"s4\"><span class=\"Apple-converted-space\">\u00a0<\/span><\/span><span class=\"s4\"><\/span><\/li>\n<\/ul>\n<p class=\"p1\"><b><\/b><\/p>\n<p class=\"p1\"><b>Luminaire<\/b><\/p>\n<ul class=\"ul1\">\n<li class=\"li2\"><span class=\"s1\">Conception durable, rempla\u00e7able<\/span><\/li>\n<li class=\"li2\"><span class=\"s1\">R\u00e9glage sur 2 axes (180\u00ba\/95\u00ba)<\/span><\/li>\n<li class=\"li2\"><span class=\"s1\">Base pour connexion traversante<\/span><\/li>\n<li class=\"li2\"><span class=\"s1\">Verre tremp\u00e9 clair 4mm (1,8\u201d)<\/span><\/li>\n<li class=\"li2\"><span class=\"s1\">Lentille encastr\u00e9e pour r\u00e9duire l&#8217;\u00e9blouissement<\/span><\/li>\n<li class=\"li2\"><span class=\"s1\">Optique haute performance<\/span><\/li>\n<li class=\"li2\"><span class=\"s1\">Corps anodis\u00e9 et peint<\/span><\/li>\n<li class=\"li2\"><span class=\"s1\">Construction en aluminium<\/span><\/li>\n<li class=\"li2\"><span class=\"s1\">Finition rev\u00eatement en poudre RAL9003\/RAL7016\/Structure RAL9005<\/span><\/li>\n<li class=\"li2\"><span class=\"s1\">Installation de la base\/de la pointe\/de la sangle d&#8217;arbre<\/span><\/li>\n<li class=\"li2\"><span class=\"s1\">Livr\u00e9 avec mini connecteur IP66<\/span><\/li>\n<li class=\"li2\">Driver d\u00e9port\u00e9<\/li>\n<li class=\"li2\"><span class=\"s1\">IK08 <\/span>Possibilit\u00e9 de ligne continue<\/li>\n<\/ul>\n<p class=\"p1\"><span class=\"s1\"><b><\/b><\/span><\/p>\n<p class=\"p1\"><span class=\"s1\"><b>Puissance <\/b><\/span>\u2013 Lumens d\u00e9livr\u00e9s<\/p>\n<ul>\n<li><span class=\"s2\"><\/span>L &#8211; 8W, 2700K &#8211; 4000K, 720lm<\/li>\n<\/ul>\n<p>&nbsp;<\/p>\n<p>[\/et_pb_text][\/et_pb_column][et_pb_column type=&#8221;1_2&#8243; _builder_version=&#8221;4.17.4&#8243; _module_preset=&#8221;default&#8221; global_colors_info=&#8221;{}&#8221;][et_pb_text _builder_version=&#8221;4.18.0&#8243; _module_preset=&#8221;default&#8221; text_font_size=&#8221;16px&#8221; global_colors_info=&#8221;{}&#8221;]<\/p>\n<p class=\"p1\"><b>Temp\u00e9rature de couleur<\/b><\/p>\n<ul class=\"ul1\">\n<li class=\"li2\"><span class=\"s1\"><\/span>27 &#8211;<span class=\"s2\"> <\/span>2700K<\/li>\n<li class=\"li2\"><span class=\"s1\"><\/span>30 &#8211;<span class=\"s3\"> <\/span>3000K<\/li>\n<li class=\"li2\"><span class=\"s1\"><\/span>40 &#8211;<span class=\"s4\"> <\/span>4000K<\/li>\n<li class=\"li2\"><span class=\"s1\"><\/span>Step MacAdam 2<\/li>\n<li class=\"li3\"><span class=\"s1\"><\/span>IRC : &gt;<span class=\"s5\"> <\/span>85<\/li>\n<\/ul>\n<p class=\"p5\"><b><\/b><\/p>\n<p class=\"p5\"><b>Optiques<\/b><\/p>\n<ul class=\"ul1\">\n<li class=\"li6\"><span class=\"s1\"><\/span>SP &#8211; Intensif &#8211; 10\u00ba n<\/li>\n<li class=\"li6\">FL &#8211; Extensif &#8211; 30\u00ba n<\/li>\n<li class=\"li6\">GR &#8211; Elliptique &#8211; 49\u00ba x 34\u00ba<\/li>\n<\/ul>\n<p class=\"p8\"><b><\/b><\/p>\n<p class=\"p8\"><b>Alimentation<\/b><b><\/b><\/p>\n<ul class=\"ul1\">\n<li class=\"li9\"><span class=\"s1\"><\/span>24<span class=\"s7\"> <\/span>&#8211;<span class=\"s7\"> <\/span>24VDC<\/li>\n<\/ul>\n<p class=\"p1\"><b><\/b><\/p>\n<p class=\"p1\"><b>Finition<\/b><\/p>\n<ul>\n<li class=\"p1\">W &#8211; Structure RAL 9003 (blanc)<\/li>\n<li class=\"p1\">AT &#8211; RAL 7016 Structure (gris anthracite)<\/li>\n<li class=\"p1\">B &#8211; Structure RAL 9005 (noir)<\/li>\n<\/ul>\n<p class=\"p1\"><b><\/b><\/p>\n<p class=\"p1\"><b>Options<\/b><\/p>\n<ul class=\"ul1\">\n<li class=\"li2\"><span class=\"s1\"><\/span>SK &#8211; Spike<\/li>\n<li class=\"li2\">ST &#8211; Sangle d&#8217;arbre<\/li>\n<\/ul>\n<p class=\"p6\"><b><\/b><\/p>\n<p><b>Accessoires<\/b><\/p>\n<ul class=\"ul1\">\n<li class=\"li2\">FRSNW &#8211; Snoot RAL9003<\/li>\n<li class=\"li2\">FRSNAT &#8211; Snoot RAL7016<\/li>\n<li class=\"li2\">FRSNB &#8211; Snoot RAL9005<span class=\"s1\"><\/span><\/li>\n<\/ul>\n<p>&nbsp;<\/p>\n<p>[\/et_pb_text][\/et_pb_column][\/et_pb_row][et_pb_row _builder_version=&#8221;4.17.4&#8243; _module_preset=&#8221;default&#8221; min_height=&#8221;27px&#8221; global_colors_info=&#8221;{}&#8221;][et_pb_column type=&#8221;4_4&#8243; _builder_version=&#8221;4.17.4&#8243; _module_preset=&#8221;default&#8221; global_colors_info=&#8221;{}&#8221;][et_pb_divider _builder_version=&#8221;4.17.4&#8243; _module_preset=&#8221;default&#8221; global_colors_info=&#8221;{}&#8221;][\/et_pb_divider][et_pb_text _builder_version=&#8221;4.17.6&#8243; _module_preset=&#8221;default&#8221; text_font=&#8221;Rubik||||||||&#8221; header_font=&#8221;Rubik||||||||&#8221; header_text_color=&#8221;#777777&#8243; header_font_size=&#8221;35px&#8221; header_5_text_color=&#8221;#777777&#8243; custom_padding=&#8221;||0px|||&#8221; global_colors_info=&#8221;{}&#8221;]<\/p>\n<h1 class=\"p1\"><strong>FARO <\/strong>60<\/h1>\n<h5 class=\"p1\">Dimensions<\/h5>\n<p>[\/et_pb_text][et_pb_text _builder_version=&#8221;4.18.0&#8243; _module_preset=&#8221;default&#8221; text_font_size=&#8221;16px&#8221; global_colors_info=&#8221;{}&#8221;]<\/p>\n<p class=\"p1\">Note:<\/p>\n<p class=\"p1\">Pour plus de d\u00e9tails sur l\u2019encastrement et la fixation du luminaire, se r\u00e9f\u00e9rer aux instructions d\u2019installation.<span class=\"Apple-converted-space\">\u00a0<\/span><\/p>\n<p>[\/et_pb_text][\/et_pb_column][\/et_pb_row][et_pb_row column_structure=&#8221;1_2,1_2&#8243; _builder_version=&#8221;4.17.4&#8243; _module_preset=&#8221;default&#8221; global_colors_info=&#8221;{}&#8221;][et_pb_column type=&#8221;1_2&#8243; _builder_version=&#8221;4.17.4&#8243; _module_preset=&#8221;default&#8221; global_colors_info=&#8221;{}&#8221;][et_pb_image src=&#8221;https:\/\/www.abak-eclairage.fr\/wp-content\/uploads\/2022\/07\/Faro_3.png&#8221; title_text=&#8221;Faro_3&#8243; _builder_version=&#8221;4.18.0&#8243; _module_preset=&#8221;default&#8221; width=&#8221;75%&#8221; module_alignment=&#8221;center&#8221; global_colors_info=&#8221;{}&#8221;][\/et_pb_image][\/et_pb_column][et_pb_column type=&#8221;1_2&#8243; _builder_version=&#8221;4.17.4&#8243; _module_preset=&#8221;default&#8221; global_colors_info=&#8221;{}&#8221;][et_pb_image src=&#8221;https:\/\/www.abak-eclairage.fr\/wp-content\/uploads\/2022\/07\/Faro_4.png&#8221; title_text=&#8221;Faro_4&#8243; _builder_version=&#8221;4.18.0&#8243; _module_preset=&#8221;default&#8221; width=&#8221;50%&#8221; module_alignment=&#8221;left&#8221; global_colors_info=&#8221;{}&#8221;][\/et_pb_image][\/et_pb_column][\/et_pb_row][et_pb_row column_structure=&#8221;1_2,1_2&#8243; _builder_version=&#8221;4.17.4&#8243; _module_preset=&#8221;default&#8221; global_colors_info=&#8221;{}&#8221;][et_pb_column type=&#8221;1_2&#8243; _builder_version=&#8221;4.17.4&#8243; _module_preset=&#8221;default&#8221; global_colors_info=&#8221;{}&#8221;][et_pb_text _builder_version=&#8221;4.17.6&#8243; _module_preset=&#8221;default&#8221; text_font_size=&#8221;18px&#8221; text_orientation=&#8221;center&#8221; global_colors_info=&#8221;{}&#8221;]<\/p>\n<p>Spike<\/p>\n<p>[\/et_pb_text][et_pb_image src=&#8221;https:\/\/www.abak-eclairage.fr\/wp-content\/uploads\/2022\/07\/Faro_5.png&#8221; title_text=&#8221;Faro_5&#8243; _builder_version=&#8221;4.18.0&#8243; _module_preset=&#8221;default&#8221; width=&#8221;50%&#8221; module_alignment=&#8221;center&#8221; global_colors_info=&#8221;{}&#8221;][\/et_pb_image][\/et_pb_column][et_pb_column type=&#8221;1_2&#8243; _builder_version=&#8221;4.17.4&#8243; _module_preset=&#8221;default&#8221; global_colors_info=&#8221;{}&#8221;][et_pb_text _builder_version=&#8221;4.17.6&#8243; _module_preset=&#8221;default&#8221; text_font_size=&#8221;18px&#8221; text_orientation=&#8221;center&#8221; global_colors_info=&#8221;{}&#8221;]<\/p>\n<p>Sangle d&#8217;arbre<\/p>\n<p>[\/et_pb_text][et_pb_image src=&#8221;https:\/\/www.abak-eclairage.fr\/wp-content\/uploads\/2022\/07\/Faro_6.png&#8221; title_text=&#8221;Faro_6&#8243; _builder_version=&#8221;4.18.0&#8243; _module_preset=&#8221;default&#8221; width=&#8221;80%&#8221; module_alignment=&#8221;center&#8221; global_colors_info=&#8221;{}&#8221;][\/et_pb_image][\/et_pb_column][\/et_pb_row][et_pb_row _builder_version=&#8221;4.17.4&#8243; _module_preset=&#8221;default&#8221; custom_padding=&#8221;0px|||||&#8221; global_colors_info=&#8221;{}&#8221;][et_pb_column type=&#8221;4_4&#8243; _builder_version=&#8221;4.17.4&#8243; _module_preset=&#8221;default&#8221; global_colors_info=&#8221;{}&#8221;][\/et_pb_column][\/et_pb_row][et_pb_row column_structure=&#8221;1_3,1_3,1_3&#8243; _builder_version=&#8221;4.17.4&#8243; _module_preset=&#8221;default&#8221; global_colors_info=&#8221;{}&#8221;][et_pb_column type=&#8221;1_3&#8243; _builder_version=&#8221;4.17.4&#8243; _module_preset=&#8221;default&#8221; global_colors_info=&#8221;{}&#8221;][et_pb_button button_url=&#8221;https:\/\/www.abak-eclairage.fr\/wp-content\/uploads\/2022\/12\/FARO.pdf&#8221; url_new_window=&#8221;on&#8221; button_text=&#8221;PDF&#8221; button_alignment=&#8221;center&#8221; _builder_version=&#8221;4.19.1&#8243; _module_preset=&#8221;default&#8221; custom_button=&#8221;on&#8221; button_text_size=&#8221;16px&#8221; custom_margin=&#8221;|||40px||&#8221; global_colors_info=&#8221;{}&#8221;][\/et_pb_button][\/et_pb_column][et_pb_column type=&#8221;1_3&#8243; _builder_version=&#8221;4.17.4&#8243; _module_preset=&#8221;default&#8221; global_colors_info=&#8221;{}&#8221;][et_pb_button button_url=&#8221;https:\/\/www.filixlighting.com\/pdf\/outdoor_infos\/faro_001.pdf&#8221; url_new_window=&#8221;on&#8221; button_text=&#8221;Installation manual &#8211; Fixation&#8221; _builder_version=&#8221;4.17.6&#8243; _module_preset=&#8221;default&#8221; custom_button=&#8221;on&#8221; button_text_size=&#8221;16px&#8221; global_colors_info=&#8221;{}&#8221;][\/et_pb_button][\/et_pb_column][et_pb_column type=&#8221;1_3&#8243; _builder_version=&#8221;4.17.4&#8243; _module_preset=&#8221;default&#8221; global_colors_info=&#8221;{}&#8221;][et_pb_button button_url=&#8221;https:\/\/www.filixlighting.com\/ies\/outdoor_infos\/archive_027.zip&#8221; url_new_window=&#8221;on&#8221; button_text=&#8221;IES-LDT Data&#8221; _builder_version=&#8221;4.17.6&#8243; _module_preset=&#8221;default&#8221; custom_button=&#8221;on&#8221; button_text_size=&#8221;16px&#8221; custom_margin=&#8221;|||40px||&#8221; global_colors_info=&#8221;{}&#8221;][\/et_pb_button][\/et_pb_column][\/et_pb_row][\/et_pb_section]<\/p>\n","protected":false},"excerpt":{"rendered":"<p>FARO 60 Projecteur avec optiques hautes performances pour une utilisation en ext\u00e9rieur ou en int\u00e9rieur. Installation par ancrage. Bo\u00eetier en aluminium usin\u00e9 pour une meilleure dissipation de la chaleur.Led encastr\u00e9e \u00e0 faible \u00e9blouissement. Fiche techniqueTable de codificationApplications\u00a0 Mise en lumi\u00e8re architecturale et paysag\u00e8re Montage ext\u00e9rieur\/installation murale Fixation sur piquet pour paysage Sangle d&#8217;arbre Projecteur orientable [&hellip;]<\/p>\n","protected":false},"author":1,"featured_media":0,"parent":0,"menu_order":0,"comment_status":"closed","ping_status":"closed","template":"","meta":{"_et_pb_use_builder":"on","_et_pb_old_content":"","_et_gb_content_width":"","footnotes":""},"class_list":["post-2241","page","type-page","status-publish","hentry"],"_links":{"self":[{"href":"https:\/\/www.abak-eclairage.fr\/index.php\/wp-json\/wp\/v2\/pages\/2241","targetHints":{"allow":["GET"]}}],"collection":[{"href":"https:\/\/www.abak-eclairage.fr\/index.php\/wp-json\/wp\/v2\/pages"}],"about":[{"href":"https:\/\/www.abak-eclairage.fr\/index.php\/wp-json\/wp\/v2\/types\/page"}],"author":[{"embeddable":true,"href":"https:\/\/www.abak-eclairage.fr\/index.php\/wp-json\/wp\/v2\/users\/1"}],"replies":[{"embeddable":true,"href":"https:\/\/www.abak-eclairage.fr\/index.php\/wp-json\/wp\/v2\/comments?post=2241"}],"version-history":[{"count":12,"href":"https:\/\/www.abak-eclairage.fr\/index.php\/wp-json\/wp\/v2\/pages\/2241\/revisions"}],"predecessor-version":[{"id":4215,"href":"https:\/\/www.abak-eclairage.fr\/index.php\/wp-json\/wp\/v2\/pages\/2241\/revisions\/4215"}],"wp:attachment":[{"href":"https:\/\/www.abak-eclairage.fr\/index.php\/wp-json\/wp\/v2\/media?parent=2241"}],"curies":[{"name":"wp","href":"https:\/\/api.w.org\/{rel}","templated":true}]}}