{"id":2184,"date":"2022-06-29T06:33:16","date_gmt":"2022-06-29T06:33:16","guid":{"rendered":"https:\/\/www.abak-eclairage.fr\/?page_id=2184"},"modified":"2023-09-18T13:02:31","modified_gmt":"2023-09-18T13:02:31","slug":"arpool-m","status":"publish","type":"page","link":"https:\/\/www.abak-eclairage.fr\/index.php\/arpool-m\/","title":{"rendered":"ARPOOL M"},"content":{"rendered":"<p>[et_pb_section fb_built=&#8221;1&#8243; _builder_version=&#8221;4.16&#8243; _module_preset=&#8221;default&#8221; global_colors_info=&#8221;{}&#8221;][et_pb_row _builder_version=&#8221;4.22.1&#8243; _module_preset=&#8221;default&#8221; hover_enabled=&#8221;0&#8243; global_colors_info=&#8221;{}&#8221; custom_margin=&#8221;-20px||||false|false&#8221; sticky_enabled=&#8221;0&#8243;][et_pb_column type=&#8221;4_4&#8243; _builder_version=&#8221;4.16&#8243; _module_preset=&#8221;default&#8221; global_colors_info=&#8221;{}&#8221;][et_pb_button button_url=&#8221;https:\/\/www.abak-eclairage.fr\/wp-content\/uploads\/2022\/12\/ArpoolM.pdf&#8221; url_new_window=&#8221;on&#8221; button_text=&#8221;Fichier pour impression&#8221; button_alignment=&#8221;right&#8221; _builder_version=&#8221;4.22.1&#8243; _module_preset=&#8221;default&#8221; custom_button=&#8221;on&#8221; button_text_size=&#8221;15px&#8221; custom_margin=&#8221;-15px||0px||false|false&#8221; custom_margin_tablet=&#8221;-20px||20px||false|false&#8221; custom_margin_phone=&#8221;-25px||30px||false|false&#8221; custom_margin_last_edited=&#8221;on|phone&#8221; hover_enabled=&#8221;0&#8243; global_colors_info=&#8221;{}&#8221; button_text_color__hover_enabled=&#8221;on|hover&#8221; sticky_enabled=&#8221;0&#8243; button_text_color__hover=&#8221;#FFFFFF&#8221; button_bg_color__hover_enabled=&#8221;on|hover&#8221; button_bg_color__hover=&#8221;#345f77&#8243; button_bg_enable_color__hover=&#8221;on&#8221;][\/et_pb_button][et_pb_text _builder_version=&#8221;4.18.0&#8243; _module_preset=&#8221;default&#8221; text_font=&#8221;||||||||&#8221; text_font_size=&#8221;16px&#8221; header_font=&#8221;Rubik||||||||&#8221; header_text_color=&#8221;#777777&#8243; header_font_size=&#8221;35px&#8221; header_5_text_color=&#8221;#777777&#8243; global_colors_info=&#8221;{}&#8221;]<\/p>\n<h1 class=\"p1\"><strong>ARPOOL <\/strong>M<\/h1>\n<h6><\/h6>\n<p>Projecteur immergeable rond. Corps et bride en acier inoxydable 316L.<br \/>Convient parfaitement \u00e0 l\u2019illumination de bassins petits et moyens.<\/p>\n<p>[\/et_pb_text][et_pb_text _builder_version=&#8221;4.17.6&#8243; _module_preset=&#8221;default&#8221; header_5_text_color=&#8221;#777777&#8243; global_colors_info=&#8221;{}&#8221;]<\/p>\n<h5 class=\"p1\">Fiche technique<\/h5>\n<p>[\/et_pb_text][et_pb_text _builder_version=&#8221;4.17.6&#8243; _module_preset=&#8221;default&#8221; text_font_size=&#8221;16px&#8221; text_line_height=&#8221;1em&#8221; global_colors_info=&#8221;{}&#8221;]<\/p>\n<p class=\"p1\"><span class=\"s1\"><b>UL STD 676 <\/b><\/span>norme piscine<\/p>\n<p class=\"p1\"><span class=\"s1\"><b>CSA<\/b><\/span><span class=\"s2\"><b> <\/b><\/span><span class=\"s1\"><b>C22.2#89<\/b><\/span><span class=\"s3\"><b> <\/b><\/span>norme piscine<\/p>\n<p class=\"p2\"><b>IP68<\/b><\/p>\n<p>[\/et_pb_text][\/et_pb_column][\/et_pb_row][et_pb_row column_structure=&#8221;1_2,1_2&#8243; _builder_version=&#8221;4.17.4&#8243; _module_preset=&#8221;default&#8221; custom_margin=&#8221;-50px|auto||auto||&#8221; global_colors_info=&#8221;{}&#8221;][et_pb_column type=&#8221;1_2&#8243; _builder_version=&#8221;4.17.4&#8243; _module_preset=&#8221;default&#8221; global_colors_info=&#8221;{}&#8221;][et_pb_image src=&#8221;https:\/\/www.abak-eclairage.fr\/wp-content\/uploads\/2022\/06\/AirpoolM_1.png&#8221; title_text=&#8221;AirpoolM_1&#8243; _builder_version=&#8221;4.18.0&#8243; _module_preset=&#8221;default&#8221; width=&#8221;60%&#8221; module_alignment=&#8221;center&#8221; global_colors_info=&#8221;{}&#8221;][\/et_pb_image][\/et_pb_column][et_pb_column type=&#8221;1_2&#8243; _builder_version=&#8221;4.17.4&#8243; _module_preset=&#8221;default&#8221; global_colors_info=&#8221;{}&#8221;][et_pb_image src=&#8221;https:\/\/www.abak-eclairage.fr\/wp-content\/uploads\/2022\/06\/AirpoolM_2.png&#8221; title_text=&#8221;AirpoolM_2&#8243; _builder_version=&#8221;4.17.6&#8243; _module_preset=&#8221;default&#8221; width=&#8221;60%&#8221; module_alignment=&#8221;left&#8221; global_colors_info=&#8221;{}&#8221;][\/et_pb_image][\/et_pb_column][\/et_pb_row][et_pb_row column_structure=&#8221;1_2,1_2&#8243; _builder_version=&#8221;4.17.4&#8243; _module_preset=&#8221;default&#8221; custom_padding=&#8221;||0px|||&#8221; global_colors_info=&#8221;{}&#8221;][et_pb_column type=&#8221;1_2&#8243; _builder_version=&#8221;4.17.4&#8243; _module_preset=&#8221;default&#8221; global_colors_info=&#8221;{}&#8221;][et_pb_text _builder_version=&#8221;4.17.4&#8243; _module_preset=&#8221;default&#8221; header_font=&#8221;Rubik||||||||&#8221; header_6_font=&#8221;Rubik||||||||&#8221; header_6_text_color=&#8221;#262626&#8243; global_colors_info=&#8221;{}&#8221;]<\/p>\n<h6 class=\"p1\">Table de codification<\/h6>\n<p>[\/et_pb_text][\/et_pb_column][et_pb_column type=&#8221;1_2&#8243; _builder_version=&#8221;4.17.4&#8243; _module_preset=&#8221;default&#8221; global_colors_info=&#8221;{}&#8221;][\/et_pb_column][\/et_pb_row][et_pb_row _builder_version=&#8221;4.17.4&#8243; _module_preset=&#8221;default&#8221; custom_margin=&#8221;2px|auto||auto||&#8221; custom_padding=&#8221;0px|||||&#8221; global_colors_info=&#8221;{}&#8221;][et_pb_column type=&#8221;4_4&#8243; _builder_version=&#8221;4.17.4&#8243; _module_preset=&#8221;default&#8221; global_colors_info=&#8221;{}&#8221;][et_pb_image src=&#8221;https:\/\/www.abak-eclairage.fr\/wp-content\/uploads\/2022\/06\/AirpoolM_tableau.png&#8221; title_text=&#8221;AirpoolM_tableau&#8221; _builder_version=&#8221;4.17.6&#8243; _module_preset=&#8221;default&#8221; width=&#8221;70%&#8221; global_colors_info=&#8221;{}&#8221;][\/et_pb_image][\/et_pb_column][\/et_pb_row][et_pb_row column_structure=&#8221;1_2,1_2&#8243; _builder_version=&#8221;4.17.4&#8243; _module_preset=&#8221;default&#8221; custom_margin=&#8221;-50px|auto||auto||&#8221; global_colors_info=&#8221;{}&#8221;][et_pb_column type=&#8221;1_2&#8243; _builder_version=&#8221;4.17.4&#8243; _module_preset=&#8221;default&#8221; global_colors_info=&#8221;{}&#8221;][et_pb_image src=&#8221;https:\/\/www.abak-eclairage.fr\/wp-content\/uploads\/2022\/06\/etiquetas.png&#8221; title_text=&#8221;etiquetas&#8221; _builder_version=&#8221;4.18.0&#8243; _module_preset=&#8221;default&#8221; width=&#8221;40%&#8221; width_tablet=&#8221;30%&#8221; width_phone=&#8221;40%&#8221; width_last_edited=&#8221;on|phone&#8221; module_alignment=&#8221;left&#8221; custom_padding=&#8221;|7px||0px|false|false&#8221; global_colors_info=&#8221;{}&#8221;][\/et_pb_image][\/et_pb_column][et_pb_column type=&#8221;1_2&#8243; _builder_version=&#8221;4.17.4&#8243; _module_preset=&#8221;default&#8221; global_colors_info=&#8221;{}&#8221;][\/et_pb_column][\/et_pb_row][et_pb_row column_structure=&#8221;1_2,1_2&#8243; _builder_version=&#8221;4.17.4&#8243; _module_preset=&#8221;default&#8221; custom_padding=&#8221;||0px|||&#8221; global_colors_info=&#8221;{}&#8221;][et_pb_column type=&#8221;1_2&#8243; _builder_version=&#8221;4.17.4&#8243; _module_preset=&#8221;default&#8221; global_colors_info=&#8221;{}&#8221;][et_pb_text _builder_version=&#8221;4.17.6&#8243; _module_preset=&#8221;default&#8221; text_font_size=&#8221;16px&#8221; global_colors_info=&#8221;{}&#8221;]<\/p>\n<p class=\"p1\"><b>CARACTERISTIQUES DU LUMINAIRE<\/b><\/p>\n<p>[\/et_pb_text][\/et_pb_column][et_pb_column type=&#8221;1_2&#8243; _builder_version=&#8221;4.17.4&#8243; _module_preset=&#8221;default&#8221; global_colors_info=&#8221;{}&#8221;][et_pb_text _builder_version=&#8221;4.17.6&#8243; _module_preset=&#8221;default&#8221; text_font_size=&#8221;16px&#8221; global_colors_info=&#8221;{}&#8221;]<\/p>\n<p class=\"p1\"><b>INFORMATIONS DE COMMANDE<\/b><\/p>\n<p>[\/et_pb_text][\/et_pb_column][\/et_pb_row][et_pb_row column_structure=&#8221;1_2,1_2&#8243; _builder_version=&#8221;4.16&#8243; _module_preset=&#8221;default&#8221; global_colors_info=&#8221;{}&#8221;][et_pb_column type=&#8221;1_2&#8243; _builder_version=&#8221;4.16&#8243; _module_preset=&#8221;default&#8221; global_colors_info=&#8221;{}&#8221;][et_pb_text _builder_version=&#8221;4.17.4&#8243; _module_preset=&#8221;default&#8221; text_font_size=&#8221;16px&#8221; global_colors_info=&#8221;{}&#8221;]<\/p>\n<p class=\"p1\"><b>Conception et Application<\/b><\/p>\n<ul>\n<li><span class=\"s1\"><\/span>Profondeur maximum d\u2019installation 5m<b><\/b><\/li>\n<li><span class=\"s1\"><\/span>Epaisseur maximale des carreaux 25mm<b><\/b><\/li>\n<li><span class=\"s1\"><\/span>Saillie de la colerette 10mm<span class=\"Apple-converted-space\">\u00a0<\/span><b><\/b><\/li>\n<li class=\"li1\"><span class=\"s1\"><\/span><span class=\"s2\">Grille anti-\u00e9blouissement<\/span><span class=\"s3\"> <\/span>(40%<span class=\"s3\"> de perte de flux<\/span>)<span class=\"Apple-converted-space\"><\/span><\/li>\n<li><span class=\"s1\"><\/span>Compatible DMX, DALI, 0-10V (d\u00e9port\u00e9)<b><\/b><\/li>\n<li><span class=\"s1\"><\/span>Installation murale <b><\/b><span class=\"s1\"><\/span>et sur escaliers<\/li>\n<li class=\"li1\"><span class=\"s1\"><\/span>Piscines petites et moyennes<span class=\"s1\"><\/span><br \/><b><\/b><\/li>\n<li><span class=\"s1\"><\/span>Fontaines et installations d\u2019eau<\/li>\n<\/ul>\n<p class=\"p1\"><b><\/b><\/p>\n<p class=\"p1\"><b>Caract\u00e9ristiques techniques<\/b><\/p>\n<ul>\n<li><span class=\"s1\"><\/span>IK10, verre tremp\u00e9, transparent<\/li>\n<li><span class=\"s1\"><\/span>Environnement chlor\u00e9 et salin<\/li>\n<li><span class=\"s1\"><\/span>Acier Inoxydable 316L, qualit\u00e9 marine<\/li>\n<li><span class=\"s1\"><\/span>Module de protection contre les surtensions<\/li>\n<li><span class=\"s1\"><\/span>Technologie de refroidissement thermique<\/li>\n<li><span class=\"s1\"><\/span>Dur\u00e9e de vie TM-21 @85C <span class=\"s1\"><\/span>L80<span class=\"s1\"><\/span><span class=\"s2\"><sub>(10K)<\/sub><\/span>=60500h<\/li>\n<li><span class=\"s1\"><\/span>Fourni avec cable d\u2019alimentation 3m r\u00e9sistant \u00e0 l\u2019eau et \u00e0 l\u2019huile<\/li>\n<li><span class=\"s1\"><\/span>Temp\u00e9rature de fonctionnement de -25\u00b0C \u00e0 40\u00b0C* &#8211; <span class=\"s3\">25\u00b0C \u00e0 l\u2019air<\/span><\/li>\n<li><span class=\"s1\"><\/span>IRC : &gt; 85<\/li>\n<li><span class=\"s1\"><\/span>Step MacAdam 3<\/li>\n<\/ul>\n<p class=\"p1\"><b><\/b><\/p>\n<p class=\"p1\"><b>S\u00e9curit\u00e9<\/b><\/p>\n<ul>\n<li><span class=\"s1\"><\/span>Driver d\u00e9port\u00e9<\/li>\n<li><span class=\"s1\"><\/span>Fonctionnement basse tension<\/li>\n<li><span class=\"s1\"><\/span>Installation encastr\u00e9e<\/li>\n<\/ul>\n<p class=\"p1\"><b><\/b><\/p>\n<p class=\"p1\"><b>Durabilit\u00e9<\/b><\/p>\n<ul>\n<li><span class=\"s1\"><\/span>Mat\u00e9riel recyclable<\/li>\n<\/ul>\n<p>&nbsp;<\/p>\n<p>[\/et_pb_text][\/et_pb_column][et_pb_column type=&#8221;1_2&#8243; _builder_version=&#8221;4.17.4&#8243; _module_preset=&#8221;default&#8221; global_colors_info=&#8221;{}&#8221;][et_pb_text _builder_version=&#8221;4.17.4&#8243; _module_preset=&#8221;default&#8221; text_font_size=&#8221;16px&#8221; global_colors_info=&#8221;{}&#8221;]<\/p>\n<p class=\"p1\"><b>Dimensions<\/b><\/p>\n<ul>\n<li class=\"li1\"><span class=\"s1\"><\/span>TM<span class=\"s2\"> <\/span>&#8211;<span class=\"s2\"> <\/span>\u00d8100mm<span class=\"s2\"> <\/span>x<span class=\"s2\"> <\/span>H-97mm<span class=\"s1\"><\/span><br \/><span class=\"s1\"><\/span><\/li>\n<\/ul>\n<p class=\"p6\"><span class=\"s2\"><b><\/b><\/span><\/p>\n<p class=\"p6\"><span class=\"s2\"><b>Puissance<\/b> <\/span>\u2013 lumens d\u00e9livr\u00e9s<\/p>\n<ul class=\"ul1\">\n<li class=\"li1\"><span class=\"s1\"><\/span><span class=\"s2\">L<\/span><span class=\"s3\"> <\/span><span class=\"s2\">&#8211;<\/span><span class=\"s4\"> <\/span><span class=\"s2\">9W,<\/span><span class=\"s5\"> <\/span><span class=\"s2\">3000\/4000K,<\/span><span class=\"s6\"> <\/span><span class=\"s2\">600<\/span><span class=\"s7\"> <\/span>lm<\/li>\n<li class=\"li1\"><span class=\"s1\"><\/span>H<span class=\"s8\"> <\/span>&#8211;<span class=\"s8\"> <\/span>15W,<span class=\"s7\"> <\/span>3000\/4000K,<span class=\"s7\"> <\/span>1000lm<\/li>\n<li class=\"li2\"><span class=\"s1\"><\/span>H<span class=\"s9\"> <\/span>&#8211;<span class=\"s9\"> <\/span>15W,<span class=\"s4\"> <\/span>RGBW<span class=\"s4\"> <\/span>(W<span class=\"s4\"> <\/span>4000K)<span class=\"s1\"><\/span><\/li>\n<\/ul>\n<p class=\"p10\"><b><\/b><\/p>\n<p class=\"p1\"><b>Temp\u00e9rature de couleur<\/b><\/p>\n<ul>\n<li><span class=\"s1\"><\/span>30 &#8211; 3000K<\/li>\n<li><span class=\"s1\"><\/span>40 &#8211; 4000K<\/li>\n<li><span class=\"s1\"><\/span>RGBW (W 4000K)<\/li>\n<\/ul>\n<p class=\"p10\"><b><\/b><\/p>\n<p class=\"p10\"><b>Optiques<\/b><span class=\"s1\"><\/span><\/p>\n<ul class=\"ul1\">\n<li class=\"li1\"><span class=\"s1\"><\/span>SP<span class=\"s2\"> <\/span>&#8211;<span class=\"s2\"> <\/span>Serr\u00e9e<span class=\"s2\"> <\/span>&#8211;<span class=\"s2\"> <\/span>15\u00b0<\/li>\n<li class=\"li2\"><span class=\"s1\"><\/span>FL<span class=\"s3\"> <\/span>&#8211;<span class=\"s2\"> <\/span>Flood<span class=\"s2\"> <\/span>&#8211;<span class=\"s2\"> <\/span>40\u00b0<\/li>\n<li class=\"li3\"><span class=\"s1\"><\/span>W<span class=\"s2\"> <\/span>&#8211;<span class=\"s2\"> <\/span>Large<span class=\"s4\"> <\/span>&#8211;<span class=\"s4\"> <\/span>70\u00b0<span class=\"s1\"><\/span><\/li>\n<\/ul>\n<p>&nbsp;<\/p>\n<p class=\"p10\"><b>Alimentation<\/b><\/p>\n<ul>\n<li><span class=\"s1\"><\/span>12 &#8211; 12VDC<span class=\"Apple-converted-space\">\u00a0<\/span><\/li>\n<li><span class=\"s1\"><\/span>24 &#8211; 24VDC<span class=\"Apple-converted-space\">\u00a0<\/span><\/li>\n<\/ul>\n<p class=\"p10\"><b><\/b><\/p>\n<p class=\"p10\"><b>Options<\/b><\/p>\n<ul>\n<li><span class=\"s1\"><\/span>C \u2013 pr\u00e9-c\u00e2bl\u00e9 standard 3m<\/li>\n<li><span class=\"s1\"><\/span>C6 &#8211; pr\u00e9-c\u00e2bl\u00e9 6m<\/li>\n<li><span class=\"s1\"><\/span>C9- pr\u00e9-c\u00e2bl\u00e9 9m<\/li>\n<li><span class=\"s1\"><\/span>C20 &#8211; pr\u00e9-c\u00e2bl\u00e9 20m<\/li>\n<\/ul>\n<p class=\"p10\"><b><\/b><\/p>\n<p class=\"p10\"><b>Installation<\/b><\/p>\n<ul>\n<li class=\"li1\"><span class=\"s1\"><\/span>AM382<span class=\"s2\"> <\/span>&#8211;<span class=\"s3\"> <\/span>Installation sur support b\u00e9ton avec alimentation arri\u00e8re<\/li>\n<li class=\"li1\"><span class=\"s1\"><\/span>AM382S<span class=\"s4\"> <\/span>&#8211;<span class=\"s4\"> <\/span>Installation sur support b\u00e9ton avec alimentation lat\u00e9rale<\/li>\n<li class=\"li2\"><span class=\"s1\"><\/span>AM382SP<span class=\"s5\"> <\/span>&#8211;<span class=\"s6\"> <\/span>Installation sur support acier<\/li>\n<li class=\"li3\"><span class=\"s1\"><\/span>AM382LN<span class=\"s4\"> <\/span>&#8211;<span class=\"s4\"> <\/span>Installation pour Liner<span class=\"s1\"><\/span><\/li>\n<\/ul>\n<p>&nbsp;<\/p>\n<p>[\/et_pb_text][\/et_pb_column][\/et_pb_row][et_pb_row _builder_version=&#8221;4.17.4&#8243; _module_preset=&#8221;default&#8221; min_height=&#8221;27px&#8221; global_colors_info=&#8221;{}&#8221;][et_pb_column type=&#8221;4_4&#8243; _builder_version=&#8221;4.17.4&#8243; _module_preset=&#8221;default&#8221; global_colors_info=&#8221;{}&#8221;][et_pb_divider _builder_version=&#8221;4.17.4&#8243; _module_preset=&#8221;default&#8221; global_colors_info=&#8221;{}&#8221;][\/et_pb_divider][\/et_pb_column][\/et_pb_row][et_pb_row _builder_version=&#8221;4.17.4&#8243; _module_preset=&#8221;default&#8221; custom_margin=&#8221;-50px|auto||auto||&#8221; global_colors_info=&#8221;{}&#8221;][et_pb_column type=&#8221;4_4&#8243; _builder_version=&#8221;4.17.4&#8243; _module_preset=&#8221;default&#8221; global_colors_info=&#8221;{}&#8221;][et_pb_text _builder_version=&#8221;4.17.6&#8243; _module_preset=&#8221;default&#8221; text_font=&#8221;Rubik||||||||&#8221; header_font=&#8221;Rubik||||||||&#8221; header_text_color=&#8221;#777777&#8243; header_font_size=&#8221;35px&#8221; header_5_text_color=&#8221;#777777&#8243; custom_padding=&#8221;||0px|||&#8221; global_colors_info=&#8221;{}&#8221;]<\/p>\n<h1 class=\"p1\"><strong>ARPOOL <\/strong>M<\/h1>\n<h5 class=\"p1\">Dimensions<\/h5>\n<p>[\/et_pb_text][\/et_pb_column][\/et_pb_row][et_pb_row _builder_version=&#8221;4.17.4&#8243; _module_preset=&#8221;default&#8221; custom_padding=&#8221;0px|||||&#8221; global_colors_info=&#8221;{}&#8221;][et_pb_column type=&#8221;4_4&#8243; _builder_version=&#8221;4.17.4&#8243; _module_preset=&#8221;default&#8221; global_colors_info=&#8221;{}&#8221;][et_pb_text _builder_version=&#8221;4.17.6&#8243; _module_preset=&#8221;default&#8221; text_font_size=&#8221;16px&#8221; global_colors_info=&#8221;{}&#8221;]<\/p>\n<p class=\"p1\">Note:<\/p>\n<p class=\"p3\">Pour plus de d\u00e9tails sur les profondeurs sp\u00e9cifiques, l\u2019\u00e9paisseur du carrelage, se r\u00e9f\u00e9rer aux instructions d\u2019installation du luminaire et du boitier.<\/p>\n<p>[\/et_pb_text][\/et_pb_column][\/et_pb_row][et_pb_row column_structure=&#8221;1_2,1_2&#8243; _builder_version=&#8221;4.17.4&#8243; _module_preset=&#8221;default&#8221; global_colors_info=&#8221;{}&#8221;][et_pb_column type=&#8221;1_2&#8243; _builder_version=&#8221;4.17.4&#8243; _module_preset=&#8221;default&#8221; global_colors_info=&#8221;{}&#8221;][et_pb_text _builder_version=&#8221;4.17.4&#8243; _module_preset=&#8221;default&#8221; text_font_size=&#8221;15px&#8221; global_colors_info=&#8221;{}&#8221;]<\/p>\n<p class=\"p1\">Pot d\u2019encastrement<span class=\"s1\"> <\/span>&#8211;<span class=\"s1\"> <\/span>AM382<span class=\"s2\"> <\/span>pour c\u00e2ble<span class=\"s1\"> <\/span>1m Installation sur support b\u00e9ton avec alimentation arri\u00e8re.<\/p>\n<p>[\/et_pb_text][et_pb_image src=&#8221;https:\/\/www.abak-eclairage.fr\/wp-content\/uploads\/2022\/06\/AirpoolM_3a.png&#8221; title_text=&#8221;AirpoolM_3a&#8221; _builder_version=&#8221;4.17.4&#8243; _module_preset=&#8221;default&#8221; width=&#8221;90%&#8221; global_colors_info=&#8221;{}&#8221;][\/et_pb_image][et_pb_image src=&#8221;https:\/\/www.abak-eclairage.fr\/wp-content\/uploads\/2022\/06\/AirpoolM_4a.png&#8221; title_text=&#8221;AirpoolM_4a&#8221; _builder_version=&#8221;4.17.4&#8243; _module_preset=&#8221;default&#8221; width=&#8221;60%&#8221; module_alignment=&#8221;left&#8221; global_colors_info=&#8221;{}&#8221;][\/et_pb_image][\/et_pb_column][et_pb_column type=&#8221;1_2&#8243; _builder_version=&#8221;4.17.4&#8243; _module_preset=&#8221;default&#8221; global_colors_info=&#8221;{}&#8221;][et_pb_text _builder_version=&#8221;4.17.4&#8243; _module_preset=&#8221;default&#8221; text_font_size=&#8221;15px&#8221; global_colors_info=&#8221;{}&#8221;]<\/p>\n<p class=\"p1\">Pot d\u2019encastrement<span class=\"s1\"> <\/span>&#8211;<span class=\"s1\"> <\/span>AM382S<span class=\"s2\"> <\/span>pour c\u00e2ble<span class=\"s1\"> <\/span>1m Installation sur support b\u00e9ton avec alimentation lat\u00e9rale.<\/p>\n<p>[\/et_pb_text][et_pb_image src=&#8221;https:\/\/www.abak-eclairage.fr\/wp-content\/uploads\/2022\/06\/AirpoolM_3b.png&#8221; title_text=&#8221;AirpoolM_3b&#8221; _builder_version=&#8221;4.17.4&#8243; _module_preset=&#8221;default&#8221; global_colors_info=&#8221;{}&#8221;][\/et_pb_image][et_pb_image src=&#8221;https:\/\/www.abak-eclairage.fr\/wp-content\/uploads\/2022\/06\/AirpoolM_4b.png&#8221; title_text=&#8221;AirpoolM_4b&#8221; _builder_version=&#8221;4.17.4&#8243; _module_preset=&#8221;default&#8221; width=&#8221;60%&#8221; global_colors_info=&#8221;{}&#8221;][\/et_pb_image][\/et_pb_column][\/et_pb_row][et_pb_row column_structure=&#8221;1_2,1_2&#8243; _builder_version=&#8221;4.17.4&#8243; _module_preset=&#8221;default&#8221; global_colors_info=&#8221;{}&#8221;][et_pb_column type=&#8221;1_2&#8243; _builder_version=&#8221;4.17.4&#8243; _module_preset=&#8221;default&#8221; global_colors_info=&#8221;{}&#8221;][et_pb_text _builder_version=&#8221;4.17.4&#8243; _module_preset=&#8221;default&#8221; text_font_size=&#8221;15px&#8221; global_colors_info=&#8221;{}&#8221;]<\/p>\n<p class=\"p1\">Pot d\u2019encastrement<span class=\"s1\"> <\/span>&#8211;<span class=\"s2\"> <\/span>AM382SP<span class=\"s3\"> <\/span>pour c\u00e2ble<span class=\"s4\"> <\/span>1m. Installation sur support acier.<\/p>\n<p>[\/et_pb_text][et_pb_image src=&#8221;https:\/\/www.abak-eclairage.fr\/wp-content\/uploads\/2022\/06\/AirpoolM_5a.png&#8221; title_text=&#8221;AirpoolM_5a&#8221; _builder_version=&#8221;4.17.4&#8243; _module_preset=&#8221;default&#8221; width=&#8221;90%&#8221; global_colors_info=&#8221;{}&#8221;][\/et_pb_image][et_pb_image src=&#8221;https:\/\/www.abak-eclairage.fr\/wp-content\/uploads\/2022\/06\/AirpoolM_6a.png&#8221; title_text=&#8221;AirpoolM_6a&#8221; _builder_version=&#8221;4.17.4&#8243; _module_preset=&#8221;default&#8221; width=&#8221;60%&#8221; module_alignment=&#8221;left&#8221; global_colors_info=&#8221;{}&#8221;][\/et_pb_image][\/et_pb_column][et_pb_column type=&#8221;1_2&#8243; _builder_version=&#8221;4.17.4&#8243; _module_preset=&#8221;default&#8221; global_colors_info=&#8221;{}&#8221;][et_pb_text _builder_version=&#8221;4.17.4&#8243; _module_preset=&#8221;default&#8221; text_font_size=&#8221;15px&#8221; global_colors_info=&#8221;{}&#8221;]<\/p>\n<p class=\"p1\">Pot d\u2019encastrement &#8211;<span class=\"s1\"> <\/span>AM382LN<span class=\"s2\"> <\/span>pour c\u00e2ble 1m. Installation sur Liner<\/p>\n<p>[\/et_pb_text][et_pb_image src=&#8221;https:\/\/www.abak-eclairage.fr\/wp-content\/uploads\/2022\/06\/AirpoolM_5b.png&#8221; title_text=&#8221;AirpoolM_5b&#8221; _builder_version=&#8221;4.17.4&#8243; _module_preset=&#8221;default&#8221; width=&#8221;95%&#8221; global_colors_info=&#8221;{}&#8221;][\/et_pb_image][et_pb_image src=&#8221;https:\/\/www.abak-eclairage.fr\/wp-content\/uploads\/2022\/06\/AirpoolM_6b.png&#8221; title_text=&#8221;AirpoolM_6b&#8221; _builder_version=&#8221;4.17.4&#8243; _module_preset=&#8221;default&#8221; width=&#8221;65%&#8221; global_colors_info=&#8221;{}&#8221;][\/et_pb_image][\/et_pb_column][\/et_pb_row][et_pb_row column_structure=&#8221;1_4,1_4,1_4,1_4&#8243; _builder_version=&#8221;4.17.4&#8243; _module_preset=&#8221;default&#8221; global_colors_info=&#8221;{}&#8221;][et_pb_column type=&#8221;1_4&#8243; _builder_version=&#8221;4.17.4&#8243; _module_preset=&#8221;default&#8221; global_colors_info=&#8221;{}&#8221;][et_pb_button button_url=&#8221;https:\/\/www.abak-eclairage.fr\/wp-content\/uploads\/2022\/12\/ArpoolM.pdf&#8221; url_new_window=&#8221;on&#8221; button_text=&#8221;PDF&#8221; button_alignment=&#8221;center&#8221; _builder_version=&#8221;4.19.2&#8243; _module_preset=&#8221;default&#8221; custom_button=&#8221;on&#8221; button_text_size=&#8221;16px&#8221; global_colors_info=&#8221;{}&#8221;][\/et_pb_button][\/et_pb_column][et_pb_column type=&#8221;1_4&#8243; _builder_version=&#8221;4.17.4&#8243; _module_preset=&#8221;default&#8221; global_colors_info=&#8221;{}&#8221;][et_pb_button button_url=&#8221;https:\/\/www.filixlighting.com\/pdf\/underwater_infos\/archive_016.zip&#8221; url_new_window=&#8221;on&#8221; button_text=&#8221;Installation manual &#8211; Fixation&#8221; _builder_version=&#8221;4.18.0&#8243; _module_preset=&#8221;default&#8221; custom_button=&#8221;on&#8221; button_text_size=&#8221;16px&#8221; custom_margin=&#8221;|||-40px|false|false&#8221; global_colors_info=&#8221;{}&#8221;][\/et_pb_button][\/et_pb_column][et_pb_column type=&#8221;1_4&#8243; _builder_version=&#8221;4.17.4&#8243; _module_preset=&#8221;default&#8221; global_colors_info=&#8221;{}&#8221;][et_pb_button button_url=&#8221;https:\/\/www.filixlighting.com\/pdf\/underwater_infos\/arpool_m_housing_new_000.pdf&#8221; url_new_window=&#8221;on&#8221; button_text=&#8221;Installation manual &#8211; Encastrement&#8221; button_alignment=&#8221;center&#8221; _builder_version=&#8221;4.18.0&#8243; _module_preset=&#8221;default&#8221; custom_button=&#8221;on&#8221; button_text_size=&#8221;16px&#8221; custom_margin=&#8221;|-50px||-30px|false|false&#8221; global_colors_info=&#8221;{}&#8221;][\/et_pb_button][\/et_pb_column][et_pb_column type=&#8221;1_4&#8243; _builder_version=&#8221;4.17.4&#8243; _module_preset=&#8221;default&#8221; global_colors_info=&#8221;{}&#8221;][et_pb_button button_url=&#8221;https:\/\/www.filixlighting.com\/ies\/underwater_infos\/archive_014.zip&#8221; url_new_window=&#8221;on&#8221; button_text=&#8221;IES-LDT Data&#8221; button_alignment=&#8221;center&#8221; _builder_version=&#8221;4.18.0&#8243; _module_preset=&#8221;default&#8221; custom_button=&#8221;on&#8221; button_text_size=&#8221;16px&#8221; global_colors_info=&#8221;{}&#8221;][\/et_pb_button][\/et_pb_column][\/et_pb_row][\/et_pb_section]<\/p>\n","protected":false},"excerpt":{"rendered":"<p>ARPOOL M Projecteur immergeable rond. Corps et bride en acier inoxydable 316L.Convient parfaitement \u00e0 l\u2019illumination de bassins petits et moyens.Fiche techniqueUL STD 676 norme piscine CSA C22.2#89 norme piscine IP68Table de codificationCARACTERISTIQUES DU LUMINAIREINFORMATIONS DE COMMANDEConception et Application Profondeur maximum d\u2019installation 5m Epaisseur maximale des carreaux 25mm Saillie de la colerette 10mm\u00a0 Grille anti-\u00e9blouissement (40% [&hellip;]<\/p>\n","protected":false},"author":1,"featured_media":0,"parent":0,"menu_order":0,"comment_status":"closed","ping_status":"closed","template":"","meta":{"_et_pb_use_builder":"on","_et_pb_old_content":"","_et_gb_content_width":"","footnotes":""},"class_list":["post-2184","page","type-page","status-publish","hentry"],"_links":{"self":[{"href":"https:\/\/www.abak-eclairage.fr\/index.php\/wp-json\/wp\/v2\/pages\/2184","targetHints":{"allow":["GET"]}}],"collection":[{"href":"https:\/\/www.abak-eclairage.fr\/index.php\/wp-json\/wp\/v2\/pages"}],"about":[{"href":"https:\/\/www.abak-eclairage.fr\/index.php\/wp-json\/wp\/v2\/types\/page"}],"author":[{"embeddable":true,"href":"https:\/\/www.abak-eclairage.fr\/index.php\/wp-json\/wp\/v2\/users\/1"}],"replies":[{"embeddable":true,"href":"https:\/\/www.abak-eclairage.fr\/index.php\/wp-json\/wp\/v2\/comments?post=2184"}],"version-history":[{"count":10,"href":"https:\/\/www.abak-eclairage.fr\/index.php\/wp-json\/wp\/v2\/pages\/2184\/revisions"}],"predecessor-version":[{"id":4155,"href":"https:\/\/www.abak-eclairage.fr\/index.php\/wp-json\/wp\/v2\/pages\/2184\/revisions\/4155"}],"wp:attachment":[{"href":"https:\/\/www.abak-eclairage.fr\/index.php\/wp-json\/wp\/v2\/media?parent=2184"}],"curies":[{"name":"wp","href":"https:\/\/api.w.org\/{rel}","templated":true}]}}