{"id":2109,"date":"2022-06-28T06:59:37","date_gmt":"2022-06-28T06:59:37","guid":{"rendered":"https:\/\/www.abak-eclairage.fr\/?page_id=2109"},"modified":"2023-09-18T15:18:18","modified_gmt":"2023-09-18T15:18:18","slug":"arpool-style","status":"publish","type":"page","link":"https:\/\/www.abak-eclairage.fr\/index.php\/arpool-style\/","title":{"rendered":"Arpool style"},"content":{"rendered":"<p>[et_pb_section fb_built=&#8221;1&#8243; _builder_version=&#8221;4.16&#8243; _module_preset=&#8221;default&#8221; global_colors_info=&#8221;{}&#8221;][et_pb_row _builder_version=&#8221;4.22.1&#8243; _module_preset=&#8221;default&#8221; hover_enabled=&#8221;0&#8243; global_colors_info=&#8221;{}&#8221; custom_margin=&#8221;-20px||||false|false&#8221; sticky_enabled=&#8221;0&#8243;][et_pb_column type=&#8221;4_4&#8243; _builder_version=&#8221;4.16&#8243; _module_preset=&#8221;default&#8221; global_colors_info=&#8221;{}&#8221;][et_pb_button button_url=&#8221;https:\/\/www.abak-eclairage.fr\/wp-content\/uploads\/2022\/12\/Arpoolstyle.pdf&#8221; url_new_window=&#8221;on&#8221; button_text=&#8221;Fichier pour impression&#8221; button_alignment=&#8221;right&#8221; _builder_version=&#8221;4.22.1&#8243; _module_preset=&#8221;default&#8221; custom_button=&#8221;on&#8221; button_text_size=&#8221;15px&#8221; custom_margin=&#8221;-15px||0px||false|false&#8221; custom_margin_tablet=&#8221;-20px||20px||false|false&#8221; custom_margin_phone=&#8221;-25px||30px||false|false&#8221; custom_margin_last_edited=&#8221;on|phone&#8221; hover_enabled=&#8221;0&#8243; global_colors_info=&#8221;{}&#8221; button_text_color__hover_enabled=&#8221;on|hover&#8221; sticky_enabled=&#8221;0&#8243; button_text_color__hover=&#8221;#FFFFFF&#8221; button_bg_color__hover_enabled=&#8221;on|hover&#8221; button_bg_color__hover=&#8221;#345f77&#8243; button_bg_enable_color__hover=&#8221;on&#8221;][\/et_pb_button][et_pb_text _builder_version=&#8221;4.18.0&#8243; _module_preset=&#8221;default&#8221; text_font=&#8221;||||||||&#8221; text_font_size=&#8221;16px&#8221; header_font=&#8221;Rubik||||||||&#8221; header_text_color=&#8221;#777777&#8243; header_font_size=&#8221;35px&#8221; header_5_text_color=&#8221;#777777&#8243; global_colors_info=&#8221;{}&#8221;]<\/p>\n<h1 class=\"p1\"><strong>ARPOOL <\/strong>Style<\/h1>\n<h6><\/h6>\n<p>Lin\u00e9aire haute puissance pour \u00e9clairage immerg\u00e9. Corps en acier inoxydable 316L avec bride en acier inoxydable peint au RAL9005. Grille lin\u00e9aire int\u00e9gr\u00e9e pour le contr\u00f4le de l\u2019\u00e9blouissement.<\/p>\n<p>[\/et_pb_text][et_pb_text _builder_version=&#8221;4.17.6&#8243; _module_preset=&#8221;default&#8221; header_5_text_color=&#8221;#777777&#8243; global_colors_info=&#8221;{}&#8221;]<\/p>\n<h5 class=\"p1\">Fiche technique<\/h5>\n<p>[\/et_pb_text][et_pb_text _builder_version=&#8221;4.17.6&#8243; _module_preset=&#8221;default&#8221; text_font_size=&#8221;16px&#8221; text_line_height=&#8221;1em&#8221; global_colors_info=&#8221;{}&#8221;]<\/p>\n<p class=\"p1\"><span class=\"s1\"><b>UL STD 676 <\/b><\/span>norme piscine<\/p>\n<p class=\"p1\"><span class=\"s1\"><b>CSA C22.2#89 <\/b><\/span>norme piscine<\/p>\n<p class=\"p3\"><b>IP68<\/b><\/p>\n<p>[\/et_pb_text][\/et_pb_column][\/et_pb_row][et_pb_row column_structure=&#8221;1_2,1_2&#8243; _builder_version=&#8221;4.17.4&#8243; _module_preset=&#8221;default&#8221; custom_margin=&#8221;-50px|auto||auto||&#8221; global_colors_info=&#8221;{}&#8221;][et_pb_column type=&#8221;1_2&#8243; _builder_version=&#8221;4.17.4&#8243; _module_preset=&#8221;default&#8221; global_colors_info=&#8221;{}&#8221;][et_pb_image src=&#8221;https:\/\/www.abak-eclairage.fr\/wp-content\/uploads\/2022\/06\/Arpoolstyle_1.png&#8221; title_text=&#8221;Arpoolstyle_1&#8243; _builder_version=&#8221;4.17.6&#8243; _module_preset=&#8221;default&#8221; width=&#8221;90%&#8221; global_colors_info=&#8221;{}&#8221;][\/et_pb_image][\/et_pb_column][et_pb_column type=&#8221;1_2&#8243; _builder_version=&#8221;4.17.4&#8243; _module_preset=&#8221;default&#8221; global_colors_info=&#8221;{}&#8221;][et_pb_image src=&#8221;https:\/\/www.abak-eclairage.fr\/wp-content\/uploads\/2022\/06\/Arpoolstyle_2.png&#8221; title_text=&#8221;Arpoolstyle_2&#8243; _builder_version=&#8221;4.17.6&#8243; _module_preset=&#8221;default&#8221; width=&#8221;85%&#8221; global_colors_info=&#8221;{}&#8221;][\/et_pb_image][\/et_pb_column][\/et_pb_row][et_pb_row column_structure=&#8221;1_2,1_2&#8243; _builder_version=&#8221;4.17.4&#8243; _module_preset=&#8221;default&#8221; custom_padding=&#8221;||0px|||&#8221; global_colors_info=&#8221;{}&#8221;][et_pb_column type=&#8221;1_2&#8243; _builder_version=&#8221;4.17.4&#8243; _module_preset=&#8221;default&#8221; global_colors_info=&#8221;{}&#8221;][et_pb_text _builder_version=&#8221;4.17.4&#8243; _module_preset=&#8221;default&#8221; header_font=&#8221;Rubik||||||||&#8221; header_6_font=&#8221;Rubik||||||||&#8221; header_6_text_color=&#8221;#262626&#8243; global_colors_info=&#8221;{}&#8221;]<\/p>\n<h6 class=\"p1\">Table de codification<\/h6>\n<p>[\/et_pb_text][\/et_pb_column][et_pb_column type=&#8221;1_2&#8243; _builder_version=&#8221;4.17.4&#8243; _module_preset=&#8221;default&#8221; global_colors_info=&#8221;{}&#8221;][\/et_pb_column][\/et_pb_row][et_pb_row _builder_version=&#8221;4.17.4&#8243; _module_preset=&#8221;default&#8221; custom_margin=&#8221;2px|auto||auto||&#8221; custom_padding=&#8221;0px|||||&#8221; global_colors_info=&#8221;{}&#8221;][et_pb_column type=&#8221;4_4&#8243; _builder_version=&#8221;4.17.4&#8243; _module_preset=&#8221;default&#8221; global_colors_info=&#8221;{}&#8221;][et_pb_image src=&#8221;https:\/\/www.abak-eclairage.fr\/wp-content\/uploads\/2022\/06\/tableau-15.png&#8221; title_text=&#8221;tableau&#8221; _builder_version=&#8221;4.17.6&#8243; _module_preset=&#8221;default&#8221; width=&#8221;70%&#8221; global_colors_info=&#8221;{}&#8221;][\/et_pb_image][\/et_pb_column][\/et_pb_row][et_pb_row column_structure=&#8221;1_2,1_2&#8243; _builder_version=&#8221;4.17.4&#8243; _module_preset=&#8221;default&#8221; custom_margin=&#8221;-50px|auto||auto||&#8221; global_colors_info=&#8221;{}&#8221;][et_pb_column type=&#8221;1_2&#8243; _builder_version=&#8221;4.17.4&#8243; _module_preset=&#8221;default&#8221; global_colors_info=&#8221;{}&#8221;][et_pb_image src=&#8221;https:\/\/www.abak-eclairage.fr\/wp-content\/uploads\/2022\/06\/etiquetas.png&#8221; title_text=&#8221;etiquetas&#8221; _builder_version=&#8221;4.18.0&#8243; _module_preset=&#8221;default&#8221; width=&#8221;40%&#8221; width_tablet=&#8221;30%&#8221; width_phone=&#8221;40%&#8221; width_last_edited=&#8221;on|phone&#8221; module_alignment=&#8221;left&#8221; custom_padding=&#8221;|7px||0px|false|false&#8221; global_colors_info=&#8221;{}&#8221;][\/et_pb_image][\/et_pb_column][et_pb_column type=&#8221;1_2&#8243; _builder_version=&#8221;4.17.4&#8243; _module_preset=&#8221;default&#8221; global_colors_info=&#8221;{}&#8221;][\/et_pb_column][\/et_pb_row][et_pb_row column_structure=&#8221;1_2,1_2&#8243; _builder_version=&#8221;4.17.4&#8243; _module_preset=&#8221;default&#8221; custom_padding=&#8221;||0px|||&#8221; global_colors_info=&#8221;{}&#8221;][et_pb_column type=&#8221;1_2&#8243; _builder_version=&#8221;4.17.4&#8243; _module_preset=&#8221;default&#8221; global_colors_info=&#8221;{}&#8221;][et_pb_text _builder_version=&#8221;4.17.6&#8243; _module_preset=&#8221;default&#8221; text_font_size=&#8221;16px&#8221; global_colors_info=&#8221;{}&#8221;]<\/p>\n<p class=\"p1\"><b>CARACTERISTIQUES DU LUMINAIRE<\/b><\/p>\n<p>[\/et_pb_text][\/et_pb_column][et_pb_column type=&#8221;1_2&#8243; _builder_version=&#8221;4.17.4&#8243; _module_preset=&#8221;default&#8221; global_colors_info=&#8221;{}&#8221;][et_pb_text _builder_version=&#8221;4.17.6&#8243; _module_preset=&#8221;default&#8221; text_font_size=&#8221;16px&#8221; global_colors_info=&#8221;{}&#8221;]<\/p>\n<p class=\"p1\"><b>INFORMATIONS DE COMMANDE<\/b><\/p>\n<p>[\/et_pb_text][\/et_pb_column][\/et_pb_row][et_pb_row column_structure=&#8221;1_2,1_2&#8243; _builder_version=&#8221;4.16&#8243; _module_preset=&#8221;default&#8221; global_colors_info=&#8221;{}&#8221;][et_pb_column type=&#8221;1_2&#8243; _builder_version=&#8221;4.16&#8243; _module_preset=&#8221;default&#8221; global_colors_info=&#8221;{}&#8221;][et_pb_text _builder_version=&#8221;4.17.4&#8243; _module_preset=&#8221;default&#8221; text_font_size=&#8221;16px&#8221; global_colors_info=&#8221;{}&#8221;]<\/p>\n<p class=\"p1\"><b>Conception et Application<\/b><\/p>\n<ul>\n<li><span class=\"s1\"><\/span>Profondeur maximum d\u2019installation 5m<b><\/b><\/li>\n<li><span class=\"s1\"><\/span>Epaisseur maximale des carreaux 25mm<b><\/b><\/li>\n<li><span class=\"s1\"><\/span>Saillie de la colerette 10mm<span class=\"Apple-converted-space\">\u00a0<\/span><b><\/b><\/li>\n<li><span class=\"s1\"><\/span>Compatible DMX, DALI, 0-10V (d\u00e9port\u00e9)<b><\/b><\/li>\n<li><span class=\"s1\"><\/span>Installation murale et au sol<b><\/b><\/li>\n<li><span class=\"s1\"><\/span>Piscines et complexes aquatiques<b><\/b><\/li>\n<li><span class=\"s1\"><\/span>Fontaines et installations d\u2019eau<\/li>\n<\/ul>\n<p class=\"p5\">\n<p class=\"p1\"><b>Caract\u00e9ristiques techniques<\/b><\/p>\n<ul>\n<li><span class=\"s1\"><\/span>IK10, verre tremp\u00e9<\/li>\n<li><span class=\"s1\"><\/span>Environnement chlor\u00e9 et salin<\/li>\n<li><span class=\"s1\"><\/span>Acier Inoxydable 316L, qualit\u00e9 marine<\/li>\n<li><span class=\"s1\"><\/span>Module de protection contre les surtensions<\/li>\n<li><span class=\"s1\"><\/span>Technologie de refroidissement thermique<\/li>\n<li><span class=\"s1\"><\/span>Dur\u00e9e de vie TM-21 @85C L90<span class=\"s2\">(9K)<\/span>=75000h<\/li>\n<li><span class=\"s1\"><\/span>Fourni avec cable d\u2019alimentation 3m r\u00e9sistant \u00e0 l\u2019eau et \u00e0 l\u2019huile<\/li>\n<li><span class=\"s1\"><\/span>Temp\u00e9rature de fonctionnement de -25\u00b0C \u00e0 40\u00b0C* &#8211; <span class=\"s3\">25\u00b0C \u00e0 l\u2019air<\/span><\/li>\n<li><span class=\"s1\"><\/span>IRC : &gt; 85<\/li>\n<li><span class=\"s1\"><\/span>Step MacAdam 3<\/li>\n<\/ul>\n<p class=\"p9\">\n<p class=\"p1\"><b>S\u00e9curit\u00e9<\/b><\/p>\n<ul>\n<li><span class=\"s1\"><\/span>Driver d\u00e9port\u00e9<\/li>\n<li><span class=\"s1\"><\/span>Fonctionnement basse tension<\/li>\n<li><span class=\"s1\"><\/span>Installation encastr\u00e9e<\/li>\n<\/ul>\n<p class=\"p11\">\n<p class=\"p1\"><b>Durabilit\u00e9<\/b><\/p>\n<ul>\n<li><span class=\"s1\"><\/span>Mat\u00e9riel recyclable<\/li>\n<\/ul>\n<p>&nbsp;<\/p>\n<p>[\/et_pb_text][\/et_pb_column][et_pb_column type=&#8221;1_2&#8243; _builder_version=&#8221;4.17.4&#8243; _module_preset=&#8221;default&#8221; global_colors_info=&#8221;{}&#8221;][et_pb_text _builder_version=&#8221;4.17.4&#8243; _module_preset=&#8221;default&#8221; text_font_size=&#8221;16px&#8221; global_colors_info=&#8221;{}&#8221;]<\/p>\n<p class=\"p1\"><b>Dimensions<\/b><\/p>\n<ul>\n<li><span class=\"s1\"><\/span>362mm<span class=\"Apple-converted-space\">\u00a0<\/span><b><\/b><\/li>\n<li>662mm<span class=\"Apple-converted-space\">\u00a0<\/span><\/li>\n<\/ul>\n<p class=\"p5\">\n<p class=\"p6\"><span class=\"s2\"><b>Puissance<\/b> <\/span>\u2013 lumens d\u00e9livr\u00e9s<\/p>\n<ul>\n<li><span class=\"s1\"><\/span>H &#8211; 67W\/m, 3000K &#8211; 4000K, 1200lm\/m<\/li>\n<li><span class=\"s1\"><\/span>H &#8211; 67W\/m, RGBW (4000K)<\/li>\n<\/ul>\n<p class=\"p9\">\n<p class=\"p10\"><b>Temp\u00e9rature de couleur<\/b><\/p>\n<ul>\n<li><span class=\"s1\"><\/span>30 &#8211; 3000K<\/li>\n<li><span class=\"s1\"><\/span>40 &#8211; 4000K<\/li>\n<li><span class=\"s1\"><\/span>RGBW (W 4000K)<\/li>\n<\/ul>\n<p class=\"p9\">\n<p class=\"p10\"><b>Optiques<\/b><\/p>\n<ul>\n<li><span class=\"s1\"><\/span>GR &#8211; <span class=\"s3\">Graze<\/span> &#8211; 14\u00ba x 40\u00ba<\/li>\n<\/ul>\n<p class=\"p9\">\n<p class=\"p10\"><b>Alimentation<\/b><\/p>\n<ul>\n<li><span class=\"s1\"><\/span>12 &#8211; 12VDC<span class=\"Apple-converted-space\">\u00a0<\/span><\/li>\n<li><span class=\"s1\"><\/span>24 &#8211; 24VDC<span class=\"Apple-converted-space\">\u00a0<\/span><\/li>\n<\/ul>\n<p class=\"p9\">\n<p class=\"p10\"><b>Options<\/b><\/p>\n<ul>\n<li><span class=\"s1\"><\/span>C3 \u2013 pr\u00e9-c\u00e2bl\u00e9 standard 3m<\/li>\n<li><span class=\"s1\"><\/span>C6 &#8211; pr\u00e9-c\u00e2bl\u00e9 6m<\/li>\n<li><span class=\"s1\"><\/span>C9- pr\u00e9-c\u00e2bl\u00e9 9m<\/li>\n<li><span class=\"s1\"><\/span>C20 &#8211; pr\u00e9-c\u00e2bl\u00e9 20m<\/li>\n<\/ul>\n<p class=\"p11\">\n<p class=\"p10\"><b>Pot d\u2019encastrement<\/b><\/p>\n<ul>\n<li><span class=\"s1\"><\/span>AR413 &#8211; 360mm<span class=\"Apple-converted-space\">\u00a0<\/span><\/li>\n<li><span class=\"s1\"><\/span>AR415 &#8211; 660mm<span class=\"Apple-converted-space\">\u00a0<\/span><\/li>\n<\/ul>\n<p class=\"p14\">\n<p class=\"p10\"><b>Accessoires<\/b><\/p>\n<ul>\n<li><span class=\"s1\"><\/span>200253 \u2013 Jeu de presse \u00e9toupes (IP68 presse \u00e9toupe + adaptateur acier)<\/li>\n<\/ul>\n<p>&nbsp;<\/p>\n<p>[\/et_pb_text][\/et_pb_column][\/et_pb_row][et_pb_row _builder_version=&#8221;4.17.4&#8243; _module_preset=&#8221;default&#8221; min_height=&#8221;27px&#8221; global_colors_info=&#8221;{}&#8221;][et_pb_column type=&#8221;4_4&#8243; _builder_version=&#8221;4.17.4&#8243; _module_preset=&#8221;default&#8221; global_colors_info=&#8221;{}&#8221;][et_pb_divider _builder_version=&#8221;4.17.4&#8243; _module_preset=&#8221;default&#8221; global_colors_info=&#8221;{}&#8221;][\/et_pb_divider][\/et_pb_column][\/et_pb_row][et_pb_row _builder_version=&#8221;4.17.4&#8243; _module_preset=&#8221;default&#8221; custom_margin=&#8221;-50px|auto||auto||&#8221; global_colors_info=&#8221;{}&#8221;][et_pb_column type=&#8221;4_4&#8243; _builder_version=&#8221;4.17.4&#8243; _module_preset=&#8221;default&#8221; global_colors_info=&#8221;{}&#8221;][et_pb_text _builder_version=&#8221;4.17.6&#8243; _module_preset=&#8221;default&#8221; text_font=&#8221;Rubik||||||||&#8221; header_font=&#8221;Rubik||||||||&#8221; header_text_color=&#8221;#777777&#8243; header_font_size=&#8221;35px&#8221; header_5_text_color=&#8221;#777777&#8243; custom_padding=&#8221;||0px|||&#8221; global_colors_info=&#8221;{}&#8221;]<\/p>\n<h1 class=\"p1\"><strong>ARPOOL <\/strong>Style<\/h1>\n<h5 class=\"p1\">Dimensions<\/h5>\n<p>[\/et_pb_text][\/et_pb_column][\/et_pb_row][et_pb_row _builder_version=&#8221;4.17.4&#8243; _module_preset=&#8221;default&#8221; custom_padding=&#8221;0px|||||&#8221; global_colors_info=&#8221;{}&#8221;][et_pb_column type=&#8221;4_4&#8243; _builder_version=&#8221;4.17.4&#8243; _module_preset=&#8221;default&#8221; global_colors_info=&#8221;{}&#8221;][et_pb_text _builder_version=&#8221;4.17.6&#8243; _module_preset=&#8221;default&#8221; text_font_size=&#8221;16px&#8221; global_colors_info=&#8221;{}&#8221;]<\/p>\n<p class=\"p1\">Note:<\/p>\n<p class=\"p3\">Pour plus de d\u00e9tails sur les profondeurs sp\u00e9cifiques, l\u2019\u00e9paisseur du carrelage, se r\u00e9f\u00e9rer aux instructions d\u2019installation du luminaire et du boitier.<\/p>\n<p class=\"p1\">Pot d\u2019encastrement AR413, AR415 compatible avec cable 1m<\/p>\n<p class=\"p1\">Installation lat\u00e9rale pour piscines en b\u00e9ton<\/p>\n<p>[\/et_pb_text][\/et_pb_column][\/et_pb_row][et_pb_row column_structure=&#8221;3_5,2_5&#8243; _builder_version=&#8221;4.17.4&#8243; _module_preset=&#8221;default&#8221; global_colors_info=&#8221;{}&#8221;][et_pb_column type=&#8221;3_5&#8243; _builder_version=&#8221;4.17.4&#8243; _module_preset=&#8221;default&#8221; global_colors_info=&#8221;{}&#8221;][et_pb_image src=&#8221;https:\/\/www.abak-eclairage.fr\/wp-content\/uploads\/2022\/06\/Arpoolstyle_3.png&#8221; title_text=&#8221;Arpoolstyle_3&#8243; _builder_version=&#8221;4.18.0&#8243; _module_preset=&#8221;default&#8221; width=&#8221;75%&#8221; module_alignment=&#8221;center&#8221; global_colors_info=&#8221;{}&#8221;][\/et_pb_image][et_pb_image src=&#8221;https:\/\/www.abak-eclairage.fr\/wp-content\/uploads\/2022\/06\/Arpoolstyle_4.png&#8221; title_text=&#8221;Arpoolstyle_4&#8243; _builder_version=&#8221;4.18.0&#8243; _module_preset=&#8221;default&#8221; width=&#8221;75%&#8221; module_alignment=&#8221;center&#8221; global_colors_info=&#8221;{}&#8221;][\/et_pb_image][\/et_pb_column][et_pb_column type=&#8221;2_5&#8243; _builder_version=&#8221;4.17.4&#8243; _module_preset=&#8221;default&#8221; global_colors_info=&#8221;{}&#8221;][et_pb_image src=&#8221;https:\/\/www.abak-eclairage.fr\/wp-content\/uploads\/2022\/06\/Arpoolstyle_5.png&#8221; title_text=&#8221;Arpoolstyle_5&#8243; _builder_version=&#8221;4.17.4&#8243; _module_preset=&#8221;default&#8221; global_colors_info=&#8221;{}&#8221;][\/et_pb_image][\/et_pb_column][\/et_pb_row][et_pb_row column_structure=&#8221;1_4,1_4,1_4,1_4&#8243; _builder_version=&#8221;4.17.4&#8243; _module_preset=&#8221;default&#8221; global_colors_info=&#8221;{}&#8221;][et_pb_column type=&#8221;1_4&#8243; _builder_version=&#8221;4.17.4&#8243; _module_preset=&#8221;default&#8221; global_colors_info=&#8221;{}&#8221;][et_pb_button button_url=&#8221;https:\/\/www.abak-eclairage.fr\/wp-content\/uploads\/2022\/12\/Arpoolstyle.pdf&#8221; url_new_window=&#8221;on&#8221; button_text=&#8221;PDF&#8221; button_alignment=&#8221;center&#8221; _builder_version=&#8221;4.19.1&#8243; _module_preset=&#8221;default&#8221; custom_button=&#8221;on&#8221; button_text_size=&#8221;16px&#8221; global_colors_info=&#8221;{}&#8221;][\/et_pb_button][\/et_pb_column][et_pb_column type=&#8221;1_4&#8243; _builder_version=&#8221;4.17.4&#8243; _module_preset=&#8221;default&#8221; global_colors_info=&#8221;{}&#8221;][et_pb_button button_url=&#8221;https:\/\/www.filixlighting.com\/pdf\/underwater_infos\/archive_022.zip&#8221; url_new_window=&#8221;on&#8221; button_text=&#8221;Installation manual &#8211; Fixation&#8221; button_alignment=&#8221;left&#8221; _builder_version=&#8221;4.18.0&#8243; _module_preset=&#8221;default&#8221; custom_button=&#8221;on&#8221; button_text_size=&#8221;16px&#8221; custom_margin=&#8221;|||-40px|false|false&#8221; global_colors_info=&#8221;{}&#8221;][\/et_pb_button][\/et_pb_column][et_pb_column type=&#8221;1_4&#8243; _builder_version=&#8221;4.17.4&#8243; _module_preset=&#8221;default&#8221; global_colors_info=&#8221;{}&#8221;][et_pb_button button_url=&#8221;https:\/\/www.filixlighting.com\/pdf\/underwater_infos\/arpool_style_housing_001.pdf&#8221; url_new_window=&#8221;on&#8221; button_text=&#8221;Installation manual &#8211; Encastrement&#8221; button_alignment=&#8221;center&#8221; _builder_version=&#8221;4.18.0&#8243; _module_preset=&#8221;default&#8221; custom_button=&#8221;on&#8221; button_text_size=&#8221;16px&#8221; custom_margin=&#8221;|-50px||-30px|false|false&#8221; global_colors_info=&#8221;{}&#8221;][\/et_pb_button][\/et_pb_column][et_pb_column type=&#8221;1_4&#8243; _builder_version=&#8221;4.17.4&#8243; _module_preset=&#8221;default&#8221; global_colors_info=&#8221;{}&#8221;][et_pb_button button_url=&#8221;https:\/\/www.filixlighting.com\/ies\/underwater_infos\/archive_010.zip&#8221; url_new_window=&#8221;on&#8221; button_text=&#8221;IES-LDT Data&#8221; button_alignment=&#8221;center&#8221; _builder_version=&#8221;4.18.0&#8243; _module_preset=&#8221;default&#8221; custom_button=&#8221;on&#8221; button_text_size=&#8221;16px&#8221; global_colors_info=&#8221;{}&#8221;][\/et_pb_button][\/et_pb_column][\/et_pb_row][\/et_pb_section]<\/p>\n","protected":false},"excerpt":{"rendered":"<p>ARPOOL Style Lin\u00e9aire haute puissance pour \u00e9clairage immerg\u00e9. Corps en acier inoxydable 316L avec bride en acier inoxydable peint au RAL9005. Grille lin\u00e9aire int\u00e9gr\u00e9e pour le contr\u00f4le de l\u2019\u00e9blouissement.Fiche techniqueUL STD 676 norme piscine CSA C22.2#89 norme piscine IP68Table de codificationCARACTERISTIQUES DU LUMINAIREINFORMATIONS DE COMMANDEConception et Application Profondeur maximum d\u2019installation 5m Epaisseur maximale des carreaux [&hellip;]<\/p>\n","protected":false},"author":1,"featured_media":0,"parent":0,"menu_order":0,"comment_status":"closed","ping_status":"closed","template":"","meta":{"_et_pb_use_builder":"on","_et_pb_old_content":"","_et_gb_content_width":"","footnotes":""},"class_list":["post-2109","page","type-page","status-publish","hentry"],"_links":{"self":[{"href":"https:\/\/www.abak-eclairage.fr\/index.php\/wp-json\/wp\/v2\/pages\/2109","targetHints":{"allow":["GET"]}}],"collection":[{"href":"https:\/\/www.abak-eclairage.fr\/index.php\/wp-json\/wp\/v2\/pages"}],"about":[{"href":"https:\/\/www.abak-eclairage.fr\/index.php\/wp-json\/wp\/v2\/types\/page"}],"author":[{"embeddable":true,"href":"https:\/\/www.abak-eclairage.fr\/index.php\/wp-json\/wp\/v2\/users\/1"}],"replies":[{"embeddable":true,"href":"https:\/\/www.abak-eclairage.fr\/index.php\/wp-json\/wp\/v2\/comments?post=2109"}],"version-history":[{"count":14,"href":"https:\/\/www.abak-eclairage.fr\/index.php\/wp-json\/wp\/v2\/pages\/2109\/revisions"}],"predecessor-version":[{"id":4164,"href":"https:\/\/www.abak-eclairage.fr\/index.php\/wp-json\/wp\/v2\/pages\/2109\/revisions\/4164"}],"wp:attachment":[{"href":"https:\/\/www.abak-eclairage.fr\/index.php\/wp-json\/wp\/v2\/media?parent=2109"}],"curies":[{"name":"wp","href":"https:\/\/api.w.org\/{rel}","templated":true}]}}