{"id":1973,"date":"2022-06-24T13:59:21","date_gmt":"2022-06-24T13:59:21","guid":{"rendered":"https:\/\/www.abak-eclairage.fr\/?page_id=1973"},"modified":"2023-09-20T13:43:00","modified_gmt":"2023-09-20T13:43:00","slug":"sqw100","status":"publish","type":"page","link":"https:\/\/www.abak-eclairage.fr\/index.php\/sqw100\/","title":{"rendered":"SQW100"},"content":{"rendered":"<p>[et_pb_section fb_built=&#8221;1&#8243; _builder_version=&#8221;4.16&#8243; _module_preset=&#8221;default&#8221; global_colors_info=&#8221;{}&#8221;][et_pb_row _builder_version=&#8221;4.22.1&#8243; _module_preset=&#8221;default&#8221; custom_margin=&#8221;-20px||||false|false&#8221; hover_enabled=&#8221;0&#8243; global_colors_info=&#8221;{}&#8221; sticky_enabled=&#8221;0&#8243;][et_pb_column type=&#8221;4_4&#8243; _builder_version=&#8221;4.16&#8243; _module_preset=&#8221;default&#8221; global_colors_info=&#8221;{}&#8221;][et_pb_button button_url=&#8221;https:\/\/www.abak-eclairage.fr\/wp-content\/uploads\/2022\/11\/SQW100.pdf&#8221; url_new_window=&#8221;on&#8221; button_text=&#8221;Fichier pour impression&#8221; button_alignment=&#8221;right&#8221; _builder_version=&#8221;4.22.1&#8243; _module_preset=&#8221;default&#8221; custom_button=&#8221;on&#8221; button_text_size=&#8221;15px&#8221; custom_margin=&#8221;-15px||0px||false|false&#8221; custom_margin_tablet=&#8221;-20px||20px||false|false&#8221; custom_margin_phone=&#8221;-25px||30px||false|false&#8221; custom_margin_last_edited=&#8221;on|desktop&#8221; hover_enabled=&#8221;0&#8243; global_colors_info=&#8221;{}&#8221; sticky_enabled=&#8221;0&#8243; button_text_color__hover_enabled=&#8221;on|hover&#8221; button_text_color__hover=&#8221;#FFFFFF&#8221; button_bg_color__hover_enabled=&#8221;on|hover&#8221; button_bg_color__hover=&#8221;#345f77&#8243; button_bg_enable_color__hover=&#8221;on&#8221;][\/et_pb_button][et_pb_text _builder_version=&#8221;4.18.0&#8243; _module_preset=&#8221;default&#8221; text_font=&#8221;||||||||&#8221; text_font_size=&#8221;16px&#8221; header_font=&#8221;Rubik||||||||&#8221; header_text_color=&#8221;#777777&#8243; header_font_size=&#8221;35px&#8221; header_5_text_color=&#8221;#777777&#8243; global_colors_info=&#8221;{}&#8221;]<\/p>\n<h1 class=\"p1\"><strong>SQW100 <\/strong>Wallwash<\/h1>\n<h6><\/h6>\n<p>Encastr\u00e9 de sol carr\u00e9 l\u00e8che-mur pour une utilisation en ext\u00e9rieur ou en int\u00e9rieur. Pot d\u2019encastrement en acier inoxydable.<br \/>Lentille en verre tremp\u00e9 transparent. Installation avec ou sans colerette.<\/p>\n<h6><\/h6>\n<p>[\/et_pb_text][et_pb_text _builder_version=&#8221;4.18.0&#8243; _module_preset=&#8221;default&#8221; text_font=&#8221;Rubik||||||||&#8221; header_font=&#8221;Rubik||||||||&#8221; header_text_color=&#8221;#777777&#8243; header_font_size=&#8221;35px&#8221; header_5_text_color=&#8221;#777777&#8243; global_colors_info=&#8221;{}&#8221;]<\/p>\n<h5 class=\"p1\">Fiche technique<\/h5>\n<p>[\/et_pb_text][\/et_pb_column][\/et_pb_row][et_pb_row column_structure=&#8221;1_2,1_2&#8243; _builder_version=&#8221;4.17.4&#8243; _module_preset=&#8221;default&#8221; custom_margin=&#8221;-50px|auto||auto||&#8221; global_colors_info=&#8221;{}&#8221;][et_pb_column type=&#8221;1_2&#8243; _builder_version=&#8221;4.17.4&#8243; _module_preset=&#8221;default&#8221; global_colors_info=&#8221;{}&#8221;][et_pb_image src=&#8221;https:\/\/www.abak-eclairage.fr\/wp-content\/uploads\/2022\/06\/SQW100_1.png&#8221; title_text=&#8221;SQW100_1&#8243; _builder_version=&#8221;4.17.4&#8243; _module_preset=&#8221;default&#8221; width=&#8221;80%&#8221; module_alignment=&#8221;center&#8221; custom_padding=&#8221;50px|||||&#8221; global_colors_info=&#8221;{}&#8221;][\/et_pb_image][\/et_pb_column][et_pb_column type=&#8221;1_2&#8243; _builder_version=&#8221;4.17.4&#8243; _module_preset=&#8221;default&#8221; global_colors_info=&#8221;{}&#8221;][et_pb_text _builder_version=&#8221;4.17.4&#8243; _module_preset=&#8221;default&#8221; global_colors_info=&#8221;{}&#8221;]<\/p>\n<h5 class=\"p1\">Colerette (TM)<\/h5>\n<p>[\/et_pb_text][et_pb_image src=&#8221;https:\/\/www.abak-eclairage.fr\/wp-content\/uploads\/2022\/06\/SQW100_2.png&#8221; title_text=&#8221;SQW100_2&#8243; _builder_version=&#8221;4.17.4&#8243; _module_preset=&#8221;default&#8221; width=&#8221;65%&#8221; module_alignment=&#8221;left&#8221; custom_margin=&#8221;-15px||||false|false&#8221; global_colors_info=&#8221;{}&#8221;][\/et_pb_image][et_pb_text _builder_version=&#8221;4.17.4&#8243; _module_preset=&#8221;default&#8221; custom_padding=&#8221;30px|||||&#8221; global_colors_info=&#8221;{}&#8221;]<\/p>\n<h5 class=\"p1\">Sans colerette (TS)<\/h5>\n<p>[\/et_pb_text][et_pb_image src=&#8221;https:\/\/www.abak-eclairage.fr\/wp-content\/uploads\/2022\/06\/SQW100_3.png&#8221; title_text=&#8221;SQW100_3&#8243; _builder_version=&#8221;4.18.0&#8243; _module_preset=&#8221;default&#8221; width=&#8221;62%&#8221; module_alignment=&#8221;left&#8221; custom_margin=&#8221;-15px||||false|false&#8221; global_colors_info=&#8221;{}&#8221;][\/et_pb_image][\/et_pb_column][\/et_pb_row][et_pb_row column_structure=&#8221;1_2,1_2&#8243; _builder_version=&#8221;4.17.4&#8243; _module_preset=&#8221;default&#8221; custom_padding=&#8221;||0px|||&#8221; global_colors_info=&#8221;{}&#8221;][et_pb_column type=&#8221;1_2&#8243; _builder_version=&#8221;4.17.4&#8243; _module_preset=&#8221;default&#8221; global_colors_info=&#8221;{}&#8221;][et_pb_text _builder_version=&#8221;4.17.4&#8243; _module_preset=&#8221;default&#8221; header_font=&#8221;Rubik||||||||&#8221; header_6_font=&#8221;Rubik||||||||&#8221; header_6_text_color=&#8221;#262626&#8243; global_colors_info=&#8221;{}&#8221;]<\/p>\n<h6 class=\"p1\">Table de codification<\/h6>\n<p>[\/et_pb_text][\/et_pb_column][et_pb_column type=&#8221;1_2&#8243; _builder_version=&#8221;4.17.4&#8243; _module_preset=&#8221;default&#8221; global_colors_info=&#8221;{}&#8221;][\/et_pb_column][\/et_pb_row][et_pb_row _builder_version=&#8221;4.17.4&#8243; _module_preset=&#8221;default&#8221; custom_margin=&#8221;2px|auto||auto||&#8221; custom_padding=&#8221;0px|||||&#8221; global_colors_info=&#8221;{}&#8221;][et_pb_column type=&#8221;4_4&#8243; _builder_version=&#8221;4.17.4&#8243; _module_preset=&#8221;default&#8221; global_colors_info=&#8221;{}&#8221;][et_pb_image src=&#8221;https:\/\/www.abak-eclairage.fr\/wp-content\/uploads\/2022\/06\/tableau-11.png&#8221; title_text=&#8221;tableau&#8221; _builder_version=&#8221;4.18.0&#8243; _module_preset=&#8221;default&#8221; width=&#8221;70%&#8221; global_colors_info=&#8221;{}&#8221;][\/et_pb_image][\/et_pb_column][\/et_pb_row][et_pb_row column_structure=&#8221;1_2,1_2&#8243; _builder_version=&#8221;4.17.4&#8243; _module_preset=&#8221;default&#8221; custom_margin=&#8221;-50px|auto||auto||&#8221; global_colors_info=&#8221;{}&#8221;][et_pb_column type=&#8221;1_2&#8243; _builder_version=&#8221;4.17.4&#8243; _module_preset=&#8221;default&#8221; global_colors_info=&#8221;{}&#8221;][et_pb_image src=&#8221;https:\/\/www.abak-eclairage.fr\/wp-content\/uploads\/2022\/06\/etiquetas.png&#8221; title_text=&#8221;etiquetas&#8221; _builder_version=&#8221;4.18.0&#8243; _module_preset=&#8221;default&#8221; width=&#8221;40%&#8221; width_tablet=&#8221;30%&#8221; width_phone=&#8221;40%&#8221; width_last_edited=&#8221;on|phone&#8221; module_alignment=&#8221;left&#8221; custom_padding=&#8221;|20px||0px|false|false&#8221; global_colors_info=&#8221;{}&#8221;][\/et_pb_image][\/et_pb_column][et_pb_column type=&#8221;1_2&#8243; _builder_version=&#8221;4.17.4&#8243; _module_preset=&#8221;default&#8221; global_colors_info=&#8221;{}&#8221;][\/et_pb_column][\/et_pb_row][et_pb_row column_structure=&#8221;1_2,1_2&#8243; _builder_version=&#8221;4.16&#8243; _module_preset=&#8221;default&#8221; global_colors_info=&#8221;{}&#8221;][et_pb_column type=&#8221;1_2&#8243; _builder_version=&#8221;4.16&#8243; _module_preset=&#8221;default&#8221; global_colors_info=&#8221;{}&#8221;][et_pb_text _builder_version=&#8221;4.18.0&#8243; _module_preset=&#8221;default&#8221; text_font_size=&#8221;16px&#8221; global_colors_info=&#8221;{}&#8221;]<\/p>\n<p class=\"p1\"><b>Application\u00a0<\/b><b><\/b><\/p>\n<ul class=\"ul1\">\n<li class=\"li1\"><span class=\"s1\"><\/span><span class=\"s2\">Mise en lumi\u00e8re architecturale et paysag\u00e8re<\/span><\/li>\n<li class=\"li1\"><span class=\"s1\"><\/span><span class=\"s2\">Encastr\u00e9 de sol (terre ou b\u00e9ton)<\/span><\/li>\n<li class=\"li1\"><span class=\"s1\"><\/span><span class=\"s2\">Installation sur gravier, terre ou b\u00e9ton<\/span><\/li>\n<li class=\"li1\"><span class=\"s1\"><\/span>L\u00e8che mur<\/li>\n<li class=\"li2\"><span class=\"s1\"><\/span><span class=\"s2\">UL<\/span><span class=\"s3\"> <\/span><span class=\"s2\">STD<\/span><span class=\"s4\"> <\/span><span class=\"s2\">1598,<\/span><span class=\"s5\"> <\/span><span class=\"s2\">IP67,<\/span><span class=\"s6\"> <\/span><span class=\"s2\">resistance <\/span>1500kg<span class=\"s1\"><\/span><\/li>\n<\/ul>\n<p class=\"p1\"><b><\/b><\/p>\n<p class=\"p1\"><b>Luminaire<\/b><\/p>\n<ul class=\"ul1\">\n<li class=\"li1\"><span class=\"s1\"><\/span><span class=\"s2\">Conception durable, module LED rempla\u00e7able<\/span><\/li>\n<li class=\"li1\"><span class=\"s1\"><\/span><span class=\"s2\">Syst\u00e8me anti-\u00e9blouissement<\/span><\/li>\n<li class=\"li1\"><span class=\"s1\"><\/span>Optiques haute performance<\/li>\n<li class=\"li1\"><span class=\"s1\"><\/span>Driver d\u00e9port\u00e9<\/li>\n<li class=\"li1\"><span class=\"s1\"><\/span>Verre15mm<\/li>\n<li class=\"li1\"><span class=\"s1\"><\/span>Acier inoxydable type<span class=\"s3\"> <\/span>304<span class=\"Apple-converted-space\">\u00a0<\/span><\/li>\n<li class=\"li2\"><span class=\"s1\"><\/span>Colerette acier<span class=\"s4\"> <\/span>type<span class=\"s5\"> <\/span>304<span class=\"s4\"><span class=\"Apple-converted-space\">\u00a0<\/span><\/span><\/li>\n<li class=\"li3\"><span class=\"s1\"><\/span><span class=\"s2\">Fourni avec c\u00e2ble<span class=\"Apple-converted-space\">\u00a0<\/span><\/span><span class=\"s6\"> <\/span>0.3m<span class=\"s4\"> \u00e9tanche<\/span><span class=\"s1\"><\/span><\/li>\n<li class=\"li4\"><span class=\"s1\"><\/span>IK10<span class=\"s1\"><\/span><\/li>\n<\/ul>\n<p class=\"p1\"><span class=\"s1\"><b><\/b><\/span><\/p>\n<p class=\"p1\"><b>Finition<\/b><\/p>\n<ul class=\"ul1\">\n<li class=\"li1\"><span class=\"s1\">Colerette (TM) <\/span><\/li>\n<li class=\"li1\"><span class=\"s1\">Sans colerette (TS)<\/span><\/li>\n<\/ul>\n<p class=\"p1\"><span class=\"s1\"><b><\/b><\/span><\/p>\n<p class=\"p1\"><span class=\"s1\"><b>Puissance <\/b><\/span>\u2013 Lumens d\u00e9livr\u00e9s<\/p>\n<ul>\n<li>H &#8211; 8W, 2700K &#8211; 4000K, 230 lm<\/li>\n<\/ul>\n<p>&nbsp;<\/p>\n<p>[\/et_pb_text][\/et_pb_column][et_pb_column type=&#8221;1_2&#8243; _builder_version=&#8221;4.17.4&#8243; _module_preset=&#8221;default&#8221; global_colors_info=&#8221;{}&#8221;][et_pb_text _builder_version=&#8221;4.18.0&#8243; _module_preset=&#8221;default&#8221; text_font_size=&#8221;16px&#8221; global_colors_info=&#8221;{}&#8221;]<\/p>\n<p class=\"p1\"><b>Temp\u00e9rature de couleur<\/b><\/p>\n<ul class=\"ul1\">\n<li class=\"li1\"><span class=\"s1\"><\/span>27 &#8211;<span class=\"s2\"> <\/span>2700K<\/li>\n<li class=\"li1\"><span class=\"s1\"><\/span>30 &#8211;<span class=\"s3\"> <\/span>3000K<\/li>\n<li class=\"li1\"><span class=\"s1\"><\/span>40 &#8211;<span class=\"s4\"> <\/span>4000K<span class=\"s1\"><\/span><\/li>\n<li class=\"li1\"><span class=\"s1\"><\/span>Step MacAdam 2<\/li>\n<li class=\"li2\"><span class=\"s1\"><\/span>IRC : &gt;<span class=\"s5\"> <\/span>85<span class=\"s1\"><\/span><\/li>\n<\/ul>\n<p class=\"p5\"><b><\/b><\/p>\n<p class=\"p5\"><b>Optiques<\/b><\/p>\n<ul class=\"ul1\">\n<li class=\"li1\"><span class=\"s1\"><\/span>L\u00e8che-mur<span class=\"s2\"> <\/span>&#8211;<span class=\"s2\"> <\/span>32\u00b0x<span class=\"s2\"> <\/span><span class=\"s3\">4<\/span>7<span class=\"s4\">\u00b0<\/span>,<span class=\"s5\"> <\/span>inclinaison<span class=\"s2\"> <\/span><span class=\"s3\">14<\/span>\u00b0<span class=\"s1\"><\/span><br \/><span class=\"s1\"><\/span><\/li>\n<\/ul>\n<p><b><\/b><\/p>\n<p><b>Alimentation<\/b><\/p>\n<ul>\n<li><span class=\"s1\"><\/span>24 &#8211; 24VDC<\/li>\n<\/ul>\n<p class=\"p1\"><b><\/b><\/p>\n<p class=\"p1\"><b>Options<\/b><\/p>\n<ul class=\"ul1\">\n<li class=\"li1\"><span class=\"s1\"><\/span>C*<span class=\"s2\"> <\/span>&#8211;<span class=\"s2\"> <\/span><span class=\"s3\">pr\u00e9-c\u00e2bl\u00e9<\/span><span class=\"s2\">\u00a0<\/span>0.3m<span class=\"s2\"><span class=\"Apple-converted-space\">\u00a0<\/span><\/span><\/li>\n<li class=\"li2\"><span class=\"s4\"><\/span><span class=\"s5\">C3<\/span><span class=\"s6\"> <\/span><span class=\"s5\">&#8211;<\/span><span class=\"s7\"> <\/span>pr\u00e9-c\u00e2bl\u00e9 3m<\/li>\n<li class=\"li3\"><span class=\"s4\"><\/span><span class=\"s5\">C6<\/span><span class=\"s6\"> <\/span><span class=\"s5\">&#8211;<\/span><span class=\"s7\"> <\/span>pr\u00e9-c\u00e2bl\u00e9 6m<\/li>\n<li class=\"li4\"><span class=\"s4\"><\/span><span class=\"s5\">C9<\/span><span class=\"s6\"> <\/span><span class=\"s5\">&#8211;<\/span><span class=\"s7\"> <\/span>pr\u00e9-c\u00e2bl\u00e9 9m<span class=\"s2\"><\/span><\/li>\n<\/ul>\n<p class=\"p1\"><b><\/b><\/p>\n<p class=\"p1\"><b>Pot d\u2019encastrement<span class=\"Apple-converted-space\">\u00a0<\/span><\/b><\/p>\n<ul>\n<li class=\"li1\"><span class=\"s1\">SQ100C &#8211; Colerette <\/span><\/li>\n<li class=\"li1\"><span class=\"s1\">SQ100T \u2013 Sans colerette<\/span><\/li>\n<\/ul>\n<p>&nbsp;<\/p>\n<ul class=\"ul1\"><\/ul>\n<ul class=\"ul1\"><\/ul>\n<p>[\/et_pb_text][\/et_pb_column][\/et_pb_row][et_pb_row _builder_version=&#8221;4.17.4&#8243; _module_preset=&#8221;default&#8221; min_height=&#8221;27px&#8221; custom_padding=&#8221;10px|||||&#8221; global_colors_info=&#8221;{}&#8221;][et_pb_column type=&#8221;4_4&#8243; _builder_version=&#8221;4.17.4&#8243; _module_preset=&#8221;default&#8221; global_colors_info=&#8221;{}&#8221;][et_pb_divider _builder_version=&#8221;4.17.4&#8243; _module_preset=&#8221;default&#8221; global_colors_info=&#8221;{}&#8221;][\/et_pb_divider][\/et_pb_column][\/et_pb_row][et_pb_row _builder_version=&#8221;4.17.4&#8243; _module_preset=&#8221;default&#8221; custom_margin=&#8221;-50px|auto||auto||&#8221; global_colors_info=&#8221;{}&#8221;][et_pb_column type=&#8221;4_4&#8243; _builder_version=&#8221;4.17.4&#8243; _module_preset=&#8221;default&#8221; global_colors_info=&#8221;{}&#8221;][et_pb_text _builder_version=&#8221;4.18.0&#8243; _module_preset=&#8221;default&#8221; text_font=&#8221;Rubik||||||||&#8221; header_font=&#8221;Rubik||||||||&#8221; header_text_color=&#8221;#777777&#8243; header_font_size=&#8221;35px&#8221; header_5_text_color=&#8221;#777777&#8243; custom_margin=&#8221;||0px||false|false&#8221; global_colors_info=&#8221;{}&#8221; custom_padding__hover_enabled=&#8221;on|desktop&#8221;]<\/p>\n<h1 class=\"p1\"><strong>SQW100 <\/strong>Wall wash<\/h1>\n<h5 class=\"p1\">Dimensions<\/h5>\n<p>[\/et_pb_text][\/et_pb_column][\/et_pb_row][et_pb_row _builder_version=&#8221;4.17.4&#8243; _module_preset=&#8221;default&#8221; custom_padding=&#8221;0px|||||&#8221; global_colors_info=&#8221;{}&#8221;][et_pb_column type=&#8221;4_4&#8243; _builder_version=&#8221;4.17.4&#8243; _module_preset=&#8221;default&#8221; global_colors_info=&#8221;{}&#8221;][et_pb_text _builder_version=&#8221;4.18.0&#8243; _module_preset=&#8221;default&#8221; text_font_size=&#8221;16px&#8221; global_colors_info=&#8221;{}&#8221;]<\/p>\n<p class=\"p1\">Note:<\/p>\n<p class=\"p1\">Pour plus de d\u00e9tails sur l\u2019encastrement et la fixation du luminaire, se r\u00e9f\u00e9rer aux instructions d\u2019installation.<\/p>\n<p>[\/et_pb_text][\/et_pb_column][\/et_pb_row][et_pb_row column_structure=&#8221;1_2,1_2&#8243; _builder_version=&#8221;4.17.4&#8243; _module_preset=&#8221;default&#8221; global_colors_info=&#8221;{}&#8221;][et_pb_column type=&#8221;1_2&#8243; _builder_version=&#8221;4.17.4&#8243; _module_preset=&#8221;default&#8221; global_colors_info=&#8221;{}&#8221;][et_pb_text _builder_version=&#8221;4.18.0&#8243; _module_preset=&#8221;default&#8221; text_font_size=&#8221;16px&#8221; global_colors_info=&#8221;{}&#8221;]<\/p>\n<p class=\"p1\">Pot d\u2019encastrement<span class=\"s1\"> <\/span>&#8211;<span class=\"s1\"> SQ<\/span>100C<span class=\"s1\"> <\/span>\u2013<span class=\"s1\"> <\/span>pour installation sur support b\u00e9ton<\/p>\n<p>[\/et_pb_text][et_pb_image src=&#8221;https:\/\/www.abak-eclairage.fr\/wp-content\/uploads\/2022\/06\/SQP100_4.png&#8221; title_text=&#8221;SQP100_4&#8243; _builder_version=&#8221;4.17.4&#8243; _module_preset=&#8221;default&#8221; width=&#8221;65%&#8221; module_alignment=&#8221;center&#8221; global_colors_info=&#8221;{}&#8221;][\/et_pb_image][et_pb_image src=&#8221;https:\/\/www.abak-eclairage.fr\/wp-content\/uploads\/2022\/06\/SQP100_5.png&#8221; title_text=&#8221;SQP100_5&#8243; _builder_version=&#8221;4.17.4&#8243; _module_preset=&#8221;default&#8221; width=&#8221;60%&#8221; module_alignment=&#8221;center&#8221; global_colors_info=&#8221;{}&#8221;][\/et_pb_image][\/et_pb_column][et_pb_column type=&#8221;1_2&#8243; _builder_version=&#8221;4.17.4&#8243; _module_preset=&#8221;default&#8221; global_colors_info=&#8221;{}&#8221;][et_pb_image src=&#8221;https:\/\/www.abak-eclairage.fr\/wp-content\/uploads\/2022\/06\/SQP100_8.png&#8221; title_text=&#8221;SQP100_8&#8243; _builder_version=&#8221;4.17.4&#8243; _module_preset=&#8221;default&#8221; width=&#8221;65%&#8221; module_alignment=&#8221;center&#8221; global_colors_info=&#8221;{}&#8221;][\/et_pb_image][\/et_pb_column][\/et_pb_row][et_pb_row column_structure=&#8221;1_2,1_2&#8243; _builder_version=&#8221;4.17.4&#8243; _module_preset=&#8221;default&#8221; global_colors_info=&#8221;{}&#8221;][et_pb_column type=&#8221;1_2&#8243; _builder_version=&#8221;4.17.4&#8243; _module_preset=&#8221;default&#8221; global_colors_info=&#8221;{}&#8221;][et_pb_text _builder_version=&#8221;4.17.4&#8243; _module_preset=&#8221;default&#8221; text_font_size=&#8221;16px&#8221; global_colors_info=&#8221;{}&#8221;]<\/p>\n<p class=\"p1\">Pot d\u2019encastrement<span class=\"s1\"> <\/span>&#8211; SQ100T<span class=\"s2\"> <\/span>\u2013<span class=\"s2\"> <\/span>pour installation sur carrelage<\/p>\n<p>[\/et_pb_text][et_pb_image src=&#8221;https:\/\/www.abak-eclairage.fr\/wp-content\/uploads\/2022\/06\/SQP100_7.png&#8221; title_text=&#8221;SQP100_7&#8243; _builder_version=&#8221;4.17.4&#8243; _module_preset=&#8221;default&#8221; width=&#8221;65%&#8221; module_alignment=&#8221;center&#8221; global_colors_info=&#8221;{}&#8221;][\/et_pb_image][et_pb_image src=&#8221;https:\/\/www.abak-eclairage.fr\/wp-content\/uploads\/2022\/06\/SQP100_6.png&#8221; title_text=&#8221;SQP100_6&#8243; _builder_version=&#8221;4.17.4&#8243; _module_preset=&#8221;default&#8221; width=&#8221;60%&#8221; module_alignment=&#8221;center&#8221; global_colors_info=&#8221;{}&#8221;][\/et_pb_image][\/et_pb_column][et_pb_column type=&#8221;1_2&#8243; _builder_version=&#8221;4.17.4&#8243; _module_preset=&#8221;default&#8221; global_colors_info=&#8221;{}&#8221;][et_pb_image src=&#8221;https:\/\/www.abak-eclairage.fr\/wp-content\/uploads\/2022\/06\/SQP100_9.png&#8221; title_text=&#8221;SQP100_9&#8243; _builder_version=&#8221;4.17.4&#8243; _module_preset=&#8221;default&#8221; width=&#8221;65%&#8221; module_alignment=&#8221;center&#8221; global_colors_info=&#8221;{}&#8221;][\/et_pb_image][\/et_pb_column][\/et_pb_row][et_pb_row column_structure=&#8221;1_4,1_4,1_4,1_4&#8243; _builder_version=&#8221;4.17.4&#8243; _module_preset=&#8221;default&#8221; global_colors_info=&#8221;{}&#8221;][et_pb_column type=&#8221;1_4&#8243; _builder_version=&#8221;4.17.4&#8243; _module_preset=&#8221;default&#8221; global_colors_info=&#8221;{}&#8221;][et_pb_button button_url=&#8221;https:\/\/www.abak-eclairage.fr\/wp-content\/uploads\/2022\/11\/SQW100.pdf&#8221; url_new_window=&#8221;on&#8221; button_text=&#8221;PDF&#8221; button_alignment=&#8221;center&#8221; _builder_version=&#8221;4.22.1&#8243; _module_preset=&#8221;default&#8221; custom_button=&#8221;on&#8221; button_text_size=&#8221;16px&#8221; custom_margin_tablet=&#8221;-20px||20px||false|false&#8221; custom_margin_phone=&#8221;-25px||30px||false|false&#8221; custom_margin_last_edited=&#8221;on|desktop&#8221; hover_enabled=&#8221;0&#8243; global_colors_info=&#8221;{}&#8221; sticky_enabled=&#8221;0&#8243;][\/et_pb_button][\/et_pb_column][et_pb_column type=&#8221;1_4&#8243; _builder_version=&#8221;4.17.4&#8243; _module_preset=&#8221;default&#8221; global_colors_info=&#8221;{}&#8221;][et_pb_button button_url=&#8221;https:\/\/www.filixlighting.com\/pdf\/outdoor_infos\/sq_100_fixture_002.pdf&#8221; url_new_window=&#8221;on&#8221; button_text=&#8221;Installation manual &#8211; Fixation&#8221; _builder_version=&#8221;4.18.0&#8243; _module_preset=&#8221;default&#8221; custom_button=&#8221;on&#8221; button_text_size=&#8221;16px&#8221; custom_margin=&#8221;|||-40px|false|false&#8221; global_colors_info=&#8221;{}&#8221;][\/et_pb_button][\/et_pb_column][et_pb_column type=&#8221;1_4&#8243; _builder_version=&#8221;4.17.4&#8243; _module_preset=&#8221;default&#8221; global_colors_info=&#8221;{}&#8221;][et_pb_button button_url=&#8221;https:\/\/www.filixlighting.com\/pdf\/outdoor_infos\/sq_100_housing_006.pdf&#8221; url_new_window=&#8221;on&#8221; button_text=&#8221;Installation manual &#8211; Encastrement&#8221; button_alignment=&#8221;center&#8221; _builder_version=&#8221;4.18.0&#8243; _module_preset=&#8221;default&#8221; custom_button=&#8221;on&#8221; button_text_size=&#8221;16px&#8221; custom_margin=&#8221;|-50px||-30px|false|false&#8221; global_colors_info=&#8221;{}&#8221;][\/et_pb_button][\/et_pb_column][et_pb_column type=&#8221;1_4&#8243; _builder_version=&#8221;4.17.4&#8243; _module_preset=&#8221;default&#8221; global_colors_info=&#8221;{}&#8221;][et_pb_button button_url=&#8221;https:\/\/www.filixlighting.com\/ies\/outdoor_infos\/filixsqw100tsh30ww24c.ies.zip&#8221; url_new_window=&#8221;on&#8221; button_text=&#8221;IES-LDT Data&#8221; button_alignment=&#8221;center&#8221; _builder_version=&#8221;4.18.0&#8243; _module_preset=&#8221;default&#8221; custom_button=&#8221;on&#8221; button_text_size=&#8221;16px&#8221; global_colors_info=&#8221;{}&#8221;][\/et_pb_button][\/et_pb_column][\/et_pb_row][\/et_pb_section]<\/p>\n","protected":false},"excerpt":{"rendered":"<p>SQW100 Wallwash Encastr\u00e9 de sol carr\u00e9 l\u00e8che-mur pour une utilisation en ext\u00e9rieur ou en int\u00e9rieur. Pot d\u2019encastrement en acier inoxydable.Lentille en verre tremp\u00e9 transparent. Installation avec ou sans colerette. Fiche techniqueColerette (TM)Sans colerette (TS)Table de codificationApplication\u00a0 Mise en lumi\u00e8re architecturale et paysag\u00e8re Encastr\u00e9 de sol (terre ou b\u00e9ton) Installation sur gravier, terre ou b\u00e9ton L\u00e8che [&hellip;]<\/p>\n","protected":false},"author":1,"featured_media":0,"parent":0,"menu_order":0,"comment_status":"closed","ping_status":"closed","template":"","meta":{"_et_pb_use_builder":"on","_et_pb_old_content":"","_et_gb_content_width":"","footnotes":""},"class_list":["post-1973","page","type-page","status-publish","hentry"],"_links":{"self":[{"href":"https:\/\/www.abak-eclairage.fr\/index.php\/wp-json\/wp\/v2\/pages\/1973","targetHints":{"allow":["GET"]}}],"collection":[{"href":"https:\/\/www.abak-eclairage.fr\/index.php\/wp-json\/wp\/v2\/pages"}],"about":[{"href":"https:\/\/www.abak-eclairage.fr\/index.php\/wp-json\/wp\/v2\/types\/page"}],"author":[{"embeddable":true,"href":"https:\/\/www.abak-eclairage.fr\/index.php\/wp-json\/wp\/v2\/users\/1"}],"replies":[{"embeddable":true,"href":"https:\/\/www.abak-eclairage.fr\/index.php\/wp-json\/wp\/v2\/comments?post=1973"}],"version-history":[{"count":19,"href":"https:\/\/www.abak-eclairage.fr\/index.php\/wp-json\/wp\/v2\/pages\/1973\/revisions"}],"predecessor-version":[{"id":4253,"href":"https:\/\/www.abak-eclairage.fr\/index.php\/wp-json\/wp\/v2\/pages\/1973\/revisions\/4253"}],"wp:attachment":[{"href":"https:\/\/www.abak-eclairage.fr\/index.php\/wp-json\/wp\/v2\/media?parent=1973"}],"curies":[{"name":"wp","href":"https:\/\/api.w.org\/{rel}","templated":true}]}}