{"id":1418,"date":"2021-06-14T20:10:35","date_gmt":"2021-06-14T20:10:35","guid":{"rendered":"https:\/\/www.abak-eclairage.fr\/?page_id=1418"},"modified":"2021-06-15T13:04:25","modified_gmt":"2021-06-15T13:04:25","slug":"series-7600","status":"publish","type":"page","link":"https:\/\/www.abak-eclairage.fr\/index.php\/series-7600\/","title":{"rendered":"series 7600"},"content":{"rendered":"<p>[et_pb_section fb_built=&#8221;1&#8243; _builder_version=&#8221;4.9.2&#8243; _module_preset=&#8221;default&#8221; min_height=&#8221;2319.2px&#8221;][et_pb_row _builder_version=&#8221;4.9.2&#8243; _module_preset=&#8221;default&#8221;][et_pb_column type=&#8221;4_4&#8243; _builder_version=&#8221;4.9.2&#8243; _module_preset=&#8221;default&#8221;][et_pb_text _builder_version=&#8221;4.9.6&#8243; _module_preset=&#8221;default&#8221; custom_padding=&#8221;0px|||||&#8221; hover_enabled=&#8221;0&#8243; sticky_enabled=&#8221;0&#8243;]<\/p>\n<h5 class=\"p1\">Projecteur de surface plane \u00e0 LED<\/h5>\n<h4 class=\"p1\"><b>S\u00e9rieS 7600\u2026 A VARIO<\/b><\/h4>\n<p>[\/et_pb_text][\/et_pb_column][\/et_pb_row][et_pb_row column_structure=&#8221;1_2,1_2&#8243; _builder_version=&#8221;4.9.2&#8243; _module_preset=&#8221;default&#8221; custom_margin=&#8221;|auto|-33px|auto||&#8221; custom_padding=&#8221;0px|||||&#8221;][et_pb_column type=&#8221;1_2&#8243; _builder_version=&#8221;4.9.2&#8243; _module_preset=&#8221;default&#8221;][et_pb_image src=&#8221;https:\/\/www.abak-eclairage.fr\/wp-content\/uploads\/2021\/06\/s7600.png&#8221; title_text=&#8221;s7600&#8243; align=&#8221;center&#8221; _builder_version=&#8221;4.9.6&#8243; _module_preset=&#8221;default&#8221; width=&#8221;70%&#8221; module_alignment=&#8221;center&#8221; custom_margin=&#8221;0px||100px||false|false&#8221; hover_enabled=&#8221;0&#8243; sticky_enabled=&#8221;0&#8243; custom_padding=&#8221;40px|||||&#8221;][\/et_pb_image][et_pb_image src=&#8221;https:\/\/www.abak-eclairage.fr\/wp-content\/uploads\/2021\/06\/Capture-de\u0301cran-2021-06-14-a\u0300-16.06.34.png&#8221; title_text=&#8221;Capture d\u2019e\u0301cran 2021-06-14 a\u0300 16.06.34&#8243; align=&#8221;center&#8221; _builder_version=&#8221;4.9.6&#8243; _module_preset=&#8221;default&#8221; width=&#8221;60%&#8221; module_alignment=&#8221;center&#8221; custom_margin=&#8221;5px||||false|false&#8221; hover_enabled=&#8221;0&#8243; sticky_enabled=&#8221;0&#8243;][\/et_pb_image][\/et_pb_column][et_pb_column type=&#8221;1_2&#8243; _builder_version=&#8221;4.9.2&#8243; _module_preset=&#8221;default&#8221;][et_pb_text _builder_version=&#8221;4.9.6&#8243; _module_preset=&#8221;default&#8221; text_font_size=&#8221;16px&#8221; hover_enabled=&#8221;0&#8243; sticky_enabled=&#8221;0&#8243;]<\/p>\n<p class=\"p1\"><b>Applications :<\/b><\/p>\n<p class=\"p1\"><b><\/b>Parkings, zones industrielles, parcs \u00e0 bestiaux, aires de chargement, \u00e9clairage \u00e0 proximit\u00e9 des b\u00e2timents, protection d&#8217;objets et \u00e9clairage de cl\u00f4ture, passerelles, \u00e9clairage d&#8217;accentuation, \u00e9clairage de b\u00e2timent et de fa\u00e7ades, etc.<\/p>\n<p class=\"p1\"><b>Design :<\/b><b><\/b><\/p>\n<p class=\"p1\"><span><span style=\"text-decoration: underline;\">Bo\u00eetier<\/span> : Aluminium moul\u00e9 sous pression, monocomposant, rev\u00eatement en poudre DB 702 (peinture mica-fer, gris) avec module LED, optique et ballast \u00e9lectronique.<\/span><\/p>\n<p class=\"p1\"><span><span style=\"text-decoration: underline;\">Verre<\/span> : Verre plat de s\u00e9curit\u00e9, r\u00e9sistant aux changements de temp\u00e9rature, r\u00e9sistant aux chocs IK09, joint en silicone.<\/span><\/p>\n<p class=\"p1\"><span style=\"text-decoration: underline;\">Interrupteur<\/span> de r\u00e9glage du flux lumineux dans le bornier, accessible de l&#8217;ext\u00e9rieur.<\/p>\n<p class=\"p1\"><span><span style=\"text-decoration: underline;\">R\u00e9partition lumineuse<\/span> : Faisceau asym\u00e9trique.<\/span><\/p>\n<p class=\"p1\"><span><span style=\"text-decoration: underline;\">Raccordement<\/span> : Bornier, accessible de l&#8217;ext\u00e9rieur, borne tripolaire, max. plage de serrage 2,5 mm2.<\/span><\/p>\n<p class=\"p1\"><span style=\"text-decoration: underline;\">Entr\u00e9e de c\u00e2ble<\/span> : 2 entr\u00e9es de c\u00e2ble M20 x 1,5 (1 presse-\u00e9toupe et 1 bouchon \u00e0 vis).<\/p>\n<p class=\"p1\"><span style=\"text-decoration: underline;\">Montage<\/span> : Support de montage, plage de pivotement 180\u00b0, avec 3 per\u00e7ages pour montage mural ou au plafond.<\/p>\n<p class=\"p1\"><span><\/span><\/p>\n<p>[\/et_pb_text][\/et_pb_column][\/et_pb_row][et_pb_row column_structure=&#8221;1_2,1_4,1_4&#8243; _builder_version=&#8221;4.9.2&#8243; _module_preset=&#8221;default&#8221; custom_padding=&#8221;21px||0px|||&#8221; custom_margin=&#8221;35px|auto||auto||&#8221;][et_pb_column type=&#8221;1_2&#8243; _builder_version=&#8221;4.9.2&#8243; _module_preset=&#8221;default&#8221; background_color=&#8221;#e8e8e8&#8243; border_width_all=&#8221;8px&#8221; border_color_all=&#8221;#e8e8e8&#8243;][et_pb_text _builder_version=&#8221;4.9.6&#8243; _module_preset=&#8221;default&#8221; text_font_size=&#8221;16px&#8221; hover_enabled=&#8221;0&#8243; sticky_enabled=&#8221;0&#8243;]<\/p>\n<p class=\"p1\"><b>Conception \u00e9lectrique :<\/b><\/p>\n<p class=\"p1\"><span class=\"s1\"><span style=\"text-decoration: underline;\">Module LE<\/span>D<\/span> : conforme Zhaga, 4 000 K, R\u00aa&gt; 70, dur\u00e9e de vie L90&gt; 100 000 h<\/p>\n<p class=\"p1\"><span style=\"text-decoration: underline;\"><span class=\"s1\">ECG<\/span><\/span> : 220 &#8211; 240V, 50-60 Hz, r\u00e9sistance aux surtensions 10kV, protection contre les surcharges et les courts-circuits.<\/p>\n<p class=\"p1\"><span style=\"text-decoration: underline;\"><span class=\"s1\">Remarque<\/span> <\/span>: En raison du courant d&#8217;appel des ballasts \u00e9lectroniques, le nombre maximal autoris\u00e9 de luminaires par disjoncteur est limit\u00e9.<\/p>\n<p class=\"p1\"><span style=\"text-decoration: underline;\">Temp\u00e9rature ambiante<\/span> : -40\u00b0C \u00e0 +45\u00b0C<\/p>\n<p class=\"p1\">[\/et_pb_text][\/et_pb_column][et_pb_column type=&#8221;1_4&#8243; _builder_version=&#8221;4.9.2&#8243; _module_preset=&#8221;default&#8221;][et_pb_image src=&#8221;https:\/\/www.abak-eclairage.fr\/wp-content\/uploads\/2021\/06\/Capture-de\u0301cran-2021-06-14-a\u0300-16.06.47.png&#8221; title_text=&#8221;Capture d\u2019e\u0301cran 2021-06-14 a\u0300 16.06.47&#8243; _builder_version=&#8221;4.9.6&#8243; _module_preset=&#8221;default&#8221; width=&#8221;140%&#8221; custom_padding=&#8221;|70px||||&#8221; hover_enabled=&#8221;0&#8243; sticky_enabled=&#8221;0&#8243;][\/et_pb_image][\/et_pb_column][et_pb_column type=&#8221;1_4&#8243; _builder_version=&#8221;4.9.2&#8243; _module_preset=&#8221;default&#8221;][et_pb_image src=&#8221;https:\/\/www.abak-eclairage.fr\/wp-content\/uploads\/2021\/06\/Capture-de\u0301cran-2021-06-14-a\u0300-16.06.56.png&#8221; title_text=&#8221;Capture d\u2019e\u0301cran 2021-06-14 a\u0300 16.06.56&#8243; _builder_version=&#8221;4.9.6&#8243; _module_preset=&#8221;default&#8221; width=&#8221;125%&#8221; custom_padding=&#8221;|70px||||&#8221; hover_enabled=&#8221;0&#8243; sticky_enabled=&#8221;0&#8243;][\/et_pb_image][\/et_pb_column][\/et_pb_row][et_pb_row column_structure=&#8221;1_4,3_4&#8243; _builder_version=&#8221;4.9.2&#8243; _module_preset=&#8221;default&#8221; hover_enabled=&#8221;0&#8243; sticky_enabled=&#8221;0&#8243;][et_pb_column type=&#8221;1_4&#8243; _builder_version=&#8221;4.9.2&#8243; _module_preset=&#8221;default&#8221; background_color=&#8221;#e8e8e8&#8243; border_color_all=&#8221;RGBA(0,0,0,0)&#8221;][et_pb_image src=&#8221;https:\/\/www.abak-eclairage.fr\/wp-content\/uploads\/2021\/06\/Capture-de\u0301cran-2021-06-14-a\u0300-16.07.10.png&#8221; title_text=&#8221;Capture d\u2019e\u0301cran 2021-06-14 a\u0300 16.07.10&#8243; _builder_version=&#8221;4.9.6&#8243; _module_preset=&#8221;default&#8221; custom_margin=&#8221;||-2px|||&#8221; hover_enabled=&#8221;0&#8243; border_color_all=&#8221;RGBA(0,0,0,0)&#8221; sticky_enabled=&#8221;0&#8243;][\/et_pb_image][\/et_pb_column][et_pb_column type=&#8221;3_4&#8243; _builder_version=&#8221;4.9.2&#8243; _module_preset=&#8221;default&#8221;][et_pb_text _builder_version=&#8221;4.9.6&#8243; _module_preset=&#8221;default&#8221; text_font_size=&#8221;16px&#8221; background_color=&#8221;#efefef&#8221; hover_enabled=&#8221;0&#8243; border_width_all=&#8221;6px&#8221; border_color_all=&#8221;#efefef&#8221; sticky_enabled=&#8221;0&#8243;]<\/p>\n<p class=\"p2\"><b>Options :<\/b><\/p>\n<p class=\"p2\">Sur demande, \u00e9galement disponible avec les configurations suivantes (veuillez mentionner dans votre demande ou commande):<\/p>\n<p class=\"p2\"><span style=\"text-decoration: underline;\"><span class=\"s1\">R\u00e9duction de sortie<\/span><\/span> :<\/p>\n<p class=\"p2\"><b>Avec phase de contr\u00f4le ( LR ) : <\/b>Pour r\u00e9duire le flux lumineux \u00e0 50% en cas de faible densit\u00e9 de trafic. Phase de contr\u00f4le ( <b>LST<\/b> ) requise. Commutation via la phase de commande ( LST = 230V : 100% ; LST = 0V : 50% ). Niveaux alternatifs de gradation possibles.<\/p>\n<p class=\"p2\"><b>Sans phase de contr\u00f4le ( LA ) :<\/b> Gradation autonome par minuterie int\u00e9gr\u00e9e. Fonctionnement r\u00e9duit 50% entre 22h00 et 4h00h CET ou 23h00 et 5h00h CEST, \u00e9galement disponible avec des temps diff\u00e9renti\u00e9s et avec une \u00e9tape de gradation alternative.<\/p>\n<p class=\"p2\"><span class=\"s1\">DALI interface ( <b>DIMD<\/b> )<\/span><\/p>\n<p class=\"p2\"><span style=\"text-decoration: underline;\">Fonction de flux lumineux constant<\/span> (<strong>CL<\/strong>) : Le flux lumineux r\u00e9gl\u00e9 est maintenu \u00e0 un niveau constant pendant toute la dur\u00e9e de vie des modules LED.<\/p>\n<p class=\"p2\">De plus, des combinaisons de fonctions sont possibles (<b>CL LR \/ CL LA<\/b>)<\/p>\n<p>[\/et_pb_text][\/et_pb_column][\/et_pb_row][et_pb_row _builder_version=&#8221;4.9.2&#8243; _module_preset=&#8221;default&#8221; custom_padding=&#8221;0px|||||&#8221;][et_pb_column type=&#8221;4_4&#8243; _builder_version=&#8221;4.9.2&#8243; _module_preset=&#8221;default&#8221;][et_pb_text _builder_version=&#8221;4.9.6&#8243; _module_preset=&#8221;default&#8221; text_font_size=&#8221;16px&#8221; background_color=&#8221;rgba(0,83,178,0.09)&#8221; hover_enabled=&#8221;0&#8243; border_width_all=&#8221;6px&#8221; border_color_all=&#8221;rgba(23,81,132,0)&#8221; sticky_enabled=&#8221;0&#8243; custom_padding=&#8221;11px|||10px||&#8221;]<\/p>\n<p class=\"p1\"><b>Points forts<span class=\"Apple-converted-space\">\u00a0<\/span><\/b><\/p>\n<ul>\n<li style=\"list-style-type: none;\">\n<ul class=\"ul1\">\n<li class=\"li3\"><span class=\"s1\"><\/span>Deux types remplacent plusieurs lampes conventionnelles et r\u00e9duisent ainsi la vari\u00e9t\u00e9 des types<\/li>\n<li class=\"li3\">R\u00e9glage facile, rapide et sans outil le flux lumineux sur place via un interrupteur dans le bornier, accessible de l&#8217;ext\u00e9rieur, peut \u00eatre modifi\u00e9 ult\u00e9rieurement<\/li>\n<li class=\"li3\">Grande flexibilit\u00e9 gr\u00e2ce \u00e0 un r\u00e9glage quasi continu du flux lumineux<\/li>\n<li class=\"li3\">Connexion \u00e9lectrique rapide gr\u00e2ce \u00e0 un bo\u00eetier de connexion \u00e9lectrique suppl\u00e9mentaire<\/li>\n<li class=\"li3\">ECG avec r\u00e9sistance \u00e9lev\u00e9e aux surtensions, fiable gr\u00e2ce \u00e0 la protection contre les surcharges et les courts-circuits<\/li>\n<li class=\"li3\">Gestion thermique optimis\u00e9e gr\u00e2ce \u00e0 l&#8217;adaptation directe des modules LED au bo\u00eetier en aluminium moul\u00e9 sous pression, grande surface de refroidissement, excellente dissipation thermique<\/li>\n<li class=\"li3\">R\u00e9partition optimale de la lumi\u00e8re gr\u00e2ce \u00e0 une optique \u00e0 lentille tr\u00e8s efficace<\/li>\n<li class=\"li3\">\u00c9clairage homog\u00e8ne gr\u00e2ce \u00e0 la technologie multicouche, c&#8217;est-\u00e0-dire que chaque LED individuelle \u00e9claire toute la surface, les courbes lumineuses de chaque LED se chevauchent<\/li>\n<li class=\"li3\">Flux lumineux constant \u00e9lev\u00e9 pendant toute la dur\u00e9e de vie de la LED gr\u00e2ce \u00e0 la fonction Flux lumineux constant (option CL)<\/li>\n<li class=\"li3\">Respectueux de l&#8217;environnement, aucune \u00e9mission de lumi\u00e8re dans le demi-espace sup\u00e9rieur. Les exigences de Dark-Sky sont remplies<\/li>\n<li class=\"li3\">\u00c0 l&#8217;\u00e9preuve du temps gr\u00e2ce \u00e0 l&#8217;utilisation de modules LED standardis\u00e9s (Zhaga)<\/li>\n<\/ul>\n<\/li>\n<\/ul>\n<p>[\/et_pb_text][\/et_pb_column][\/et_pb_row][et_pb_row column_structure=&#8221;2_5,3_5&#8243; _builder_version=&#8221;4.9.2&#8243; _module_preset=&#8221;default&#8221;][et_pb_column type=&#8221;2_5&#8243; _builder_version=&#8221;4.9.2&#8243; _module_preset=&#8221;default&#8221;][et_pb_text _builder_version=&#8221;4.9.6&#8243; _module_preset=&#8221;default&#8221; text_font_size=&#8221;15px&#8221; text_line_height=&#8221;1.4em&#8221; hover_enabled=&#8221;0&#8243; sticky_enabled=&#8221;0&#8243;]<\/p>\n<p class=\"p1\"><b>D\u2019autres options :<\/b><span class=\"Apple-converted-space\">\u00a0<\/span><\/p>\n<p class=\"p1\">&#8211; 3000K, lumi\u00e8re claire<strong> 730<\/strong> (flux lumineux inf\u00e9rieur d&#8217;environ 8%)<\/p>\n<p class=\"p1\">&#8211; 2200K, couleur claire <strong>722<\/strong> (\ufb02ux lumineux inf\u00e9rieur de 20%)<\/p>\n<p class=\"p1\">&#8211; 1 800 K, lumi\u00e8re claire <b>518 \u00abAmbre\u00bb<\/b> (flux lumineux inf\u00e9rieur d\u2019environ 38%)<\/p>\n<p class=\"p1\">&#8211; classe de protection II (<strong>SKII<\/strong>)<\/p>\n<p class=\"p1\">&#8211; Optique asym\u00e9trique \u00e0 faisceau large (<strong>AB<\/strong>)<\/p>\n<p class=\"p1\">&#8211; Optique asym\u00e9trique \u00e0 faisceau extr\u00eamement large (<strong>ABX<\/strong>)<\/p>\n<p class=\"p1\">&#8211; optique pour classes ME (AB3)<\/p>\n<p class=\"p1\">&#8211; optique \u00e0 faible \u00e9blouissement (<strong>ABL<\/strong>)<\/p>\n<p class=\"p1\">&#8211; haute protection (<strong>HR<\/strong>) contre les atmosph\u00e8res corrosives ou les gaz nocifs<\/p>\n<p class=\"p1\">&#8211; gradable via <strong>DALI<\/strong> (<strong>DIMD<\/strong>)<\/p>\n<p class=\"p1\">&#8211; version r\u00e9sistante \u00e0 l&#8217;eau de mer (<strong>SWP<\/strong>)<\/p>\n<p class=\"p1\">&#8211; Ready for Light Management Systems (<strong>RFL<\/strong>)<\/p>\n<p class=\"p1\">&#8211; peinture sp\u00e9ciale en couleurs RAL ou DB<\/p>\n<p>[\/et_pb_text][\/et_pb_column][et_pb_column type=&#8221;3_5&#8243; _builder_version=&#8221;4.9.2&#8243; _module_preset=&#8221;default&#8221;][et_pb_image src=&#8221;https:\/\/www.abak-eclairage.fr\/wp-content\/uploads\/2021\/06\/Capture-de\u0301cran-2021-06-14-a\u0300-16.10.59.png&#8221; title_text=&#8221;Capture d\u2019e\u0301cran 2021-06-14 a\u0300 16.10.59&#8243; _builder_version=&#8221;4.9.6&#8243; _module_preset=&#8221;default&#8221; hover_enabled=&#8221;0&#8243; sticky_enabled=&#8221;0&#8243;][\/et_pb_image][\/et_pb_column][\/et_pb_row][\/et_pb_section][et_pb_section fb_built=&#8221;1&#8243; _builder_version=&#8221;4.9.6&#8243; _module_preset=&#8221;default&#8221; custom_padding=&#8221;0px|||||&#8221;][\/et_pb_section]<\/p>\n","protected":false},"excerpt":{"rendered":"<p>Projecteur de surface plane \u00e0 LED S\u00e9rieS 7600\u2026 A VARIOApplications : Parkings, zones industrielles, parcs \u00e0 bestiaux, aires de chargement, \u00e9clairage \u00e0 proximit\u00e9 des b\u00e2timents, protection d&#8217;objets et \u00e9clairage de cl\u00f4ture, passerelles, \u00e9clairage d&#8217;accentuation, \u00e9clairage de b\u00e2timent et de fa\u00e7ades, etc. Design : Bo\u00eetier : Aluminium moul\u00e9 sous pression, monocomposant, rev\u00eatement en poudre DB 702 [&hellip;]<\/p>\n","protected":false},"author":1,"featured_media":0,"parent":0,"menu_order":0,"comment_status":"closed","ping_status":"closed","template":"","meta":{"_et_pb_use_builder":"on","_et_pb_old_content":"","_et_gb_content_width":"","footnotes":""},"class_list":["post-1418","page","type-page","status-publish","hentry"],"_links":{"self":[{"href":"https:\/\/www.abak-eclairage.fr\/index.php\/wp-json\/wp\/v2\/pages\/1418","targetHints":{"allow":["GET"]}}],"collection":[{"href":"https:\/\/www.abak-eclairage.fr\/index.php\/wp-json\/wp\/v2\/pages"}],"about":[{"href":"https:\/\/www.abak-eclairage.fr\/index.php\/wp-json\/wp\/v2\/types\/page"}],"author":[{"embeddable":true,"href":"https:\/\/www.abak-eclairage.fr\/index.php\/wp-json\/wp\/v2\/users\/1"}],"replies":[{"embeddable":true,"href":"https:\/\/www.abak-eclairage.fr\/index.php\/wp-json\/wp\/v2\/comments?post=1418"}],"version-history":[{"count":13,"href":"https:\/\/www.abak-eclairage.fr\/index.php\/wp-json\/wp\/v2\/pages\/1418\/revisions"}],"predecessor-version":[{"id":1447,"href":"https:\/\/www.abak-eclairage.fr\/index.php\/wp-json\/wp\/v2\/pages\/1418\/revisions\/1447"}],"wp:attachment":[{"href":"https:\/\/www.abak-eclairage.fr\/index.php\/wp-json\/wp\/v2\/media?parent=1418"}],"curies":[{"name":"wp","href":"https:\/\/api.w.org\/{rel}","templated":true}]}}