{"id":1393,"date":"2021-06-14T18:57:23","date_gmt":"2021-06-14T18:57:23","guid":{"rendered":"https:\/\/www.abak-eclairage.fr\/?page_id=1393"},"modified":"2021-06-14T20:15:00","modified_gmt":"2021-06-14T20:15:00","slug":"series-564-565","status":"publish","type":"page","link":"https:\/\/www.abak-eclairage.fr\/index.php\/series-564-565\/","title":{"rendered":"Series 564\/565"},"content":{"rendered":"<p>[et_pb_section fb_built=&#8221;1&#8243; _builder_version=&#8221;4.9.2&#8243; _module_preset=&#8221;default&#8221; min_height=&#8221;2319.2px&#8221;][et_pb_row _builder_version=&#8221;4.9.2&#8243; _module_preset=&#8221;default&#8221;][et_pb_column type=&#8221;4_4&#8243; _builder_version=&#8221;4.9.2&#8243; _module_preset=&#8221;default&#8221;][et_pb_text _builder_version=&#8221;4.9.6&#8243; _module_preset=&#8221;default&#8221; custom_padding=&#8221;0px|||||&#8221; hover_enabled=&#8221;0&#8243; sticky_enabled=&#8221;0&#8243;]<\/p>\n<h5 class=\"p1\"><span>Luminaires suspendus \u00e0 LED<\/span><\/h5>\n<h4 class=\"p1\"><b>S\u00e9rie 564\/565\u2026\u00a0<\/b><\/h4>\n<p>[\/et_pb_text][\/et_pb_column][\/et_pb_row][et_pb_row column_structure=&#8221;1_2,1_2&#8243; _builder_version=&#8221;4.9.2&#8243; _module_preset=&#8221;default&#8221; custom_margin=&#8221;|auto|-33px|auto||&#8221; custom_padding=&#8221;0px|||||&#8221;][et_pb_column type=&#8221;1_2&#8243; _builder_version=&#8221;4.9.2&#8243; _module_preset=&#8221;default&#8221;][et_pb_image src=&#8221;https:\/\/www.abak-eclairage.fr\/wp-content\/uploads\/2021\/06\/main1.png&#8221; title_text=&#8221;main1&#8243; align=&#8221;center&#8221; _builder_version=&#8221;4.9.6&#8243; _module_preset=&#8221;default&#8221; width=&#8221;80%&#8221; module_alignment=&#8221;center&#8221; custom_margin=&#8221;5px||||false|false&#8221;][\/et_pb_image][\/et_pb_column][et_pb_column type=&#8221;1_2&#8243; _builder_version=&#8221;4.9.2&#8243; _module_preset=&#8221;default&#8221;][et_pb_text _builder_version=&#8221;4.9.6&#8243; _module_preset=&#8221;default&#8221; text_font_size=&#8221;16px&#8221;]<\/p>\n<p class=\"p1\"><b>Applications :<\/b><\/p>\n<p class=\"p1\"><b><\/b><span>Renouvellement des villages et des centres-villes historiques, zones \u00e0 faible trafic, zones pi\u00e9tonnes, promenades, parcs publics.<\/span><\/p>\n<p class=\"p1\"><b>Design :<\/b><b><\/b><\/p>\n<p class=\"p1\"><span><span style=\"text-decoration: underline;\">Bo\u00eetier<\/span> : T\u00f4le d&#8217;aluminium, rev\u00eatement par poudre de couleur noir profond (RAL 9005). <\/span><\/p>\n<p class=\"p1\"><span><span style=\"text-decoration: underline;\">Couverture<\/span> : PMMA, perl\u00e9 clair (P). <\/span><\/p>\n<p class=\"p1\"><span><span style=\"text-decoration: underline;\">Kit \u00e9lectro<\/span> : Avec ECG et LED, c\u00e2bl\u00e9 pr\u00eat \u00e0 \u00eatre connect\u00e9, serre-c\u00e2ble pour le c\u00e2ble de connexion.<\/span><\/p>\n<p class=\"p1\"><span><span style=\"text-decoration: underline;\">R\u00e9partition lumineuse<\/span> : Faisceau asym\u00e9trique extr\u00eamement large (ABX) ou faisceau circulaire (R). <\/span><\/p>\n<p class=\"p1\"><span><span style=\"text-decoration: underline;\">Diffuseur de lumi\u00e8re<\/span> : Optique. Montage : Sur les sections sup\u00e9rieures du poteau avec filetage interne 3\/4&#8243;.<\/span><\/p>\n<p class=\"p1\"><span><\/span><\/p>\n<p>[\/et_pb_text][\/et_pb_column][\/et_pb_row][et_pb_row column_structure=&#8221;1_2,1_4,1_4&#8243; _builder_version=&#8221;4.9.2&#8243; _module_preset=&#8221;default&#8221; custom_padding=&#8221;21px||0px|||&#8221;][et_pb_column type=&#8221;1_2&#8243; _builder_version=&#8221;4.9.2&#8243; _module_preset=&#8221;default&#8221; background_color=&#8221;#e8e8e8&#8243; border_width_all=&#8221;8px&#8221; border_color_all=&#8221;#e8e8e8&#8243;][et_pb_text _builder_version=&#8221;4.9.2&#8243; _module_preset=&#8221;default&#8221; text_font_size=&#8221;16px&#8221;]<\/p>\n<p class=\"p1\"><b>Conception \u00e9lectrique :<\/b><\/p>\n<p class=\"p1\"><span class=\"s1\"><span style=\"text-decoration: underline;\">Module LE<\/span>D<\/span> : conforme Zhaga, 4 000 K, R\u00aa&gt; 70, dur\u00e9e de vie L90&gt; 100 000 h<\/p>\n<p class=\"p1\"><span style=\"text-decoration: underline;\"><span class=\"s1\">ECG<\/span><\/span> : 220 &#8211; 240V, 50-60 Hz, r\u00e9sistance aux surtensions 10kV, protection contre les surcharges et les courts-circuits.<\/p>\n<p class=\"p1\"><span style=\"text-decoration: underline;\"><span class=\"s1\">Remarque<\/span> <\/span>: En raison du courant d&#8217;appel des ballasts \u00e9lectroniques, le nombre maximal autoris\u00e9 de luminaires par disjoncteur est limit\u00e9.<\/p>\n<p class=\"p1\">\n<p class=\"p1\">[\/et_pb_text][\/et_pb_column][et_pb_column type=&#8221;1_4&#8243; _builder_version=&#8221;4.9.2&#8243; _module_preset=&#8221;default&#8221;][et_pb_image src=&#8221;https:\/\/www.abak-eclairage.fr\/wp-content\/uploads\/2021\/06\/Capture-de\u0301cran-2021-05-03-a\u0300-18.09.54.png&#8221; title_text=&#8221;Capture d\u2019e\u0301cran 2021-05-03 a\u0300 18.09.54&#8243; _builder_version=&#8221;4.9.6&#8243; _module_preset=&#8221;default&#8221; width=&#8221;140%&#8221; custom_padding=&#8221;|70px||||&#8221;][\/et_pb_image][\/et_pb_column][et_pb_column type=&#8221;1_4&#8243; _builder_version=&#8221;4.9.2&#8243; _module_preset=&#8221;default&#8221;][et_pb_image src=&#8221;https:\/\/www.abak-eclairage.fr\/wp-content\/uploads\/2021\/06\/Capture-de\u0301cran-2021-05-03-a\u0300-18.10.11.png&#8221; title_text=&#8221;Capture d\u2019e\u0301cran 2021-05-03 a\u0300 18.10.11&#8243; _builder_version=&#8221;4.9.6&#8243; _module_preset=&#8221;default&#8221; width=&#8221;140%&#8221; custom_padding=&#8221;|70px||||&#8221;][\/et_pb_image][\/et_pb_column][\/et_pb_row][et_pb_row column_structure=&#8221;1_4,3_4&#8243; _builder_version=&#8221;4.9.2&#8243; _module_preset=&#8221;default&#8221;][et_pb_column type=&#8221;1_4&#8243; _builder_version=&#8221;4.9.2&#8243; _module_preset=&#8221;default&#8221; background_color=&#8221;#e8e8e8&#8243; border_color_all=&#8221;RGBA(0,0,0,0)&#8221;][et_pb_image src=&#8221;https:\/\/www.abak-eclairage.fr\/wp-content\/uploads\/2021\/06\/Capture-de\u0301cran-2021-05-03-a\u0300-18.10.39.png&#8221; title_text=&#8221;Capture d\u2019e\u0301cran 2021-05-03 a\u0300 18.10.39&#8243; _builder_version=&#8221;4.9.6&#8243; _module_preset=&#8221;default&#8221; custom_margin=&#8221;||26px|||&#8221; border_color_all=&#8221;RGBA(0,0,0,0)&#8221;][\/et_pb_image][et_pb_image src=&#8221;https:\/\/www.abak-eclairage.fr\/wp-content\/uploads\/2021\/06\/Capture-de\u0301cran-2021-05-03-a\u0300-18.10.28.png&#8221; title_text=&#8221;Capture d\u2019e\u0301cran 2021-05-03 a\u0300 18.10.28&#8243; _builder_version=&#8221;4.9.6&#8243; _module_preset=&#8221;default&#8221; custom_margin=&#8221;-19px|||||&#8221;][\/et_pb_image][\/et_pb_column][et_pb_column type=&#8221;3_4&#8243; _builder_version=&#8221;4.9.2&#8243; _module_preset=&#8221;default&#8221;][et_pb_text _builder_version=&#8221;4.9.2&#8243; _module_preset=&#8221;default&#8221; text_font_size=&#8221;16px&#8221; background_color=&#8221;#efefef&#8221; border_width_all=&#8221;6px&#8221; border_color_all=&#8221;#efefef&#8221;]<\/p>\n<p class=\"p2\"><b>Options :<\/b><\/p>\n<p class=\"p2\">Sur demande, \u00e9galement disponible avec les configurations suivantes (veuillez mentionner dans votre demande ou commande):<\/p>\n<p class=\"p2\"><span style=\"text-decoration: underline;\"><span class=\"s1\">R\u00e9duction de sortie<\/span><\/span> :<\/p>\n<p class=\"p2\"><b>Avec phase de contr\u00f4le ( LR ) : <\/b>Pour r\u00e9duire le flux lumineux \u00e0 50% en cas de faible densit\u00e9 de trafic. Phase de contr\u00f4le ( <b>LST<\/b> ) requise. Commutation via la phase de commande ( LST = 230V : 100% ; LST = 0V : 50% ). Niveaux alternatifs de gradation possibles.<\/p>\n<p class=\"p2\"><b>Sans phase de contr\u00f4le ( LA ) :<\/b> Gradation autonome par minuterie int\u00e9gr\u00e9e. Fonctionnement r\u00e9duit 50% entre 22h00 et 4h00h CET ou 23h00 et 5h00h CEST, \u00e9galement disponible avec des temps diff\u00e9renti\u00e9s et avec une \u00e9tape de gradation alternative.<\/p>\n<p class=\"p2\"><span class=\"s1\">DALI interface ( <b>DIMD<\/b> )<\/span><\/p>\n<p class=\"p2\"><span class=\"s1\">1-10V ( <b>DIMA<\/b> )<\/span><\/p>\n<p class=\"p2\"><span class=\"s1\">Fonction flux lumineux constant (CL):<\/span> Le flux lumineux est maintenu \u00e0 un niveau constant pendant toute la dur\u00e9e de vie des modules LED.<\/p>\n<p class=\"p2\">De plus, des combinaisons de fonctions sont possibles (<b>CL LR \/ CL LA<\/b>)<\/p>\n<p>[\/et_pb_text][\/et_pb_column][\/et_pb_row][et_pb_row _builder_version=&#8221;4.9.2&#8243; _module_preset=&#8221;default&#8221; custom_padding=&#8221;0px|||||&#8221;][et_pb_column type=&#8221;4_4&#8243; _builder_version=&#8221;4.9.2&#8243; _module_preset=&#8221;default&#8221;][et_pb_text _builder_version=&#8221;4.9.6&#8243; _module_preset=&#8221;default&#8221; text_font_size=&#8221;16px&#8221; background_color=&#8221;rgba(0,83,178,0.09)&#8221; border_width_all=&#8221;6px&#8221; border_color_all=&#8221;rgba(23,81,132,0)&#8221;]<\/p>\n<p class=\"p1\"><b>Points forts<span class=\"Apple-converted-space\">\u00a0<\/span><\/b><\/p>\n<ul>\n<li style=\"list-style-type: none;\">\n<ul class=\"ul1\">\n<li class=\"li3\"><span class=\"s1\"><\/span>ECG avec r\u00e9sistance de surtension, fiable en raison de la protection contre les surcharges et les courts-circuits<\/li>\n<li class=\"li3\"><span>R\u00e9partition lumineuse optimale gr\u00e2ce \u00e0 une optique \u00e0 lentille tr\u00e8s efficace avec faisceau direct <\/span><\/li>\n<li class=\"li3\"><span>Bonne limitation de l&#8217;\u00e9blouissement gr\u00e2ce \u00e0 la couverture perl\u00e9e<\/span><\/li>\n<li class=\"li3\">\u00c9clairage homog\u00e8ne gr\u00e2ce \u00e0 la technologie multicouche, c&#8217;est-\u00e0-dire que chaque LED individuelle \u00e9claire la surface totale, les courbes lumineuses des LED individuelles se chevauchent. Toute d\u00e9faillance d&#8217;une seule LED particuli\u00e8re ne cr\u00e9era aucune zone sombre sur la route. L&#8217;uniformit\u00e9 de l&#8217;\u00e9clairage est conserv\u00e9e<\/li>\n<li class=\"li3\">Maintenance et changement rapides des composants gr\u00e2ce \u00e0 un syst\u00e8me de porte-mat\u00e9riel facilement interchangeable (concept modulaire)<\/li>\n<li class=\"li3\">\u00c0 l&#8217;\u00e9preuve du temps gr\u00e2ce \u00e0 l&#8217;utilisation de modules LED standardis\u00e9s (Zhaga)<\/li>\n<\/ul>\n<p>&#8211; la partie sup\u00e9rieure amovible du bo\u00eetier permet un montage\u00a0 \u00a0rapide et \u00e9conomique, la borne de raccordement au secteur dans la section de support<\/p>\n<p>&#8211; une maintenance rapide gr\u00e2ce \u00e0 un syst\u00e8me de plateau d&#8217;engrenage facilement interchangeable (concept modulaire) \u00e0 l&#8217;int\u00e9rieur la section de support, l&#8217;ECG peut \u00eatre remplac\u00e9 sur place<\/li>\n<li style=\"list-style-type: none;\">\n<li>\u00e0 l&#8217;\u00e9preuve du temps gr\u00e2ce \u00e0 l&#8217;utilisation de modules LED standardis\u00e9s (Zhaga)<\/li>\n<p>[\/et_pb_text][\/et_pb_column][\/et_pb_row][et_pb_row column_structure=&#8221;2_5,3_5&#8243; _builder_version=&#8221;4.9.2&#8243; _module_preset=&#8221;default&#8221;][et_pb_column type=&#8221;2_5&#8243; _builder_version=&#8221;4.9.2&#8243; _module_preset=&#8221;default&#8221;][et_pb_text _builder_version=&#8221;4.9.6&#8243; _module_preset=&#8221;default&#8221; text_font_size=&#8221;15px&#8221; text_line_height=&#8221;1.4em&#8221;]<\/p>\n<p class=\"p1\"><b>D\u2019autres options :<\/b><span class=\"Apple-converted-space\">\u00a0<\/span><\/p>\n<p class=\"p1\">&#8211; 3000K, lumi\u00e8re claire<strong> 730<\/strong> (flux lumineux inf\u00e9rieur d&#8217;environ 8%)<\/p>\n<p class=\"p1\">&#8211; 2200K, couleur claire <strong>722<\/strong> (\ufb02ux lumineux inf\u00e9rieur de 20%)<\/p>\n<p class=\"p1\">&#8211; 1 800 K, lumi\u00e8re claire <b>518 \u00abAmbre\u00bb<\/b> (flux lumineux inf\u00e9rieur d\u2019environ 38%)<\/p>\n<p class=\"p1\">&#8211; classe de protection II (<strong>SKII<\/strong>)<\/p>\n<p class=\"p1\">&#8211; peinture sp\u00e9ciale en couleurs RAL ou DB<\/p>\n<p>[\/et_pb_text][\/et_pb_column][et_pb_column type=&#8221;3_5&#8243; _builder_version=&#8221;4.9.2&#8243; _module_preset=&#8221;default&#8221;][et_pb_image src=&#8221;https:\/\/www.abak-eclairage.fr\/wp-content\/uploads\/2021\/06\/Capture-de\u0301cran-2021-05-03-a\u0300-18.11.10.png&#8221; title_text=&#8221;Capture d\u2019e\u0301cran 2021-05-03 a\u0300 18.11.10&#8243; _builder_version=&#8221;4.9.6&#8243; _module_preset=&#8221;default&#8221;][\/et_pb_image][\/et_pb_column][\/et_pb_row][\/et_pb_section]<\/p>\n","protected":false},"excerpt":{"rendered":"<p>Luminaires suspendus \u00e0 LED S\u00e9rie 564\/565\u2026\u00a0Applications : Renouvellement des villages et des centres-villes historiques, zones \u00e0 faible trafic, zones pi\u00e9tonnes, promenades, parcs publics. Design : Bo\u00eetier : T\u00f4le d&#8217;aluminium, rev\u00eatement par poudre de couleur noir profond (RAL 9005). Couverture : PMMA, perl\u00e9 clair (P). Kit \u00e9lectro : Avec ECG et LED, c\u00e2bl\u00e9 pr\u00eat \u00e0 \u00eatre [&hellip;]<\/p>\n","protected":false},"author":1,"featured_media":0,"parent":0,"menu_order":0,"comment_status":"closed","ping_status":"closed","template":"","meta":{"_et_pb_use_builder":"on","_et_pb_old_content":"","_et_gb_content_width":"","footnotes":""},"class_list":["post-1393","page","type-page","status-publish","hentry"],"_links":{"self":[{"href":"https:\/\/www.abak-eclairage.fr\/index.php\/wp-json\/wp\/v2\/pages\/1393","targetHints":{"allow":["GET"]}}],"collection":[{"href":"https:\/\/www.abak-eclairage.fr\/index.php\/wp-json\/wp\/v2\/pages"}],"about":[{"href":"https:\/\/www.abak-eclairage.fr\/index.php\/wp-json\/wp\/v2\/types\/page"}],"author":[{"embeddable":true,"href":"https:\/\/www.abak-eclairage.fr\/index.php\/wp-json\/wp\/v2\/users\/1"}],"replies":[{"embeddable":true,"href":"https:\/\/www.abak-eclairage.fr\/index.php\/wp-json\/wp\/v2\/comments?post=1393"}],"version-history":[{"count":11,"href":"https:\/\/www.abak-eclairage.fr\/index.php\/wp-json\/wp\/v2\/pages\/1393\/revisions"}],"predecessor-version":[{"id":1436,"href":"https:\/\/www.abak-eclairage.fr\/index.php\/wp-json\/wp\/v2\/pages\/1393\/revisions\/1436"}],"wp:attachment":[{"href":"https:\/\/www.abak-eclairage.fr\/index.php\/wp-json\/wp\/v2\/media?parent=1393"}],"curies":[{"name":"wp","href":"https:\/\/api.w.org\/{rel}","templated":true}]}}