{"id":1361,"date":"2021-04-02T13:03:40","date_gmt":"2021-04-02T13:03:40","guid":{"rendered":"https:\/\/www.abak-eclairage.fr\/?page_id=1361"},"modified":"2021-04-02T13:41:33","modified_gmt":"2021-04-02T13:41:33","slug":"series-543","status":"publish","type":"page","link":"https:\/\/www.abak-eclairage.fr\/index.php\/series-543\/","title":{"rendered":"Series 543"},"content":{"rendered":"<p>[et_pb_section fb_built=&#8221;1&#8243; _builder_version=&#8221;4.9.2&#8243; _module_preset=&#8221;default&#8221;][et_pb_row _builder_version=&#8221;4.9.2&#8243; _module_preset=&#8221;default&#8221;][et_pb_column type=&#8221;4_4&#8243; _builder_version=&#8221;4.9.2&#8243; _module_preset=&#8221;default&#8221;][et_pb_text _builder_version=&#8221;4.9.3&#8243; _module_preset=&#8221;default&#8221; custom_padding=&#8221;0px|||||&#8221; hover_enabled=&#8221;0&#8243; sticky_enabled=&#8221;0&#8243;]<\/p>\n<h5 class=\"p1\"><span>Luminaire LED sur le dessus du poteau<\/span><\/h5>\n<h4 class=\"p1\"><b>S\u00e9rie 543\u2026 C<\/b><\/h4>\n<p>[\/et_pb_text][\/et_pb_column][\/et_pb_row][et_pb_row column_structure=&#8221;1_2,1_2&#8243; _builder_version=&#8221;4.9.2&#8243; _module_preset=&#8221;default&#8221; custom_padding=&#8221;||0px|||&#8221;][et_pb_column type=&#8221;1_2&#8243; _builder_version=&#8221;4.9.2&#8243; _module_preset=&#8221;default&#8221;][et_pb_image src=&#8221;https:\/\/www.abak-eclairage.fr\/wp-content\/uploads\/2021\/04\/IMG_0571.png&#8221; title_text=&#8221;IMG_0571&#8243; align=&#8221;center&#8221; _builder_version=&#8221;4.9.3&#8243; _module_preset=&#8221;default&#8221; width=&#8221;60%&#8221; module_alignment=&#8221;center&#8221; hover_enabled=&#8221;0&#8243; sticky_enabled=&#8221;0&#8243;][\/et_pb_image][et_pb_image src=&#8221;https:\/\/www.abak-eclairage.fr\/wp-content\/uploads\/2021\/04\/Capture-de\u0301cran-2021-04-02-a\u0300-15.11.54.png&#8221; title_text=&#8221;Capture d\u2019e\u0301cran 2021-04-02 a\u0300 15.11.54&#8243; align=&#8221;center&#8221; _builder_version=&#8221;4.9.3&#8243; _module_preset=&#8221;default&#8221; width=&#8221;50%&#8221; custom_padding=&#8221;||0px|0px|false|false&#8221; hover_enabled=&#8221;0&#8243; sticky_enabled=&#8221;0&#8243; custom_margin=&#8221;-18px|120px|||false|false&#8221;][\/et_pb_image][\/et_pb_column][et_pb_column type=&#8221;1_2&#8243; _builder_version=&#8221;4.9.2&#8243; _module_preset=&#8221;default&#8221;][et_pb_text _builder_version=&#8221;4.9.3&#8243; _module_preset=&#8221;default&#8221; text_font_size=&#8221;16px&#8221; hover_enabled=&#8221;0&#8243; sticky_enabled=&#8221;0&#8243;]<\/p>\n<p class=\"p1\"><b>Applications :<\/b><b><\/b><\/p>\n<p class=\"p3\"><span style=\"text-decoration: underline;\">543 .. ABX<\/span>: Zones r\u00e9sidentielles, rues r\u00e9sidentielles et secondaires, zones \u00e0 faible trafic, sentiers p\u00e9destres et pistes cyclables, etc.<\/p>\n<p class=\"p3\"><span style=\"text-decoration: underline;\">543 &#8230; R<\/span>: Promenades, parcs publics, zones pi\u00e9tonnes, etc.<\/p>\n<p class=\"p1\"><b>Design :<\/b><b><\/b><\/p>\n<p class=\"p1\"><span style=\"text-decoration: underline;\">Toit:<\/span> r\u00e9sine polyester renforc\u00e9e de fibres de verre avec \u00e9crou d&#8217;insertion int\u00e9gr\u00e9 (couleur: similaire \u00e0 RAL 7035).<\/p>\n<p class=\"p1\"><span style=\"text-decoration: underline;\">Partie portante<\/span>: Aluminium peint par poudrage gris clair (RAL 7035).<\/p>\n<p class=\"p1\"><span style=\"text-decoration: underline;\">Couverture<\/span>: PMMA, clair, conique.<\/p>\n<p class=\"p1\"><span style=\"text-decoration: underline;\">Empilement de persiennes:<\/span> Aluminium pur anodis\u00e9.<\/p>\n<p class=\"p1\"><span style=\"text-decoration: underline;\">Kit \u00e9lectrique:<\/span> c\u00e2bl\u00e9 pr\u00eat \u00e0 l&#8217;installation, appareil de type enfichable \u00e0 la borne de raccordement au secteur, serre-c\u00e2ble pour c\u00e2ble de raccordement, avec module LED, dissipateur thermique et ECG.<\/p>\n<p class=\"p1\">R\u00e9partition lumineuse: faisceau asym\u00e9trique extr\u00eamement large (<strong>ABX<\/strong>) ou faisceau circulaire (<strong>R<\/strong>). Pile de persiennes en aluminium pur anodis\u00e9, couvercle givr\u00e9 pour limiter l&#8217;\u00e9blouissement.<\/p>\n<p class=\"p1\"><span style=\"text-decoration: underline;\">Syst\u00e8me de fixation:<\/span> 3 vis de verrouillage en acier non corrosives servent \u00e0 la fixation sur m\u00e2ts droits \u00d8 76 mm. Adaptateur (<strong>RZ 1<\/strong>) pour extr\u00e9mit\u00e9 de m\u00e2t \u00d8 60 mm (voir accessoires \/ pi\u00e8ces de rechange).<\/p>\n<p>[\/et_pb_text][\/et_pb_column][\/et_pb_row][et_pb_row column_structure=&#8221;3_5,1_5,1_5&#8243; _builder_version=&#8221;4.9.2&#8243; _module_preset=&#8221;default&#8221; custom_padding=&#8221;19px||0px|||&#8221;][et_pb_column type=&#8221;3_5&#8243; _builder_version=&#8221;4.9.2&#8243; _module_preset=&#8221;default&#8221; background_color=&#8221;#e8e8e8&#8243; border_width_all=&#8221;8px&#8221; border_color_all=&#8221;#e8e8e8&#8243;][et_pb_text _builder_version=&#8221;4.9.2&#8243; _module_preset=&#8221;default&#8221; text_font_size=&#8221;16px&#8221; custom_padding=&#8221;3px|||||&#8221; custom_margin=&#8221;12px|||||&#8221;]<\/p>\n<p class=\"p1\"><b>Conception \u00e9lectrique :<\/b><\/p>\n<p class=\"p1\"><span class=\"s1\"><span style=\"text-decoration: underline;\">Module LE<\/span>D<\/span> : conforme Zhaga, 4 000 K, R\u00aa&gt; 70, dur\u00e9e de vie L90&gt; 100 000 h<\/p>\n<p class=\"p1\"><span style=\"text-decoration: underline;\"><span class=\"s1\">ECG<\/span><\/span> : 220 &#8211; 240V, 50-60 Hz, r\u00e9sistance aux surtensions 10kV, protection contre les surcharges et les courts-circuits.<\/p>\n<p class=\"p1\"><span style=\"text-decoration: underline;\"><span class=\"s1\">Remarque<\/span> <\/span>: En raison du courant d&#8217;appel des ballasts \u00e9lectroniques, le nombre maximal autoris\u00e9 de luminaires par disjoncteur est limit\u00e9.<\/p>\n<p class=\"p1\">\n<p class=\"p1\">\n<p>[\/et_pb_text][\/et_pb_column][et_pb_column type=&#8221;1_5&#8243; _builder_version=&#8221;4.9.2&#8243; _module_preset=&#8221;default&#8221;][et_pb_image src=&#8221;https:\/\/www.abak-eclairage.fr\/wp-content\/uploads\/2021\/04\/Capture-de\u0301cran-2021-04-02-a\u0300-15.12.58.png&#8221; title_text=&#8221;Capture d\u2019e\u0301cran 2021-04-02 a\u0300 15.12.58&#8243; _builder_version=&#8221;4.9.3&#8243; _module_preset=&#8221;default&#8221; width=&#8221;99%&#8221; hover_enabled=&#8221;0&#8243; sticky_enabled=&#8221;0&#8243;][\/et_pb_image][\/et_pb_column][et_pb_column type=&#8221;1_5&#8243; _builder_version=&#8221;4.9.2&#8243; _module_preset=&#8221;default&#8221;][et_pb_image src=&#8221;https:\/\/www.abak-eclairage.fr\/wp-content\/uploads\/2021\/04\/Capture-de\u0301cran-2021-04-02-a\u0300-15.12.41.png&#8221; title_text=&#8221;Capture d\u2019e\u0301cran 2021-04-02 a\u0300 15.12.41&#8243; _builder_version=&#8221;4.9.3&#8243; _module_preset=&#8221;default&#8221; width=&#8221;99%&#8221; hover_enabled=&#8221;0&#8243; sticky_enabled=&#8221;0&#8243;][\/et_pb_image][et_pb_image src=&#8221;https:\/\/www.abak-eclairage.fr\/wp-content\/uploads\/2021\/04\/Capture-de\u0301cran-2021-04-02-a\u0300-15.12.49.png&#8221; title_text=&#8221;Capture d\u2019e\u0301cran 2021-04-02 a\u0300 15.12.49&#8243; _builder_version=&#8221;4.9.3&#8243; _module_preset=&#8221;default&#8221; width=&#8221;99%&#8221; hover_enabled=&#8221;0&#8243; sticky_enabled=&#8221;0&#8243;][\/et_pb_image][\/et_pb_column][\/et_pb_row][et_pb_row column_structure=&#8221;1_4,3_4&#8243; _builder_version=&#8221;4.9.2&#8243; _module_preset=&#8221;default&#8221;][et_pb_column type=&#8221;1_4&#8243; _builder_version=&#8221;4.9.2&#8243; _module_preset=&#8221;default&#8221; background_color=&#8221;#e8e8e8&#8243; border_color_all=&#8221;RGBA(0,0,0,0)&#8221;][et_pb_image src=&#8221;https:\/\/www.abak-eclairage.fr\/wp-content\/uploads\/2021\/04\/Capture-de\u0301cran-2021-04-02-a\u0300-15.12.14.png&#8221; title_text=&#8221;Capture d\u2019e\u0301cran 2021-04-02 a\u0300 15.12.14&#8243; _builder_version=&#8221;4.9.3&#8243; _module_preset=&#8221;default&#8221; custom_margin=&#8221;||26px|||&#8221; hover_enabled=&#8221;0&#8243; border_color_all=&#8221;RGBA(0,0,0,0)&#8221; sticky_enabled=&#8221;0&#8243;][\/et_pb_image][et_pb_image src=&#8221;https:\/\/www.abak-eclairage.fr\/wp-content\/uploads\/2021\/04\/Capture-de\u0301cran-2021-04-02-a\u0300-15.12.24.png&#8221; title_text=&#8221;Capture d\u2019e\u0301cran 2021-04-02 a\u0300 15.12.24&#8243; _builder_version=&#8221;4.9.3&#8243; _module_preset=&#8221;default&#8221; custom_margin=&#8221;-19px|||||&#8221; hover_enabled=&#8221;0&#8243; sticky_enabled=&#8221;0&#8243;][\/et_pb_image][\/et_pb_column][et_pb_column type=&#8221;3_4&#8243; _builder_version=&#8221;4.9.2&#8243; _module_preset=&#8221;default&#8221;][et_pb_text _builder_version=&#8221;4.9.2&#8243; _module_preset=&#8221;default&#8221; text_font_size=&#8221;16px&#8221; background_color=&#8221;#efefef&#8221; border_width_all=&#8221;6px&#8221; border_color_all=&#8221;#efefef&#8221;]<\/p>\n<p class=\"p2\"><b>Options :<\/b><\/p>\n<p class=\"p2\">Sur demande, \u00e9galement disponible avec les configurations suivantes (veuillez mentionner dans votre demande ou commande):<\/p>\n<p class=\"p2\"><span style=\"text-decoration: underline;\"><span class=\"s1\">R\u00e9duction de sortie<\/span><\/span> :<\/p>\n<p class=\"p2\"><b>Avec phase de contr\u00f4le ( LR ) : <\/b>Pour r\u00e9duire le flux lumineux \u00e0 50% en cas de faible densit\u00e9 de trafic. Phase de contr\u00f4le ( <b>LST<\/b> ) requise. Commutation via la phase de commande ( LST = 230V : 100% ; LST = 0V : 50% ). Niveaux alternatifs de gradation possibles.<\/p>\n<p class=\"p2\"><b>Sans phase de contr\u00f4le ( LA ) :<\/b> Gradation autonome par minuterie int\u00e9gr\u00e9e. Fonctionnement r\u00e9duit 50% entre 22h00 et 4h00h CET ou 23h00 et 5h00h CEST, \u00e9galement disponible avec des temps diff\u00e9renti\u00e9s et avec une \u00e9tape de gradation alternative.<\/p>\n<p class=\"p2\"><span class=\"s1\">DALI interface ( <b>DIMD<\/b> )<\/span><\/p>\n<p class=\"p2\"><span class=\"s1\">1-10V ( <b>DIMA<\/b> )<\/span><\/p>\n<p class=\"p2\"><span class=\"s1\">Fonction flux lumineux constant (CL):<\/span> Le flux lumineux est maintenu \u00e0 un niveau constant pendant toute la dur\u00e9e de vie des modules LED.<\/p>\n<p class=\"p2\">De plus, des combinaisons de fonctions sont possibles (<b>CL LR \/ CL LA<\/b>)<\/p>\n<p>[\/et_pb_text][\/et_pb_column][\/et_pb_row][et_pb_row _builder_version=&#8221;4.9.2&#8243; _module_preset=&#8221;default&#8221; custom_padding=&#8221;0px|||||&#8221;][et_pb_column type=&#8221;4_4&#8243; _builder_version=&#8221;4.9.2&#8243; _module_preset=&#8221;default&#8221;][et_pb_text _builder_version=&#8221;4.9.2&#8243; _module_preset=&#8221;default&#8221; text_font_size=&#8221;16px&#8221; background_color=&#8221;rgba(0,83,178,0.09)&#8221; border_width_all=&#8221;6px&#8221; border_color_all=&#8221;rgba(23,81,132,0)&#8221;]<\/p>\n<p class=\"p1\"><b>Points forts<span class=\"Apple-converted-space\">\u00a0<\/span><\/b><\/p>\n<ul>\n<li style=\"list-style-type: none;\">\n<ul class=\"ul1\">\n<li class=\"li3\"><span class=\"s1\"><\/span>ECG avec r\u00e9sistance de surtension, fiable en raison de la protection contre les surcharges et les courts-circuits<\/li>\n<li class=\"li3\"><span class=\"s1\"><\/span>Gestion thermique optimis\u00e9e gr\u00e2ce \u00e0 l&#8217;adaptation directe des modules LED au bo\u00eetier en aluminium moul\u00e9 sous pression, grande surface de refroidissement, excellente dissipation thermique<\/li>\n<li class=\"li3\"><span class=\"s1\"><\/span>Bo\u00eetier en aluminium durable et r\u00e9sistant \u00e0 la corrosion avec surface lisse<\/li>\n<li class=\"li3\">\u00e9clairage homog\u00e8ne gr\u00e2ce \u00e0 la technologie multicouche, c&#8217;est-\u00e0-dire que chaque LED individuelle illumine toute la surface, les courbes de lumi\u00e8re des LED individuelles se chevauchent.<\/li>\n<li class=\"li3\">bonne limitation de l&#8217;\u00e9blouissement gr\u00e2ce \u00e0 la couverture givr\u00e9e<\/li>\n<li class=\"li3\">facile \u00e0 installer, \u00e0 entretenir et \u00e0 moderniser :<\/li>\n<\/ul>\n<\/li>\n<\/ul>\n<p>\u00a0 \u00a0 \u00a0 &#8211; la partie sup\u00e9rieure amovible du bo\u00eetier permet un montage\u00a0 \u00a0rapide et \u00e9conomique, la borne de raccordement au secteur dans la section de support<\/p>\n<p>\u00a0 \u00a0 \u00a0&#8211; une maintenance rapide gr\u00e2ce \u00e0 un syst\u00e8me de plateau d&#8217;engrenage facilement interchangeable (concept modulaire) \u00e0 l&#8217;int\u00e9rieur la section de support, l&#8217;ECG peut \u00eatre remplac\u00e9 sur place<\/p>\n<ul>\n<li>\u00e0 l&#8217;\u00e9preuve du temps gr\u00e2ce \u00e0 l&#8217;utilisation de modules LED standardis\u00e9s (Zhaga)<\/li>\n<\/ul>\n<p>[\/et_pb_text][\/et_pb_column][\/et_pb_row][et_pb_row column_structure=&#8221;2_5,3_5&#8243; _builder_version=&#8221;4.9.2&#8243; _module_preset=&#8221;default&#8221;][et_pb_column type=&#8221;2_5&#8243; _builder_version=&#8221;4.9.2&#8243; _module_preset=&#8221;default&#8221;][et_pb_text _builder_version=&#8221;4.9.3&#8243; _module_preset=&#8221;default&#8221; text_font_size=&#8221;15px&#8221; text_line_height=&#8221;1.4em&#8221; hover_enabled=&#8221;0&#8243; sticky_enabled=&#8221;0&#8243;]<\/p>\n<p class=\"p1\"><b>D\u2019autres options :<\/b><span class=\"Apple-converted-space\">\u00a0<\/span><\/p>\n<p class=\"p1\">&#8211; 3 000K, couleur de lumi\u00e8re <strong>730<\/strong> (\ufb02ux lumineux inf\u00e9rieur de 6%)<\/p>\n<p class=\"p1\">&#8211; 2,200K, couleur de lumi\u00e8re <strong>722<\/strong> (\ufb02ux lumineux inf\u00e9rieur de 20%) 543 &#8230; RC<\/p>\n<p class=\"p1\">&#8211; 1 800K, couleur de lumi\u00e8re<strong> 518<\/strong> \u00abAmbre\u00bb (35% de moins \ufb02 ux lumineux)<\/p>\n<p class=\"p1\">&#8211; classe de protection I (<strong>SKI<\/strong>)<\/p>\n<p class=\"p1\">&#8211; version r\u00e9sistante \u00e0 l&#8217;eau de mer (<strong>SWP<\/strong>)<\/p>\n<p class=\"p1\">&#8211; sans couvercle givr\u00e9 (\ufb02ux lumineux environ 10% plus \u00e9lev\u00e9)<\/p>\n<p class=\"p1\">&#8211; sans colonne de persiennes (<strong>OR<\/strong>)<\/p>\n<p class=\"p1\">&#8211; toit en aluminium, couleur standard RAL 7035 (s\u00e9rie <strong>543\u2026 ALU<\/strong>)<\/p>\n<p class=\"p1\">&#8211; syst\u00e8me de gestion de l&#8217;\u00e9clairage (<strong>LIMAS<\/strong>) en classe de protection I (SKI)<\/p>\n<p class=\"p1\">&#8211; rev\u00eatement sp\u00e9cial dans d&#8217;autres couleurs RAL<\/p>\n<p class=\"p1\">&#8211; couvercle satin\u00e9 avec blindage c\u00f4t\u00e9 b\u00e2timent<\/p>\n<p class=\"p1\">&#8211; pour raccordement au groupe ou aux syst\u00e8mes de batteries centralis\u00e9s (<strong>ZB<\/strong>) ou au r\u00e9seau de secours respectivement<\/p>\n<p class=\"p1\">&#8211; Pr\u00eat pour les syst\u00e8mes de gestion de la lumi\u00e8re (<strong>RFL<\/strong>)<\/p>\n<p>[\/et_pb_text][\/et_pb_column][et_pb_column type=&#8221;3_5&#8243; _builder_version=&#8221;4.9.2&#8243; _module_preset=&#8221;default&#8221;][et_pb_image src=&#8221;https:\/\/www.abak-eclairage.fr\/wp-content\/uploads\/2021\/04\/Capture-de\u0301cran-2021-04-02-a\u0300-15.13.44.png&#8221; title_text=&#8221;Capture d\u2019e\u0301cran 2021-04-02 a\u0300 15.13.44&#8243; _builder_version=&#8221;4.9.3&#8243; _module_preset=&#8221;default&#8221; hover_enabled=&#8221;0&#8243; sticky_enabled=&#8221;0&#8243;][\/et_pb_image][\/et_pb_column][\/et_pb_row][\/et_pb_section]<\/p>\n","protected":false},"excerpt":{"rendered":"<p>Luminaire LED sur le dessus du poteau S\u00e9rie 543\u2026 CApplications : 543 .. ABX: Zones r\u00e9sidentielles, rues r\u00e9sidentielles et secondaires, zones \u00e0 faible trafic, sentiers p\u00e9destres et pistes cyclables, etc. 543 &#8230; R: Promenades, parcs publics, zones pi\u00e9tonnes, etc. Design : Toit: r\u00e9sine polyester renforc\u00e9e de fibres de verre avec \u00e9crou d&#8217;insertion int\u00e9gr\u00e9 (couleur: similaire [&hellip;]<\/p>\n","protected":false},"author":1,"featured_media":0,"parent":0,"menu_order":0,"comment_status":"closed","ping_status":"closed","template":"","meta":{"_et_pb_use_builder":"on","_et_pb_old_content":"","_et_gb_content_width":"","footnotes":""},"class_list":["post-1361","page","type-page","status-publish","hentry"],"_links":{"self":[{"href":"https:\/\/www.abak-eclairage.fr\/index.php\/wp-json\/wp\/v2\/pages\/1361","targetHints":{"allow":["GET"]}}],"collection":[{"href":"https:\/\/www.abak-eclairage.fr\/index.php\/wp-json\/wp\/v2\/pages"}],"about":[{"href":"https:\/\/www.abak-eclairage.fr\/index.php\/wp-json\/wp\/v2\/types\/page"}],"author":[{"embeddable":true,"href":"https:\/\/www.abak-eclairage.fr\/index.php\/wp-json\/wp\/v2\/users\/1"}],"replies":[{"embeddable":true,"href":"https:\/\/www.abak-eclairage.fr\/index.php\/wp-json\/wp\/v2\/comments?post=1361"}],"version-history":[{"count":6,"href":"https:\/\/www.abak-eclairage.fr\/index.php\/wp-json\/wp\/v2\/pages\/1361\/revisions"}],"predecessor-version":[{"id":1379,"href":"https:\/\/www.abak-eclairage.fr\/index.php\/wp-json\/wp\/v2\/pages\/1361\/revisions\/1379"}],"wp:attachment":[{"href":"https:\/\/www.abak-eclairage.fr\/index.php\/wp-json\/wp\/v2\/media?parent=1361"}],"curies":[{"name":"wp","href":"https:\/\/api.w.org\/{rel}","templated":true}]}}