{"id":1196,"date":"2021-03-27T18:47:54","date_gmt":"2021-03-27T18:47:54","guid":{"rendered":"https:\/\/www.abak-eclairage.fr\/?page_id=1196"},"modified":"2021-04-02T13:45:12","modified_gmt":"2021-04-02T13:45:12","slug":"series-544","status":"publish","type":"page","link":"https:\/\/www.abak-eclairage.fr\/index.php\/series-544\/","title":{"rendered":"Series 544"},"content":{"rendered":"<p>[et_pb_section fb_built=&#8221;1&#8243; _builder_version=&#8221;4.9.2&#8243; _module_preset=&#8221;default&#8221;][et_pb_row _builder_version=&#8221;4.9.2&#8243; _module_preset=&#8221;default&#8221;][et_pb_column type=&#8221;4_4&#8243; _builder_version=&#8221;4.9.2&#8243; _module_preset=&#8221;default&#8221;][et_pb_text _builder_version=&#8221;4.9.2&#8243; _module_preset=&#8221;default&#8221; custom_padding=&#8221;0px|||||&#8221;]<\/p>\n<h5 class=\"p1\"><span>KONIC Luminaire LED sur le dessus du poteau<\/span><\/h5>\n<h4 class=\"p1\"><b>S\u00e9rie 544\u2026<\/b><\/h4>\n<p>[\/et_pb_text][\/et_pb_column][\/et_pb_row][et_pb_row column_structure=&#8221;1_2,1_2&#8243; _builder_version=&#8221;4.9.2&#8243; _module_preset=&#8221;default&#8221;][et_pb_column type=&#8221;1_2&#8243; _builder_version=&#8221;4.9.2&#8243; _module_preset=&#8221;default&#8221;][et_pb_image src=&#8221;https:\/\/www.abak-eclairage.fr\/wp-content\/uploads\/2021\/03\/IMG_0566-613&#215;1024.png&#8221; title_text=&#8221;IMG_0566&#8243; align=&#8221;center&#8221; _builder_version=&#8221;4.9.2&#8243; _module_preset=&#8221;default&#8221; width=&#8221;40%&#8221; module_alignment=&#8221;center&#8221;][\/et_pb_image][et_pb_image src=&#8221;https:\/\/www.abak-eclairage.fr\/wp-content\/uploads\/2021\/03\/Capture-de\u0301cran-2021-03-27-a\u0300-19.43.32.png&#8221; title_text=&#8221;Capture d\u2019e\u0301cran 2021-03-27 a\u0300 19.43.32&#8243; align=&#8221;center&#8221; _builder_version=&#8221;4.9.2&#8243; _module_preset=&#8221;default&#8221; width=&#8221;42%&#8221; custom_padding=&#8221;||1px|||&#8221;][\/et_pb_image][\/et_pb_column][et_pb_column type=&#8221;1_2&#8243; _builder_version=&#8221;4.9.2&#8243; _module_preset=&#8221;default&#8221;][et_pb_text _builder_version=&#8221;4.9.3&#8243; _module_preset=&#8221;default&#8221; text_font_size=&#8221;16px&#8221; hover_enabled=&#8221;0&#8243; sticky_enabled=&#8221;0&#8243;]<\/p>\n<p class=\"p1\"><b>Applications :<\/b><b><\/b><\/p>\n<p class=\"p3\"><span style=\"text-decoration: underline;\">544 .. ABX et &#8230; AB<\/span>: zones r\u00e9sidentielles, rues r\u00e9sidentielles et secondaires, zones \u00e0 faible trafic, sentiers p\u00e9destres et pistes cyclables, etc.<\/p>\n<p class=\"p3\"><span style=\"text-decoration: underline;\">544 &#8230; R<\/span>: Promenades, parcs publics, zones pi\u00e9tonnes, etc.<\/p>\n<p class=\"p1\"><b>Design :<\/b><b><\/b><\/p>\n<p class=\"p1\"><span style=\"text-decoration: underline;\"><span class=\"s1\">Bo\u00eetier<\/span><\/span> : aluminium moul\u00e9 sous pression, en trois parties, peint par poudrage DB 702 (peinture mica-fer, gris).<\/p>\n<p class=\"p1\"><span style=\"text-decoration: underline;\">Partie inf\u00e9rieure<\/span> avec composants \u00e9lectriques, entr\u00e9e de c\u00e2ble, appareil \u00e0 fiche et serre-c\u00e2ble pour c\u00e2ble de raccordement.<\/p>\n<p class=\"p1\"><span class=\"s1\"><span style=\"text-decoration: underline;\">Tirants<\/span> avec passe-c\u00e2bles. <\/span><\/p>\n<p class=\"p1\"><span class=\"s1\"><span style=\"text-decoration: underline;\">Partie sup\u00e9rieure<\/span> avec modules LED et optiques.\u00a0\u00a0<\/span><\/p>\n<p class=\"p1\"><span class=\"s1\"><span style=\"text-decoration: underline;\">Couverture<\/span>: verre acrylique (PMMA), d\u00e9poli.<\/span><\/p>\n<p class=\"p1\"><span style=\"text-decoration: underline;\"><span class=\"s1\">R\u00e9partition lumineuse<\/span><\/span> : faisceau asym\u00e9trique large ou asym\u00e9trique extr\u00eamement large ( <b>ABX<\/b> )<span class=\"s1\">, faisceau large asym\u00e9trique (<strong>AB<\/strong>) ou faisceau circulaire sym\u00e9trique (<strong>R<\/strong>).<\/span><\/p>\n<p class=\"p1\"><span style=\"text-decoration: underline;\">Syst\u00e8me de fixation:<\/span> 3 vis de verrouillage en acier non corrossif servent \u00e0 la \ufb01 xation sur l&#8217;extr\u00e9mit\u00e9 du m\u00e2t droit \u00d8 de 76 mm. Adaptateur (<strong>RZ 1<\/strong>) pour extr\u00e9mit\u00e9 de m\u00e2t \u00d8 60 mm (voir accessoires).<\/p>\n<p>[\/et_pb_text][\/et_pb_column][\/et_pb_row][et_pb_row column_structure=&#8221;3_4,1_4&#8243; _builder_version=&#8221;4.9.2&#8243; _module_preset=&#8221;default&#8221; custom_padding=&#8221;0px||0px|||&#8221;][et_pb_column type=&#8221;3_4&#8243; _builder_version=&#8221;4.9.2&#8243; _module_preset=&#8221;default&#8221; background_color=&#8221;#e8e8e8&#8243; border_width_all=&#8221;8px&#8221; border_color_all=&#8221;#e8e8e8&#8243;][et_pb_text _builder_version=&#8221;4.9.2&#8243; _module_preset=&#8221;default&#8221; text_font_size=&#8221;16px&#8221;]<\/p>\n<p class=\"p1\"><b>Conception \u00e9lectrique :<\/b><\/p>\n<p class=\"p1\"><span class=\"s1\"><span style=\"text-decoration: underline;\">Module LE<\/span>D<\/span> : conforme Zhaga, 4 000 K, R\u00aa&gt; 70, dur\u00e9e de vie L90&gt; 100 000 h<\/p>\n<p class=\"p1\"><span style=\"text-decoration: underline;\"><span class=\"s1\">ECG<\/span><\/span> : 220 &#8211; 240V, 50-60 Hz, r\u00e9sistance aux surtensions 10kV, protection contre les surcharges et les courts-circuits.<\/p>\n<p class=\"p1\"><span style=\"text-decoration: underline;\"><span class=\"s1\">Remarque<\/span> <\/span>: En raison du courant d&#8217;appel des ballasts \u00e9lectroniques, le nombre maximal autoris\u00e9 de luminaires par disjoncteur est limit\u00e9.<\/p>\n<p class=\"p1\">\n<p class=\"p1\">[\/et_pb_text][\/et_pb_column][et_pb_column type=&#8221;1_4&#8243; _builder_version=&#8221;4.9.2&#8243; _module_preset=&#8221;default&#8221;][et_pb_image src=&#8221;https:\/\/www.abak-eclairage.fr\/wp-content\/uploads\/2021\/03\/Capture-de\u0301cran-2021-03-27-a\u0300-19.44.46.png&#8221; title_text=&#8221;Capture d\u2019e\u0301cran 2021-03-27 a\u0300 19.44.46&#8243; _builder_version=&#8221;4.9.2&#8243; _module_preset=&#8221;default&#8221; width=&#8221;99%&#8221;][\/et_pb_image][\/et_pb_column][\/et_pb_row][et_pb_row column_structure=&#8221;1_4,3_4&#8243; _builder_version=&#8221;4.9.2&#8243; _module_preset=&#8221;default&#8221;][et_pb_column type=&#8221;1_4&#8243; _builder_version=&#8221;4.9.2&#8243; _module_preset=&#8221;default&#8221; background_color=&#8221;#e8e8e8&#8243; border_color_all=&#8221;RGBA(0,0,0,0)&#8221;][et_pb_image src=&#8221;https:\/\/www.abak-eclairage.fr\/wp-content\/uploads\/2021\/03\/Capture-de\u0301cran-2021-03-27-a\u0300-19.44.30.png&#8221; title_text=&#8221;Capture d\u2019e\u0301cran 2021-03-27 a\u0300 19.44.30&#8243; _builder_version=&#8221;4.9.2&#8243; _module_preset=&#8221;default&#8221; custom_margin=&#8221;||26px|||&#8221; border_color_all=&#8221;RGBA(0,0,0,0)&#8221;][\/et_pb_image][et_pb_image src=&#8221;https:\/\/www.abak-eclairage.fr\/wp-content\/uploads\/2021\/03\/Capture-de\u0301cran-2021-03-27-a\u0300-19.44.19.png&#8221; title_text=&#8221;Capture d\u2019e\u0301cran 2021-03-27 a\u0300 19.44.19&#8243; _builder_version=&#8221;4.9.2&#8243; _module_preset=&#8221;default&#8221; custom_margin=&#8221;-19px|||||&#8221;][\/et_pb_image][\/et_pb_column][et_pb_column type=&#8221;3_4&#8243; _builder_version=&#8221;4.9.2&#8243; _module_preset=&#8221;default&#8221;][et_pb_text _builder_version=&#8221;4.9.2&#8243; _module_preset=&#8221;default&#8221; text_font_size=&#8221;16px&#8221; background_color=&#8221;#efefef&#8221; border_width_all=&#8221;6px&#8221; border_color_all=&#8221;#efefef&#8221;]<\/p>\n<p class=\"p2\"><b>Options :<\/b><\/p>\n<p class=\"p2\">Sur demande, \u00e9galement disponible avec les configurations suivantes (veuillez mentionner dans votre demande ou commande):<\/p>\n<p class=\"p2\"><span style=\"text-decoration: underline;\"><span class=\"s1\">R\u00e9duction de sortie<\/span><\/span> :<\/p>\n<p class=\"p2\"><b>Avec phase de contr\u00f4le ( LR ) : <\/b>Pour r\u00e9duire le flux lumineux \u00e0 50% en cas de faible densit\u00e9 de trafic. Phase de contr\u00f4le ( <b>LST<\/b> ) requise. Commutation via la phase de commande ( LST = 230V : 100% ; LST = 0V : 50% ). Niveaux alternatifs de gradation possibles.<\/p>\n<p class=\"p2\"><b>Sans phase de contr\u00f4le ( LA ) :<\/b> Gradation autonome par minuterie int\u00e9gr\u00e9e. Fonctionnement r\u00e9duit 50% entre 22h00 et 4h00h CET ou 23h00 et 5h00h CEST, \u00e9galement disponible avec des temps diff\u00e9renti\u00e9s et avec une \u00e9tape de gradation alternative.<\/p>\n<p class=\"p2\"><span class=\"s1\">DALI interface ( <b>DIMD<\/b> )<\/span><\/p>\n<p class=\"p2\"><span class=\"s1\">1-10V ( <b>DIMA<\/b> )<\/span><\/p>\n<p class=\"p2\"><span class=\"s1\">Fonction flux lumineux constant (CL):<\/span> Le flux lumineux est maintenu \u00e0 un niveau constant pendant toute la dur\u00e9e de vie des modules LED.<\/p>\n<p class=\"p2\">De plus, des combinaisons de fonctions sont possibles (<b>CL LR \/ CL LA<\/b>)<\/p>\n<p>[\/et_pb_text][\/et_pb_column][\/et_pb_row][et_pb_row _builder_version=&#8221;4.9.2&#8243; _module_preset=&#8221;default&#8221; custom_padding=&#8221;0px|||||&#8221;][et_pb_column type=&#8221;4_4&#8243; _builder_version=&#8221;4.9.2&#8243; _module_preset=&#8221;default&#8221;][et_pb_text _builder_version=&#8221;4.9.2&#8243; _module_preset=&#8221;default&#8221; text_font_size=&#8221;16px&#8221; background_color=&#8221;rgba(0,83,178,0.09)&#8221; border_width_all=&#8221;6px&#8221; border_color_all=&#8221;rgba(23,81,132,0)&#8221;]<\/p>\n<p class=\"p1\"><b>Points forts<span class=\"Apple-converted-space\">\u00a0<\/span><\/b><\/p>\n<ul>\n<li style=\"list-style-type: none;\">\n<ul class=\"ul1\">\n<li class=\"li3\"><span class=\"s1\"><\/span>ECG avec r\u00e9sistance de surtension, fiable en raison de la protection contre les surcharges et les courts-circuits<\/li>\n<li class=\"li3\"><span class=\"s1\"><\/span>Gestion thermique optimis\u00e9e gr\u00e2ce \u00e0 l&#8217;adaptation directe des modules LED au bo\u00eetier en aluminium moul\u00e9 sous pression, grande surface de refroidissement, excellente dissipation thermique<\/li>\n<li class=\"li3\"><span class=\"s1\"><\/span>Bo\u00eetier en aluminium durable et r\u00e9sistant \u00e0 la corrosion avec surface lisse<\/li>\n<li class=\"li3\">\u00e9clairage homog\u00e8ne gr\u00e2ce \u00e0 la technologie multicouche, c&#8217;est-\u00e0-dire que chaque LED individuelle illumine toute la surface, les courbes de lumi\u00e8re des LED individuelles se chevauchent.<\/li>\n<li class=\"li3\">bonne limitation de l&#8217;\u00e9blouissement gr\u00e2ce \u00e0 la couverture givr\u00e9e<\/li>\n<li class=\"li3\">facile \u00e0 installer, \u00e0 entretenir et \u00e0 moderniser :<\/li>\n<\/ul>\n<\/li>\n<\/ul>\n<p>\u00a0 \u00a0 \u00a0 &#8211; la partie sup\u00e9rieure amovible du bo\u00eetier permet un montage\u00a0 \u00a0rapide et \u00e9conomique, la borne de raccordement au secteur dans la section de support<\/p>\n<p>\u00a0 \u00a0 \u00a0&#8211; une maintenance rapide gr\u00e2ce \u00e0 un syst\u00e8me de plateau d&#8217;engrenage facilement interchangeable (concept modulaire) \u00e0 l&#8217;int\u00e9rieur la section de support, l&#8217;ECG peut \u00eatre remplac\u00e9 sur place<\/p>\n<ul>\n<li>\u00e0 l&#8217;\u00e9preuve du temps gr\u00e2ce \u00e0 l&#8217;utilisation de modules LED standardis\u00e9s (Zhaga)<\/li>\n<\/ul>\n<p>[\/et_pb_text][\/et_pb_column][\/et_pb_row][et_pb_row column_structure=&#8221;2_5,3_5&#8243; _builder_version=&#8221;4.9.2&#8243; _module_preset=&#8221;default&#8221;][et_pb_column type=&#8221;2_5&#8243; _builder_version=&#8221;4.9.2&#8243; _module_preset=&#8221;default&#8221;][et_pb_text _builder_version=&#8221;4.9.2&#8243; _module_preset=&#8221;default&#8221; text_font_size=&#8221;15px&#8221; text_line_height=&#8221;1.4em&#8221;]<\/p>\n<p class=\"p1\"><b>D\u2019autres options :<\/b><span class=\"Apple-converted-space\">\u00a0<\/span><\/p>\n<p class=\"p1\">&#8211; 3000K, lumi\u00e8re claire<strong> 730<\/strong> (flux lumineux inf\u00e9rieur d&#8217;environ 8%)<\/p>\n<p class=\"p1\">&#8211; 2200K, couleur claire <strong>722<\/strong> (\ufb02 ux lumineux inf\u00e9rieur de 20%)<\/p>\n<p class=\"p1\">&#8211; 1 800 K, lumi\u00e8re claire <b>518 \u00abAmbre\u00bb<\/b> (flux lumineux inf\u00e9rieur d\u2019environ 38%)<\/p>\n<p class=\"p1\">&#8211; classe de protection I (<strong>SKI<\/strong>)<\/p>\n<p class=\"p1\">&#8211; optique pour piste cyclable (<strong>RWX<\/strong>)<\/p>\n<p class=\"p1\">&#8211; version r\u00e9sistante \u00e0 l&#8217;eau de mer (<strong>SWP<\/strong>)<\/p>\n<p class=\"p1\">&#8211; avec \ufb02 ux lumineux accru &#8211; rev\u00eatement sp\u00e9cial dans les couleurs RAL<\/p>\n<p>[\/et_pb_text][\/et_pb_column][et_pb_column type=&#8221;3_5&#8243; _builder_version=&#8221;4.9.2&#8243; _module_preset=&#8221;default&#8221;][et_pb_image src=&#8221;https:\/\/www.abak-eclairage.fr\/wp-content\/uploads\/2021\/03\/Capture-de\u0301cran-2021-03-27-a\u0300-19.45.24.png&#8221; title_text=&#8221;Capture d\u2019e\u0301cran 2021-03-27 a\u0300 19.45.24&#8243; _builder_version=&#8221;4.9.2&#8243; _module_preset=&#8221;default&#8221;][\/et_pb_image][\/et_pb_column][\/et_pb_row][\/et_pb_section]<\/p>\n","protected":false},"excerpt":{"rendered":"<p>KONIC Luminaire LED sur le dessus du poteau S\u00e9rie 544\u2026Applications : 544 .. ABX et &#8230; AB: zones r\u00e9sidentielles, rues r\u00e9sidentielles et secondaires, zones \u00e0 faible trafic, sentiers p\u00e9destres et pistes cyclables, etc. 544 &#8230; R: Promenades, parcs publics, zones pi\u00e9tonnes, etc. Design : Bo\u00eetier : aluminium moul\u00e9 sous pression, en trois parties, peint par [&hellip;]<\/p>\n","protected":false},"author":1,"featured_media":0,"parent":0,"menu_order":0,"comment_status":"closed","ping_status":"closed","template":"","meta":{"_et_pb_use_builder":"on","_et_pb_old_content":"","_et_gb_content_width":"","footnotes":""},"class_list":["post-1196","page","type-page","status-publish","hentry"],"_links":{"self":[{"href":"https:\/\/www.abak-eclairage.fr\/index.php\/wp-json\/wp\/v2\/pages\/1196","targetHints":{"allow":["GET"]}}],"collection":[{"href":"https:\/\/www.abak-eclairage.fr\/index.php\/wp-json\/wp\/v2\/pages"}],"about":[{"href":"https:\/\/www.abak-eclairage.fr\/index.php\/wp-json\/wp\/v2\/types\/page"}],"author":[{"embeddable":true,"href":"https:\/\/www.abak-eclairage.fr\/index.php\/wp-json\/wp\/v2\/users\/1"}],"replies":[{"embeddable":true,"href":"https:\/\/www.abak-eclairage.fr\/index.php\/wp-json\/wp\/v2\/comments?post=1196"}],"version-history":[{"count":9,"href":"https:\/\/www.abak-eclairage.fr\/index.php\/wp-json\/wp\/v2\/pages\/1196\/revisions"}],"predecessor-version":[{"id":1384,"href":"https:\/\/www.abak-eclairage.fr\/index.php\/wp-json\/wp\/v2\/pages\/1196\/revisions\/1384"}],"wp:attachment":[{"href":"https:\/\/www.abak-eclairage.fr\/index.php\/wp-json\/wp\/v2\/media?parent=1196"}],"curies":[{"name":"wp","href":"https:\/\/api.w.org\/{rel}","templated":true}]}}