{"id":1118,"date":"2021-03-22T16:14:54","date_gmt":"2021-03-22T16:14:54","guid":{"rendered":"https:\/\/www.abak-eclairage.fr\/?page_id=1118"},"modified":"2021-03-22T16:28:23","modified_gmt":"2021-03-22T16:28:23","slug":"series-42-vario","status":"publish","type":"page","link":"https:\/\/www.abak-eclairage.fr\/index.php\/series-42-vario\/","title":{"rendered":"Series 42 Vario"},"content":{"rendered":"<p>[et_pb_section fb_built=&#8221;1&#8243; _builder_version=&#8221;4.9.2&#8243; _module_preset=&#8221;default&#8221;][et_pb_row _builder_version=&#8221;4.9.2&#8243; _module_preset=&#8221;default&#8221;][et_pb_column type=&#8221;4_4&#8243; _builder_version=&#8221;4.9.2&#8243; _module_preset=&#8221;default&#8221;][et_pb_text _builder_version=&#8221;4.9.2&#8243; _module_preset=&#8221;default&#8221; hover_enabled=&#8221;0&#8243; sticky_enabled=&#8221;0&#8243;]<\/p>\n<h5 class=\"p1\"><b>\u00c9CLAIRAGE EXT\u00c9RIEUR LED<\/b><\/h5>\n<h6 class=\"p1\"><b>Avec r\u00e9glage variable du \ufb02ux lumineux<\/b><\/h6>\n<h4 class=\"p1\"><b>S\u00e9rie 42 &#8230; VARIO M<\/b><b><\/b><\/h4>\n<p>[\/et_pb_text][\/et_pb_column][\/et_pb_row][et_pb_row column_structure=&#8221;1_2,1_2&#8243; _builder_version=&#8221;4.9.2&#8243; _module_preset=&#8221;default&#8221;][et_pb_column type=&#8221;1_2&#8243; _builder_version=&#8221;4.9.2&#8243; _module_preset=&#8221;default&#8221;][et_pb_image src=&#8221;https:\/\/www.abak-eclairage.fr\/wp-content\/uploads\/2021\/03\/S42M-1.png&#8221; title_text=&#8221;S42M&#8221; _builder_version=&#8221;4.9.2&#8243; _module_preset=&#8221;default&#8221; hover_enabled=&#8221;0&#8243; sticky_enabled=&#8221;0&#8243;][\/et_pb_image][et_pb_image src=&#8221;https:\/\/www.abak-eclairage.fr\/wp-content\/uploads\/2021\/03\/Capture-de\u0301cran-2021-03-22-a\u0300-16.46.07.png&#8221; title_text=&#8221;Capture d\u2019e\u0301cran 2021-03-22 a\u0300 16.46.07&#8243; _builder_version=&#8221;4.9.2&#8243; _module_preset=&#8221;default&#8221; width=&#8221;80%&#8221; hover_enabled=&#8221;0&#8243; sticky_enabled=&#8221;0&#8243;][\/et_pb_image][\/et_pb_column][et_pb_column type=&#8221;1_2&#8243; _builder_version=&#8221;4.9.2&#8243; _module_preset=&#8221;default&#8221;][et_pb_text _builder_version=&#8221;4.9.2&#8243; _module_preset=&#8221;default&#8221; text_font_size=&#8221;16px&#8221; hover_enabled=&#8221;0&#8243; sticky_enabled=&#8221;0&#8243;]<\/p>\n<p class=\"p1\"><b>Applications :<\/b><b><\/b><\/p>\n<p class=\"p3\">Routes r\u00e9sidentielles, secondaires et \u00e0 travers les rues de circulation, les sentiers et pistes cyclables, les zones \u00e0 trafic calme, les rues d&#8217;usines dans les usines industrielles, les parkings, les passerelles, etc.<\/p>\n<p class=\"p1\"><b>Design :<\/b><b><\/b><\/p>\n<p class=\"p1\"><span style=\"text-decoration: underline;\"><span class=\"s1\">Bo\u00eetier<\/span><\/span> : R\u00e9sine polyester renforc\u00e9e de fibres de verre, non peinte, ou peinture DB703 (mica-fer).<\/p>\n<p class=\"p1\"><span style=\"text-decoration: underline;\">Diffuseur<\/span>: PC stabilis\u00e9 aux UV, transparent, articul\u00e9 et amovible.<\/p>\n<p class=\"p1\"><span style=\"text-decoration: underline;\"><span class=\"s1\">Platine<\/span><\/span><span class=\"s1\">: <\/span><span class=\"s1\">aluminium, avec module LED, optique et tous les composants \u00e9lectriques dans une unit\u00e9 compacte prot\u00e9g\u00e9e contre les contacts accidentels, connexion par fiche isolante et cable de retention.<\/span><\/p>\n<p class=\"p1\"><span class=\"s1\"><span style=\"text-decoration: underline;\">Commutateur<\/span> de r\u00e9glage du \ufb02ux lumineux du luminaire. <\/span><\/p>\n<p class=\"p1\"><span class=\"s1\"><span style=\"text-decoration: underline;\">Fermeture centrale<\/span>\u00a0: acier inoxydable. <\/span><\/p>\n<p class=\"p1\"><span class=\"s1\"><span style=\"text-decoration: underline;\">R\u00e9partition lumineuse<\/span> : faisceau large asym\u00e9trique. <\/span><\/p>\n<p class=\"p1\"><span class=\"s1\"><span style=\"text-decoration: underline;\">Syst\u00e8me de montage<\/span> : aluminium moul\u00e9 sous pression, universel sur \u00d8 d&#8217;extr\u00e9mit\u00e9 de m\u00e2t de 60 \/ 76mm ou pour des d\u00e9passements de m\u00e2t \u00d8 de 42\/60 x 100 mm. Montage \u00e0 entr\u00e9e lat\u00e9rale 0 \u00b0, -5 \u00b0, -10 \u00b0 et -15 \u00b0 en fonction de l&#8217;inclinaison du porte-\u00e0-faux.<\/span><\/p>\n<p>[\/et_pb_text][\/et_pb_column][\/et_pb_row][et_pb_row column_structure=&#8221;1_2,1_4,1_4&#8243; _builder_version=&#8221;4.9.2&#8243; _module_preset=&#8221;default&#8221; custom_padding=&#8221;0px||0px|||&#8221;][et_pb_column type=&#8221;1_2&#8243; _builder_version=&#8221;4.9.2&#8243; _module_preset=&#8221;default&#8221; background_color=&#8221;#e8e8e8&#8243; border_width_all=&#8221;8px&#8221; border_color_all=&#8221;#e8e8e8&#8243;][et_pb_text _builder_version=&#8221;4.9.2&#8243; _module_preset=&#8221;default&#8221; text_font_size=&#8221;16px&#8221; hover_enabled=&#8221;0&#8243; sticky_enabled=&#8221;0&#8243;]<\/p>\n<p class=\"p1\"><b>Conception \u00e9lectrique :<\/b><\/p>\n<p class=\"p1\"><span class=\"s1\"><span style=\"text-decoration: underline;\">Module LE<\/span>D<\/span> : conforme Zhaga, 4 000 K, R\u00aa&gt; 80, dur\u00e9e de vie L80&gt; 100 000 h<\/p>\n<p class=\"p1\"><span style=\"text-decoration: underline;\"><span class=\"s1\">ECG<\/span><\/span> : 220 &#8211; 240V, 50-60 Hz, r\u00e9sistance aux surtensions 10kV, protection contre les surcharges et les courts-circuits.<\/p>\n<p class=\"p1\"><span style=\"text-decoration: underline;\"><span class=\"s1\">Remarque<\/span> <\/span>: En raison du courant d&#8217;appel des ballasts \u00e9lectroniques, le nombre maximal autoris\u00e9 de luminaires par disjoncteur est limit\u00e9.<\/p>\n<p>[\/et_pb_text][\/et_pb_column][et_pb_column type=&#8221;1_4&#8243; _builder_version=&#8221;4.9.2&#8243; _module_preset=&#8221;default&#8221;][et_pb_image src=&#8221;https:\/\/www.abak-eclairage.fr\/wp-content\/uploads\/2021\/03\/Capture-de\u0301cran-2021-03-22-a\u0300-16.47.35.png&#8221; title_text=&#8221;Capture d\u2019e\u0301cran 2021-03-22 a\u0300 16.47.35&#8243; _builder_version=&#8221;4.9.2&#8243; _module_preset=&#8221;default&#8221; hover_enabled=&#8221;0&#8243; sticky_enabled=&#8221;0&#8243;][\/et_pb_image][\/et_pb_column][et_pb_column type=&#8221;1_4&#8243; _builder_version=&#8221;4.9.2&#8243; _module_preset=&#8221;default&#8221;][et_pb_image src=&#8221;https:\/\/www.abak-eclairage.fr\/wp-content\/uploads\/2021\/03\/Capture-de\u0301cran-2021-03-22-a\u0300-16.46.47.png&#8221; title_text=&#8221;Capture d\u2019e\u0301cran 2021-03-22 a\u0300 16.46.47&#8243; _builder_version=&#8221;4.9.2&#8243; _module_preset=&#8221;default&#8221; hover_enabled=&#8221;0&#8243; sticky_enabled=&#8221;0&#8243;][\/et_pb_image][\/et_pb_column][\/et_pb_row][et_pb_row column_structure=&#8221;1_4,3_4&#8243; _builder_version=&#8221;4.9.2&#8243; _module_preset=&#8221;default&#8221;][et_pb_column type=&#8221;1_4&#8243; _builder_version=&#8221;4.9.2&#8243; _module_preset=&#8221;default&#8221; background_color=&#8221;#e8e8e8&#8243; border_color_all=&#8221;RGBA(0,0,0,0)&#8221;][et_pb_image src=&#8221;https:\/\/www.abak-eclairage.fr\/wp-content\/uploads\/2021\/03\/Capture-de\u0301cran-2021-03-22-a\u0300-16.47.57.png&#8221; title_text=&#8221;Capture d\u2019e\u0301cran 2021-03-22 a\u0300 16.47.57&#8243; _builder_version=&#8221;4.9.2&#8243; _module_preset=&#8221;default&#8221; custom_margin=&#8221;||-7px|||&#8221; hover_enabled=&#8221;0&#8243; border_color_all=&#8221;RGBA(0,0,0,0)&#8221; sticky_enabled=&#8221;0&#8243;][\/et_pb_image][\/et_pb_column][et_pb_column type=&#8221;3_4&#8243; _builder_version=&#8221;4.9.2&#8243; _module_preset=&#8221;default&#8221;][et_pb_text _builder_version=&#8221;4.9.2&#8243; _module_preset=&#8221;default&#8221; text_font_size=&#8221;16px&#8221; background_color=&#8221;#efefef&#8221; border_width_all=&#8221;6px&#8221; border_color_all=&#8221;#efefef&#8221;]<\/p>\n<p class=\"p2\"><b>Options :<\/b><\/p>\n<p class=\"p2\">Sur demande, \u00e9galement disponible avec les configurations suivantes (veuillez mentionner dans votre demande ou commande):<\/p>\n<p class=\"p2\"><span style=\"text-decoration: underline;\"><span class=\"s1\">R\u00e9duction de sortie<\/span><\/span> :<\/p>\n<p class=\"p2\"><b>Avec phase de contr\u00f4le ( LR ) : <\/b>Pour r\u00e9duire le flux lumineux \u00e0 50% en cas de faible densit\u00e9 de trafic. Phase de contr\u00f4le ( <b>LST<\/b> ) requise. Commutation via la phase de commande ( LST = 230V : 100% ; LST = 0V : 50% ). Niveaux alternatifs de gradation possibles.<\/p>\n<p class=\"p2\"><b>Sans phase de contr\u00f4le ( LA ) :<\/b> Gradation autonome par minuterie int\u00e9gr\u00e9e. Fonctionnement r\u00e9duit 50% entre 22h00 et 4h00h CET ou 23h00 et 5h00h CEST, \u00e9galement disponible avec des temps diff\u00e9renti\u00e9s et avec une \u00e9tape de gradation alternative.<\/p>\n<p class=\"p2\"><span class=\"s1\"><span style=\"text-decoration: underline;\">DALI interface<\/span> ( <b>DIMD<\/b> )<\/span><\/p>\n<p class=\"p2\"><span class=\"s1\"><span style=\"text-decoration: underline;\">Fonction flux lumineux constant<\/span> (CL):<\/span> Le flux lumineux est maintenu \u00e0 un niveau constant pendant toute la dur\u00e9e de vie des modules LED.<\/p>\n<p class=\"p2\">De plus, des combinaisons de fonctions sont possibles (<b>CL LR \/ CL LA<\/b>)<\/p>\n<p>[\/et_pb_text][\/et_pb_column][\/et_pb_row][et_pb_row _builder_version=&#8221;4.9.2&#8243; _module_preset=&#8221;default&#8221; custom_padding=&#8221;0px|||||&#8221;][et_pb_column type=&#8221;4_4&#8243; _builder_version=&#8221;4.9.2&#8243; _module_preset=&#8221;default&#8221;][et_pb_text _builder_version=&#8221;4.9.2&#8243; _module_preset=&#8221;default&#8221; text_font_size=&#8221;16px&#8221; background_color=&#8221;rgba(0,83,178,0.09)&#8221; hover_enabled=&#8221;0&#8243; border_width_all=&#8221;6px&#8221; border_color_all=&#8221;rgba(23,81,132,0)&#8221; sticky_enabled=&#8221;0&#8243;]<\/p>\n<p class=\"p1\"><b>Points forts<span class=\"Apple-converted-space\">\u00a0<\/span><\/b><\/p>\n<p><span class=\"s1\">\u2022 un type remplace plusieurs lampes conventionnelles et r\u00e9duit ainsi la vari\u00e9t\u00e9 des types <\/span><\/p>\n<p><span class=\"s1\">\u2022 r\u00e9glage simple, rapide et sans outil du flux lumineux sur site, au moyen d&#8217;un interrupteur int\u00e9gr\u00e9, peut \u00eatre chang\u00e9 \u00e0 tout moment <\/span><\/p>\n<p><span class=\"s1\">\u2022 stockage tr\u00e8s \u00e9conomique gr\u00e2ce \u00e0 la standardisationun type remplace plusieurs lampes conventionnelles et r\u00e9duit ainsi la vari\u00e9t\u00e9 des types <\/span><\/p>\n<p><span class=\"s1\">\u2022 Montage rapide et facile gr\u00e2ce \u00e0 :<\/span><\/p>\n<p><span class=\"s1\">&#8211; ouverture sans outil du luminaire au moyen d&#8217;une pince \u00e0 genouill\u00e8re centrale en acier inoxydable <\/span><\/p>\n<p><span class=\"s1\">&#8211; plateau \u00e0 appareillage articul\u00e9 et d\u00e9tachable <\/span><\/p>\n<p><span class=\"s1\">&#8211; syst\u00e8me de montage sur m\u00e2t universel int\u00e9gr\u00e9 (montage \u00e0 entr\u00e9e lat\u00e9rale \u00d8 42 \/ 60mm ou dessus de poteau mont\u00e9 \u00d8 60\/76mm) <\/span><span class=\"s1\">aucune bride ou pi\u00e8ce d&#8217;adaptation suppl\u00e9mentaire n&#8217;est requise <\/span><\/p>\n<p><span class=\"s1\">\u2022 changement rapide gr\u00e2ce au plateau d&#8217;engrenage facilement rempla\u00e7able avec sectionneur <\/span><\/p>\n<p><span class=\"s1\">\u2022 p\u00e9rennit\u00e9 gr\u00e2ce \u00e0 l&#8217;utilisation de modules LED standardis\u00e9s (Zhaga)<\/span><\/p>\n<p>[\/et_pb_text][\/et_pb_column][\/et_pb_row][et_pb_row column_structure=&#8221;2_5,3_5&#8243; _builder_version=&#8221;4.9.2&#8243; _module_preset=&#8221;default&#8221;][et_pb_column type=&#8221;2_5&#8243; _builder_version=&#8221;4.9.2&#8243; _module_preset=&#8221;default&#8221;][et_pb_text _builder_version=&#8221;4.9.2&#8243; _module_preset=&#8221;default&#8221; text_font_size=&#8221;15px&#8221; text_line_height=&#8221;1em&#8221; hover_enabled=&#8221;0&#8243; sticky_enabled=&#8221;0&#8243;]<\/p>\n<p class=\"p1\"><b>D\u2019autres options :<\/b><span class=\"Apple-converted-space\">\u00a0<\/span><\/p>\n<p class=\"p1\">&#8211; 3000K, couleur de lumi\u00e8re <strong>830<\/strong> (\ufb02ux lumineux inf\u00e9rieur \u00e0 3%)<\/p>\n<p class=\"p1\">&#8211; 2200K, couleur de lumi\u00e8re<strong> 822<\/strong> (\ufb02ux lumineux inf\u00e9rieur \u00e0 17%)<\/p>\n<p class=\"p1\">&#8211; classe de protection II (<strong>SKII<\/strong>)<\/p>\n<p class=\"p1\">&#8211; optique pour piste cyclable (<strong>RWX<\/strong>)<\/p>\n<p class=\"p1\">&#8211; faisceau asym\u00e9trique (<strong>A<\/strong>), surface plane optique projecteurs<\/p>\n<p class=\"p1\">&#8211; bo\u00eetier prot\u00e9g\u00e9 contre les UV et r\u00e9sistant aux intemp\u00e9ries peint RAL 7035<\/p>\n<p>[\/et_pb_text][\/et_pb_column][et_pb_column type=&#8221;3_5&#8243; _builder_version=&#8221;4.9.2&#8243; _module_preset=&#8221;default&#8221;][et_pb_image src=&#8221;https:\/\/www.abak-eclairage.fr\/wp-content\/uploads\/2021\/03\/Capture-de\u0301cran-2021-03-22-a\u0300-16.49.04.png&#8221; title_text=&#8221;Capture d\u2019e\u0301cran 2021-03-22 a\u0300 16.49.04&#8243; _builder_version=&#8221;4.9.2&#8243; _module_preset=&#8221;default&#8221; hover_enabled=&#8221;0&#8243; sticky_enabled=&#8221;0&#8243;][\/et_pb_image][\/et_pb_column][\/et_pb_row][\/et_pb_section]<\/p>\n","protected":false},"excerpt":{"rendered":"<p>\u00c9CLAIRAGE EXT\u00c9RIEUR LED Avec r\u00e9glage variable du \ufb02ux lumineux S\u00e9rie 42 &#8230; VARIO MApplications : Routes r\u00e9sidentielles, secondaires et \u00e0 travers les rues de circulation, les sentiers et pistes cyclables, les zones \u00e0 trafic calme, les rues d&#8217;usines dans les usines industrielles, les parkings, les passerelles, etc. Design : Bo\u00eetier : R\u00e9sine polyester renforc\u00e9e de [&hellip;]<\/p>\n","protected":false},"author":1,"featured_media":0,"parent":0,"menu_order":0,"comment_status":"closed","ping_status":"closed","template":"","meta":{"_et_pb_use_builder":"on","_et_pb_old_content":"","_et_gb_content_width":"","footnotes":""},"class_list":["post-1118","page","type-page","status-publish","hentry"],"_links":{"self":[{"href":"https:\/\/www.abak-eclairage.fr\/index.php\/wp-json\/wp\/v2\/pages\/1118","targetHints":{"allow":["GET"]}}],"collection":[{"href":"https:\/\/www.abak-eclairage.fr\/index.php\/wp-json\/wp\/v2\/pages"}],"about":[{"href":"https:\/\/www.abak-eclairage.fr\/index.php\/wp-json\/wp\/v2\/types\/page"}],"author":[{"embeddable":true,"href":"https:\/\/www.abak-eclairage.fr\/index.php\/wp-json\/wp\/v2\/users\/1"}],"replies":[{"embeddable":true,"href":"https:\/\/www.abak-eclairage.fr\/index.php\/wp-json\/wp\/v2\/comments?post=1118"}],"version-history":[{"count":4,"href":"https:\/\/www.abak-eclairage.fr\/index.php\/wp-json\/wp\/v2\/pages\/1118\/revisions"}],"predecessor-version":[{"id":1132,"href":"https:\/\/www.abak-eclairage.fr\/index.php\/wp-json\/wp\/v2\/pages\/1118\/revisions\/1132"}],"wp:attachment":[{"href":"https:\/\/www.abak-eclairage.fr\/index.php\/wp-json\/wp\/v2\/media?parent=1118"}],"curies":[{"name":"wp","href":"https:\/\/api.w.org\/{rel}","templated":true}]}}